{"id":1619,"date":"2026-01-20T14:04:23","date_gmt":"2026-01-20T12:04:23","guid":{"rendered":"https:\/\/www.showlink.fi\/show\/?page_id=1619"},"modified":"2026-01-20T14:04:47","modified_gmt":"2026-01-20T12:04:47","slug":"nayttelyt-2026","status":"publish","type":"page","link":"https:\/\/www.showlink.fi\/show\/koiranayttelypalvelut\/nayttelyt-2026\/","title":{"rendered":"N\u00e4yttelyt 2026"},"content":{"rendered":"\n<p>Alla olevasta listasta l\u00f6yd\u00e4t n\u00e4yttelyt, joiden ilmoittautumiset k\u00e4sitell\u00e4\u00e4n yhteisty\u00f6ss\u00e4 Showlinkin kanssa.<br>N\u00e4iden n\u00e4yttelyiden ilmoittautumisia koskevat tiedustelut arkisin klo 11\u201317 puh. 09 887 30 320 tai s\u00e4hk\u00f6postitse info@showlink.fi<br><em>Mainitsethan tiedustelussasi \/ s\u00e4hk\u00f6postissasi n\u00e4yttelyn nimen sek\u00e4 koiran rekisterinumeron, jota tiedustelu koskee.<\/em><\/p>\n\n\n<h1>Showlink n\u00e4yttelyt 2026<\/h1>\n<p><script type=\"text\/javascript\" src=\"https:\/\/www.showlink.fi\/show\/wp-content\/themes\/spacious\/js\/kokovuodennayttelyt.js\"><\/script><br \/><script type=\"text\/javascript\">jQuery(document).ready(function(){haeNayttelytVuosi(1, 2026);});<\/script><\/p>\n<table class=\"views-table cols-3\">\n<tbody>\n<tr>\n<td>\u00a0<\/td>\n<\/tr>\n<\/tbody>\n<\/table>","protected":false},"excerpt":{"rendered":"<p>Alla olevasta listasta l\u00f6yd\u00e4t n\u00e4yttelyt, joiden ilmoittautumiset k\u00e4sitell\u00e4\u00e4n yhteisty\u00f6ss\u00e4 Showlinkin kanssa.N\u00e4iden n\u00e4yttelyiden ilmoittautumisia koskevat tiedustelut arkisin klo 11\u201317 puh. 09 887 30 320 tai s\u00e4hk\u00f6postitse info@showlink.fiMainitsethan tiedustelussasi \/ s\u00e4hk\u00f6postissasi n\u00e4yttelyn nimen sek\u00e4 koiran rekisterinumeron, jota tiedustelu koskee. Showlink n\u00e4yttelyt 2026<\/p>\n","protected":false},"author":1,"featured_media":0,"parent":8,"menu_order":0,"comment_status":"closed","ping_status":"closed","template":"","meta":{"om_disable_all_campaigns":false,"_monsterinsights_skip_tracking":false,"_monsterinsights_sitenote_active":false,"_monsterinsights_sitenote_note":"","_monsterinsights_sitenote_category":0,"_uf_show_specific_survey":0,"_uf_disable_surveys":false,"footnotes":""},"class_list":["post-1619","page","type-page","status-publish","hentry"],"aioseo_notices":[],"_links":{"self":[{"href":"https:\/\/www.showlink.fi\/show\/wp-json\/wp\/v2\/pages\/1619","targetHints":{"allow":["GET"]}}],"collection":[{"href":"https:\/\/www.showlink.fi\/show\/wp-json\/wp\/v2\/pages"}],"about":[{"href":"https:\/\/www.showlink.fi\/show\/wp-json\/wp\/v2\/types\/page"}],"author":[{"embeddable":true,"href":"https:\/\/www.showlink.fi\/show\/wp-json\/wp\/v2\/users\/1"}],"replies":[{"embeddable":true,"href":"https:\/\/www.showlink.fi\/show\/wp-json\/wp\/v2\/comments?post=1619"}],"version-history":[{"count":1,"href":"https:\/\/www.showlink.fi\/show\/wp-json\/wp\/v2\/pages\/1619\/revisions"}],"predecessor-version":[{"id":1621,"href":"https:\/\/www.showlink.fi\/show\/wp-json\/wp\/v2\/pages\/1619\/revisions\/1621"}],"up":[{"embeddable":true,"href":"https:\/\/www.showlink.fi\/show\/wp-json\/wp\/v2\/pages\/8"}],"wp:attachment":[{"href":"https:\/\/www.showlink.fi\/show\/wp-json\/wp\/v2\/media?parent=1619"}],"curies":[{"name":"wp","href":"https:\/\/api.w.org\/{rel}","templated":true}]}}