{"id":33,"date":"2016-10-26T14:48:34","date_gmt":"2016-10-26T11:48:34","guid":{"rendered":"http:\/\/10.108.0.8\/show\/?page_id=33"},"modified":"2025-08-04T10:17:42","modified_gmt":"2025-08-04T07:17:42","slug":"palkinnot","status":"publish","type":"page","link":"https:\/\/www.showlink.fi\/show\/koiranayttelypalvelut\/palkinnot\/","title":{"rendered":"Palkinnot"},"content":{"rendered":"\n<h1 class=\"wp-block-heading\">Ruusukkeet ja palkinnot<\/h1>\n\n\n\n<p>N\u00e4yttelytoimikunnilla on mahdollisuus tarjota monipuolisia palkintoja n\u00e4yttelyss\u00e4\u00e4n. Seuraavat palkintopalvelut ovat mahdollista valita Showlink n\u00e4yttelyiss\u00e4.<\/p>\n\n\n\n<ul class=\"wp-block-list\">\n<li><strong>Ruusukkeet<\/strong><br>N\u00e4yttelytoimikunta voi valita ruusukkeet ovat joko perusmallistostamme tai voimme suunnitella kanssanne uniikit ruusukkeet n\u00e4yttelynne omalla ilmeell\u00e4. <\/li>\n\n\n\n<li><strong>Pokaalit<\/strong><br>N\u00e4yttelytoimikunta voi valita ryhm\u00e4kilpailupokaalit vuosittain vaihtuvasta pokaalivalikoimastamme. Toimikunnan valitessa kauttamme peruspokaalit palkintovaihtoehdoksi toimitamme ne n\u00e4yttelynne tarpeen mukaan varastostamme.<\/li>\n\n\n\n<li><strong>Palkintovaihtoehdot<\/strong><br>N\u00e4yttelytoimikunnalla on mahdollisuus valita peruspokaalin rinnalle  palkintovaihtoehdoksi Showlink-palkintokortit ja\/tai tuotepalkintoja. <\/li>\n\n\n\n<li><strong>Lis\u00e4kilpailut<\/strong><br>Mik\u00e4li n\u00e4yttelyss\u00e4nne on lis\u00e4kilpailuja <em>(esim. junior handler tai paras pari)<\/em> toimitamme ruusukkeet ja pokaalit my\u00f6s lis\u00e4kilpailuihin n\u00e4yttelytoimikunnan toiveen mukaan.  <\/li>\n<\/ul>\n\n\n\n<h2 class=\"wp-block-heading\"><\/h2>\n","protected":false},"excerpt":{"rendered":"<p>Ruusukkeet ja palkinnot N\u00e4yttelytoimikunnilla on mahdollisuus tarjota monipuolisia palkintoja n\u00e4yttelyss\u00e4\u00e4n. Seuraavat palkintopalvelut ovat mahdollista valita Showlink n\u00e4yttelyiss\u00e4.<\/p>\n","protected":false},"author":1,"featured_media":0,"parent":8,"menu_order":0,"comment_status":"closed","ping_status":"closed","template":"","meta":{"om_disable_all_campaigns":false,"_monsterinsights_skip_tracking":false,"_monsterinsights_sitenote_active":false,"_monsterinsights_sitenote_note":"","_monsterinsights_sitenote_category":0,"_uf_show_specific_survey":0,"_uf_disable_surveys":false,"footnotes":""},"class_list":["post-33","page","type-page","status-publish","hentry"],"aioseo_notices":[],"_links":{"self":[{"href":"https:\/\/www.showlink.fi\/show\/wp-json\/wp\/v2\/pages\/33","targetHints":{"allow":["GET"]}}],"collection":[{"href":"https:\/\/www.showlink.fi\/show\/wp-json\/wp\/v2\/pages"}],"about":[{"href":"https:\/\/www.showlink.fi\/show\/wp-json\/wp\/v2\/types\/page"}],"author":[{"embeddable":true,"href":"https:\/\/www.showlink.fi\/show\/wp-json\/wp\/v2\/users\/1"}],"replies":[{"embeddable":true,"href":"https:\/\/www.showlink.fi\/show\/wp-json\/wp\/v2\/comments?post=33"}],"version-history":[{"count":7,"href":"https:\/\/www.showlink.fi\/show\/wp-json\/wp\/v2\/pages\/33\/revisions"}],"predecessor-version":[{"id":1543,"href":"https:\/\/www.showlink.fi\/show\/wp-json\/wp\/v2\/pages\/33\/revisions\/1543"}],"up":[{"embeddable":true,"href":"https:\/\/www.showlink.fi\/show\/wp-json\/wp\/v2\/pages\/8"}],"wp:attachment":[{"href":"https:\/\/www.showlink.fi\/show\/wp-json\/wp\/v2\/media?parent=33"}],"curies":[{"name":"wp","href":"https:\/\/api.w.org\/{rel}","templated":true}]}}