{"id":37,"date":"2016-10-26T14:50:55","date_gmt":"2016-10-26T11:50:55","guid":{"rendered":"http:\/\/10.108.0.8\/show\/?page_id=37"},"modified":"2020-01-14T16:04:10","modified_gmt":"2020-01-14T14:04:10","slug":"pokaalit","status":"publish","type":"page","link":"https:\/\/www.showlink.fi\/show\/koiranayttelypalvelut\/palkinnot\/pokaalit\/","title":{"rendered":"Pokaalit"},"content":{"rendered":"\n<h2 class=\"wp-block-heading\">Pokaalit<\/h2>\n\n\n\n<p>Showlink palkintopokaalien toimittaja on ollut yli kymmenen vuotta <a href=\"https:\/\/www.pocal.fi\/\">Pocal Oy.<\/a><br>Pocal Oy on suomalainen perheyhti\u00f6, joka on toiminut yli 25 vuotta. Pitk\u00e4aikainen yhteisty\u00f6 takaa tehokkaan ja joustavan toimituksen yksitt\u00e4isist\u00e4 palkinnoista aina suuriin eriin.<br>Kaikki pokaalit ovat kotimaista tuotantoa. Showlink on Pocal palkintotuotteiden yksinmyyj\u00e4 koiraharrastuspuolella Suomessa.<\/p>\n\n\n\n<h4 class=\"wp-block-heading\">Peruspokaalit<\/h4>\n\n\n\n<p>Peruspokaalimallistomme vaihtuu vuosittain ja mallistosta l\u00f6ytyy eri v\u00e4rivaihtoehtoja. Peruspokaalit ovat n. 20cm korkeita pokaaleja joihin n\u00e4yttelytoimikunta voi tilata halutessaan my\u00f6s laatat.<\/p>\n\n\n\n<h4 class=\"wp-block-heading\">Ryhm\u00e4kilpailupokaalit<\/h4>\n\n\n\n<p>Ryhm\u00e4kilpailupokaalimallistomme vaihtuu vuosittain ja mallistosta l\u00f6ytyy erilaisia vaihtoehtoja niin koon, mallin kuin v\u00e4rinkin suhteen. Valikoimassa on pyritty huomioimaan erilaisten n\u00e4yttelyiden tarpeet palkittavien suhteen. Pokaalisarjoihin on saatavissa kauttamme my\u00f6s pokaaliin sopiva laatta kaiverruksella.<\/p>\n\n\n\n<h4 class=\"wp-block-heading\">Pokaalien laatat<\/h4>\n\n\n\n<p>Laatat erilaisiin pokaaleihin\/pokaalisarjoihin n\u00e4yttelytoimikunta saa kauttamme k\u00e4tev\u00e4sti pokaalitilauksen yhteydess\u00e4.<br>Peruspokaaleihin laatat ovat saatavissa peruskaiverruksella (esim. ROP, VSP, SERT) tai yksil\u00f6idyin kaiverruksin.  N\u00e4yttelyiden loppukilpailupokaaleihin laatat on saatavissa yksil\u00f6idyin kaiverruksin esim. sijoitus ja n\u00e4yttelyn nimi. <\/p>\n","protected":false},"excerpt":{"rendered":"<p>Pokaalit Showlink palkintopokaalien toimittaja on ollut yli kymmenen vuotta Pocal Oy.Pocal Oy on suomalainen perheyhti\u00f6, joka on toiminut yli 25 vuotta. Pitk\u00e4aikainen yhteisty\u00f6 takaa tehokkaan ja joustavan toimituksen yksitt\u00e4isist\u00e4 palkinnoista aina suuriin eriin.Kaikki pokaalit ovat kotimaista tuotantoa. Showlink on Pocal<\/p>\n","protected":false},"author":1,"featured_media":0,"parent":33,"menu_order":0,"comment_status":"closed","ping_status":"closed","template":"","meta":{"om_disable_all_campaigns":false,"_monsterinsights_skip_tracking":false,"_monsterinsights_sitenote_active":false,"_monsterinsights_sitenote_note":"","_monsterinsights_sitenote_category":0,"_uf_show_specific_survey":0,"_uf_disable_surveys":false,"footnotes":""},"class_list":["post-37","page","type-page","status-publish","hentry"],"aioseo_notices":[],"_links":{"self":[{"href":"https:\/\/www.showlink.fi\/show\/wp-json\/wp\/v2\/pages\/37","targetHints":{"allow":["GET"]}}],"collection":[{"href":"https:\/\/www.showlink.fi\/show\/wp-json\/wp\/v2\/pages"}],"about":[{"href":"https:\/\/www.showlink.fi\/show\/wp-json\/wp\/v2\/types\/page"}],"author":[{"embeddable":true,"href":"https:\/\/www.showlink.fi\/show\/wp-json\/wp\/v2\/users\/1"}],"replies":[{"embeddable":true,"href":"https:\/\/www.showlink.fi\/show\/wp-json\/wp\/v2\/comments?post=37"}],"version-history":[{"count":10,"href":"https:\/\/www.showlink.fi\/show\/wp-json\/wp\/v2\/pages\/37\/revisions"}],"predecessor-version":[{"id":1059,"href":"https:\/\/www.showlink.fi\/show\/wp-json\/wp\/v2\/pages\/37\/revisions\/1059"}],"up":[{"embeddable":true,"href":"https:\/\/www.showlink.fi\/show\/wp-json\/wp\/v2\/pages\/33"}],"wp:attachment":[{"href":"https:\/\/www.showlink.fi\/show\/wp-json\/wp\/v2\/media?parent=37"}],"curies":[{"name":"wp","href":"https:\/\/api.w.org\/{rel}","templated":true}]}}