{"id":408,"date":"2019-09-19T13:56:13","date_gmt":"2019-09-19T10:56:13","guid":{"rendered":"http:\/\/www.showlink.fi\/show\/?page_id=408"},"modified":"2022-01-24T16:19:54","modified_gmt":"2022-01-24T14:19:54","slug":"nayttelyjarjestelma-omatoimikayttajille","status":"publish","type":"page","link":"https:\/\/www.showlink.fi\/show\/koiranayttelypalvelut\/nayttelyjarjestelma-omatoimikayttajille\/","title":{"rendered":"N\u00e4yttelyj\u00e4rjestelm\u00e4 omatoimik\u00e4ytt\u00e4jille"},"content":{"rendered":"\n<h2 class=\"wp-block-heading\">N\u00e4yttelytoimikunnilla on mahdollisuus k\u00e4ytt\u00e4\u00e4 monipuolisia s\u00e4hk\u00f6isi\u00e4 palveluita. <\/h2>\n\n\n\n<p>Kennelliiton my\u00f6nt\u00e4mien erikois-, ryhm\u00e4- ja pentun\u00e4yttelyiden n\u00e4yttelytoimikunnat voivat anoa lupaa k\u00e4ytt\u00e4\u00e4 n\u00e4yttelyj\u00e4rjestelm\u00e4\u00e4n n\u00e4yttelyss\u00e4\u00e4n itsen\u00e4isesti. <\/p>\n\n\n\n<p><a href=\"https:\/\/www.showlink.fi\/shows\/ohjeet-omatoiminayttely\/\"><strong>Ohjeita omatoimin\u00e4yttelyille<\/strong><\/a> -sivustolta l\u00f6yd\u00e4t ohjeet omatoimik\u00e4ytt\u00f6\u00f6n.<\/p>\n","protected":false},"excerpt":{"rendered":"<p>N\u00e4yttelytoimikunnilla on mahdollisuus k\u00e4ytt\u00e4\u00e4 monipuolisia s\u00e4hk\u00f6isi\u00e4 palveluita. Kennelliiton my\u00f6nt\u00e4mien erikois-, ryhm\u00e4- ja pentun\u00e4yttelyiden n\u00e4yttelytoimikunnat voivat anoa lupaa k\u00e4ytt\u00e4\u00e4 n\u00e4yttelyj\u00e4rjestelm\u00e4\u00e4n n\u00e4yttelyss\u00e4\u00e4n itsen\u00e4isesti. Ohjeita omatoimin\u00e4yttelyille -sivustolta l\u00f6yd\u00e4t ohjeet omatoimik\u00e4ytt\u00f6\u00f6n.<\/p>\n","protected":false},"author":1,"featured_media":0,"parent":8,"menu_order":12,"comment_status":"closed","ping_status":"closed","template":"","meta":{"om_disable_all_campaigns":false,"_monsterinsights_skip_tracking":false,"_monsterinsights_sitenote_active":false,"_monsterinsights_sitenote_note":"","_monsterinsights_sitenote_category":0,"_uf_show_specific_survey":0,"_uf_disable_surveys":false,"footnotes":""},"class_list":["post-408","page","type-page","status-publish","hentry"],"aioseo_notices":[],"_links":{"self":[{"href":"https:\/\/www.showlink.fi\/show\/wp-json\/wp\/v2\/pages\/408","targetHints":{"allow":["GET"]}}],"collection":[{"href":"https:\/\/www.showlink.fi\/show\/wp-json\/wp\/v2\/pages"}],"about":[{"href":"https:\/\/www.showlink.fi\/show\/wp-json\/wp\/v2\/types\/page"}],"author":[{"embeddable":true,"href":"https:\/\/www.showlink.fi\/show\/wp-json\/wp\/v2\/users\/1"}],"replies":[{"embeddable":true,"href":"https:\/\/www.showlink.fi\/show\/wp-json\/wp\/v2\/comments?post=408"}],"version-history":[{"count":9,"href":"https:\/\/www.showlink.fi\/show\/wp-json\/wp\/v2\/pages\/408\/revisions"}],"predecessor-version":[{"id":918,"href":"https:\/\/www.showlink.fi\/show\/wp-json\/wp\/v2\/pages\/408\/revisions\/918"}],"up":[{"embeddable":true,"href":"https:\/\/www.showlink.fi\/show\/wp-json\/wp\/v2\/pages\/8"}],"wp:attachment":[{"href":"https:\/\/www.showlink.fi\/show\/wp-json\/wp\/v2\/media?parent=408"}],"curies":[{"name":"wp","href":"https:\/\/api.w.org\/{rel}","templated":true}]}}