{"id":43,"date":"2016-10-26T14:57:31","date_gmt":"2016-10-26T11:57:31","guid":{"rendered":"http:\/\/10.108.0.8\/show\/?page_id=43"},"modified":"2024-10-11T16:47:13","modified_gmt":"2024-10-11T13:47:13","slug":"nayttelypalvelut","status":"publish","type":"page","link":"https:\/\/www.showlink.fi\/show\/koiranayttelypalvelut\/nayttelypalvelut\/","title":{"rendered":"N\u00e4yttelypalvelut"},"content":{"rendered":"\n<h1 class=\"wp-block-heading\">N\u00e4yttelypalvelut<\/h1>\n\n\n\n<p>Helpottaaksemme toimikunnan ty\u00f6t\u00e4 n\u00e4yttelyn suhteen, olemme r\u00e4\u00e4t\u00e4l\u00f6ineet erilaisia palvelupaketteja, joista voitte valita tarpeisiinne parhaiten sopivan vaihtoehdon.<\/p>\n\n\n\n<p>Peruspalvelupakettiimme kuuluvat:<\/p>\n\n\n\n<ul class=\"wp-block-list\">\n<li>Ilmoittautumisten k\u00e4sitteleminen<\/li>\n\n\n\n<li>Aikataulujen laadinta yhteisty\u00f6ss\u00e4 toimikunnan kanssa<\/li>\n\n\n\n<li>Aikataulukirjeen ja luettelon kokoaminen<\/li>\n\n\n\n<li>Kutsujen postitus<\/li>\n\n\n\n<li>Arvostelulomakkeiden tulostaminen <\/li>\n<\/ul>\n\n\n\n<div style=\"height:40px\" aria-hidden=\"true\" class=\"wp-block-spacer\"><\/div>\n\n\n\n<h3 class=\"wp-block-heading\">Arvostelulomakkeet &amp; tuloslistat<\/h3>\n\n\n\n<p>Meilt\u00e4 saat viralliset n\u00e4yttelyarvostelulomakkeet, my\u00f6s esit\u00e4ytettyn\u00e4.<\/p>\n\n\n\n<h3 class=\"wp-block-heading\">Keh\u00e4laatikot<\/h3>\n\n\n\n<p>N\u00e4yttelytoimikunnan tilatessanne n\u00e4yttelypalvelut voitte vuokrata n\u00e4yttelyyn valmiiksi kannelliseen laatikkoon pakatut keh\u00e4tarvikkeet. Laatikosta l\u00f6ytyv\u00e4t v\u00e4riviuhkat, kirjoitustarvikkeet, luonnoslehti\u00f6t, ajankohtaiset n\u00e4yttelys\u00e4\u00e4nn\u00f6t sek\u00e4 kosteuspyyhkeit\u00e4 ja laastareita.<\/p>\n\n\n\n<h3 class=\"wp-block-heading\">Vahvistuskortit<\/h3>\n\n\n\n<p>Kauttamme n\u00e4yttelytoimikunta voi tilata my\u00f6s kehitt\u00e4in pakattuna SKL:n vahvistuskortit n\u00e4yttelyyn.<\/p>\n","protected":false},"excerpt":{"rendered":"<p>N\u00e4yttelypalvelut Helpottaaksemme toimikunnan ty\u00f6t\u00e4 n\u00e4yttelyn suhteen, olemme r\u00e4\u00e4t\u00e4l\u00f6ineet erilaisia palvelupaketteja, joista voitte valita tarpeisiinne parhaiten sopivan vaihtoehdon. Peruspalvelupakettiimme kuuluvat: Arvostelulomakkeet &amp; tuloslistat Meilt\u00e4 saat viralliset n\u00e4yttelyarvostelulomakkeet, my\u00f6s esit\u00e4ytettyn\u00e4. Keh\u00e4laatikot N\u00e4yttelytoimikunnan tilatessanne n\u00e4yttelypalvelut voitte vuokrata n\u00e4yttelyyn valmiiksi kannelliseen laatikkoon pakatut keh\u00e4tarvikkeet.<\/p>\n","protected":false},"author":1,"featured_media":0,"parent":8,"menu_order":0,"comment_status":"closed","ping_status":"closed","template":"","meta":{"om_disable_all_campaigns":false,"_monsterinsights_skip_tracking":false,"_monsterinsights_sitenote_active":false,"_monsterinsights_sitenote_note":"","_monsterinsights_sitenote_category":0,"_uf_show_specific_survey":0,"_uf_disable_surveys":false,"footnotes":""},"class_list":["post-43","page","type-page","status-publish","hentry"],"aioseo_notices":[],"_links":{"self":[{"href":"https:\/\/www.showlink.fi\/show\/wp-json\/wp\/v2\/pages\/43","targetHints":{"allow":["GET"]}}],"collection":[{"href":"https:\/\/www.showlink.fi\/show\/wp-json\/wp\/v2\/pages"}],"about":[{"href":"https:\/\/www.showlink.fi\/show\/wp-json\/wp\/v2\/types\/page"}],"author":[{"embeddable":true,"href":"https:\/\/www.showlink.fi\/show\/wp-json\/wp\/v2\/users\/1"}],"replies":[{"embeddable":true,"href":"https:\/\/www.showlink.fi\/show\/wp-json\/wp\/v2\/comments?post=43"}],"version-history":[{"count":15,"href":"https:\/\/www.showlink.fi\/show\/wp-json\/wp\/v2\/pages\/43\/revisions"}],"predecessor-version":[{"id":1359,"href":"https:\/\/www.showlink.fi\/show\/wp-json\/wp\/v2\/pages\/43\/revisions\/1359"}],"up":[{"embeddable":true,"href":"https:\/\/www.showlink.fi\/show\/wp-json\/wp\/v2\/pages\/8"}],"wp:attachment":[{"href":"https:\/\/www.showlink.fi\/show\/wp-json\/wp\/v2\/media?parent=43"}],"curies":[{"name":"wp","href":"https:\/\/api.w.org\/{rel}","templated":true}]}}