{"id":755,"date":"2020-10-09T11:28:14","date_gmt":"2020-10-09T08:28:14","guid":{"rendered":"https:\/\/www.showlink.fi\/show\/?page_id=755"},"modified":"2025-07-14T15:28:54","modified_gmt":"2025-07-14T12:28:54","slug":"tietosuojaseloste","status":"publish","type":"page","link":"https:\/\/www.showlink.fi\/show\/tietosuojaseloste\/","title":{"rendered":"Tietosuojaseloste"},"content":{"rendered":"\n<style> #header-right-section { visibility: hidden;} <\/style>\n\n\n\n<h4 class=\"wp-block-heading\">N\u00e4yttelyilmoittautumisj\u00e4rjestelm\u00e4n tietosuojaseloste<\/h4>\n\n\n\n<p><strong>Tietosuojaseloste<\/strong><\/p>\n\n\n\n<p><strong>1. <strong>Showlink Oy:n n\u00e4yttelyilmoittautumisj\u00e4rjestelm\u00e4n tietosuojaseloste<\/strong><\/strong><br>T\u00e4ss\u00e4 tietosuojaselosteessa kuvataan Showlink Oy:n toiminta liittyen henkil\u00f6tietoja k\u00e4sittely\u00e4 n\u00e4yttelyilmoittautumisj\u00e4rjestelm\u00e4ss\u00e4. Seloste sis\u00e4lt\u00e4\u00e4 tiedot siit\u00e4, miten ja miksi Showlink Oy k\u00e4sittelee henkil\u00f6tietoja, mist\u00e4 tiedot saadaan, mihin niit\u00e4 voidaan luovuttaa sek\u00e4 miten omat henkil\u00f6tiedot voi tarkistaa.<\/p>\n\n\n\n<p><strong>1.1. Rekisterinpit\u00e4j\u00e4<\/strong><br>Suomen Kennelliitto \u2013Finska Kennelklubben ry.<br>Y 02021550<br>Valimotie 17\u201319, 00380 Helsinki<br>Puhelin (09) 887300<br><br><strong>1.2. Yhteyshenkil\u00f6 rekisteri\u00e4 koskevissa asioissa<\/strong><br>Erika Paqvalin-Skurnik<br>erika.paqvalin-skurnik@showlink.fi<br>Showlink Oy<br>Lanttikatu 2<br>02770 Espoo<\/p>\n\n\n\n<p><strong>1.3. Rekisterin nimi<\/strong><br>Showlink Oy:n n\u00e4yttelyilmoittautumisj\u00e4rjestelm\u00e4 k\u00e4ytt\u00e4j\u00e4rekisteri<br><br><strong>1.4. <strong>Henkil\u00f6tietojen k\u00e4sittelyn peruste ja tarkoitus (rekisterin k\u00e4ytt\u00f6tarkoitus)<\/strong><\/strong><br>Showlink Oy:n n\u00e4yttelyilmoittautumisj\u00e4rjestelm\u00e4 k\u00e4ytt\u00e4j\u00e4rekisteriin tallennettuja henkil\u00f6tietoja k\u00e4ytet\u00e4\u00e4n koiran\u00e4yttelyilmoittautumisien hoitamiseen, yhteydenottojen hoitamiseksi sek\u00e4 muihin verkkopalveluihin liittyviin tarkoituksiin. Ilmoitetun koiran\/luokan omistajan nimi\/omistajien nimet ja kasvattajan nimi sek\u00e4 kasvattajan paikkakunta julkaistaan sen n\u00e4yttelyn n\u00e4yttelyluettelossa, johon koira\/luokka on ilmoitettu. Ilmoitetun koiran\/luokan omistajan nimi\/omistajien nimet julkaistaan sen n\u00e4yttelyn ryhm\u00e4- ja BIS-tuloksissa, johon ilmoittautuminen on suoritettu. Tietoja ei k\u00e4ytet\u00e4 markkinointiin.<br><br><strong>1.5. Rekisterin tietosis\u00e4lt\u00f6<\/strong><br>Rekisteriin ker\u00e4t\u00e4\u00e4n rekister\u00f6idyist\u00e4 perustietoja, kuten:<br>&#8211; ilmoittajan nimi<br>&#8211; osoite<br>&#8211; puhelin<br>&#8211; s\u00e4hk\u00f6posti<br>&#8211; koiran\/luokan omistajan nimi\/omistajien nimet<br>&#8211; koiran kasvattajan nimi ja kotipaikka<br>&#8211; junior handler kilpailijan nimi ja kilpailusarja<\/p>\n\n\n\n<p><strong>1.6. S\u00e4\u00e4nn\u00f6nmukaiset tietol\u00e4hteet<\/strong><br>Rekisterinpit\u00e4j\u00e4 rekister\u00f6i Showlink Oy:n n\u00e4yttelyilmoittautumisj\u00e4rjestelm\u00e4 k\u00e4ytt\u00e4j\u00e4st\u00e4 ne tiedot, jotka k\u00e4ytt\u00e4j\u00e4 itse ilmoittaa verkkosivustoa k\u00e4ytt\u00e4ess\u00e4\u00e4n.<\/p>\n\n\n\n<p><strong>1.7. <strong>S\u00e4\u00e4nn\u00f6nmukaiset tietojen luovutukset ja tietojen siirto EU:n tai Euroopan talousalueen ulkopuolelle<\/strong><br><\/strong>Ei s\u00e4\u00e4nn\u00f6nmukaisia tietojen luovutuksia kolmansille osapuolille. Ei tietojen luovutuksia EU:n tai ETA:n ulkopuolelle.<br><br><strong>1.8. Ev\u00e4steet<\/strong><br>K\u00e4yt\u00e4mme ev\u00e4steit\u00e4 tai muita vastaavia teknologioita verkkosivulla. Voit est\u00e4\u00e4 ev\u00e4steiden<br>asettamisen, rajoittaa tai poistaa niiden k\u00e4yt\u00f6n. Ev\u00e4steet mahdollistavat verkkosivujen<br>toiminnan, joten rajoittaminen vaikuttaa verkkosivun n\u00e4kym\u00e4\u00e4n ja toiminnallisuuteen.<br><br><strong>1.9. Rekisterin suojauksen periaatteet<\/strong><br>Showlink Oy:n n\u00e4yttelyilmoittautumisj\u00e4rjestelm\u00e4 k\u00e4ytt\u00e4j\u00e4rekisterin tiedot on tallennettu rekisterinpit\u00e4j\u00e4n j\u00e4rjestelm\u00e4\u00e4n, joka on suojattu k\u00e4ytt\u00f6j\u00e4rjestelm\u00e4n suojausohjelmiston avulla. J\u00e4rjestelm\u00e4\u00e4n sis\u00e4\u00e4np\u00e4\u00e4sy edellytt\u00e4\u00e4 k\u00e4ytt\u00e4j\u00e4tunnuksen ja salasanan sy\u00f6tt\u00e4mist\u00e4. J\u00e4rjestelm\u00e4 on my\u00f6s suojattu palomuurein ja muiden teknisten keinojen avulla. . J\u00e4rjestelm\u00e4\u00e4n tallennettuihin rekisterin sis\u00e4lt\u00e4miin tietoihin p\u00e4\u00e4sev\u00e4t ja niit\u00e4 ovat oikeutettuja k\u00e4ytt\u00e4m\u00e4\u00e4n vain tietyt, ennalta m\u00e4\u00e4ritellyt rekisterinpit\u00e4j\u00e4n ty\u00f6ntekij\u00e4t ja koiran\u00e4yttelyiden n\u00e4yttelytoimikuntien valtuuttamat henkil\u00f6t. Rekisterin sis\u00e4lt\u00e4m\u00e4t tiedot sijaitsevat lukituissa ja vartioiduissa tiloissa.<br><br><strong><strong>1.10. Tarkastusoikeus ja oikeus vaatia tiedon korjaamista<\/strong><\/strong><br>Rekisteriss\u00e4 olevalla henkil\u00f6ll\u00e4 on oikeus tarkastaa, mit\u00e4 h\u00e4nt\u00e4 koskevia tietoja rekisteriin on tallennettu. Rekister\u00f6ity voi p\u00e4ivitt\u00e4\u00e4 ja muuttaa omia tietojaan ja vaatia, ett\u00e4 virheelliset tiedot korjataan. Tarkastus-, muutos- ja korjauspyynn\u00f6n voi tehd\u00e4 toimittamalla kirjallinen ja allekirjoitettu asiaa koskeva pyynt\u00f6 rekisterist\u00e4 vastaavalle yhteyshenkil\u00f6lle.<br><br><strong><strong>1.11. Tiedon korjaaminen<\/strong><\/strong><br>Rekisterinpit\u00e4j\u00e4 oikaisee, poistaa tai t\u00e4ydent\u00e4\u00e4 rekisteriss\u00e4 olevan, k\u00e4sittelyn tarkoituksen kannalta virheellisen, tarpeettoman, puutteellisen tai vanhentuneen henkil\u00f6tiedon oma-aloitteisesti tai rekister\u00f6idyn vaatimuksesta. Rekister\u00f6idyn tulee ottaa yhteytt\u00e4 rekisterinpit\u00e4j\u00e4n rekisteriasioista vastaavaan henkil\u00f6\u00f6n tiedon korjaamiseksi.<\/p>\n\n\n\n<p><\/p>\n\n\n\n<p><em><sub>p\u00e4ivitetty 14.7.2025<\/sub><\/em><\/p>\n","protected":false},"excerpt":{"rendered":"<p>N\u00e4yttelyilmoittautumisj\u00e4rjestelm\u00e4n tietosuojaseloste Tietosuojaseloste 1. Showlink Oy:n n\u00e4yttelyilmoittautumisj\u00e4rjestelm\u00e4n tietosuojaselosteT\u00e4ss\u00e4 tietosuojaselosteessa kuvataan Showlink Oy:n toiminta liittyen henkil\u00f6tietoja k\u00e4sittely\u00e4 n\u00e4yttelyilmoittautumisj\u00e4rjestelm\u00e4ss\u00e4. Seloste sis\u00e4lt\u00e4\u00e4 tiedot siit\u00e4, miten ja miksi Showlink Oy k\u00e4sittelee henkil\u00f6tietoja, mist\u00e4 tiedot saadaan, mihin niit\u00e4 voidaan luovuttaa sek\u00e4 miten omat henkil\u00f6tiedot voi<\/p>\n","protected":false},"author":1,"featured_media":0,"parent":0,"menu_order":0,"comment_status":"closed","ping_status":"closed","template":"","meta":{"om_disable_all_campaigns":false,"_monsterinsights_skip_tracking":false,"_monsterinsights_sitenote_active":false,"_monsterinsights_sitenote_note":"","_monsterinsights_sitenote_category":0,"_uf_show_specific_survey":0,"_uf_disable_surveys":false,"footnotes":""},"class_list":["post-755","page","type-page","status-publish","hentry"],"aioseo_notices":[],"_links":{"self":[{"href":"https:\/\/www.showlink.fi\/show\/wp-json\/wp\/v2\/pages\/755","targetHints":{"allow":["GET"]}}],"collection":[{"href":"https:\/\/www.showlink.fi\/show\/wp-json\/wp\/v2\/pages"}],"about":[{"href":"https:\/\/www.showlink.fi\/show\/wp-json\/wp\/v2\/types\/page"}],"author":[{"embeddable":true,"href":"https:\/\/www.showlink.fi\/show\/wp-json\/wp\/v2\/users\/1"}],"replies":[{"embeddable":true,"href":"https:\/\/www.showlink.fi\/show\/wp-json\/wp\/v2\/comments?post=755"}],"version-history":[{"count":8,"href":"https:\/\/www.showlink.fi\/show\/wp-json\/wp\/v2\/pages\/755\/revisions"}],"predecessor-version":[{"id":1509,"href":"https:\/\/www.showlink.fi\/show\/wp-json\/wp\/v2\/pages\/755\/revisions\/1509"}],"wp:attachment":[{"href":"https:\/\/www.showlink.fi\/show\/wp-json\/wp\/v2\/media?parent=755"}],"curies":[{"name":"wp","href":"https:\/\/api.w.org\/{rel}","templated":true}]}}