{"id":13,"date":"2017-09-27T15:05:52","date_gmt":"2017-09-27T12:05:52","guid":{"rendered":"http:\/\/www.showlink.fi\/shows\/koillissawo18\/?page_id=13"},"modified":"2025-11-07T09:10:08","modified_gmt":"2025-11-07T07:10:08","slug":"tiedustelut","status":"publish","type":"page","link":"https:\/\/www.showlink.fi\/shows\/EurajokiShow_2026\/tiedustelut\/","title":{"rendered":"Tiedustelut"},"content":{"rendered":"\n<p><strong>Ilmoittautumisia ja kasvattajaluokkia koskevat tiedustelut<br><\/strong>Showlink <em>(arkisin klo 11\u201317)<\/em><br>puh. (09) 887 30 320 tai info@showlink.fi<\/p>\n\n\n\n<p><em>Mainitsethan tiedustelussasi \/ s\u00e4hk\u00f6postissasi n\u00e4yttelyn nimen sek\u00e4 koiran rekisterinumeron, jota tiedustelu koskee. Netti-ilmoittautumisesta tulee aina vahvistus s\u00e4hk\u00f6postiisi. Jollet saa vahvistusta, ota v\u00e4litt\u00f6m\u00e4sti yhteytt\u00e4.<\/em><\/p>\n\n\n\n<p><strong>Muut tiedustelut<\/strong><br>puh. 050 531 3085 <em>(iltaisin klo 19-21)<\/em><br>tai eurajokishow@gmail.com<\/p>\n","protected":false},"excerpt":{"rendered":"<p>Ilmoittautumisia ja kasvattajaluokkia koskevat tiedustelutShowlink (arkisin klo 11\u201317)puh. (09) 887 30 320 tai info@showlink.fi Mainitsethan tiedustelussasi \/ s\u00e4hk\u00f6postissasi n\u00e4yttelyn nimen sek\u00e4 koiran rekisterinumeron, jota tiedustelu koskee. Netti-ilmoittautumisesta tulee aina vahvistus s\u00e4hk\u00f6postiisi. Jollet saa vahvistusta, ota v\u00e4litt\u00f6m\u00e4sti yhteytt\u00e4. Muut tiedustelutpuh. 050 531 3085 (iltaisin klo 19-21)tai eurajokishow@gmail.com<\/p>\n","protected":false},"author":1,"featured_media":0,"parent":0,"menu_order":4,"comment_status":"closed","ping_status":"closed","template":"","meta":{"footnotes":""},"class_list":["post-13","page","type-page","status-publish","h-entry","hentry","h-as-page"],"_links":{"self":[{"href":"https:\/\/www.showlink.fi\/shows\/EurajokiShow_2026\/wp-json\/wp\/v2\/pages\/13","targetHints":{"allow":["GET"]}}],"collection":[{"href":"https:\/\/www.showlink.fi\/shows\/EurajokiShow_2026\/wp-json\/wp\/v2\/pages"}],"about":[{"href":"https:\/\/www.showlink.fi\/shows\/EurajokiShow_2026\/wp-json\/wp\/v2\/types\/page"}],"author":[{"embeddable":true,"href":"https:\/\/www.showlink.fi\/shows\/EurajokiShow_2026\/wp-json\/wp\/v2\/users\/1"}],"replies":[{"embeddable":true,"href":"https:\/\/www.showlink.fi\/shows\/EurajokiShow_2026\/wp-json\/wp\/v2\/comments?post=13"}],"version-history":[{"count":11,"href":"https:\/\/www.showlink.fi\/shows\/EurajokiShow_2026\/wp-json\/wp\/v2\/pages\/13\/revisions"}],"predecessor-version":[{"id":473,"href":"https:\/\/www.showlink.fi\/shows\/EurajokiShow_2026\/wp-json\/wp\/v2\/pages\/13\/revisions\/473"}],"wp:attachment":[{"href":"https:\/\/www.showlink.fi\/shows\/EurajokiShow_2026\/wp-json\/wp\/v2\/media?parent=13"}],"curies":[{"name":"wp","href":"https:\/\/api.w.org\/{rel}","templated":true}]}}