{"id":177,"date":"2020-04-21T15:01:00","date_gmt":"2020-04-21T12:01:00","guid":{"rendered":"https:\/\/www.showlink.fi\/shows\/koillissawo2020\/?page_id=177"},"modified":"2026-04-16T08:42:25","modified_gmt":"2026-04-16T05:42:25","slug":"tuomarit-2","status":"publish","type":"page","link":"https:\/\/www.showlink.fi\/shows\/EurajokiShow_2026\/tuomarit-2\/","title":{"rendered":"Tuomarit"},"content":{"rendered":"\n<p><strong>\u00bb Lauantaina arvostellaan FCI:n ryhm\u00e4t 1, 5, 7,8 ja 10.<br>\u00bb Sunnuntaina arvostellaan FCI:n ryhm\u00e4t 2, 3, 4, 6 ja 9.<\/strong><\/p>\n\n\n\n<p class=\"has-white-color has-vivid-red-background-color has-text-color has-background has-link-color wp-elements-4de7d8fa393b1d229b6d7f1ba8d58fbf\"><strong>30.1.2026 Tuomarinmuutos, FCI9 markiesjet arvostelee <a>Doncho Borisov<\/a>, Makedoniasta<\/strong>.<\/p>\n\n\n\n<hr class=\"wp-block-separator has-text-color has-alpha-channel-opacity has-background\" style=\"background-color:#2134701c;color:#2134701c\"\/>\n\n\n\n<h3 class=\"wp-block-heading\"><em>Lauantai 9.5.2026<\/em><\/h3>\n\n\n\n<p class=\"has-black-color has-text-color has-link-color wp-elements-184c2a96c08c21285574de4a30f8b45c\"><strong>Ryhm\u00e4 1<\/strong><br>welsh corgit <strong>Jenny Sayers<\/strong>, Australia<br>lyhytkarvainen pyreneittenpaimenkoira, partacollie, pitk\u00e4karvainen pyreneittenpaimenkoira, polski owczarek nizinny, pulit, pumi, schapendoes, serra de airesinpaimenkoira, shetlanninlammaskoira, slovakiancuvac, vanhaenglanninlammaskoira <strong>Maija M\u00e4kinen<\/strong><br>belgianpaimenkoirat, brienpaimenkoira \/ briardi, hollanninpaimenkoirat, pieniamerikanpaimenkoira, pitk\u00e4karvainen collie, sile\u00e4karvainen collie, valkoinenpaimenkoira <strong>Roni Oma<\/strong>, Australia<br>bergamonpaimenkoira, ceskoslovensky vlciak, etel\u00e4ven\u00e4j\u00e4nkoira, it\u00e4euroopanpaimenkoira, karpaattienkoira, katalonianpaimenkoira, komondor, kuvasz, mallorcanpaimenkoira, maremmano-abruzzese, owczarek podhalanski, picardienpaimenkoira, romanianpaimenkoira, saarlooswolfhond, schipperke <strong>Saija Juutilainen<\/strong><br>ardennienkarjakoira, australian t\u00f6p\u00f6h\u00e4nt\u00e4inen karjakoira, australiankarjakoira, australiankelpie, australianpaimenkoira, beaucenpaimenkoira \/ beauceron, bordercollie, bouvier, kroatianpaimenkoira, lancashirenkarjakoira, medimurjenkoira, mudi, saksanpaimenkoirat, tsekinpaimenkoira <a><strong>Doncho Borisov<\/strong><\/a>, Makedonia<br><br><strong>Ryhm\u00e4 5<\/strong><br>karjalankarhukoira, lunnikoira, suomenpystykorva, valkoinen ruotsinhirvikoira <strong>Jaana Kummala<\/strong><br>akita, amerikanakita, buhund, chow chow, hokkaidonkoira, islanninlammaskoira, japaninpystykorva, kainkoira, kintamani-balinkoira, kishunkoira, koreanjindonkoira, lapinporokoira, l\u00e4nsig\u00f6\u00f6tanmaanpystykorva, musta tanskanpystykorva, shiba, shikokunkoira, suomenlapinkoira, tanskanpystykorva, thaimaanpystykorva <strong>Kimmo Mustonen<\/strong><br>american eskimo dog, eurasier, ruotsinlapinkoira, grosspitzit, keeshond, kleinspitzit, mittelspitzit, pomeranian, volpino italiano <strong>Monika Kuriata-Okarmus<\/strong>, Puola<br>harmaa norjanhirvikoira, h\u00e4lleforsinkoira, it\u00e4siperianlaika, j\u00e4mtlanninpystykorva, l\u00e4nsisiperianlaika, musta norjanhirvikoira, pohjanpystykorva, ven\u00e4l\u00e4is-eurooppalainen laika <strong>Pekka Teini<\/strong><br>alaskan klee kai, alaskanmalamuutti, basenji, etnankoira, faaraokoira, gr\u00f6nlanninkoira, ibizanpodencot, jakutianlaika, kaanaankoira, kanadaneskimokoira, kanarianpodenco, meksikonkarvatonkoirat, perunkarvatonkoirat, portugalinpodengot, samojedinkoira, siperianhusky, taiwaninkoira, thai ridgeback <strong>Saija Juutilainen<\/strong><br><br><strong>Ryhm\u00e4 7<\/strong><br>bretoni, englanninsetteri, gordoninsetteri, harjaskarvainen saksanseisoja, hollanninpeltopyykoira, isom\u00fcnsterinseisoja, karkeakarvainen saksanseisoja, karkeakarvainen unkarinvizsla, korthalsingriffoni, lyhytkarvainen saksanseisoja, lyhytkarvainen unkarinvizsla, picardienspanieli, pienim\u00fcnsterinseisoja, pointteri, pont-audemerinspanieli, punainen irlanninsetteri, punavalkoinen irlanninsetteri, ranskanspanieli, saint-usugenspanieli, sininenpicardienspanieli, spinone, stabijhoun, tsekinseisoja <strong>Jaana Kummala<\/strong><br>ariegenseisoja, auvergnenseisoja, bourbonnaisinseisoja, burgosinseisoja, italianseisoja, karkeakarvainen slovakianseisoja, pitk\u00e4karvainen saksanseisoja, portugalinseisoja, ranskanseisoja, gascognelaistyyppi, ranskanseisoja, pyrenel\u00e4istyyppi, saintgermaininseisoja, vanhatanskankanakoira, weimarinseisojat, villakoirapointteri <strong>Pekka Teini<\/strong><br><br><strong>Ryhm\u00e4 8<\/strong><br>chesapeakelahdennoutaja, kiharakarvainen noutaja, kultainennoutaja, labradorinnoutaja, novascotiannoutaja, sile\u00e4karvainen noutaja <strong>Lykourgos Zoumpoulidis<\/strong>, Kreikka<br>amerikancockerspanieli, clumberinspanieli, cockerspanieli, englanninspringerspanieli, fieldspanieli, kooikerhondje, puolanmets\u00e4stysspanieli, sussexinspanieli, walesinspringerspanieli, ven\u00e4j\u00e4nspanieli, viiri\u00e4iskoira <strong>Matti Tuominen<\/strong><br>amerikanvesispanieli, barbet, espanjanvesikoira, friisinvesikoira, irlanninvesispanieli, lagotto romagnolo, portugalinvesikoira <strong>Pekka Teini<\/strong><br><br><strong>Ryhm\u00e4 10<\/strong><br>englanninvinttikoira, italianvinttikoira, saluki <strong>Jenny Sayers<\/strong>, Australia<br>afgaaninvinttikoira, azawakh, espanjanvinttikoira, puolanvinttikoira, sloughi, tazi, unkarinvinttikoira, ven\u00e4j\u00e4nvinttikoira, whippet <strong>Markku Kipin\u00e4<\/strong><br>irlanninsusikoira, skotlanninhirvikoira <strong>Matti Tuominen<\/strong><br>silkkivinttikoira <strong>Saija Juutilainen<\/strong><br><br>Junior Handler<strong>Jaana Kummala<\/strong><br><br><strong>Ryhm\u00e4kilpailut<\/strong><br>1<strong>Doncho Borisov, <\/strong>Makedonia<br>5<strong>Kimmo Mustonen<\/strong><br>7<strong>Pekka Teini<\/strong><br>8<strong>Matti Tuominen<\/strong><br>10<strong>Markku Kipin\u00e4<br><\/strong>Paras juniori <strong>Saija Juutilainen<\/strong><br>Paras veteraani <strong>Pekka Teini<\/strong><br>Paras kasvattajaryhm\u00e4 <strong>Kimmo Mustonen<\/strong><br><\/p>\n\n\n\n<hr class=\"wp-block-separator has-text-color has-alpha-channel-opacity has-background\" style=\"background-color:#2134701c;color:#2134701c\"\/>\n\n\n\n<h3 class=\"wp-block-heading\"><em>Sunnuntai<strong> <\/strong>10.5.2026<\/em><\/h3>\n\n\n\n<p><strong>Ryhm\u00e4 2<\/strong><br>castro laboreironkoira, musta romanianvuoristokoira, rottweiler, sarplaninac, tanskandoggit <strong>Jaana Kummala<\/strong><br>bordeauxindoggi, broholminkoira, cane corso, dogo argentino, estrelanvuoristokoirat, fila brasileiro, kangalinkoira, k\u00e4\u00e4pi\u00f6snautserit, snautserit, suursnautserit, tiibetinmastiffi, tosa, transmontano mastiff, ven\u00e4j\u00e4nmustaterrieri <strong>Lykourgos Zoumpoulidis<\/strong>, Kreikka<br>appenzellinpaimenkoira, berninpaimenkoira, continental bulldog, entlebuchinpaimenkoira, espanjanmastiffi, hollanninrottakoira, hovawart, isosveitsinpaimenkoira, it\u00e4vallanpinseri, kanariandoggi, landseer, leonberginkoira, mallorcandoggi, mastiffi, napolinmastiffi, newfoundlandinkoira, tanskalais-ruotsalainen pihakoira <strong>Matti Tuominen<\/strong><br>apinapinseri, bernhardinkoirat, k\u00e4\u00e4pi\u00f6pinseri, pinseri <strong>Roni Oma<\/strong>, Australia<br>aidi, alentejonkoira, bokseri, bukovinankoira, bullmastiffi, dobermanni, englanninbulldoggi, karstinpaimenkoira, kaukasiankoira, keskiaasiankoira, pyreneittenkoira, pyreneittenmastiffi, sao miguelinfila, shar pei, tornjak, uruguayncimarron <strong>Saija Juutilainen<\/strong><br><br><strong>Ryhm\u00e4 3<\/strong><br>karkeakarvainen kettuterrieri, lakelandinterrieri, sile\u00e4karvainen kettuterrieri <strong>Jaana Kummala<\/strong><br>amerikank\u00e4\u00e4pi\u00f6kettuterrieri, biewerterrieri, borderterrieri, sealyhaminterrieri, tenterfieldinterrieri <strong>Kimmo Mustonen<\/strong><br>jackrussellinterrieri <strong>Maija M\u00e4kinen<\/strong><br>airedalenterrieri, bedlingtoninterrieri, brasilianterrieri, glen of imaalinterrieri, irlanninterrieri, japaninterrieri, norfolkinterrieri, norwichinterrieri <strong>Pekka Teini<\/strong><br>australianterrieri, cairnterrieri, dandiedinmontinterrieri, silkkiterrieri, skotlanninterrieri, skyenterrieri <strong>Roni Oma<\/strong>, Australia<br>amerikankarvatonterrieri, amerikanrottaterrieri, andalusianrottakoira, ceskyterrieri, kerrynterrieri, manchesterinterrieri, parsonrussellinterrieri, saksanmets\u00e4stysterrieri, valencianrottaterrieri, walesinterrieri, valkoinen l\u00e4nsiyl\u00e4maanterrieri, vehn\u00e4terrieri <strong>Saija Juutilainen<\/strong><br>amerikanstaffordshirenterrieri, bullterrieri, englannink\u00e4\u00e4pi\u00f6terrieri, k\u00e4\u00e4pi\u00f6bullterrieri, staffordshirenbullterrieri, yorkshirenterrieri <a><strong>Doncho Borisov<\/strong><\/a>, Makedonia<br><br><strong>Ryhm\u00e4 4<\/strong><br>karkea- ja lyhytkarvaiset m\u00e4yr\u00e4koirat <strong>Maija M\u00e4kinen<\/strong><br>pitk\u00e4karvainen kaniini- ja k\u00e4\u00e4pi\u00f6m\u00e4yr\u00e4koirat <strong>Markku Kipin\u00e4<\/strong><br>m\u00e4yr\u00e4koira, pitk\u00e4karvainen <strong>Matti Tuominen<\/strong><br><br><strong>Ryhm\u00e4 6<\/strong><br>rhodesiankoira <strong>Jaana Kummala<\/strong><br>dalmatiankoira <strong>Pekka Teini<br><\/strong>muut <strong>Kimmo Mustonen<\/strong><br><br><strong>Ryhm\u00e4 9<\/strong><br>tiibetinspanieli, villakoirat <strong>Jenny Sayers<\/strong>, Australia<br>coton de tul\u00e9ar, prahanrottakoira, ven\u00e4j\u00e4nbolonka <strong>Kimmo Mustonen<\/strong><br>bichon fris\u00e9, bolognese, havannankoira, lhasa apso, l\u00f6wchen, shih tzu, tiibetinterrieri <strong>Markku Kipin\u00e4<\/strong><br>bostoninterrieri, chihuahuat, japanese chin, kiinanpalatsikoira\/pekingeesi, maltankoira, mopsi, papillon, phal\u00e8ne, ranskanbulldoggi, ven\u00e4j\u00e4ntoyt <strong>Monika Kuriata-Okarmus<\/strong>, Puola<br>cavalier kingcharlesinspanieli, griffon belge, griffon bruxellois, kiinanharjakoira, kingcharlesinspanieli, kromfohrl\u00e4nder, markiesje, petit brabancon <a><strong>Doncho Borisov<\/strong><\/a>, Makedonia<br><br><strong>Ryhm\u00e4kilpailut<\/strong><br>2<strong> Lykourgos Zoumpoulidis<\/strong>, Kreikka<br>3<strong> Roni Oma<\/strong>, Australia<br>4<strong> Maija M\u00e4kinen<\/strong><br>6<strong> Kimmo Mustonen<\/strong><br>9<strong> Jenny Sayers, <\/strong>Australia<strong><br><\/strong>Paras juniori <strong>Monika Kuriata-Okarmus<\/strong>, Puola<br>Paras veteraani <strong>Roni Oma<\/strong>, Australia<br>Paras kasvattajaryhm\u00e4 <strong>Monika Kuriata-Okarmus<\/strong>, Puola<br>Best in Show<strong> Saija Juutilainen<\/strong><\/p>\n","protected":false},"excerpt":{"rendered":"<p>\u00bb Lauantaina arvostellaan FCI:n ryhm\u00e4t 1, 5, 7,8 ja 10.\u00bb Sunnuntaina arvostellaan FCI:n ryhm\u00e4t 2, 3, 4, 6 ja 9. 30.1.2026 Tuomarinmuutos, FCI9 markiesjet arvostelee Doncho Borisov, Makedoniasta. Lauantai 9.5.2026 Ryhm\u00e4 1welsh corgit Jenny Sayers, Australialyhytkarvainen pyreneittenpaimenkoira, partacollie, pitk\u00e4karvainen pyreneittenpaimenkoira, polski owczarek nizinny, pulit, pumi, schapendoes, serra de airesinpaimenkoira, shetlanninlammaskoira, slovakiancuvac, vanhaenglanninlammaskoira Maija M\u00e4kinenbelgianpaimenkoirat, brienpaimenkoira <a href=\"https:\/\/www.showlink.fi\/shows\/EurajokiShow_2026\/tuomarit-2\/\" class=\"more-link\">...jatka lukemista<span class=\"screen-reader-text\"> \"Tuomarit\"<\/span><\/a><\/p>\n","protected":false},"author":1,"featured_media":0,"parent":0,"menu_order":3,"comment_status":"closed","ping_status":"closed","template":"","meta":{"footnotes":""},"class_list":["post-177","page","type-page","status-publish","h-entry","hentry","h-as-page"],"_links":{"self":[{"href":"https:\/\/www.showlink.fi\/shows\/EurajokiShow_2026\/wp-json\/wp\/v2\/pages\/177","targetHints":{"allow":["GET"]}}],"collection":[{"href":"https:\/\/www.showlink.fi\/shows\/EurajokiShow_2026\/wp-json\/wp\/v2\/pages"}],"about":[{"href":"https:\/\/www.showlink.fi\/shows\/EurajokiShow_2026\/wp-json\/wp\/v2\/types\/page"}],"author":[{"embeddable":true,"href":"https:\/\/www.showlink.fi\/shows\/EurajokiShow_2026\/wp-json\/wp\/v2\/users\/1"}],"replies":[{"embeddable":true,"href":"https:\/\/www.showlink.fi\/shows\/EurajokiShow_2026\/wp-json\/wp\/v2\/comments?post=177"}],"version-history":[{"count":37,"href":"https:\/\/www.showlink.fi\/shows\/EurajokiShow_2026\/wp-json\/wp\/v2\/pages\/177\/revisions"}],"predecessor-version":[{"id":518,"href":"https:\/\/www.showlink.fi\/shows\/EurajokiShow_2026\/wp-json\/wp\/v2\/pages\/177\/revisions\/518"}],"wp:attachment":[{"href":"https:\/\/www.showlink.fi\/shows\/EurajokiShow_2026\/wp-json\/wp\/v2\/media?parent=177"}],"curies":[{"name":"wp","href":"https:\/\/api.w.org\/{rel}","templated":true}]}}