{"id":448,"date":"2025-11-04T16:32:23","date_gmt":"2025-11-04T14:32:23","guid":{"rendered":"https:\/\/www.showlink.fi\/shows\/EurajokiShow_2026_luonnos\/?page_id=448"},"modified":"2026-04-16T08:43:00","modified_gmt":"2026-04-16T05:43:00","slug":"judges","status":"publish","type":"page","link":"https:\/\/www.showlink.fi\/shows\/EurajokiShow_2026\/in-english\/judges\/","title":{"rendered":"Judges"},"content":{"rendered":"\n<h3 class=\"wp-block-heading\"><em>Saturday 9.5.2026<\/em><\/h3>\n\n\n\n<p><strong>Group 1<\/strong><br>Australian Cattle Dog, Australian Kelpie, Australian Shepherd, Australian Stumpy Tail Cattle Dog, Berger de Beauce, Bohemian Shepherd Dog, Border Collie, Bouvier des Ardennes, Bouvier des Flandres, Croatian Shepherd Dog, German Shepherd Dog, German Shepherd Dog, long and harsh outer coat, Lancashire Heeler, Mudi, Small Medimurje Dog - Medi <strong>Doncho Borisov<\/strong>, Macedonia<br>Welsh Corgi Cardigan, Welsh Corgi Pembroke <strong>Jenny Sayers<\/strong>, Australia<br>Bearded Collie, Dutch Schapendoes, Old English Sheepdog, Polish Lowland Sheepdog, Portuguese Sheepdog, Puli, other colors, Puli, white, Pumi, Pyrenean Sheepdog, Long-haired, Pyrenean Sheepdog, Smooth-faced, Shetland Sheepdog, Slovakian Chuvach <strong>Maija M\u00e4kinen<\/strong><br>Belgian Shepherd Dog, Groenendael, Belgian Shepherd Dog, Laekenois, Belgian Shepherd Dog, Malinois, Belgian Shepherd Dog, Tervueren, Briard, Collie Rough, Collie Smooth, Dutch Shepherd Dog, Long-haired, Dutch Shepherd Dog, Rough-Haired, Dutch Shepherd Dog, Short-haired, Miniature American Shepherd, White Swiss Shepherd Dog <strong>Roni Oma<\/strong>, Australia<br>Bergamasco Shepherd Dog, Catalan Sheepdog, Czechoslovakian Wolfdog, East European Shepherd, Komondor, Kuvasz, Majorca Shepherd Dog, Maremma and the Abruzzes Sheepdog, Picardy Sheepdog, Romanian Carpathian Shepherd Dog, Romanian Mioritic Shepherd Dog, Saarloos Wolfhond, Schipperke, South Russian Shepherd Dog, Tatra Shepherd Dog <strong>Saija Juutilainen<\/strong><br><br><strong>Group 5<\/strong><br>Finnish Spitz, Karelian Bear Dog, Norwegian Lundehund, Swedish White Elkhound <strong>Jaana Kummala<\/strong><br>Akita, American Akita, Black Spitz, Chow Chow, Danish Spitz, Finnish Lapponian Dog, Hokkaido, Icelandic Sheepdog, Japanese Spitz, Kai, Kintamani-Bali Dog, Kishu, Korea Jindo Dog, Lapponian Herder, Norwegian Buhund, Shiba, Shikoku, Swedish Vallhund, Thai Bangkaew Dog <strong>Kimmo Mustonen<\/strong><br>American Eskimo Dog, Eurasian, Giant Spitz (Grosspitz), black and brown, Giant Spitz (Grosspitz), white, Italian Volpino, Keeshond (Wolfspitz), Medium Size Spitz (Mittelspitz), black and brown, Medium Size Spitz (Mittelspitz), other colors, Medium Size Spitz (Mittelspitz), white, Miniature Spitz (Kleinspitz), black and brown, Miniature Spitz (Kleinspitz), other colours, Miniature Spitz (Kleinspitz), white, Pomeranian, Swedish Lapphund <strong>Monika Kuriata-Okarmus<\/strong>, Poland<br>East Siberian Laika, H\u00e4lleforshund, Norrbottenspitz, Norwegian Elkhound Black, Norwegian Elkhound Grey, Russian-European Laika, Swedish Elkhound, West Siberian Laika <strong>Pekka Teini<\/strong><br>Alaskan Klee Kai, Alaskan Malamute, Basenji, Canaan Dog, Canadian Eskimo Dog, Canarian Warren Hound, Cirneco dell'Etna, Greenland Dog, Ibizan Podenco, Rough-haired, Ibizan Podenco, Smooth-haired, Peruvian Hairless Dog, Large, Peruvian Hairless Dog, Medium-sized, Peruvian Hairless Dog, Miniature, Pharaoh Hound, Portuguese Podengo, Long- and Wire-haired Large, Portuguese Podengo, Long- and Wire-haired, Medium-sized, Portuguese Podengo, Long- and Wire-haired, Small, Portuguese Podengo, Smooth- and Short-haired, Large, Portuguese Podengo, Smooth- and Short-haired, Medium-size, Portuguese Podengo, Smooth- and Short-haired, Small, Samoyed, Siberian Husky, Taiwan Dog, Thai Ridgeback Dog, Xoloitzcuintle, Intermediate, Xoloitzcuintle, Miniature, Xoloitzcuintle, Standard, Yakutian Laika <strong>Saija Juutilainen<\/strong><br><br><strong>Group 7<\/strong><br>Blue Picardy Spaniel, Bohemian Wire-haired Pointing Griffon, Brittany Spaniel, Deutsch Stichelhaar, Drentsche Partridge Dog, English Pointer, English Setter, French Spaniel, German Short-haired Pointing Dog, German Wire-haired Pointing Dog, Gordon Setter, Hungarian Short-Haired Pointer (Vizsla), Hungarian Wire-haired Pointer (Vizsla), Irish Red and White Setter, Irish Red Setter, Italian Spinone, Large Munsterlander, Picardy Spaniel, Pont-Audemer Spaniel, Saint-Usuge Spaniel, Small Munsterlander, Stabijhoun, Wire-Haired Pointing Griffon Korthals <strong>Jaana Kummala<\/strong><br>Ariege Pointing Dog, Auvergne Pointer, Bourbonnais Pointing Dog, Burgos Pointing Dog, French Pointing Dog - Gascogne Type, French Pointing Dog - Pyrenean Type, German Long-haired Pointing Dog, Italian Pointing Dog, Old Danish Pointing Dog, Portuguese Pointing Dog, Pudelpointer, Saint Germain Pointer, Weimaraner, long-haired, Weimaraner, short-haired, Wirehaired Slovakian Pointer <strong>Pekka Teini<\/strong><br><br><strong>Group 8<\/strong><br>Chesapeake Bay Retriever, Curly Coated Retriever, Flat Coated Retriever, Golden Retriever, Labrador Retriever, Nova Scotia Duck Tolling Retriever <strong>Lykourgos Zoumpoulidis<\/strong>, Greece<br>American Cocker Spaniel, Clumber Spaniel, Cocker Spaniel, English Springer Spaniel, Field Spaniel, German Spaniel, Nederlandse Kooikerhondje, Polish Hunting Spaniel, Russian Spaniel, Sussex Spaniel, Welsh Springer Spaniel <strong>Matti Tuominen<\/strong><br>American Water Spaniel, French Water Dog, Irish Water Spaniel, Lagotto Romagnolo, Portuguese Water Dog, Spanish Water Dog, Wetterhoun <strong>Pekka Teini<\/strong><br><br><strong>Group 10<\/strong><br>Greyhound, Italian Greyhound, Saluki <strong>Jenny Sayers<\/strong>, Australia<br>Afghan Hound, Azawakh, Borzoi, Hungarian Greyhound, Kazakh Tazy, Polish Greyhound, Sloughi, Spanish Greyhound, Whippet <strong>Markku Kipin\u00e4<\/strong><br>Deerhound, Irish Wolfhound <strong>Matti Tuominen<\/strong><br>Silken Windhound <strong>Saija Juutilainen<br><\/strong><br>Junior Handler <strong>Jaana Kummala<br><\/strong><br>Group finals<br>1<strong>Doncho Borisov<\/strong>, Macedonia<br>5<strong>Kimmo Mustonen<\/strong><br>7<strong>Pekka Teini<\/strong><br>8<strong>Matti Tuominen<\/strong><br>10<strong>Markku Kipin\u00e4<\/strong><br>Best Junior <strong>Saija Juutilainen<\/strong><br>Best Veteran <strong>Pekka Teini<\/strong><br>Best Breeder\u2019s Group <strong>Kimmo Mustonen<\/strong><br><\/p>\n\n\n\n<hr class=\"wp-block-separator has-text-color has-alpha-channel-opacity has-background\" style=\"background-color:#2134701c;color:#2134701c\"\/>\n\n\n\n<h3 class=\"wp-block-heading\"><em>Sunday 10.5.2026<\/em><\/h3>\n\n\n\n<p><strong>Group 2<\/strong><br>Castro Laboreiro Dog, Ciob\u0103nesc Rom\u00e2nesc Corb, Great Dane, black and harlequin, Great Dane, blue, Great Dane, fawn and brindle, Rottweiler, Yugoslavian Shepherd Dog - Sharplanina <strong>Jaana Kummala<\/strong><br>Broholmer, Dogo Argentino, Dogue de Bordeaux, Estrela Mountain Dog, Long-haired, Estrela Mountain Dog, Short-haired, Fila Brasileiro, Giant Schnauzer, black, Giant Schnauzer, black and silver, Giant Schnauzer, pepper and salt, Italian Cane Corso, Kangal Shepherd Dog, Miniature Schnauzer, black, Miniature Schnauzer, black and silver, Miniature Schnauzer, pepper and salt, Miniature Schnauzer, white, Russian Black Terrier, Schnauzer, black, Schnauzer, pepper and salt, Tibetan Mastiff, Tosa, Transmontano Mastiff <strong>Lykourgos Zoumpoulidis<\/strong>, Greece<br>Appenzell Cattle Dog, Austrian Pinscher, Bernese Mountain Dog, Continental Bulldog, Danish-Swedish Farmdog, Dutch Smoushond, Entlebuch Cattle Dog, Great Swiss Mountain Dog, Hovawart, Landseer (European Continental Type), Leonberger, Majorca Mastiff, Mastiff, Neapolitan Mastiff, Newfoundland, Presa Canario, Spanish Mastiff <strong>Matti Tuominen<\/strong><br>Affenpinscher, German Pinscher, Miniature Pinscher, St. Bernard, Long-haired, St. Bernard, Short-haired <strong>Roni Oma<\/strong>, Australia<br>Atlas Mountain Dog (Aidi), Boxer, Bulldog, Bullmastiff, Caucasian Shepherd Dog, Central Asia Shepherd Dog, Cimarr\u00f3n Uruguayo, Dobermann, Karst Shepherd Dog, Pyrenean Mastiff, Pyrenean Mountain Dog, Rafeiro of Alentejo, Romanian Bucovina Shepherd, Saint Miguel Cattle Dog, Shar Pei, Tornjak (Bosnian And Herzegovinian - Croatian Shepherd Dog) <strong>Saija Juutilainen<\/strong><br><br><strong>Group 3<\/strong><br>American Staffordshire Terrier, Bull Terrier, English Toy Terrier, Miniature Bull Terrier, Staffordshire Bull Terrier, Yorkshire Terrier <strong>Doncho Borisov<\/strong>, Macedonia<br>Fox Terrier, Smooth-haired, Fox Terrier, Wire-haired, Lakeland Terrier <strong>Jaana Kummala<\/strong><br>American Toy Fox Terrier, Biewer Terrier, Border Terrier, Sealyham Terrier, Tenterfield Terrier <strong>Kimmo Mustonen<\/strong><br>Jack Russell Terrier <strong>Maija M\u00e4kinen<\/strong><br>Airedale Terrier, Bedlington Terrier, Brazilian Terrier, Irish Glen Of Imaal Terrier, Irish Terrier, Japanese Terrier, Norfolk Terrier, Norwich Terrier <strong>Pekka Teini<\/strong><br>Australian Silky Terrier, Australian Terrier, Cairn Terrier, Dandie Dinmont Terrier, Scottish Terrier, Skye Terrier <strong>Roni Oma<\/strong>, Australia<br>American Hairless Terrier, Cesky Terrier, German Hunting Terrier, Irish Soft Coated Wheaten Terrier, Kerry Blue Terrier, Manchester Terrier, Parson Russell Terrier, Rat Terrier, Ratonero Bodeguero Andaluz, Valencian Terrier, Welsh Terrier, West Highland White Terrier <strong>Saija Juutilainen<\/strong><br><br><strong>Group 4<\/strong><br>Miniature Dachshund, Smooth-haired, Miniature Dachshund, Wire-haired, Rabbit Dachshund, Smooth-haired, Rabbit Dachshund, Wire-haired, Standard Dachshund, Smooth-haired, Standard Dachshund, Wire-haired <strong>Maija M\u00e4kinen<\/strong><br>Miniature Dachshund, Long-haired, Rabbit Dachshund, Long-haired <strong>Markku Kipin\u00e4<\/strong><br>Standard Dachshund, Long-haired <strong>Matti Tuominen<\/strong><br><br><strong>Group 6<\/strong><br>Rhodesian Ridgeback <strong>Jaana Kummala<\/strong><br>Alpine Dachsbracke, American Foxhound, Anglo Russian Hound, Ariegeois, Artois Hound, Austrian Black &amp; Tan Hound, Basset Fauve De Bretagne, Basset Hound, Bavarian Mountain Scent Hound, Beagle, Beagle Harrier, Billy, Black &amp; Tan Coonhound, Bloodhound, Blue Gascony Basset, Blue Gascony Griffon, Bluetick Coonhound, Bosnian Broken-Haired Hound-Called Barak, Brazilian Tracker, Briquet Griffon Vend\u00e9en, Coarse-haired Italian Hound, Coarse-Haired Styrian Hound, Drever, English Foxhound, Estonian Hound, Fawn Brittany Griffon, Finnish Hound, French Tricolour Hound, French White &amp; Black Hound, French White &amp; Orange Hound, Gascon Saintongeois, German Hound, Gotland Hound, Grand Basset Griffon Vend\u00e9en, Grand Griffon Vend\u00e9en, Great Anglo-French Tricolour Hound, Great Anglo-French White &amp; Black Hound, Great Anglo-French White &amp; Orange Hound, Great Gascony Blue, Griffon Nivernais, Halden Hound, Hamiltonst\u00f6vare, Hanoverian Scent Hound, Harrier, Hellenic Hound, Hungarian Hound - Transylvanian Scent Hound, Hygen Hound, Istrian Short-Haired Hound, Istrian Wire-Haired Hound, Italian Short-Haired Segugio, Medium-Sized Anglo-French Hound, Montenegrin Mountain Hound, Norman Artesien Basset, Norwegian Hound, Otterhound, Petit Basset Griffon Vend\u00e9en, Plott, Poitevin, Polish Hound, Polish Hunting Dog, Porcelaine, Posavatz Hound, Russian Hound, Schillerst\u00f6vare, Segugio Maremmano, Serbian Hound, Serbian Tricolour Hound, Slovakian Hound, Small Blue Gascony, Small Swiss Hound, Small Bernese Hound, Small Swiss Hound, Small Jura Hound, Small Swiss Hound, Small Lucerne Hound, Small Swiss Hound, Small Schwyz Hound, Sm\u00e5landsst\u00f6vare, Spanish Hound, Swiss Hound, Bernese Hound, Swiss Hound, Jura Hound, Swiss Hound, Lucerne Hound, Swiss Hound, Schwyz Hound, Treeing Walker Coonhound, Tyrolean Hound, Westphalian Dachsbracke <strong>Kimmo Mustonen<\/strong><br>Dalmatian <strong>Pekka Teini<\/strong><br><br><strong>Group 9<\/strong><br>Cavalier King Charles Spaniel, Chinese Crested Dog, Griffon Belge, Griffon Bruxellois, King Charles Spaniel, Kromfohrl\u00e4nder, Petit Braban\u00e7on <strong>Doncho Borisov<\/strong>, Macedonia<br>Medium Size Poodle, black, brown, and white, Medium Size Poodle, grey, apricot, and red, Medium Size Poodle, other colours, Miniature Poodle, black, brown, and white, Miniature Poodle, grey, apricot, and red, Miniature Poodle, other colours, Standard Poodle, black, brown, and white, Standard Poodle, grey, apricot, and red, Standard Poodle, other colours, Tibetan Spaniel, Toy Poodle, black, brown, and white, Toy Poodle, grey, apricot, and red, Toy Poodle, other colours <strong>Jenny Sayers<\/strong>, Australia<br>Coton de Tulear, Pra\u017esk\u00fd Krysar\u00edk, Russkaja Tsvetnaja Bolonka <strong>Kimmo Mustonen<\/strong><br>Bichon Frise, Bolognese, Havanese, Lhasa Apso, Little Lion Dog, Markiesje, Shih Tzu, Tibetan Terrier <strong>Markku Kipin\u00e4<\/strong><br>Boston Terrier, Chihuahua Long-haired, Chihuahua Smooth-haired, French Bulldog, Japanese Chin, Maltese, Papillon, Pekingese, Phal\u00e8ne, Pug, Russian Toy Long-haired, Russian Toy Smooth-haired <strong>Monika Kuriata-Okarmus<\/strong>, Poland<br><br>Group finals<br>2<strong> Lykourgos Zoumpoulidis<\/strong>, Greece<br>3<strong> Roni Oma<\/strong>, Australia<br>4<strong> Maija M\u00e4kinen<\/strong><br>6<strong> Kimmo Mustonen<\/strong><br>9<strong> Jenny Sayers<\/strong>, Australia<br>Best Junior <strong>Monika Kuriata-Okarmus<\/strong>, Poland<br>Best Veteran <strong>Roni Oma<\/strong>, Australia<br>Best Breeder\u2019s Group <strong>Monika Kuriata-Okarmus<\/strong>, Poland<br><br>Best in Show<strong> Saija Juutilainen<\/strong><\/p>\n","protected":false},"excerpt":{"rendered":"<p>Saturday 9.5.2026 Group 1Australian Cattle Dog, Australian Kelpie, Australian Shepherd, Australian Stumpy Tail Cattle Dog, Berger de Beauce, Bohemian Shepherd Dog, Border Collie, Bouvier des Ardennes, Bouvier des Flandres, Croatian Shepherd Dog, German Shepherd Dog, German Shepherd Dog, long and harsh outer coat, Lancashire Heeler, Mudi, Small Medimurje Dog - Medi Doncho Borisov, MacedoniaWelsh Corgi <a href=\"https:\/\/www.showlink.fi\/shows\/EurajokiShow_2026\/in-english\/judges\/\" class=\"more-link\">...jatka lukemista<span class=\"screen-reader-text\"> \"Judges\"<\/span><\/a><\/p>\n","protected":false},"author":1,"featured_media":0,"parent":441,"menu_order":2,"comment_status":"closed","ping_status":"closed","template":"","meta":{"footnotes":""},"class_list":["post-448","page","type-page","status-publish","h-entry","hentry","h-as-page"],"_links":{"self":[{"href":"https:\/\/www.showlink.fi\/shows\/EurajokiShow_2026\/wp-json\/wp\/v2\/pages\/448","targetHints":{"allow":["GET"]}}],"collection":[{"href":"https:\/\/www.showlink.fi\/shows\/EurajokiShow_2026\/wp-json\/wp\/v2\/pages"}],"about":[{"href":"https:\/\/www.showlink.fi\/shows\/EurajokiShow_2026\/wp-json\/wp\/v2\/types\/page"}],"author":[{"embeddable":true,"href":"https:\/\/www.showlink.fi\/shows\/EurajokiShow_2026\/wp-json\/wp\/v2\/users\/1"}],"replies":[{"embeddable":true,"href":"https:\/\/www.showlink.fi\/shows\/EurajokiShow_2026\/wp-json\/wp\/v2\/comments?post=448"}],"version-history":[{"count":6,"href":"https:\/\/www.showlink.fi\/shows\/EurajokiShow_2026\/wp-json\/wp\/v2\/pages\/448\/revisions"}],"predecessor-version":[{"id":519,"href":"https:\/\/www.showlink.fi\/shows\/EurajokiShow_2026\/wp-json\/wp\/v2\/pages\/448\/revisions\/519"}],"up":[{"embeddable":true,"href":"https:\/\/www.showlink.fi\/shows\/EurajokiShow_2026\/wp-json\/wp\/v2\/pages\/441"}],"wp:attachment":[{"href":"https:\/\/www.showlink.fi\/shows\/EurajokiShow_2026\/wp-json\/wp\/v2\/media?parent=448"}],"curies":[{"name":"wp","href":"https:\/\/api.w.org\/{rel}","templated":true}]}}