{"id":515,"date":"2026-03-11T10:13:12","date_gmt":"2026-03-11T08:13:12","guid":{"rendered":"https:\/\/www.showlink.fi\/shows\/EurajokiShow_2026\/?page_id=515"},"modified":"2026-03-11T10:13:12","modified_gmt":"2026-03-11T08:13:12","slug":"tietoa-nayttelysta","status":"publish","type":"page","link":"https:\/\/www.showlink.fi\/shows\/EurajokiShow_2026\/tietoa-nayttelysta\/","title":{"rendered":"TIETOA N\u00c4YTTELYST\u00c4"},"content":{"rendered":"\n<p><strong>Yleis\u00f6<\/strong><\/p>\n\n\n\n<p><strong>Sis\u00e4\u00e4np\u00e4\u00e4symaksut<\/strong><\/p>\n\n\n\n<p>5 \u20ac\/henkil\u00f6<br>alle 12-v ilmaiseksi<br>pys\u00e4k\u00f6inti 5 \u20ac\/auto<br>Mobiililuettelo 3,49 \u20ac<\/p>\n\n\n\n<p><strong>Palvelut<\/strong><br>- Alueella kahviopalvelut ja pient\u00e4 suolaista myyt\u00e4v\u00e4n\u00e4 eri pisteiss\u00e4.<br>- Dogfani \u2013 myyntipiste<\/p>\n\n\n\n<p><strong>Aikataulut<\/strong><\/p>\n\n\n\n<p>N\u00e4yttelyalue avataan molempina p\u00e4ivin\u00e4 klo 7.30. Rokotusten tarkastus tehd\u00e4\u00e4n n\u00e4yttelyalueella pistotarkastuksin.&nbsp;<br>N\u00e4yttely alkaa klo 9 molempina p\u00e4ivin\u00e4, ja kaikkien koirien on saavuttava paikalle klo 13 menness\u00e4.<br>Molempina p\u00e4ivin\u00e4 ryhm\u00e4kilpailut alkavat n. klo 15.30.<\/p>\n\n\n\n<p>Aikataulu tarkentuu, kun rotukohtainen aikataulu saadaan valmiiksi n. viimeist\u00e4\u00e4n viikkoa ennen n\u00e4yttely\u00e4.<\/p>\n\n\n\n<p><strong>N\u00e4yttelyalue<\/strong><\/p>\n\n\n\n<p>N\u00e4yttely sijaitsee Eurajoen raviradalla ja on hiekkapohjainen. Varaathan mukaasi turvalliset keng\u00e4t koiran esitt\u00e4miseen. Islanninhevosten askellajibaanalle n\u00e4ytteilleasettajat eiv\u00e4t saa menn\u00e4 lainkaan; <strong><em>Alue on aidattu matalalla valkoisella aidalla.<\/em><\/strong><\/p>\n\n\n\n<p><strong>Turistikoirat<\/strong><\/p>\n\n\n\n<p>Turistikoirat ovat tervetulleita n\u00e4yttelyymme, kunhan niill\u00e4 on rokotukset kunnossa ja ne on tunnistusmerkitty eli rokotustodistukset mukaan rekisteritodistuksen kera.<\/p>\n\n\n\n<p><strong>Koiria ei saa j\u00e4tt\u00e4\u00e4 miss\u00e4\u00e4n tapauksessa l\u00e4mpim\u00e4ll\u00e4 tai aurinkoisella s\u00e4\u00e4ll\u00e4 autoihin!<\/strong><\/p>\n\n\n\n<p><strong>Muuta<\/strong><\/p>\n\n\n\n<p>N\u00e4yttelyn peruutustapauksessa&nbsp;palautamme koiran\/koirien ilmoittautumismaksun v\u00e4hennettyn\u00e4 5 euron k\u00e4sittelymaksulla. Yksi 5 euron k\u00e4sittelymaksu otetaan yhdest\u00e4 maksusuorituksesta.<\/p>\n\n\n\n<p>- Muistathan ottaa mukaan koirallesi rekisterikirjan, rokotustodistukset, n\u00e4yttelyhihnan, vesikupin ja vett\u00e4 sek\u00e4 makuualustan (tai kuljetuslaatikon). Ulkoilutathan koirasi kunnolla ennen n\u00e4yttelyyn<\/p>\n\n\n\n<p>- N\u00e4yttelyalueen teltat: telttoja saa pystytt\u00e4\u00e4 n\u00e4yttelyalueen laidalle erikseen merkitylle alueelle, ei kehien reunoille. Teltoilla ei saa sulkea k\u00e4yt\u00e4vi\u00e4. J\u00e4rjestyksenvalvojilla on oikeus siirt\u00e4\u00e4 \/ siirr\u00e4tt\u00e4\u00e4 teltat oikealle alueelle. Telttojen pystytt\u00e4minen on mahdollista n\u00e4yttelyp\u00e4ivin\u00e4. K\u00e4yt\u00e4v\u00e4t on j\u00e4tett\u00e4v\u00e4 vapaiksi mahdollisen h\u00e4lytysajoneuvoliikenteen varalta sek\u00e4 yleisen turvallisuuden vuoksi.<\/p>\n\n\n\n<p>- N\u00e4yttelykeh\u00e4t sijaitsevat ulkona. Kehien pinta on hiekkaa. Varaudu niin kylm\u00e4\u00e4n viimaan, sateiseen s\u00e4\u00e4h\u00e4n, kuin auringon paahteeseenkin. S\u00e4\u00e4 on viel\u00e4 arvaamatonta toukokuussa.<\/p>\n\n\n\n<p>- L\u00e4hin pankkiautomaatti sijaitsee OP Eurajoen pihassa, jonne matkaa n. 2 km. Varaathan k\u00e4teist\u00e4 mukaan.<\/p>\n\n\n\n<p><strong>AJO-OHJE<\/strong><\/p>\n\n\n\n<p>N\u00e4yttelypaikan osoite on K\u00f6yk\u00e4ntie 32, 27100 EURAJOKI.<\/p>\n\n\n\n<p>Raumalta tai Turusta p\u00e4in tulevat erkanevat VT8:lta kantatielle 2070 suuntaan Eurajoki &amp; Lappi. Erkanemiskaistalle siirtymisen j\u00e4lkeen 400 metrin p\u00e4\u00e4ss\u00e4 olevasta T-risteyksest\u00e4 k\u00e4\u00e4nnyt\u00e4\u00e4n oikealle suuntaan Eurajoki &amp; Lappi. Noin sadan metrin p\u00e4\u00e4st\u00e4 k\u00e4\u00e4nnyt\u00e4\u00e4n oikealle Lapintielle, suuntaan Lappi &amp; K\u00f6yk\u00e4n teollisuusalue. 150 metrin j\u00e4lkeen k\u00e4\u00e4nnyt\u00e4\u00e4n oikealle Korpelantielle, suuntaan K\u00f6yk\u00e4n teollisuusalue. Jatka Korpelantiet\u00e4 1,3 kilometri\u00e4, Eurajoen ravirata on tien vasemmalla puolella.<\/p>\n\n\n\n<p>Porista p\u00e4in tulevat erkanevat VT8:lta kantatielle 2070 suuntaan Eurajoki &amp; Lappi. Rampille nousun j\u00e4lkeen 550 metrin p\u00e4\u00e4st\u00e4 k\u00e4\u00e4nnyt\u00e4\u00e4n oikealle Lapintielle, suuntaan Lappi &amp; K\u00f6yk\u00e4n teollisuusalue. 150 metrin j\u00e4lkeen k\u00e4\u00e4nnyt\u00e4\u00e4n oikealle Korpelantielle, suuntaan K\u00f6yk\u00e4n teollisuusalue. Jatka Korpelantiet\u00e4 1,3 kilometri\u00e4, Eurajoen ravirata on tien vasemmalla puolella.<\/p>\n\n\n\n<p><br>N\u00e4yttelypaikka&nbsp;<a href=\"https:\/\/www.google.com\/maps\/place\/Eurajoen+Ravirata\/@61.1892357,21.7009235,421m\/data=!3m1!1e3!4m14!1m7!3m6!1s0x46897b6f58194073:0x58427aed2cc91ff0!2sEurajoen+Ravirata!8m2!3d61.1894581!4d21.7016531!16s%2Fg%2F11gcqh1df0!3m5!1s0x46897b6f58194073:0x58427aed2cc91ff0!8m2!3d61.1894581!4d21.7016531!16s%2Fg%2F11gcqh1df0?entry=ttu&amp;g_ep=EgoyMDI2MDMwMi4wIKXMDSoASAFQAw%3D%3D\">Google Mapsissa.<\/a><\/p>\n\n\n\n<p><strong>Hotellit<\/strong><\/p>\n\n\n\n<p>Leirint\u00e4alueen ja muiden hotellien tiedot l\u00f6ytyv\u00e4t mm. sivustolta&nbsp;<a href=\"http:\/\/www.visitrauma.fi\/\"><strong>www.visitrauma.fi<\/strong><\/a><br><br>El\u00e4m\u00e4n n\u00e4k\u00f6inen ja makuinen hotelli:&nbsp;<a href=\"https:\/\/www.loftrauma.fi\/\"><strong>Loft Hotel Rauma<\/strong><\/a><\/p>\n\n\n\n<figure class=\"wp-block-image size-full\"><img loading=\"lazy\" decoding=\"async\" width=\"197\" height=\"186\" src=\"https:\/\/www.showlink.fi\/shows\/EurajokiShow_2026\/wp-content\/uploads\/sites\/261\/2026\/03\/image.gif\" alt=\"\" class=\"wp-image-516\"\/><\/figure>\n\n\n\n<p><strong>Koiran\u00e4yttelys\u00e4\u00e4nt\u00f6j\u00e4<\/strong><\/p>\n\n\n\n<p>Linkki Suomen Kennelliitto ry:n nettisivuille, joista l\u00f6ytyy koiran\u00e4yttelyiden tarkemmat s\u00e4\u00e4nn\u00f6t<br><a href=\"http:\/\/www.kennelliitto.fi\/\"><strong>www.kennelliitto.fi<\/strong><\/a><\/p>\n","protected":false},"excerpt":{"rendered":"<p>Yleis\u00f6 Sis\u00e4\u00e4np\u00e4\u00e4symaksut 5 \u20ac\/henkil\u00f6alle 12-v ilmaiseksipys\u00e4k\u00f6inti 5 \u20ac\/autoMobiililuettelo 3,49 \u20ac Palvelut- Alueella kahviopalvelut ja pient\u00e4 suolaista myyt\u00e4v\u00e4n\u00e4 eri pisteiss\u00e4.- Dogfani \u2013 myyntipiste Aikataulut N\u00e4yttelyalue avataan molempina p\u00e4ivin\u00e4 klo 7.30. Rokotusten tarkastus tehd\u00e4\u00e4n n\u00e4yttelyalueella pistotarkastuksin.&nbsp;N\u00e4yttely alkaa klo 9 molempina p\u00e4ivin\u00e4, ja kaikkien koirien on saavuttava paikalle klo 13 menness\u00e4.Molempina p\u00e4ivin\u00e4 ryhm\u00e4kilpailut alkavat n. klo 15.30. Aikataulu <a href=\"https:\/\/www.showlink.fi\/shows\/EurajokiShow_2026\/tietoa-nayttelysta\/\" class=\"more-link\">...jatka lukemista<span class=\"screen-reader-text\"> \"TIETOA N\u00c4YTTELYST\u00c4\"<\/span><\/a><\/p>\n","protected":false},"author":1,"featured_media":0,"parent":0,"menu_order":0,"comment_status":"closed","ping_status":"closed","template":"","meta":{"footnotes":""},"class_list":["post-515","page","type-page","status-publish","h-entry","hentry","h-as-page"],"_links":{"self":[{"href":"https:\/\/www.showlink.fi\/shows\/EurajokiShow_2026\/wp-json\/wp\/v2\/pages\/515","targetHints":{"allow":["GET"]}}],"collection":[{"href":"https:\/\/www.showlink.fi\/shows\/EurajokiShow_2026\/wp-json\/wp\/v2\/pages"}],"about":[{"href":"https:\/\/www.showlink.fi\/shows\/EurajokiShow_2026\/wp-json\/wp\/v2\/types\/page"}],"author":[{"embeddable":true,"href":"https:\/\/www.showlink.fi\/shows\/EurajokiShow_2026\/wp-json\/wp\/v2\/users\/1"}],"replies":[{"embeddable":true,"href":"https:\/\/www.showlink.fi\/shows\/EurajokiShow_2026\/wp-json\/wp\/v2\/comments?post=515"}],"version-history":[{"count":1,"href":"https:\/\/www.showlink.fi\/shows\/EurajokiShow_2026\/wp-json\/wp\/v2\/pages\/515\/revisions"}],"predecessor-version":[{"id":517,"href":"https:\/\/www.showlink.fi\/shows\/EurajokiShow_2026\/wp-json\/wp\/v2\/pages\/515\/revisions\/517"}],"wp:attachment":[{"href":"https:\/\/www.showlink.fi\/shows\/EurajokiShow_2026\/wp-json\/wp\/v2\/media?parent=515"}],"curies":[{"name":"wp","href":"https:\/\/api.w.org\/{rel}","templated":true}]}}