{"id":7,"date":"2017-09-27T15:03:56","date_gmt":"2017-09-27T12:03:56","guid":{"rendered":"http:\/\/www.showlink.fi\/shows\/koillissawo18\/?page_id=7"},"modified":"2026-01-14T09:57:26","modified_gmt":"2026-01-14T07:57:26","slug":"tervetuloa-koiranayttelyyn-tuusniemelle","status":"publish","type":"page","link":"https:\/\/www.showlink.fi\/shows\/EurajokiShow_2026\/","title":{"rendered":"Eurajoki Show 2026 \u2013 Suomen S\u00e4hk\u00f6isin Show"},"content":{"rendered":"\n<h3 class=\"wp-block-heading\"><em>Tervetuloa kaikkien rotujen koiran\u00e4yttelyyn Eurajoelle 9.-10.5.2026!<\/em><\/h3>\n\n\n\n<p>N\u00e4yttelyss\u00e4 arvostellaan kaikki rodut FCI:n roturyhmist\u00e4 FCI 1 \u2013 FCI 10.<br>My\u00f6s pennut (7kk \u2013 alle 9kk).<br>Lauantaina my\u00f6s Junior Handler -kilpailu.<\/p>\n\n\n\n<p><strong>Lauantaina 9.5. arvostellaan FCI:n ryhm\u00e4t 1, 5, 7, 8 ja 10<\/strong><br><strong>FCI 1 \u2013<\/strong> Lammas- ja karjakoirat (paitsi sveitsinpaimenkoirat)<br><strong>FCI 5 \u2013<\/strong> Pystykorvat ja alkukantaiset koirat<br><strong>FCI 7 \u2013<\/strong> Seisovat lintukoirat<br><strong>FCI 8 \u2013<\/strong> Noutajat, yl\u00f6sajavat koirat ja vesikoirat<br><strong>FCI 10 \u2013<\/strong> Vinttikoirat<\/p>\n\n\n\n<p><strong>Sunnuntaina 10.5. arvostellaan FCI:n ryhm\u00e4t 2, 3, 4, 6 ja 9<\/strong><br><strong>FCI 2 \u2013<\/strong> Pinserit, snautserit, molossityyppiset ja sveitsinpaimenkoirat<br><strong>FCI 3 \u2013<\/strong> Terrierit<br><strong>FCI 4 \u2013<\/strong> M\u00e4yr\u00e4koirat<br><strong>FCI 6 \u2013<\/strong> Ajavat ja j\u00e4ljest\u00e4v\u00e4t koirat<br><strong>FCI 9 \u2013<\/strong> Seura- ja k\u00e4\u00e4pi\u00f6koirat<\/p>\n\n\n\n<p><strong>N\u00e4yttelypaikkana toimii\u00a0Eurajoen ravirata<\/strong><br>Osoite:\u00a0K\u00f6yk\u00e4ntie 32, 27100 Eurajoki<\/p>\n\n\n\n<p><strong>J\u00e4rjest\u00e4j\u00e4t:<\/strong> Rauman k\u00e4ytt\u00f6- ja seurakoirat ry, Satakunnan Noutajakoirayhdistys ry, Harjavallan Palvelus- ja Seurakoiraharrastajat ry<\/p>\n\n\n\n<hr class=\"wp-block-separator has-text-color has-alpha-channel-opacity has-background\" style=\"background-color:#2134701c;color:#2134701c\"\/>\n\n\n\n<h3 class=\"wp-block-heading\"><em>Tiedustelut<\/em><\/h3>\n\n\n\n<p><strong>Ilmoittautumisia ja kasvattajaluokkia koskevat tiedustelut<br><\/strong>Showlink <em>(arkisin klo 11\u201317)<\/em><br>puh. (09) 887 30 320 tai info@showlink.fi<\/p>\n\n\n\n<p><em>Mainitsethan tiedustelussasi \/ s\u00e4hk\u00f6postissasi n\u00e4yttelyn nimen sek\u00e4 koiran rekisterinumeron, jota tiedustelu koskee. Netti-ilmoittautumisesta tulee aina vahvistus s\u00e4hk\u00f6postiisi. Jollet saa vahvistusta, ota v\u00e4litt\u00f6m\u00e4sti yhteytt\u00e4.<\/em><\/p>\n\n\n\n<p><strong>Muut tiedustelut<\/strong><br>puh. 050 531 3085 <em>(iltaisin klo 19-21)<\/em><br>tai eurajokishow@gmail.com<br><\/p>\n\n\n\n<p><br><\/p>\n","protected":false},"excerpt":{"rendered":"<p>Tervetuloa kaikkien rotujen koiran\u00e4yttelyyn Eurajoelle 9.-10.5.2026! N\u00e4yttelyss\u00e4 arvostellaan kaikki rodut FCI:n roturyhmist\u00e4 FCI 1 \u2013 FCI 10.My\u00f6s pennut (7kk \u2013 alle 9kk).Lauantaina my\u00f6s Junior Handler -kilpailu. Lauantaina 9.5. arvostellaan FCI:n ryhm\u00e4t 1, 5, 7, 8 ja 10FCI 1 \u2013 Lammas- ja karjakoirat (paitsi sveitsinpaimenkoirat)FCI 5 \u2013 Pystykorvat ja alkukantaiset koiratFCI 7 \u2013 Seisovat lintukoiratFCI 8 <a href=\"https:\/\/www.showlink.fi\/shows\/EurajokiShow_2026\/\" class=\"more-link\">...jatka lukemista<span class=\"screen-reader-text\"> \"Eurajoki Show 2026 \u2013 Suomen S\u00e4hk\u00f6isin Show\"<\/span><\/a><\/p>\n","protected":false},"author":1,"featured_media":0,"parent":0,"menu_order":0,"comment_status":"closed","ping_status":"closed","template":"","meta":{"footnotes":""},"class_list":["post-7","page","type-page","status-publish","h-entry","hentry","h-as-page"],"_links":{"self":[{"href":"https:\/\/www.showlink.fi\/shows\/EurajokiShow_2026\/wp-json\/wp\/v2\/pages\/7","targetHints":{"allow":["GET"]}}],"collection":[{"href":"https:\/\/www.showlink.fi\/shows\/EurajokiShow_2026\/wp-json\/wp\/v2\/pages"}],"about":[{"href":"https:\/\/www.showlink.fi\/shows\/EurajokiShow_2026\/wp-json\/wp\/v2\/types\/page"}],"author":[{"embeddable":true,"href":"https:\/\/www.showlink.fi\/shows\/EurajokiShow_2026\/wp-json\/wp\/v2\/users\/1"}],"replies":[{"embeddable":true,"href":"https:\/\/www.showlink.fi\/shows\/EurajokiShow_2026\/wp-json\/wp\/v2\/comments?post=7"}],"version-history":[{"count":84,"href":"https:\/\/www.showlink.fi\/shows\/EurajokiShow_2026\/wp-json\/wp\/v2\/pages\/7\/revisions"}],"predecessor-version":[{"id":510,"href":"https:\/\/www.showlink.fi\/shows\/EurajokiShow_2026\/wp-json\/wp\/v2\/pages\/7\/revisions\/510"}],"wp:attachment":[{"href":"https:\/\/www.showlink.fi\/shows\/EurajokiShow_2026\/wp-json\/wp\/v2\/media?parent=7"}],"curies":[{"name":"wp","href":"https:\/\/api.w.org\/{rel}","templated":true}]}}