{"id":10,"date":"2019-11-05T16:18:38","date_gmt":"2019-11-05T14:18:38","guid":{"rendered":"http:\/\/www.showlink.fi\/shows\/oulukv2020malli1\/?page_id=10"},"modified":"2026-02-04T13:28:44","modified_gmt":"2026-02-04T11:28:44","slug":"tuomarit","status":"publish","type":"page","link":"https:\/\/www.showlink.fi\/shows\/ForssaNORD_2026\/tuomarit\/","title":{"rendered":"Tuomarit"},"content":{"rendered":"\n<h2 class=\"wp-block-heading\">Lauantai \u2013 FCI 2, 3, 5, 6 &amp; 7<\/h2>\n\n\n\n<p><strong>Ryhm\u00e4 2<\/strong><br><em>Varalla kaikille ryhm\u00e4 2 roduille <strong>Markku Kipin\u00e4<\/strong><\/em><br>bokseri, espanjanmastiffi, estrelanvuoristokoirat, kanariandoggi, pyreneittenmastiffi, tiibetinmastiffi <strong>Alejandro Palacin Cabanas<\/strong>, Espanja<br>aidi, alentejonkoira, apinapinseri, appenzellinpaimenkoira, berninpaimenkoira, bukovinankoira, bullmastiffi, cane corso, castro laboreironkoira, continental bulldog, dobermanni, englanninbulldoggi, entlebuchinpaimenkoira, fila brasileiro, isosveitsinpaimenkoira, leonberginkoira, mallorcandoggi <strong>Anna Albrigo<\/strong>, Italia<br>bordeauxindoggi, dogo argentino, hovawart, rottweiler <strong>Antti Nieminen<\/strong><br>it\u00e4vallanpinseri, k\u00e4\u00e4pi\u00f6pinseri, mastiffi, napolinmastiffi, sao miguelinfila, shar pei, tornjak, tosa <strong>Juha Kares<\/strong><br>k\u00e4\u00e4pi\u00f6snautserit, landseer, pyreneittenkoira, sarplaninac, tanskalais-ruotsalainen pihakoira <strong>Kimmo Mustonen<\/strong><br>broholminkoira, hollanninrottakoira, kangalinkoira, karstinpaimenkoira, musta romanianvuoristokoira, newfoundlandinkoira, pinseri, transmontano mastiff, uruguayncimarron <strong>Leni Finne<\/strong><br>kaukasiankoira, keskiaasiankoira, tanskandoggit <strong>Oliver Simon<\/strong>, Kroatia<br>bernhardinkoirat, snautserit, suursnautserit, ven\u00e4j\u00e4nmustaterrieri <strong>Suzana Simon<\/strong>, Kroatia<br><br><strong>Ryhm\u00e4 3<\/strong><br><em>Varalla kaikille ryhm\u00e4 3 roduille <strong>Kaisa Gold<\/strong><\/em><br>amerikanstaffordshirenterrieri, bedlingtoninterrieri, bullterrieri, k\u00e4\u00e4pi\u00f6bullterrieri, skyenterrieri <strong>Alejandro Palacin Cabanas<\/strong>, Espanja<br>biewerterrieri, brasilianterrieri, cairnterrieri, ceskyterrieri, skotlanninterrieri, staffordshirenbullterrieri <strong>Arne Foss<\/strong>, Norja<br>borderterrieri, dandiedinmontinterrieri, japaninterrieri, kerrynterrieri, manchesterinterrieri, sealyhaminterrieri, silkkiterrieri <strong>Juha Kares<\/strong><br>airedalenterrieri, karkeakarvainen kettuterrieri, lakelandinterrieri, sile\u00e4karvainen kettuterrieri, vehn\u00e4terrieri <strong>Kaisa Gold<\/strong><br>amerikankarvatonterrieri, amerikank\u00e4\u00e4pi\u00f6kettuterrieri, amerikanrottaterrieri, andalusianrottakoira, glen of imaalinterrieri, jackrussellinterrieri, tenterfieldinterrieri, walesinterrieri <strong>Kimmo Mustonen<\/strong><br>australianterrieri, norfolkinterrieri, norwichinterrieri <strong>Marie Gadolin<\/strong>, Ruotsi<br>englannink\u00e4\u00e4pi\u00f6terrieri, irlanninterrieri, parsonrussellinterrieri, saksanmets\u00e4stysterrieri, valencianrottaterrieri, valkoinen l\u00e4nsiyl\u00e4maanterrieri, yorkshirenterrieri <strong>Suzana Simon<\/strong>, Kroatia<br><br><strong>Ryhm\u00e4 5<\/strong><br><em>Varalla kaikille ryhm\u00e4 5 roduille <strong>Anna Albrigo<\/strong>, Italia<\/em><br>volpino italiano <strong>Anna Albrigo<\/strong>, Italia<br>islanninlammaskoira, karjalankarhukoira, lapinporokoira, suomenlapinkoira, suomenpystykorva <strong>Antti Nieminen<\/strong><br>american eskimo dog, hokkaidonkoira, h\u00e4lleforsinkoira, kanadaneskimokoira, kanarianpodenco, kintamani-balinkoira, kishunkoira, koreanjindonkoira, musta norjanhirvikoira, musta tanskanpystykorva, portugalinpodengot, taiwaninkoira, tanskanpystykorva, thaimaanpystykorva, ven\u00e4l\u00e4is-eurooppalainen laika <strong>Arne Foss<\/strong>, Norja<br>basenji <strong>Beata Petkevica<\/strong>, Latvia<br>amerikanakita, buhund, gr\u00f6nlanninkoira, j\u00e4mtlanninpystykorva, pohjanpystykorva, ruotsinlapinkoira, saksanpystykorva, pomeranian, samojedinkoira, valkoinen ruotsinhirvikoira <strong>Johan Andersson<\/strong>, Ruotsi<br>chow chow, it\u00e4siperianlaika, jakutianlaika, l\u00e4nsisiperianlaika, shikokunkoira <strong>Juha Kares<\/strong><br>japaninpystykorva, kaanaankoira, kainkoira, lunnikoira, l\u00e4nsig\u00f6\u00f6tanmaanpystykorva, shiba <strong>Kaisa Gold<\/strong><br>akita, alaskanmalamuutti, harmaa norjanhirvikoira, keeshond, siperianhusky, thai ridgeback <strong>Leni Finne<\/strong><br>etnankoira, eurasier, faaraokoira, ibizanpodencot, meksikonkarvatonkoirat, perunkarvatonkoirat, grosspitzit, kleinspitzit, mittelspitzit <strong>Markku Kipin\u00e4<\/strong><br><br><strong>Ryhm\u00e4 6<\/strong><br><em>Varalla kaikille ryhm\u00e4 6 roduille <strong>Kimmo Mustonen<\/strong><\/em><br>basset art\u00e9sien normand, basset hound, beagle, dreeveri, rhodesiankoira, smoolanninajokoira <strong>Marie Gadolin<\/strong>, Ruotsi<br>eestinajokoira, suomenajokoira <strong>Markku Kipin\u00e4<\/strong><br>muut <strong>Oliver Simon<\/strong>, Kroatia<br><br><strong>Ryhm\u00e4 7<\/strong><br><em>Varalla kaikille ryhm\u00e4 7 roduille <strong>Leni Finne<\/strong><\/em><br>kaikki rodut <strong>Beata Petkevica<\/strong>, Latvia<\/p>\n\n\n\n<h3 class=\"wp-block-heading\">Ryhm\u00e4kilpailut<\/h3>\n\n\n\n<p>2<strong> Anna Albrigo<\/strong><br>3<strong> Alejandro Palacin Cabanas<\/strong><br>5<strong> Markku Kipin\u00e4<\/strong><br>6<strong> Oliver Simon<\/strong><br>7<strong> Beata Petkevica<\/strong><\/p>\n\n\n\n<p>Paras juniori <strong>Arne Foss<\/strong><br>Paras veteraani <strong>Kimmo Mustonen<\/strong><br>Paras kasvattajaryhm\u00e4 <strong>Oliver Simon<\/strong><\/p>\n\n\n\n<hr class=\"wp-block-separator has-text-color has-alpha-channel-opacity has-background\" style=\"background-color:#f4f4f473;color:#f4f4f473\"\/>\n\n\n\n<h2 class=\"wp-block-heading\">Sunnuntai \u2013 FCI 1, 4, 8, 9 &amp; 10<\/h2>\n\n\n\n<p><strong>Ryhm\u00e4 1<\/strong><br><em>Varalla kaikille ryhm\u00e4 1 roduille <strong>Antti Nieminen<\/strong><\/em><br>bouvier, brienpaimenkoira \/ briardi, hollanninpaimenkoirat, katalonianpaimenkoira, kuvasz, mallorcanpaimenkoira, partacollie, pulit, pumi, serra de airesinpaimenkoira, sile\u00e4karvainen collie, vanhaenglanninlammaskoira <strong>Alejandro Palacin Cabanas<\/strong>, Espanja<br>ardennienkarjakoira, beaucenpaimenkoira \/ beauceron, bergamonpaimenkoira, lyhytkarvainen pyreneittenpaimenkoira, maremmano-abruzzese, pitk\u00e4karvainen pyreneittenpaimenkoira, schipperke <strong>Anna Albrigo<\/strong>, Italia<br>belgianpaimenkoirat, mudi, pieniamerikanpaimenkoira, shetlanninlammaskoira <strong>Antti Nieminen<\/strong><br>australian t\u00f6p\u00f6h\u00e4nt\u00e4inen karjakoira, australianpaimenkoira, etel\u00e4ven\u00e4j\u00e4nkoira, it\u00e4euroopanpaimenkoira, karpaattienkoira, lancashirenkarjakoira <strong>Beata Petkevica<\/strong>, Latvia<br>australiankarjakoira, australiankelpie, owczarek podhalanski, welsh corgit <strong>Johan Andersson<\/strong>, Ruotsi<br>bordercollie, pitk\u00e4karvainen collie <strong>Kimmo Mustonen<\/strong><br>medimurjenkoira, picardienpaimenkoira, polski owczarek nizinny, romanianpaimenkoira, saarlooswolfhond, valkoinenpaimenkoira <strong>Leni Finne<\/strong><br>ceskoslovensky vlciak, komondor, kroatianpaimenkoira, saksanpaimenkoirat, schapendoes, slovakiancuvac, tsekinpaimenkoira <strong>Suzana Simon<\/strong>, Kroatia<br><br><strong>Ryhm\u00e4 4<\/strong><br><em>Varalla kaikille ryhm\u00e4 4 roduille <strong>Kaisa Gold<\/strong><\/em><br>karkeakarvaiset m\u00e4yr\u00e4koirat, kaikki koot <strong>Kaisa Gold<\/strong><br>muut <strong>Markku Kipin\u00e4<\/strong><br><br><strong>Ryhm\u00e4 8<\/strong><br><em>Varalla kaikille ryhm\u00e4 8 roduille <strong>Leni Finne<\/strong><\/em><br>espanjanvesikoira <strong>Alejandro Palacin Cabanas<\/strong>, Espanja<br>barbet, chesapeakelahdennoutaja, portugalinvesikoira, sussexinspanieli <strong>Johan Andersson<\/strong>, Ruotsi<br>amerikancockerspanieli, amerikanvesispanieli, clumberinspanieli, fieldspanieli, friisinvesikoira, kiharakarvainen noutaja, walesinspringerspanieli <strong>Kimmo Mustonen<\/strong><br>englanninspringerspanieli, irlanninvesispanieli, kooikerhondje, kultainennoutaja <strong>Leni Finne<\/strong><br>cockerspanieli, labradorinnoutaja <strong>Markku Kipin\u00e4<\/strong><br>lagotto romagnolo, novascotiannoutaja, puolanmets\u00e4stysspanieli, sile\u00e4karvainen noutaja, ven\u00e4j\u00e4nspanieli, viiri\u00e4iskoira <strong>Oliver Simon<\/strong>, Kroatia<br><br><strong>Ryhm\u00e4 9<\/strong><br><em>Varalla kaikille ryhm\u00e4 9 roduille <strong>Arne Foss<\/strong>, Norja<\/em><br>cavalier kingcharlesinspanieli, griffon belge, griffon bruxellois, japanese chin, kiinanpalatsikoira\/pekingeesi, l\u00f6wchen, petit brabancon, ranskanbulldoggi, shih tzu <strong>Arne Foss<\/strong>, Norja<br>bichon fris\u00e9, havannankoira, tiibetinterrieri, ven\u00e4j\u00e4nbolonka <strong>Beata Petkevica<\/strong>, Latvia<br>bostoninterrieri, coton de tul\u00e9ar, prahanrottakoira, villakoirat <strong>Juha Kares<\/strong><br>bolognese, kromfohrl\u00e4nder, lhasa apso, maltankoira, markiesje, mopsi, papillon, phal\u00e8ne <strong>Kaisa Gold<\/strong><br>tiibetinspanieli <strong>Marie Gadolin<\/strong>, Ruotsi<br>chihuahuat, ven\u00e4j\u00e4ntoyt <strong>Oliver Simon<\/strong>, Kroatia<br>kiinanharjakoira, kingcharlesinspanieli <strong>Suzana Simon<\/strong>, Kroatia<br><br><strong>Ryhm\u00e4 10<\/strong><br><em>Varalla kaikille ryhm\u00e4 10 roduille <strong>Marie Gadolin<\/strong>, Ruotsi<\/em><br>azawakh, puolanvinttikoira, saluki, sloughi, unkarinvinttikoira, ven\u00e4j\u00e4nvinttikoira <strong>Anna Albrigo<\/strong>, Italia<br>irlanninsusikoira, italianvinttikoira <strong>Kaisa Gold<\/strong><br>afgaaninvinttikoira, englanninvinttikoira, espanjanvinttikoira, skotlanninhirvikoira, tazi, whippet <strong>Marie Gadolin<\/strong>, Ruotsi<\/p>\n\n\n\n<h3 class=\"wp-block-heading\">Ryhm\u00e4kilpailut<\/h3>\n\n\n\n<p>1<strong> Johan Andersson<\/strong><br>4<strong> Kaisa Gold<\/strong><br>8<strong> Leni Finne<\/strong><br>9<strong> Juha Kares<\/strong><br>10<strong> Marie Gadolin<\/strong><\/p>\n\n\n\n<p>Paras juniori <strong>Kimmo Mustonen<\/strong><br>Paras veteraani <strong>Arne Foss<\/strong><br>Paras kasvattajaryhm\u00e4 <strong>Anna Albrigo<\/strong><br>Best in Show<strong> Suzana Simon<\/strong><\/p>\n","protected":false},"excerpt":{"rendered":"<p>Lauantai \u2013 FCI 2, 3, 5, 6 &amp; 7 Ryhm\u00e4 2Varalla kaikille ryhm\u00e4 2 roduille Markku Kipin\u00e4bokseri, espanjanmastiffi, estrelanvuoristokoirat, kanariandoggi, pyreneittenmastiffi, tiibetinmastiffi Alejandro Palacin Cabanas, Espanjaaidi, alentejonkoira, apinapinseri, appenzellinpaimenkoira, berninpaimenkoira, bukovinankoira, bullmastiffi, cane corso, castro laboreironkoira, continental bulldog, dobermanni, englanninbulldoggi, entlebuchinpaimenkoira, fila brasileiro, isosveitsinpaimenkoira, leonberginkoira, mallorcandoggi Anna Albrigo, Italiabordeauxindoggi, dogo argentino, hovawart, rottweiler Antti Nieminenit\u00e4vallanpinseri, <a href=\"https:\/\/www.showlink.fi\/shows\/ForssaNORD_2026\/tuomarit\/\" class=\"more-link\">...jatka lukemista<span class=\"screen-reader-text\"> \"Tuomarit\"<\/span><\/a><\/p>\n","protected":false},"author":1,"featured_media":0,"parent":0,"menu_order":2,"comment_status":"closed","ping_status":"closed","template":"","meta":{"footnotes":""},"class_list":["post-10","page","type-page","status-publish","h-entry","hentry","h-as-page"],"_links":{"self":[{"href":"https:\/\/www.showlink.fi\/shows\/ForssaNORD_2026\/wp-json\/wp\/v2\/pages\/10","targetHints":{"allow":["GET"]}}],"collection":[{"href":"https:\/\/www.showlink.fi\/shows\/ForssaNORD_2026\/wp-json\/wp\/v2\/pages"}],"about":[{"href":"https:\/\/www.showlink.fi\/shows\/ForssaNORD_2026\/wp-json\/wp\/v2\/types\/page"}],"author":[{"embeddable":true,"href":"https:\/\/www.showlink.fi\/shows\/ForssaNORD_2026\/wp-json\/wp\/v2\/users\/1"}],"replies":[{"embeddable":true,"href":"https:\/\/www.showlink.fi\/shows\/ForssaNORD_2026\/wp-json\/wp\/v2\/comments?post=10"}],"version-history":[{"count":13,"href":"https:\/\/www.showlink.fi\/shows\/ForssaNORD_2026\/wp-json\/wp\/v2\/pages\/10\/revisions"}],"predecessor-version":[{"id":227,"href":"https:\/\/www.showlink.fi\/shows\/ForssaNORD_2026\/wp-json\/wp\/v2\/pages\/10\/revisions\/227"}],"wp:attachment":[{"href":"https:\/\/www.showlink.fi\/shows\/ForssaNORD_2026\/wp-json\/wp\/v2\/media?parent=10"}],"curies":[{"name":"wp","href":"https:\/\/api.w.org\/{rel}","templated":true}]}}