{"id":127,"date":"2022-06-28T16:09:17","date_gmt":"2022-06-28T13:09:17","guid":{"rendered":"https:\/\/www.showlink.fi\/shows\/oulukv2022\/?page_id=127"},"modified":"2026-02-04T13:57:16","modified_gmt":"2026-02-04T11:57:16","slug":"tulokset","status":"publish","type":"page","link":"https:\/\/www.showlink.fi\/shows\/ForssaNORD_2026\/tulokset\/","title":{"rendered":"Tulokset"},"content":{"rendered":"\n<p>N\u00e4yttelyss\u00e4mme tallennetaan tulokset suoraan kehist\u00e4 ja tulokset julkaistaan n\u00e4yttelyn kuluessa.<br><br><strong>\u00bb Siirry n\u00e4yttelyn tuloksiin<\/strong><\/p>\n\n\n\n<p>Jalostustietoj\u00e4rjestelm\u00e4\u00e4n tulokset p\u00e4ivittyv\u00e4t n\u00e4yttelyn p\u00e4\u00e4tytty\u00e4.<\/p>\n","protected":false},"excerpt":{"rendered":"<p>N\u00e4yttelyss\u00e4mme tallennetaan tulokset suoraan kehist\u00e4 ja tulokset julkaistaan n\u00e4yttelyn kuluessa. \u00bb Siirry n\u00e4yttelyn tuloksiin Jalostustietoj\u00e4rjestelm\u00e4\u00e4n tulokset p\u00e4ivittyv\u00e4t n\u00e4yttelyn p\u00e4\u00e4tytty\u00e4.<\/p>\n","protected":false},"author":1,"featured_media":0,"parent":0,"menu_order":5,"comment_status":"closed","ping_status":"closed","template":"","meta":{"footnotes":""},"class_list":["post-127","page","type-page","status-publish","h-entry","hentry","h-as-page"],"_links":{"self":[{"href":"https:\/\/www.showlink.fi\/shows\/ForssaNORD_2026\/wp-json\/wp\/v2\/pages\/127","targetHints":{"allow":["GET"]}}],"collection":[{"href":"https:\/\/www.showlink.fi\/shows\/ForssaNORD_2026\/wp-json\/wp\/v2\/pages"}],"about":[{"href":"https:\/\/www.showlink.fi\/shows\/ForssaNORD_2026\/wp-json\/wp\/v2\/types\/page"}],"author":[{"embeddable":true,"href":"https:\/\/www.showlink.fi\/shows\/ForssaNORD_2026\/wp-json\/wp\/v2\/users\/1"}],"replies":[{"embeddable":true,"href":"https:\/\/www.showlink.fi\/shows\/ForssaNORD_2026\/wp-json\/wp\/v2\/comments?post=127"}],"version-history":[{"count":5,"href":"https:\/\/www.showlink.fi\/shows\/ForssaNORD_2026\/wp-json\/wp\/v2\/pages\/127\/revisions"}],"predecessor-version":[{"id":236,"href":"https:\/\/www.showlink.fi\/shows\/ForssaNORD_2026\/wp-json\/wp\/v2\/pages\/127\/revisions\/236"}],"wp:attachment":[{"href":"https:\/\/www.showlink.fi\/shows\/ForssaNORD_2026\/wp-json\/wp\/v2\/media?parent=127"}],"curies":[{"name":"wp","href":"https:\/\/api.w.org\/{rel}","templated":true}]}}