{"id":23,"date":"2019-11-06T16:59:48","date_gmt":"2019-11-06T14:59:48","guid":{"rendered":"http:\/\/www.showlink.fi\/shows\/oulukv2020malli1\/?page_id=23"},"modified":"2026-02-05T08:50:12","modified_gmt":"2026-02-05T06:50:12","slug":"tervetuloa-ouluun","status":"publish","type":"page","link":"https:\/\/www.showlink.fi\/shows\/ForssaNORD_2026\/","title":{"rendered":"Tervetuloa NORD-n\u00e4yttelyyn Forssaan!"},"content":{"rendered":"\n<h4 class=\"wp-block-heading\">N\u00e4yttelyss\u00e4 arvostellaan&nbsp;kaikki FCI:n ryhm\u00e4t 1-10.<\/h4>\n\n\n\n<p><strong>Lauantaina 19.9. arvostellaan FCI:n ryhm\u00e4t 2, 3, 5, 6 ja 7<\/strong><br>FCI 2 \u2013 Pinserit, snautserit, molossityyppiset ja sveitsinpaimenkoirat<br>FCI 3 \u2013 Terrierit<br>FCI 5 \u2013 Pystykorvaiset ja alkukantaiset koirat<br>FCI 6 \u2013 Ajavat ja j\u00e4ljest\u00e4v\u00e4t koirat<br>FCI 7 \u2013 Seisovat lintukoirat<\/p>\n\n\n\n<p><strong>Sunnuntaina 20.9. arvostellaan FCI:n ryhm\u00e4t 1, 4, 8, 9 ja 10<\/strong><br>FCI 1 \u2013 Lammas- ja karjakoirat (paitsi sveitsinpaimenkoirat)<br>FCI 4 \u2013 M\u00e4yr\u00e4koirat<br>FCI 8 \u2013 Noutajat, yl\u00f6sajavat koirat ja vesikoirat<br>FCI 9 \u2013 Seura- ja k\u00e4\u00e4pi\u00f6koirat<br>FCI 10 \u2013 Vinttikoirat<\/p>\n\n\n\n<p>N\u00e4yttelyss\u00e4 arvostellaan my\u00f6s pennut (7kk \u2013 alle 9kk). <\/p>\n\n\n\n<p><strong>N\u00e4yttelypaikkana toimii Pilvenm\u00e4en ravirata<\/strong><br>Osoite: Pilvenm\u00e4entie 7, 30420 Forssa<\/p>\n\n\n\n<p><strong>J\u00e4rjest\u00e4j\u00e4:<\/strong> Lounais-H\u00e4meen Kennelkerho ry ja Forssan Mets\u00e4stysseura ry<\/p>\n\n\n\n<hr class=\"wp-block-separator has-text-color has-alpha-channel-opacity has-background\" style=\"background-color:#f4f4f473;color:#f4f4f473\"\/>\n\n\n\n<h2 class=\"wp-block-heading\">Tiedustelut<\/h2>\n\n\n\n<p><strong>Ilmoittautumisia koskevat tiedustelut<\/strong><br>Showlink Oy, arkisin klo 11 \u2013 17<br>puh.&nbsp;(09) 8873 0320<br>email:&nbsp;info@showlink.fi<\/p>\n\n\n\n<p><em>Mainitsethan tiedustelussasi \/ s\u00e4hk\u00f6postissasi n\u00e4yttelyn sek\u00e4 koiran rekisterinumeron, jota tiedustelu koskee.<\/em><\/p>\n\n\n\n<p><strong>Keh\u00e4sihteerit<\/strong><br>Milja Kunnas-Gr\u00f6nholm<br>miljakunnasgronholm@gmail.com<\/p>\n\n\n\n<p><strong>Myyntipaikat<\/strong><br>Sirpa Hakala<br>sipe.hakala@gmail.com<\/p>\n\n\n\n<p><strong>Muut tiedustelut<\/strong><br>Riitta-Maija Liikanen<br>puh. 050 584 4347<br>email: riittamaija.liikanen@gmail.com<\/p>\n","protected":false},"excerpt":{"rendered":"<p>N\u00e4yttelyss\u00e4 arvostellaan&nbsp;kaikki FCI:n ryhm\u00e4t 1-10. Lauantaina 19.9. arvostellaan FCI:n ryhm\u00e4t 2, 3, 5, 6 ja 7FCI 2 \u2013 Pinserit, snautserit, molossityyppiset ja sveitsinpaimenkoiratFCI 3 \u2013 TerrieritFCI 5 \u2013 Pystykorvaiset ja alkukantaiset koiratFCI 6 \u2013 Ajavat ja j\u00e4ljest\u00e4v\u00e4t koiratFCI 7 \u2013 Seisovat lintukoirat Sunnuntaina 20.9. arvostellaan FCI:n ryhm\u00e4t 1, 4, 8, 9 ja 10FCI 1 \u2013 <a href=\"https:\/\/www.showlink.fi\/shows\/ForssaNORD_2026\/\" class=\"more-link\">...jatka lukemista<span class=\"screen-reader-text\"> \"Tervetuloa NORD-n\u00e4yttelyyn Forssaan!\"<\/span><\/a><\/p>\n","protected":false},"author":1,"featured_media":0,"parent":0,"menu_order":0,"comment_status":"closed","ping_status":"closed","template":"","meta":{"footnotes":""},"class_list":["post-23","page","type-page","status-publish","h-entry","hentry","h-as-page"],"_links":{"self":[{"href":"https:\/\/www.showlink.fi\/shows\/ForssaNORD_2026\/wp-json\/wp\/v2\/pages\/23","targetHints":{"allow":["GET"]}}],"collection":[{"href":"https:\/\/www.showlink.fi\/shows\/ForssaNORD_2026\/wp-json\/wp\/v2\/pages"}],"about":[{"href":"https:\/\/www.showlink.fi\/shows\/ForssaNORD_2026\/wp-json\/wp\/v2\/types\/page"}],"author":[{"embeddable":true,"href":"https:\/\/www.showlink.fi\/shows\/ForssaNORD_2026\/wp-json\/wp\/v2\/users\/1"}],"replies":[{"embeddable":true,"href":"https:\/\/www.showlink.fi\/shows\/ForssaNORD_2026\/wp-json\/wp\/v2\/comments?post=23"}],"version-history":[{"count":34,"href":"https:\/\/www.showlink.fi\/shows\/ForssaNORD_2026\/wp-json\/wp\/v2\/pages\/23\/revisions"}],"predecessor-version":[{"id":251,"href":"https:\/\/www.showlink.fi\/shows\/ForssaNORD_2026\/wp-json\/wp\/v2\/pages\/23\/revisions\/251"}],"wp:attachment":[{"href":"https:\/\/www.showlink.fi\/shows\/ForssaNORD_2026\/wp-json\/wp\/v2\/media?parent=23"}],"curies":[{"name":"wp","href":"https:\/\/api.w.org\/{rel}","templated":true}]}}