{"id":242,"date":"2026-02-04T14:35:42","date_gmt":"2026-02-04T12:35:42","guid":{"rendered":"https:\/\/www.showlink.fi\/shows\/ForssaNORD_2026_esikatselu\/?page_id=242"},"modified":"2026-02-04T14:35:42","modified_gmt":"2026-02-04T12:35:42","slug":"judges","status":"publish","type":"page","link":"https:\/\/www.showlink.fi\/shows\/ForssaNORD_2026\/in-english\/judges\/","title":{"rendered":"Judges"},"content":{"rendered":"\n<h2 class=\"wp-block-heading\">Saturday \u2013 FCI groups 2, 3, 5, 6 and 7<\/h2>\n\n\n\n<p><strong>Group 2<\/strong><br><em>Reserve judge for all breeds in group 2 \u00a0<strong>Markku Kipin\u00e4<\/strong><\/em><br>Boxer, Estrela Mountain Dogs, Presa Canario, Pyrenean Mastiff, Spanish Mastiff, Tibetan Mastiff\u00a0<strong>Alejandro Palacin Cabanas<\/strong>, Spain<br>Affenpinscher, Appenzell Cattle Dog, Atlas Mountain Dog (Aidi), Bernese Mountain Dog, Bulldog, Bullmastiff, Castro Laboreiro Dog, Continental Bulldog, Dobermann, Entlebuch Cattle Dog, Fila Brasileiro, Great Swiss Mountain Dog, Italian Cane Corso, Leonberger, Majorca Mastiff, Rafeiro of Alentejo, Romanian Bucovina Shepherd\u00a0<strong>Anna Albrigo<\/strong>, Italy<br>Dogo Argentino, Dogue de Bordeaux, Hovawart, Rottweiler\u00a0<strong>Antti Nieminen<\/strong><br>Austrian Pinscher, Mastiff, Miniature Pinscher, Neapolitan Mastiff, Saint Miguel Cattle Dog, Shar Pei, Tornjak (Bosnian And Herzegovinian - Croatian Shepherd Dog), Tosa\u00a0<strong>Juha Kares<\/strong><br>Danish-Swedish Farmdog, Landseer (European Continental Type), Miniature Schnauzers, Pyrenean Mountain Dog, Yugoslavian Shepherd Dog - Sharplanina\u00a0<strong>Kimmo Mustonen<\/strong><br>Broholmer, Cimarr\u00f3n Uruguayo, Ciob\u0103nesc Rom\u00e2nesc Corb, Dutch Smoushond, German Pinscher, Kangal Shepherd Dog, Karst Shepherd Dog, Newfoundland, Transmontano Mastiff\u00a0<strong>Leni Finne<\/strong><br>Caucasian Shepherd Dog, Central Asia Shepherd Dog, Great Danes\u00a0<strong>Oliver Simon<\/strong>, Croatia<br>Giant Schnauzers, Russian Black Terrier, Schnauzers, St. Bernards\u00a0<strong>Suzana Simon<\/strong>, Croatia<\/p>\n\n\n\n<p><strong>Group 3<\/strong><br><em>Reserve judge for all breeds in group 3\u00a0<strong>Kaisa Gold<\/strong><\/em><br>American Staffordshire Terrier, Bedlington Terrier, Bull Terrier, Miniature Bull Terrier, Skye Terrier\u00a0<strong>Alejandro Palacin Cabanas<\/strong>, Spain<br>Biewer Terrier, Brazilian Terrier, Cairn Terrier, Cesky Terrier, Scottish Terrier, Staffordshire Bull Terrier\u00a0<strong>Arne Foss<\/strong>, Norway<br>Australian Silky Terrier, Border Terrier, Dandie Dinmont Terrier, Japanese Terrier, Kerry Blue Terrier, Manchester Terrier, Sealyham Terrier\u00a0<strong>Juha Kares<\/strong><br>Airedale Terrier, Fox Terrier, Smooth-haired, Fox Terrier, Wire-haired, Irish Soft Coated Wheaten Terrier, Lakeland Terrier\u00a0<strong>Kaisa Gold<\/strong><br>American Hairless Terrier, American Toy Fox Terrier, Irish Glen Of Imaal Terrier, Jack Russell Terrier, Rat Terrier, Ratonero Bodeguero Andaluz, Tenterfield Terrier, Welsh Terrier\u00a0<strong>Kimmo Mustonen<\/strong><br>Australian Terrier, Norfolk Terrier, Norwich Terrier\u00a0<strong>Marie Gadolin<\/strong>, Sweden<br>English Toy Terrier, German Hunting Terrier, Irish Terrier, Parson Russell Terrier, Valencian Terrier, West Highland White Terrier, Yorkshire Terrier\u00a0<strong>Suzana Simon<\/strong>, Croatia<\/p>\n\n\n\n<p><strong>Group 5<\/strong><br><em>Reserve judge for all breeds in group 5\u00a0<strong>Anna Albrigo<\/strong>, Italy<\/em><br>Italian Volpino\u00a0<strong>Anna Albrigo<\/strong>, Italy<br>Finnish Lapponian Dog, Finnish Spitz, Icelandic Sheepdog, Karelian Bear Dog, Lapponian Herder\u00a0<strong>Antti Nieminen<\/strong><br>American Eskimo Dog, Black Spitz, Canadian Eskimo Dog, Canarian Warren Hound, Danish Spitz, Hokkaido, H\u00e4lleforshund, Kintamani-Bali Dog, Kishu, Korea Jindo Dog, Norwegian Elkhound Black, Portuguese Podengos, Russian-European Laika, Taiwan Dog, Thai Bangkaew Dog\u00a0<strong>Arne Foss<\/strong>, Norway<br>Basenji\u00a0<strong>Beata Petkevica<\/strong>, Latvia<br>American Akita, Greenland Dog, Norrbottenspitz, Norwegian Buhund, Pomeranian, Samoyed, Swedish Elkhound, Swedish Lapphund, Swedish White Elkhound\u00a0<strong>Johan Andersson<\/strong>, Sweden<br>Chow Chow, East Siberian Laika, Shikoku, West Siberian Laika, Yakutian Laika\u00a0<strong>Juha Kares<\/strong><br>Canaan Dog, Japanese Spitz, Kai, Norwegian Lundehund, Shiba, Swedish Vallhund\u00a0<strong>Kaisa Gold<\/strong><br>Akita, Alaskan Malamute, Keeshond, Norwegian Elkhound Grey, Siberian Husky, Thai Ridgeback Dog\u00a0<strong>Leni Finne<\/strong><br>Cirneco dell'Etna, Eurasian, Grosspitzes, Ibizan Podencos, Mittelspitzes, Kleinspitzes, Peruvian Hairless Dogs, Pharaoh Hound, Xoloitzcuintles\u00a0<strong>Markku Kipin\u00e4<\/strong><\/p>\n\n\n\n<p><strong>Group 6<\/strong><br><em>Reserve judge for all breeds in group 6 <strong>Kimmo Mustonen<\/strong><\/em><br>Basset Hound, Beagle, Drever, Norman Artesien Basset, Rhodesian Ridgeback, Sm\u00e5landsst\u00f6vare\u00a0<strong>Marie Gadolin<\/strong>, Sweden<br>Estonian Hound, Finnish Hound\u00a0<strong>Markku Kipin\u00e4<\/strong><br>others\u00a0<strong>Oliver Simon<\/strong>, Croatia<\/p>\n\n\n\n<p><strong>Group 7<\/strong><br><em>Reserve judge for all breeds in group 7\u00a0<strong>Leni Finne<\/strong><\/em><br>all breeds\u00a0<strong>Beata Petkevica<\/strong>, Latvia<\/p>\n\n\n\n<h3 class=\"wp-block-heading\">Group Finals<\/h3>\n\n\n\n<p>2<strong>\u00a0Anna Albrigo<\/strong>, Italy<br>3<strong>\u00a0Alejandro Palacin Cabanas<\/strong>, Spain<br>5<strong>\u00a0Markku Kipin\u00e4<\/strong><br>6<strong>\u00a0Oliver Simon<\/strong>, Croatia<br>7<strong>\u00a0Beata Petkevica<\/strong>, Latvia<\/p>\n\n\n\n<p>Best in Show Junior <strong>Arne Foss<\/strong>, Norway<br>Best in Show Veteran <strong>Kimmo Mustonen<\/strong><br>Best in Show Breeders Group\u00a0<strong>Oliver Simon<\/strong>, Croatia<\/p>\n\n\n\n<hr class=\"wp-block-separator has-text-color has-alpha-channel-opacity has-background\" style=\"background-color:#f4f4f473;color:#f4f4f473\"\/>\n\n\n\n<h2 class=\"wp-block-heading\">Sunday \u2013 FCI groups1, 4, 8, 9 &amp;10<\/h2>\n\n\n\n<p><strong>Group 1<\/strong><br><em>Reserve judge for all breeds in group 1\u00a0<strong>Antti Nieminen<\/strong><\/em><br>Bearded Collie, Bouvier des Flandres, Briard, Catalan Sheepdog, Collie Smooth, Dutch Shepherd Dogs, Kuvasz, Majorca Shepherd Dog, Old English Sheepdog, Portuguese Sheepdog, Pulis, Pumi\u00a0<strong>Alejandro Palacin Cabanas<\/strong>, Spain<br>Abruzzes and Maremma shepherd dog, Bergamasco Shepherd Dog, Berger de Beauce, Bouvier des Ardennes, Pyrenean Sheepdog, Long-haired, Pyrenean Sheepdog, Smooth-faced, Schipperke\u00a0<strong>Anna Albrigo<\/strong>, Italy<br>Belgian Shepherd Dogs, Miniature American Shepherd, Mudi, Shetland Sheepdog\u00a0<strong>Antti Nieminen<\/strong><br>Australian Shepherd, Australian Stumpy Tail Cattle Dog, East European Shepherd, Lancashire Heeler, Romanian Carpathian Shepherd Dog, South Russian Shepherd Dog\u00a0<strong>Beata Petkevica<\/strong>, Latvia<br>Australian Cattle Dog, Australian Kelpie, Tatra Shepherd Dog, Welsh Corgis\u00a0<strong>Johan Andersson<\/strong>, Sweden<br>Border Collie, Collie Rough\u00a0<strong>Kimmo Mustonen<\/strong><br>Picardy Sheepdog, Polish Lowland Sheepdog, Romanian Mioritic Shepherd Dog, Saarloos Wolfhond, Small Medimurje Dog - Medi, White Swiss Shepherd Dog\u00a0<strong>Leni Finne<\/strong><br>Bohemian Shepherd Dog, Croatian Shepherd Dog, Czechoslovakian Wolfdog, Dutch Schapendoes, German Shepherd Dogs, Komondor, Slovakian Chuvach\u00a0<strong>Suzana Simon<\/strong>, Croatia<\/p>\n\n\n\n<p><strong>Group 4<\/strong><br><em>Reserve judge for all breeds in group 4\u00a0<strong>Kaisa Gold<\/strong><\/em><br>Miniature Dachshund, Wire-haired, Rabbit Dachshund, Wire-haired, Standard Dachshund, Wire-haired\u00a0<strong>Kaisa Gold<\/strong><br>others\u00a0<strong>Markku Kipin\u00e4<\/strong><\/p>\n\n\n\n<p><strong>Group 8<\/strong><br><em>Reserve judge for all breeds in group 8\u00a0<strong>Leni Finne<\/strong><\/em><br>Spanish Water Dog\u00a0<strong>Alejandro Palacin Cabanas<\/strong>, Spain<br>Chesapeake Bay Retriever, French Water Dog, Portuguese Water Dog, Sussex Spaniel\u00a0<strong>Johan Andersson<\/strong>, Sweden<br>American Cocker Spaniel, American Water Spaniel, Clumber Spaniel, Curly Coated Retriever, Field Spaniel, Welsh Springer Spaniel, Wetterhoun\u00a0<strong>Kimmo Mustonen<\/strong><br>English Springer Spaniel, Golden Retriever, Irish Water Spaniel, Nederlandse Kooikerhondje\u00a0<strong>Leni Finne<\/strong><br>Cocker Spaniel, Labrador Retriever\u00a0<strong>Markku Kipin\u00e4<\/strong><br>Flat Coated Retriever, German Spaniel, Lagotto Romagnolo, Nova Scotia Duck Tolling Retriever, Polish Hunting Spaniel, Russian Spaniel\u00a0<strong>Oliver Simon<\/strong>, Croatia<\/p>\n\n\n\n<p><strong>Group 9<\/strong><br><em>Reserve judge for all breeds in group 9\u00a0<strong>Arne Foss<\/strong>, Norway<\/em><br>Cavalier King Charles Spaniel, French Bulldog, Griffon Belge, Griffon Bruxellois, Japanese Chin, Little Lion Dog, Pekingese, Petit Braban\u00e7on, Shih Tzu\u00a0<strong>Arne Foss<\/strong>, Norway<br>Bichon Frise, Havanese, Russkaja Tsvetnaja Bolonka, Tibetan Terrier\u00a0<strong>Beata Petkevica<\/strong>, Latvia<br>Boston Terrier, Coton de Tulear, Poodles, Pra\u017esk\u00fd Krysar\u00edk\u00a0<strong>Juha Kares<\/strong><br>Bolognese, Kromfohrl\u00e4nder, Lhasa Apso, Maltese, Markiesje, Papillon, Phal\u00e8ne, Pug\u00a0<strong>Kaisa Gold<\/strong><br>Tibetan Spaniel\u00a0<strong>Marie Gadolin<\/strong>, Sweden<br>Chihuahuas, Russian Toys\u00a0<strong>Oliver Simon<\/strong>, Croatia<br>Chinese Crested Dog, King Charles Spaniel\u00a0<strong>Suzana Simon<\/strong>, Croatia<\/p>\n\n\n\n<p><strong>Group 10<\/strong><br><em>Reserve judge for all breeds in group 10\u00a0<strong>Marie Gadolin<\/strong>, Sweden<\/em><br>Azawakh, Borzoi, Hungarian Greyhound, Polish Greyhound, Saluki, Sloughi\u00a0<strong>Anna Albrigo<\/strong>, Italy<br>Irish Wolfhound, Italian Greyhound\u00a0<strong>Kaisa Gold<\/strong><br>Afghan Hound, Deerhound, Greyhound, Kazakh Tazy, Spanish Greyhound, Whippet\u00a0<strong>Marie Gadolin<\/strong>, Sweden<\/p>\n\n\n\n<h3 class=\"wp-block-heading\">Group Finals<\/h3>\n\n\n\n<p>1<strong>\u00a0Johan Andersson<\/strong>, Sweden<br>4<strong>\u00a0Kaisa Gold<\/strong><br>8<strong>\u00a0Leni Finne<\/strong><br>9<strong>\u00a0Juha Kares<\/strong><br>10<strong>\u00a0Marie Gadolin<\/strong>, Sweden<\/p>\n\n\n\n<p>Best in Show Junior <strong>Kimmo Mustonen<\/strong><br>Best in Show Veteran\u00a0<strong>Arne Foss<\/strong>, Norway<br>Best in Show Breeders Group\u00a0<strong>Anna Albrigo<\/strong>, Italy<br>Best in Show<strong>\u00a0Suzana Simon<\/strong>, Croatia<\/p>\n","protected":false},"excerpt":{"rendered":"<p>Saturday \u2013 FCI groups 2, 3, 5, 6 and 7 Group 2Reserve judge for all breeds in group 2 \u00a0Markku Kipin\u00e4Boxer, Estrela Mountain Dogs, Presa Canario, Pyrenean Mastiff, Spanish Mastiff, Tibetan Mastiff\u00a0Alejandro Palacin Cabanas, SpainAffenpinscher, Appenzell Cattle Dog, Atlas Mountain Dog (Aidi), Bernese Mountain Dog, Bulldog, Bullmastiff, Castro Laboreiro Dog, Continental Bulldog, Dobermann, Entlebuch Cattle <a href=\"https:\/\/www.showlink.fi\/shows\/ForssaNORD_2026\/in-english\/judges\/\" class=\"more-link\">...jatka lukemista<span class=\"screen-reader-text\"> \"Judges\"<\/span><\/a><\/p>\n","protected":false},"author":1,"featured_media":0,"parent":237,"menu_order":0,"comment_status":"closed","ping_status":"closed","template":"","meta":{"footnotes":""},"class_list":["post-242","page","type-page","status-publish","h-entry","hentry","h-as-page"],"_links":{"self":[{"href":"https:\/\/www.showlink.fi\/shows\/ForssaNORD_2026\/wp-json\/wp\/v2\/pages\/242","targetHints":{"allow":["GET"]}}],"collection":[{"href":"https:\/\/www.showlink.fi\/shows\/ForssaNORD_2026\/wp-json\/wp\/v2\/pages"}],"about":[{"href":"https:\/\/www.showlink.fi\/shows\/ForssaNORD_2026\/wp-json\/wp\/v2\/types\/page"}],"author":[{"embeddable":true,"href":"https:\/\/www.showlink.fi\/shows\/ForssaNORD_2026\/wp-json\/wp\/v2\/users\/1"}],"replies":[{"embeddable":true,"href":"https:\/\/www.showlink.fi\/shows\/ForssaNORD_2026\/wp-json\/wp\/v2\/comments?post=242"}],"version-history":[{"count":1,"href":"https:\/\/www.showlink.fi\/shows\/ForssaNORD_2026\/wp-json\/wp\/v2\/pages\/242\/revisions"}],"predecessor-version":[{"id":244,"href":"https:\/\/www.showlink.fi\/shows\/ForssaNORD_2026\/wp-json\/wp\/v2\/pages\/242\/revisions\/244"}],"up":[{"embeddable":true,"href":"https:\/\/www.showlink.fi\/shows\/ForssaNORD_2026\/wp-json\/wp\/v2\/pages\/237"}],"wp:attachment":[{"href":"https:\/\/www.showlink.fi\/shows\/ForssaNORD_2026\/wp-json\/wp\/v2\/media?parent=242"}],"curies":[{"name":"wp","href":"https:\/\/api.w.org\/{rel}","templated":true}]}}