{"id":203,"date":"2023-01-18T16:27:15","date_gmt":"2023-01-18T14:27:15","guid":{"rendered":"https:\/\/www.showlink.fi\/shows\/mayrakoiraer2023luonnos\/?page_id=203"},"modified":"2026-02-05T13:57:16","modified_gmt":"2026-02-05T11:57:16","slug":"mayrakoirien-erikoisnayttely","status":"publish","type":"page","link":"https:\/\/www.showlink.fi\/shows\/Ikaalinen_RN_2026\/","title":{"rendered":"Sippola Show 15.8.2026"},"content":{"rendered":"\n<p><strong>Tervetuloa ryhm\u00e4n\u00e4yttelyyn Ikaalisiin 15.8.2026!<\/strong><\/p>\n\n\n\n<p><strong>N\u00e4yttelyss\u00e4 arvostellaan FCI:n ryhm\u00e4t 2, 5, 6 ja 8, my\u00f6s pennut (5 kk \u2013 alle 7kk ja 7 \u2013 alle 9kk).<\/strong><br>FCI 2 \u2013 Pinserit, snautserit, molossityyppiset ja sveitsinpaimenkoirat<br>FCI 5 \u2013 Pystykorvat ja alkukantaiset koirat<br>FCI 6 \u2013 Ajavat ja j\u00e4ljest\u00e4v\u00e4t koirat<br>FCI 8 \u2013 Noutajat, yl\u00f6sajavat koirat ja vesikoirat<\/p>\n\n\n\n<p><strong>N\u00e4yttelypaikka:&nbsp;Ikaalinen Spa<\/strong><br>Osoite:&nbsp;Huvilatie 2, Ikaalinen<\/p>\n\n\n\n<p>J\u00e4rjest\u00e4j\u00e4: <strong>Ikaalisten Seudun Kennelkerho ry<\/strong><\/p>\n\n\n\n<hr class=\"wp-block-separator has-text-color has-alpha-channel-opacity has-background\" style=\"background-color:#b3aa9abd;color:#b3aa9abd\"\/>\n\n\n\n<h2 class=\"wp-block-heading\">Tiedustelut<\/h2>\n\n\n\n<p><strong>Ilmoittautumisia koskevat tiedustelut<br><\/strong>Showlink Oy, arkisin klo 11-17 p. (09) 8873 0320 tai info@showlink.fi<\/p>\n\n\n\n<p><strong>Muut tiedustelut<br><\/strong>iskk.nayttelyt@gmail.com<br>puh. 044 269 7442<\/p>\n","protected":false},"excerpt":{"rendered":"<p>Tervetuloa ryhm\u00e4n\u00e4yttelyyn Ikaalisiin 15.8.2026! N\u00e4yttelyss\u00e4 arvostellaan FCI:n ryhm\u00e4t 2, 5, 6 ja 8, my\u00f6s pennut (5 kk \u2013 alle 7kk ja 7 \u2013 alle 9kk).FCI 2 \u2013 Pinserit, snautserit, molossityyppiset ja sveitsinpaimenkoiratFCI 5 \u2013 Pystykorvat ja alkukantaiset koiratFCI 6 \u2013 Ajavat ja j\u00e4ljest\u00e4v\u00e4t koiratFCI 8 \u2013 Noutajat, yl\u00f6sajavat koirat ja vesikoirat N\u00e4yttelypaikka:&nbsp;Ikaalinen SpaOsoite:&nbsp;Huvilatie 2, Ikaalinen <a href=\"https:\/\/www.showlink.fi\/shows\/Ikaalinen_RN_2026\/\" class=\"more-link\">...jatka lukemista<span class=\"screen-reader-text\"> \"Sippola Show 15.8.2026\"<\/span><\/a><\/p>\n","protected":false},"author":1,"featured_media":0,"parent":0,"menu_order":1,"comment_status":"closed","ping_status":"closed","template":"","meta":{"footnotes":""},"class_list":["post-203","page","type-page","status-publish","h-entry","hentry","h-as-page"],"_links":{"self":[{"href":"https:\/\/www.showlink.fi\/shows\/Ikaalinen_RN_2026\/index.php?rest_route=\/wp\/v2\/pages\/203","targetHints":{"allow":["GET"]}}],"collection":[{"href":"https:\/\/www.showlink.fi\/shows\/Ikaalinen_RN_2026\/index.php?rest_route=\/wp\/v2\/pages"}],"about":[{"href":"https:\/\/www.showlink.fi\/shows\/Ikaalinen_RN_2026\/index.php?rest_route=\/wp\/v2\/types\/page"}],"author":[{"embeddable":true,"href":"https:\/\/www.showlink.fi\/shows\/Ikaalinen_RN_2026\/index.php?rest_route=\/wp\/v2\/users\/1"}],"replies":[{"embeddable":true,"href":"https:\/\/www.showlink.fi\/shows\/Ikaalinen_RN_2026\/index.php?rest_route=%2Fwp%2Fv2%2Fcomments&post=203"}],"version-history":[{"count":29,"href":"https:\/\/www.showlink.fi\/shows\/Ikaalinen_RN_2026\/index.php?rest_route=\/wp\/v2\/pages\/203\/revisions"}],"predecessor-version":[{"id":384,"href":"https:\/\/www.showlink.fi\/shows\/Ikaalinen_RN_2026\/index.php?rest_route=\/wp\/v2\/pages\/203\/revisions\/384"}],"wp:attachment":[{"href":"https:\/\/www.showlink.fi\/shows\/Ikaalinen_RN_2026\/index.php?rest_route=%2Fwp%2Fv2%2Fmedia&parent=203"}],"curies":[{"name":"wp","href":"https:\/\/api.w.org\/{rel}","templated":true}]}}