{"id":224,"date":"2023-01-19T11:00:13","date_gmt":"2023-01-19T09:00:13","guid":{"rendered":"https:\/\/www.showlink.fi\/shows\/mayrakoiraer2023luonnos\/?page_id=224"},"modified":"2026-02-04T14:59:10","modified_gmt":"2026-02-04T12:59:10","slug":"tuomarit","status":"publish","type":"page","link":"https:\/\/www.showlink.fi\/shows\/Ikaalinen_RN_2026\/?page_id=224","title":{"rendered":"Tuomarit"},"content":{"rendered":"\n<p><strong>Ryhm\u00e4 2<\/strong><br><em>Varalla kaikille ryhm\u00e4 2 roduille <strong>Paavo Mattila<\/strong><\/em><br>aidi, alentejonkoira, bordeauxindoggi, broholminkoira, bukovinankoira, bullmastiffi, castro laboreironkoira, continental bulldog, dobermanni, dogo argentino, espanjanmastiffi, fila brasileiro, kangalinkoira, leonberginkoira, mastiffi, musta romanianvuoristokoira, napolinmastiffi, tanskandoggit, transmontano mastiff <strong>Kirsi Honkanen<\/strong><br>bernhardinkoirat, estrelanvuoristokoirat, karstinpaimenkoira, kaukasiankoira, keskiaasiankoira, k\u00e4\u00e4pi\u00f6snautserit, landseer, newfoundlandinkoira, pyreneittenkoira, pyreneittenmastiffi, rottweiler, snautserit, suursnautserit, tanskalais-ruotsalainen pihakoira, tiibetinmastiffi, tornjak, tosa <strong>Maarit Hassinen<\/strong><br>apinapinseri, appenzellinpaimenkoira, berninpaimenkoira, bokseri, cane corso, englanninbulldoggi, entlebuchinpaimenkoira, hollanninrottakoira, hovawart, isosveitsinpaimenkoira, it\u00e4vallanpinseri, kanariandoggi, k\u00e4\u00e4pi\u00f6pinseri, mallorcandoggi, pinseri, sao miguelinfila, sarplaninac, shar pei, uruguayncimarron, ven\u00e4j\u00e4nmustaterrieri <strong>Pirjo Aaltonen<\/strong><br><br><strong>Ryhm\u00e4 5<\/strong><br><em>Varalla kaikille ryhm\u00e4 5 roduille <strong>Maarit Hassinen<\/strong><\/em><br>akita, amerikanakita, harmaa norjanhirvikoira, islanninlammaskoira, jakutianlaika, j\u00e4mtlanninpystykorva, kaanaankoira, kainkoira, kintamani-balinkoira, kishunkoira, koreanjindonkoira, lapinporokoira, lunnikoira, l\u00e4nsig\u00f6\u00f6tanmaanpystykorva, meksikonkarvatonkoirat, musta norjanhirvikoira, perunkarvatonkoirat, pohjanpystykorva, ruotsinlapinkoira, shiba, shikokunkoira, suomenlapinkoira, suomenpystykorva, taiwaninkoira, thai ridgeback, thaimaanpystykorva, volpino italiano <strong>Antti Nieminen<\/strong><br>alaskanmalamuutti, american eskimo dog, basenji, etnankoira, eurasier, faaraokoira, h\u00e4lleforsinkoira, ibizanpodencot, it\u00e4siperianlaika, japaninpystykorva, kanadaneskimokoira, kanarianpodenco, l\u00e4nsisiperianlaika, musta tanskanpystykorva, portugalinpodengot, grosspitzit, keeshond, kleinspitzit, mittelspitzit, pomeranian, samojedinkoira, siperianhusky, tanskanpystykorva, valkoinen ruotsinhirvikoira, ven\u00e4l\u00e4is-eurooppalainen laika <strong>Irina Poletaeva<\/strong><br>buhund, chow chow, gr\u00f6nlanninkoira, hokkaidonkoira, karjalankarhukoira <strong>Kirsi Honkanen<\/strong><br><br><strong>Ryhm\u00e4 6<\/strong><br><em>Varalla kaikille ryhm\u00e4 6 roduille <strong>Irina Poletaeva<\/strong><\/em><br>kaikki rodut <strong>Reino Korpela<\/strong><br><br><strong>Ryhm\u00e4 8<\/strong><br><em>Varalla kaikille ryhm\u00e4 8 roduille <strong>Pirjo Aaltonen<\/strong><\/em><br>amerikancockerspanieli, barbet, chesapeakelahdennoutaja, cockerspanieli, englanninspringerspanieli, espanjanvesikoira, friisinvesikoira, kiharakarvainen noutaja, kooikerhondje, kultainennoutaja, labradorinnoutaja, portugalinvesikoira, puolanmets\u00e4stysspanieli, sile\u00e4karvainen noutaja, walesinspringerspanieli, ven\u00e4j\u00e4nspanieli, viiri\u00e4iskoira <strong>Paavo Mattila<\/strong><br>amerikanvesispanieli, clumberinspanieli, fieldspanieli, irlanninvesispanieli, lagotto romagnolo, novascotiannoutaja, sussexinspanieli <strong>Reino Korpela<\/strong><\/p>\n\n\n\n<h3 class=\"wp-block-heading\">Ryhm\u00e4kilpailut<\/h3>\n\n\n\n<p>FCI 2<strong> Pirjo Aaltonen<\/strong><br>FCI 5<strong> Reino Korpela<\/strong><br>FCI 6<strong> Paavo Mattila<\/strong><br>FCI 8<strong> Irina Poletaeva<\/strong><\/p>\n\n\n\n<p>Paras juniori <strong>Maarit Hassinen<\/strong><br>Paras veteraani <strong>Irina Poletaeva<\/strong><br>Paras kasvattajaryhm\u00e4 <strong>Pirjo Aaltonen<\/strong><br>Best in Show<strong> Paavo Mattila<\/strong><\/p>\n","protected":false},"excerpt":{"rendered":"<p>Ryhm\u00e4 2Varalla kaikille ryhm\u00e4 2 roduille Paavo Mattilaaidi, alentejonkoira, bordeauxindoggi, broholminkoira, bukovinankoira, bullmastiffi, castro laboreironkoira, continental bulldog, dobermanni, dogo argentino, espanjanmastiffi, fila brasileiro, kangalinkoira, leonberginkoira, mastiffi, musta romanianvuoristokoira, napolinmastiffi, tanskandoggit, transmontano mastiff Kirsi Honkanenbernhardinkoirat, estrelanvuoristokoirat, karstinpaimenkoira, kaukasiankoira, keskiaasiankoira, k\u00e4\u00e4pi\u00f6snautserit, landseer, newfoundlandinkoira, pyreneittenkoira, pyreneittenmastiffi, rottweiler, snautserit, suursnautserit, tanskalais-ruotsalainen pihakoira, tiibetinmastiffi, tornjak, tosa Maarit Hassinenapinapinseri, appenzellinpaimenkoira, berninpaimenkoira, <a href=\"https:\/\/www.showlink.fi\/shows\/Ikaalinen_RN_2026\/?page_id=224\" class=\"more-link\">...jatka lukemista<span class=\"screen-reader-text\"> \"Tuomarit\"<\/span><\/a><\/p>\n","protected":false},"author":1,"featured_media":0,"parent":0,"menu_order":3,"comment_status":"closed","ping_status":"closed","template":"","meta":{"footnotes":""},"class_list":["post-224","page","type-page","status-publish","h-entry","hentry","h-as-page"],"_links":{"self":[{"href":"https:\/\/www.showlink.fi\/shows\/Ikaalinen_RN_2026\/index.php?rest_route=\/wp\/v2\/pages\/224","targetHints":{"allow":["GET"]}}],"collection":[{"href":"https:\/\/www.showlink.fi\/shows\/Ikaalinen_RN_2026\/index.php?rest_route=\/wp\/v2\/pages"}],"about":[{"href":"https:\/\/www.showlink.fi\/shows\/Ikaalinen_RN_2026\/index.php?rest_route=\/wp\/v2\/types\/page"}],"author":[{"embeddable":true,"href":"https:\/\/www.showlink.fi\/shows\/Ikaalinen_RN_2026\/index.php?rest_route=\/wp\/v2\/users\/1"}],"replies":[{"embeddable":true,"href":"https:\/\/www.showlink.fi\/shows\/Ikaalinen_RN_2026\/index.php?rest_route=%2Fwp%2Fv2%2Fcomments&post=224"}],"version-history":[{"count":8,"href":"https:\/\/www.showlink.fi\/shows\/Ikaalinen_RN_2026\/index.php?rest_route=\/wp\/v2\/pages\/224\/revisions"}],"predecessor-version":[{"id":378,"href":"https:\/\/www.showlink.fi\/shows\/Ikaalinen_RN_2026\/index.php?rest_route=\/wp\/v2\/pages\/224\/revisions\/378"}],"wp:attachment":[{"href":"https:\/\/www.showlink.fi\/shows\/Ikaalinen_RN_2026\/index.php?rest_route=%2Fwp%2Fv2%2Fmedia&parent=224"}],"curies":[{"name":"wp","href":"https:\/\/api.w.org\/{rel}","templated":true}]}}