{"id":238,"date":"2023-01-19T11:16:45","date_gmt":"2023-01-19T09:16:45","guid":{"rendered":"https:\/\/www.showlink.fi\/shows\/mayrakoiraer2023luonnos\/?page_id=238"},"modified":"2026-02-04T15:00:37","modified_gmt":"2026-02-04T13:00:37","slug":"tulokset","status":"publish","type":"page","link":"https:\/\/www.showlink.fi\/shows\/Ikaalinen_RN_2026\/?page_id=238","title":{"rendered":"Tulokset"},"content":{"rendered":"\n<p>N\u00e4yttelyss\u00e4 on k\u00e4yt\u00f6ss\u00e4 reaaliaikainen tulospalvelu.<br><br>\u00bb <strong>Siirry n\u00e4yttelyn tuloksiin<\/strong><\/p>\n\n\n\n<p>Jalostustietoj\u00e4rjestelm\u00e4\u00e4n tulokset p\u00e4ivittyv\u00e4t n\u00e4yttelyn p\u00e4\u00e4tytty\u00e4.<\/p>\n","protected":false},"excerpt":{"rendered":"<p>N\u00e4yttelyss\u00e4 on k\u00e4yt\u00f6ss\u00e4 reaaliaikainen tulospalvelu. \u00bb Siirry n\u00e4yttelyn tuloksiin Jalostustietoj\u00e4rjestelm\u00e4\u00e4n tulokset p\u00e4ivittyv\u00e4t n\u00e4yttelyn p\u00e4\u00e4tytty\u00e4.<\/p>\n","protected":false},"author":1,"featured_media":0,"parent":0,"menu_order":5,"comment_status":"closed","ping_status":"closed","template":"","meta":{"footnotes":""},"class_list":["post-238","page","type-page","status-publish","h-entry","hentry","h-as-page"],"_links":{"self":[{"href":"https:\/\/www.showlink.fi\/shows\/Ikaalinen_RN_2026\/index.php?rest_route=\/wp\/v2\/pages\/238","targetHints":{"allow":["GET"]}}],"collection":[{"href":"https:\/\/www.showlink.fi\/shows\/Ikaalinen_RN_2026\/index.php?rest_route=\/wp\/v2\/pages"}],"about":[{"href":"https:\/\/www.showlink.fi\/shows\/Ikaalinen_RN_2026\/index.php?rest_route=\/wp\/v2\/types\/page"}],"author":[{"embeddable":true,"href":"https:\/\/www.showlink.fi\/shows\/Ikaalinen_RN_2026\/index.php?rest_route=\/wp\/v2\/users\/1"}],"replies":[{"embeddable":true,"href":"https:\/\/www.showlink.fi\/shows\/Ikaalinen_RN_2026\/index.php?rest_route=%2Fwp%2Fv2%2Fcomments&post=238"}],"version-history":[{"count":3,"href":"https:\/\/www.showlink.fi\/shows\/Ikaalinen_RN_2026\/index.php?rest_route=\/wp\/v2\/pages\/238\/revisions"}],"predecessor-version":[{"id":380,"href":"https:\/\/www.showlink.fi\/shows\/Ikaalinen_RN_2026\/index.php?rest_route=\/wp\/v2\/pages\/238\/revisions\/380"}],"wp:attachment":[{"href":"https:\/\/www.showlink.fi\/shows\/Ikaalinen_RN_2026\/index.php?rest_route=%2Fwp%2Fv2%2Fmedia&parent=238"}],"curies":[{"name":"wp","href":"https:\/\/api.w.org\/{rel}","templated":true}]}}