{"id":19,"date":"2020-03-04T10:53:20","date_gmt":"2020-03-04T08:53:20","guid":{"rendered":"https:\/\/www.showlink.fi\/shows\/elonayttely2020malliesimerkki\/?page_id=19"},"modified":"2026-02-18T11:25:36","modified_gmt":"2026-02-18T09:25:36","slug":"tulokset","status":"publish","type":"page","link":"https:\/\/www.showlink.fi\/shows\/KauhavaRN2026\/tulokset\/","title":{"rendered":"Tulokset"},"content":{"rendered":"\n<p>N\u00e4yttelyss\u00e4mme on reaaliaikainen tulospalvelu.<\/p>\n\n\n\n<p><strong>\u00bb<\/strong>\u00a0<strong>Siirry n\u00e4yttelyn tuloksiin<\/strong><\/p>\n\n\n\n<p>Jalostustietoj\u00e4rjestelm\u00e4\u00e4n tulokset p\u00e4ivittyv\u00e4t n\u00e4yttelyn p\u00e4\u00e4tytty\u00e4.<\/p>\n\n\n\n<p><\/p>\n","protected":false},"excerpt":{"rendered":"<p>N\u00e4yttelyss\u00e4mme on reaaliaikainen tulospalvelu. \u00bb\u00a0Siirry n\u00e4yttelyn tuloksiin Jalostustietoj\u00e4rjestelm\u00e4\u00e4n tulokset p\u00e4ivittyv\u00e4t n\u00e4yttelyn p\u00e4\u00e4tytty\u00e4.<\/p>\n","protected":false},"author":1,"featured_media":0,"parent":0,"menu_order":6,"comment_status":"closed","ping_status":"closed","template":"","meta":{"footnotes":""},"class_list":["post-19","page","type-page","status-publish","h-entry","hentry","h-as-page"],"_links":{"self":[{"href":"https:\/\/www.showlink.fi\/shows\/KauhavaRN2026\/wp-json\/wp\/v2\/pages\/19","targetHints":{"allow":["GET"]}}],"collection":[{"href":"https:\/\/www.showlink.fi\/shows\/KauhavaRN2026\/wp-json\/wp\/v2\/pages"}],"about":[{"href":"https:\/\/www.showlink.fi\/shows\/KauhavaRN2026\/wp-json\/wp\/v2\/types\/page"}],"author":[{"embeddable":true,"href":"https:\/\/www.showlink.fi\/shows\/KauhavaRN2026\/wp-json\/wp\/v2\/users\/1"}],"replies":[{"embeddable":true,"href":"https:\/\/www.showlink.fi\/shows\/KauhavaRN2026\/wp-json\/wp\/v2\/comments?post=19"}],"version-history":[{"count":9,"href":"https:\/\/www.showlink.fi\/shows\/KauhavaRN2026\/wp-json\/wp\/v2\/pages\/19\/revisions"}],"predecessor-version":[{"id":202,"href":"https:\/\/www.showlink.fi\/shows\/KauhavaRN2026\/wp-json\/wp\/v2\/pages\/19\/revisions\/202"}],"wp:attachment":[{"href":"https:\/\/www.showlink.fi\/shows\/KauhavaRN2026\/wp-json\/wp\/v2\/media?parent=19"}],"curies":[{"name":"wp","href":"https:\/\/api.w.org\/{rel}","templated":true}]}}