{"id":6,"date":"2020-03-04T10:41:34","date_gmt":"2020-03-04T08:41:34","guid":{"rendered":"https:\/\/www.showlink.fi\/shows\/elonayttely2020\/?page_id=6"},"modified":"2026-02-18T16:23:32","modified_gmt":"2026-02-18T14:23:32","slug":"tervetuloa-elonayttelyyn-2020","status":"publish","type":"page","link":"https:\/\/www.showlink.fi\/shows\/KauhavaRN2026\/","title":{"rendered":"Tervetuloa Alah\u00e4rm\u00e4\u00e4n!"},"content":{"rendered":"\n<h3 class=\"wp-block-heading\">Kauhavan ryhm\u00e4n\u00e4yttely 29.8.2026 FCI:n ryhmille 1, 4, 5 &amp; 8.<br>My\u00f6s pennut (7kk \u2013 alle 9 kk) ja Junior Handler -kilpailu.<\/h3>\n\n\n\n<p><strong>FCI 1<\/strong> \u2013 Lammas- ja karjakoirat (paitsi sveitsinpaimenkoirat)<br><strong>FCI 4<\/strong> \u2013 M\u00e4yr\u00e4koirat<br><strong>FCI 5<\/strong> \u2013 Pystykorvat ja alkukantaiset koirat<br><strong>FCI 8<\/strong> \u2013 Noutajat, yl\u00f6sajavat koirat ja vesikoirat<\/p>\n\n\n\n<p><strong>N\u00e4yttelypaikkana toimii PowerParkin ravirata<\/strong><br>Osoite: P\u00e4\u00e4tie 65, 62300 H\u00e4rm\u00e4<\/p>\n\n\n\n<p><strong>J\u00e4rjest\u00e4j\u00e4<\/strong>: H\u00e4rm\u00e4n Kennelkerho<\/p>\n\n\n\n<hr class=\"wp-block-separator has-text-color has-alpha-channel-opacity has-background\" style=\"background-color:#f2f2f2;color:#f2f2f2\"\/>\n\n\n\n<h2 class=\"wp-block-heading\">Tiedustelut<\/h2>\n\n\n\n<p><strong>Ilmoittautumisia koskevat tiedustelut<\/strong><br>Showlink Oy, arkisin klo 11 \u2013 17 puh. (09) 8873 0320 tai email: info@showlink.fi<br><em>Mainitsethan tiedustelussasi \/ s\u00e4hk\u00f6postissasi n\u00e4yttelyn sek\u00e4 koiran rekisterinumeron, jota tiedustelu koskee.<\/em><\/p>\n\n\n\n<p><strong>Keh\u00e4toimitsijat ja tuomariharjoittelijat<\/strong><br>kristina.erkkila@netikka.fi<\/p>\n\n\n\n<p><strong>Muut tiedustelut<\/strong><br>mari.mantere@gmail.com<\/p>\n","protected":false},"excerpt":{"rendered":"<p>Kauhavan ryhm\u00e4n\u00e4yttely 29.8.2026 FCI:n ryhmille 1, 4, 5 &amp; 8.My\u00f6s pennut (7kk \u2013 alle 9 kk) ja Junior Handler -kilpailu. FCI 1 \u2013 Lammas- ja karjakoirat (paitsi sveitsinpaimenkoirat)FCI 4 \u2013 M\u00e4yr\u00e4koiratFCI 5 \u2013 Pystykorvat ja alkukantaiset koiratFCI 8 \u2013 Noutajat, yl\u00f6sajavat koirat ja vesikoirat N\u00e4yttelypaikkana toimii PowerParkin ravirataOsoite: P\u00e4\u00e4tie 65, 62300 H\u00e4rm\u00e4 J\u00e4rjest\u00e4j\u00e4: H\u00e4rm\u00e4n Kennelkerho <a href=\"https:\/\/www.showlink.fi\/shows\/KauhavaRN2026\/\" class=\"more-link\">...jatka lukemista<span class=\"screen-reader-text\"> \"Tervetuloa Alah\u00e4rm\u00e4\u00e4n!\"<\/span><\/a><\/p>\n","protected":false},"author":1,"featured_media":0,"parent":0,"menu_order":0,"comment_status":"closed","ping_status":"closed","template":"","meta":{"footnotes":""},"class_list":["post-6","page","type-page","status-publish","h-entry","hentry","h-as-page"],"_links":{"self":[{"href":"https:\/\/www.showlink.fi\/shows\/KauhavaRN2026\/wp-json\/wp\/v2\/pages\/6","targetHints":{"allow":["GET"]}}],"collection":[{"href":"https:\/\/www.showlink.fi\/shows\/KauhavaRN2026\/wp-json\/wp\/v2\/pages"}],"about":[{"href":"https:\/\/www.showlink.fi\/shows\/KauhavaRN2026\/wp-json\/wp\/v2\/types\/page"}],"author":[{"embeddable":true,"href":"https:\/\/www.showlink.fi\/shows\/KauhavaRN2026\/wp-json\/wp\/v2\/users\/1"}],"replies":[{"embeddable":true,"href":"https:\/\/www.showlink.fi\/shows\/KauhavaRN2026\/wp-json\/wp\/v2\/comments?post=6"}],"version-history":[{"count":19,"href":"https:\/\/www.showlink.fi\/shows\/KauhavaRN2026\/wp-json\/wp\/v2\/pages\/6\/revisions"}],"predecessor-version":[{"id":209,"href":"https:\/\/www.showlink.fi\/shows\/KauhavaRN2026\/wp-json\/wp\/v2\/pages\/6\/revisions\/209"}],"wp:attachment":[{"href":"https:\/\/www.showlink.fi\/shows\/KauhavaRN2026\/wp-json\/wp\/v2\/media?parent=6"}],"curies":[{"name":"wp","href":"https:\/\/api.w.org\/{rel}","templated":true}]}}