{"id":9,"date":"2020-03-04T10:45:06","date_gmt":"2020-03-04T08:45:06","guid":{"rendered":"https:\/\/www.showlink.fi\/shows\/elonayttely2020malliesimerkki\/?page_id=9"},"modified":"2026-02-18T14:27:43","modified_gmt":"2026-02-18T12:27:43","slug":"tuomarit","status":"publish","type":"page","link":"https:\/\/www.showlink.fi\/shows\/KauhavaRN2026\/tuomarit\/","title":{"rendered":"Tuomarit"},"content":{"rendered":"\n<p><strong>Ryhm\u00e4 1<\/strong><br><em>Varalla kaikille ryhm\u00e4 1 roduille\u00a0<strong>Maija M\u00e4kinen<\/strong><\/em><br>australiankarjakoira, australiankelpie, australianpaimenkoira, beaucenpaimenkoira \/ beauceron, belgianpaimenkoirat, bouvier, brienpaimenkoira \/ briardi, etel\u00e4ven\u00e4j\u00e4nkoira, hollanninpaimenkoirat, it\u00e4euroopanpaimenkoira, komondor, kuvasz, lancashirenkarjakoira, mudi, pulit, pumi, saksanpaimenkoirat, schipperke, vanhaenglanninlammaskoira\u00a0<strong>Leila Stenlund<\/strong><br>bordercollie, partacollie, pitk\u00e4karvainen collie, schapendoes, sile\u00e4karvainen collie, valkoinenpaimenkoira\u00a0<strong>Marjo J\u00e4rvent\u00f6l\u00e4<\/strong><br>abruzzese maremmano, ardennienkarjakoira, australian t\u00f6p\u00f6h\u00e4nt\u00e4inen karjakoira, bergamonpaimenkoira, ceskoslovensky vlciak, karpaattienkoira, katalonianpaimenkoira, kroatianpaimenkoira, lyhytkarvainen pyreneittenpaimenkoira, mallorcanpaimenkoira, medimurjenkoira, owczarek podhalanski, picardienpaimenkoira, pieniamerikanpaimenkoira, pitk\u00e4karvainen pyreneittenpaimenkoira, polski owczarek nizinny, romanianpaimenkoira, saarlooswolfhond, serra de airesinpaimenkoira, shetlanninlammaskoira, slovakiancuvac, tsekinpaimenkoira, welsh corgit\u00a0<strong>Pinja Hiltunen<\/strong><\/p>\n\n\n\n<p><strong>Ryhm\u00e4 4<\/strong><br><em>Varalla kaikille ryhm\u00e4 4 roduille\u00a0<strong>Pekka Teini<\/strong><\/em><br>kaikki rodut\u00a0<strong>Maija M\u00e4kinen<\/strong><\/p>\n\n\n\n<p><strong>Ryhm\u00e4 5<\/strong><br><em>Varalla kaikille ryhm\u00e4 5 roduille\u00a0<strong>Leila Stenlund<\/strong><\/em><br>akita, alaskanmalamuutti, american eskimo dog, basenji, etnankoira, eurasier, faaraokoira, gr\u00f6nlanninkoira, kaanaankoira, kanadaneskimokoira, keeshond, pomeranian, tanskanpystykorva\u00a0<strong>Leila Stenlund<\/strong><br>ibizanpodencot, portugalinpodengot\u00a0<strong>Maija M\u00e4kinen<\/strong><br>lapinporokoira, meksikonkarvatonkoirat, perunkarvatonkoirat, ruotsinlapinkoira, suomenlapinkoira, thai ridgeback\u00a0<strong>Pinja Hiltunen<\/strong><br>buhund, chow chow, hokkaidonkoira, islanninlammaskoira, japaninpystykorva, kainkoira, karjalankarhukoira, kintamani-balinkoira, kishunkoira, koreanjindonkoira, lunnikoira, l\u00e4nsig\u00f6\u00f6tanmaanpystykorva, grosspitzit, kleinspitzit, mittelspitzit, samojedinkoira, shiba, shikokunkoira, siperianhusky, taiwaninkoira, thaimaanpystykorva, volpino italiano\u00a0<strong>Tarja Tastula<\/strong><br>amerikanakita, harmaa norjanhirvikoira, h\u00e4lleforsinkoira, it\u00e4siperianlaika, jakutianlaika, j\u00e4mtlanninpystykorva, kanarianpodenco, l\u00e4nsisiperianlaika, musta norjanhirvikoira, musta tanskanpystykorva, pohjanpystykorva, suomenpystykorva, valkoinen ruotsinhirvikoira, ven\u00e4l\u00e4is-eurooppalainen laika\u00a0<strong>Tiina Eskelinen<\/strong><\/p>\n\n\n\n<p><strong>Ryhm\u00e4 8<\/strong><br><em>Varalla kaikille ryhm\u00e4 8 roduille\u00a0<strong>Pekka Teini<\/strong><\/em><br>amerikancockerspanieli, amerikanvesispanieli, barbet, clumberinspanieli, espanjanvesikoira, fieldspanieli, kooikerhondje, kultainennoutaja, portugalinvesikoira, puolanmets\u00e4stysspanieli, sile\u00e4karvainen noutaja, sussexinspanieli, ven\u00e4j\u00e4nspanieli, viiri\u00e4iskoira\u00a0<strong>Arto Toivanen<\/strong><br>chesapeakelahdennoutaja, friisinvesikoira, irlanninvesispanieli, kiharakarvainen noutaja, novascotiannoutaja\u00a0<strong>Marjo J\u00e4rvent\u00f6l\u00e4<\/strong><br>cockerspanieli, englanninspringerspanieli, labradorinnoutaja, lagotto romagnolo, walesinspringerspanieli\u00a0<strong>Pekka Teini<\/strong><\/p>\n\n\n\n<p>Junior Handler\u00a0<strong>Henna Pohjanoksa<\/strong><\/p>\n\n\n\n<h3 class=\"wp-block-heading\">Ryhm\u00e4kilpailut<\/h3>\n\n\n\n<p>FCI 1<strong>\u00a0Pinja Hiltunen<\/strong><br>FCI 4<strong>\u00a0Maija M\u00e4kinen<\/strong><br>FCI 5<strong>\u00a0Tarja Tastula<\/strong><br>FCI 8<strong>\u00a0Arto Toivanen<\/strong><\/p>\n\n\n\n<p>Paras juniori\u00a0<strong>Pekka Teini<\/strong><br>Paras veteraani\u00a0<strong>Maija M\u00e4kinen<\/strong><br>Paras kasvattajaryhm\u00e4\u00a0<strong>Pekka Teini<\/strong><\/p>\n\n\n\n<p>Best in Show<strong>\u00a0Leila Stenlund<\/strong><\/p>\n","protected":false},"excerpt":{"rendered":"<p>Ryhm\u00e4 1Varalla kaikille ryhm\u00e4 1 roduille\u00a0Maija M\u00e4kinenaustraliankarjakoira, australiankelpie, australianpaimenkoira, beaucenpaimenkoira \/ beauceron, belgianpaimenkoirat, bouvier, brienpaimenkoira \/ briardi, etel\u00e4ven\u00e4j\u00e4nkoira, hollanninpaimenkoirat, it\u00e4euroopanpaimenkoira, komondor, kuvasz, lancashirenkarjakoira, mudi, pulit, pumi, saksanpaimenkoirat, schipperke, vanhaenglanninlammaskoira\u00a0Leila Stenlundbordercollie, partacollie, pitk\u00e4karvainen collie, schapendoes, sile\u00e4karvainen collie, valkoinenpaimenkoira\u00a0Marjo J\u00e4rvent\u00f6l\u00e4abruzzese maremmano, ardennienkarjakoira, australian t\u00f6p\u00f6h\u00e4nt\u00e4inen karjakoira, bergamonpaimenkoira, ceskoslovensky vlciak, karpaattienkoira, katalonianpaimenkoira, kroatianpaimenkoira, lyhytkarvainen pyreneittenpaimenkoira, mallorcanpaimenkoira, medimurjenkoira, owczarek podhalanski, <a href=\"https:\/\/www.showlink.fi\/shows\/KauhavaRN2026\/tuomarit\/\" class=\"more-link\">...jatka lukemista<span class=\"screen-reader-text\"> \"Tuomarit\"<\/span><\/a><\/p>\n","protected":false},"author":1,"featured_media":0,"parent":0,"menu_order":2,"comment_status":"closed","ping_status":"closed","template":"","meta":{"footnotes":""},"class_list":["post-9","page","type-page","status-publish","h-entry","hentry","h-as-page"],"_links":{"self":[{"href":"https:\/\/www.showlink.fi\/shows\/KauhavaRN2026\/wp-json\/wp\/v2\/pages\/9","targetHints":{"allow":["GET"]}}],"collection":[{"href":"https:\/\/www.showlink.fi\/shows\/KauhavaRN2026\/wp-json\/wp\/v2\/pages"}],"about":[{"href":"https:\/\/www.showlink.fi\/shows\/KauhavaRN2026\/wp-json\/wp\/v2\/types\/page"}],"author":[{"embeddable":true,"href":"https:\/\/www.showlink.fi\/shows\/KauhavaRN2026\/wp-json\/wp\/v2\/users\/1"}],"replies":[{"embeddable":true,"href":"https:\/\/www.showlink.fi\/shows\/KauhavaRN2026\/wp-json\/wp\/v2\/comments?post=9"}],"version-history":[{"count":13,"href":"https:\/\/www.showlink.fi\/shows\/KauhavaRN2026\/wp-json\/wp\/v2\/pages\/9\/revisions"}],"predecessor-version":[{"id":208,"href":"https:\/\/www.showlink.fi\/shows\/KauhavaRN2026\/wp-json\/wp\/v2\/pages\/9\/revisions\/208"}],"wp:attachment":[{"href":"https:\/\/www.showlink.fi\/shows\/KauhavaRN2026\/wp-json\/wp\/v2\/media?parent=9"}],"curies":[{"name":"wp","href":"https:\/\/api.w.org\/{rel}","templated":true}]}}