{"id":8,"date":"2017-09-08T13:24:56","date_gmt":"2017-09-08T10:24:56","guid":{"rendered":"http:\/\/www.showlink.fi\/shows\/kemijarvirn2018\/?page_id=8"},"modified":"2025-01-14T13:06:18","modified_gmt":"2025-01-14T11:06:18","slug":"tuomarit","status":"publish","type":"page","link":"https:\/\/www.showlink.fi\/shows\/Kokkola-LohtajaRN2025\/tuomarit\/","title":{"rendered":"Tuomarit"},"content":{"rendered":"\n<p><em>Varalla kaikille roduille\u00a0<strong>Juha Putkonen<\/strong><\/em><\/p>\n\n\n\n<p><strong>Ryhm\u00e4 4<\/strong><br><em>Varalla kaikille ryhm\u00e4n 4 roduille\u00a0<strong>Tapani Pukkila<\/strong><\/em><br>kaikki rodut\u00a0<strong>Juha Putkonen<\/strong><\/p>\n\n\n\n<p><strong>Ryhm\u00e4 5<\/strong><br><em>Varalla roduille it\u00e4siperianlaika, j\u00e4mtlanninpystykorva, karjalankarhukoira, lapinporokoira, l\u00e4nsisiperianlaika, ruotsinlapinkoira, suomenlapinkoira, valkoinen ruotsinhirvikoira, ven\u00e4l\u00e4is-eurooppalainen laika<strong>\u00a0Fors Jari<\/strong><\/em><br><em>Varalla roduille buhund, harmaa norjanhirvikoira, h\u00e4lleforsinkoira, lunnikoira, musta norjanhirvikoira, pohjanpystykorva, suomenpystykorva<strong>\u00a0Paloj\u00e4rvi Matti<\/strong><\/em><br><em>Varalla roduille islanninlammaskoira<strong>\u00a0Putkonen Juha<\/strong><\/em><br>buhund, harmaa norjanhirvikoira, h\u00e4lleforsinkoira, islanninlammaskoira, lunnikoira, musta norjanhirvikoira, pohjanpystykorva, suomenpystykorva\u00a0<strong>Jari Fors<\/strong><br>it\u00e4siperianlaika, j\u00e4mtlanninpystykorva, karjalankarhukoira, lapinporokoira, l\u00e4nsisiperianlaika, ruotsinlapinkoira, suomenlapinkoira, valkoinen ruotsinhirvikoira, ven\u00e4l\u00e4is-eurooppalainen laika\u00a0<strong>Matti Paloj\u00e4rvi<\/strong><br>l\u00e4nsig\u00f6\u00f6tanmaanpystykorva\u00a0<strong>Tapani Pukkila<\/strong><\/p>\n\n\n\n<p><strong>Ryhm\u00e4 6<\/strong><br>Varalla rodulle dreeveri<strong>\u00a0Pukkila Tapani<\/strong><br>Varalla muille ryhm\u00e4n 6 roduille<strong>\u00a0Fors Jari<\/strong><br>dreeveri, harrieri, petit basset griffon vend\u00e9en\u00a0<strong>Jari Fors<\/strong><br>amerikankettukoira, basset art\u00e9sien normand, basset hound, bretagnenbassetti, briquet griffon vend\u00e9en, francais blanc et noir, francais blanc et orange, francais tricolore, gascognenbassetti, grand anglo-francais blanc et noir, grand anglo-francais blanc et orange, grand anglo-francais tricolore, grand basset griffon vend\u00e9en, grand griffon vend\u00e9en, griffon bleu de gascogne, griffon fauve de bretagne, griffon nivernais, saukkokoira, schillerinajokoira, smoolanninajokoira, ven\u00e4j\u00e4najokoira\u00a0<strong>Matti Paloj\u00e4rvi<\/strong><br>muut rodut\u00a0<strong>Tapani Pukkila<\/strong><\/p>\n\n\n\n<p><strong>Ryhm\u00e4 7<\/strong><br><em>Varalla weimarinseisojille<strong>\u00a0Fors Jari<\/strong><br>Varalla roduille karkeakarvainen saksanseisoja, lyhytkarvainen saksanseisoja, pitk\u00e4karvainen saksanseisoja<strong>\u00a0Pukkila Tapani<\/strong><br>Varalla roduille englanninsetteri, gordoninsetteri, punainen irlanninsetteri, punavalkoinen irlanninsetteri<strong>\u00a0Putkonen Juha<\/strong><\/em><br>bretoni, karkeakarvainen saksanseisoja, lyhytkarvainen saksanseisoja, pienim\u00fcnsterinseisoja, pitk\u00e4karvainen saksanseisoja, unkarinvizslat\u00a0<strong>Jari Fors<\/strong><br>burgosinseisoja, italianseisoja, picardienspanieli, pointteri, pont-audemerinspanieli, ranskanspanieli, sininenpicardienspanieli, spinone, villakoirapointteri\u00a0<strong>Juha Putkonen<\/strong><br>ariegenseisoja, auvergnenseisoja, bourbonnaisinseisoja, harjaskarvainen saksanseisoja, hollanninpeltopyykoira, isom\u00fcnsterinseisoja, karkeakarvainen slovakianseisoja, korthalsingriffoni, portugalinseisoja, ranskanseisoja, gascognelaistyyppi, ranskanseisoja, pyrenel\u00e4istyyppi, saintgermaininseisoja, saint-usugenspanieli, stabijhoun, tsekinseisoja, vanhatanskankanakoira, weimarinseisojat\u00a0<strong>Tapani Pukkila<\/strong><br>englanninsetteri, gordoninsetteri, punainen irlanninsetteri, punavalkoinen irlanninsetteri\u00a0<strong>Tiina Eskelinen<\/strong><\/p>\n\n\n\n<p><strong>Ryhm\u00e4 8<\/strong><br><em>Varalla roduille englanninspringerspanieli<strong>\u00a0Eskelinen Tiina<\/strong><\/em><br><em>Varalla muille ryhm\u00e4n 8 roduille<strong>\u00a0Putkonen Juha<\/strong><\/em><br>amerikancockerspanieli, amerikanvesispanieli, barbet, clumberinspanieli, cockerspanieli, englanninspringerspanieli, espanjanvesikoira, fieldspanieli, kiharakarvainen noutaja, kooikerhondje, lagotto romagnolo, portugalinvesikoira, puolanmets\u00e4stysspanieli, ven\u00e4j\u00e4nspanieli\u00a0<strong>Juha Putkonen<\/strong><br>chesapeakelahdennoutaja, friisinvesikoira, irlanninvesispanieli, kultainennoutaja, labradorinnoutaja, novascotiannoutaja, sile\u00e4karvainen noutaja, sussexinspanieli, walesinspringerspanieli, viiri\u00e4iskoira\u00a0<strong>Tiina Eskelinen<\/strong><\/p>\n\n\n\n<p><strong>Ryhm\u00e4kilpailut<\/strong><br>FCI 4<strong>\u00a0Juha Putkonen<\/strong><br>FCI 5<strong>\u00a0Jari Fors<\/strong><br>FCI 6<strong>\u00a0Matti Paloj\u00e4rvi<\/strong><br>FCI 7<strong>\u00a0Tapani Pukkila<\/strong><br>FCI 8<strong>\u00a0Tiina Eskelinen<\/strong><br><br>Paras juniori\u00a0<strong>Tiina Eskelinen<\/strong><br>Paras veteraani\u00a0<strong>Tapani Pukkila<\/strong><br>Paras kasvattajaryhm\u00e4\u00a0<strong>Tiina Eskelinen<\/strong><br>Best in Show<strong>\u00a0Juha Putkonen<\/strong><\/p>\n\n\n\n<p><\/p>\n","protected":false},"excerpt":{"rendered":"<p>Varalla kaikille roduille\u00a0Juha Putkonen Ryhm\u00e4 4Varalla kaikille ryhm\u00e4n 4 roduille\u00a0Tapani Pukkilakaikki rodut\u00a0Juha Putkonen Ryhm\u00e4 5Varalla roduille it\u00e4siperianlaika, j\u00e4mtlanninpystykorva, karjalankarhukoira, lapinporokoira, l\u00e4nsisiperianlaika, ruotsinlapinkoira, suomenlapinkoira, valkoinen ruotsinhirvikoira, ven\u00e4l\u00e4is-eurooppalainen laika\u00a0Fors JariVaralla roduille buhund, harmaa norjanhirvikoira, h\u00e4lleforsinkoira, lunnikoira, musta norjanhirvikoira, pohjanpystykorva, suomenpystykorva\u00a0Paloj\u00e4rvi MattiVaralla roduille islanninlammaskoira\u00a0Putkonen Juhabuhund, harmaa norjanhirvikoira, h\u00e4lleforsinkoira, islanninlammaskoira, lunnikoira, musta norjanhirvikoira, pohjanpystykorva, suomenpystykorva\u00a0Jari Forsit\u00e4siperianlaika, j\u00e4mtlanninpystykorva, karjalankarhukoira, lapinporokoira, <a href=\"https:\/\/www.showlink.fi\/shows\/Kokkola-LohtajaRN2025\/tuomarit\/\" class=\"more-link\">...jatka lukemista<span class=\"screen-reader-text\"> \"Tuomarit\"<\/span><\/a><\/p>\n","protected":false},"author":1,"featured_media":0,"parent":0,"menu_order":0,"comment_status":"closed","ping_status":"closed","template":"","meta":{"footnotes":""},"class_list":["post-8","page","type-page","status-publish","h-entry","hentry","h-as-page"],"_links":{"self":[{"href":"https:\/\/www.showlink.fi\/shows\/Kokkola-LohtajaRN2025\/wp-json\/wp\/v2\/pages\/8","targetHints":{"allow":["GET"]}}],"collection":[{"href":"https:\/\/www.showlink.fi\/shows\/Kokkola-LohtajaRN2025\/wp-json\/wp\/v2\/pages"}],"about":[{"href":"https:\/\/www.showlink.fi\/shows\/Kokkola-LohtajaRN2025\/wp-json\/wp\/v2\/types\/page"}],"author":[{"embeddable":true,"href":"https:\/\/www.showlink.fi\/shows\/Kokkola-LohtajaRN2025\/wp-json\/wp\/v2\/users\/1"}],"replies":[{"embeddable":true,"href":"https:\/\/www.showlink.fi\/shows\/Kokkola-LohtajaRN2025\/wp-json\/wp\/v2\/comments?post=8"}],"version-history":[{"count":14,"href":"https:\/\/www.showlink.fi\/shows\/Kokkola-LohtajaRN2025\/wp-json\/wp\/v2\/pages\/8\/revisions"}],"predecessor-version":[{"id":171,"href":"https:\/\/www.showlink.fi\/shows\/Kokkola-LohtajaRN2025\/wp-json\/wp\/v2\/pages\/8\/revisions\/171"}],"wp:attachment":[{"href":"https:\/\/www.showlink.fi\/shows\/Kokkola-LohtajaRN2025\/wp-json\/wp\/v2\/media?parent=8"}],"curies":[{"name":"wp","href":"https:\/\/api.w.org\/{rel}","templated":true}]}}