{"id":7,"date":"2018-12-05T10:41:04","date_gmt":"2018-12-05T08:41:04","guid":{"rendered":"http:\/\/www.showlink.fi\/shows\/wirmodogshow19-malli\/?page_id=7"},"modified":"2026-02-10T16:01:16","modified_gmt":"2026-02-10T14:01:16","slug":"tervetuloa-kaikkien-rotujen-nayttelyyn-mynamaelle","status":"publish","type":"page","link":"https:\/\/www.showlink.fi\/shows\/KokkolaRN_020826\/","title":{"rendered":"Tervetuloa Kokkolaan!"},"content":{"rendered":"\n<h3 class=\"wp-block-heading\"><em>Kokkolan ryhm\u00e4n\u00e4yttely 2.8.2026 FCI:n ryhmille 3, 4, 5 ja 6<\/em>.<\/h3>\n\n\n\n<p><strong>N\u00e4yttelypaikkana toimii Kirkonm\u00e4en urheilukentt\u00e4.<\/strong><br>Osoite: Ventuksentie, 67700 Kokkola<br><br><strong>N\u00e4yttelyss\u00e4 arvostellaan ryhm\u00e4t 3, 4, 5 ja 6, my\u00f6s pennut (7 kk \u2013 alle 9kk).<\/strong><br><strong>FCI 3<\/strong>&nbsp;- Terrierit<br><strong>FCI 4<\/strong> - M\u00e4yr\u00e4koirat<br><strong>FCI 5<\/strong> - Pystykorvat ja alkukantaiset koirat<br><strong>FCI 6<\/strong>&nbsp;- Ajavat ja j\u00e4ljest\u00e4v\u00e4t koirat<\/p>\n\n\n\n<p>J\u00e4rjest\u00e4j\u00e4: <strong>Keski-Pohjanmaan Beaglekerho<\/strong><\/p>\n\n\n\n<hr class=\"wp-block-separator has-text-color has-alpha-channel-opacity has-background\" style=\"background-color:#f4f4f4;color:#f4f4f4\"\/>\n\n\n\n<h3 class=\"wp-block-heading\"><em>Tiedustelut<\/em><\/h3>\n\n\n\n<p><strong>Ilmoittautumisia koskevat tiedustelut<\/strong><br>Showlink Oy <br>puh. +358 9 887 303 20 arkisin klo 11-17,<br>s\u00e4hk\u00f6posti&nbsp;info@showlink.fi<\/p>\n\n\n\n<p><em>Mainitsethan tiedustelussasi \/ s\u00e4hk\u00f6postissasi n\u00e4yttelyn nimen sek\u00e4 koiran rekisterinumeron, jota tiedustelu koskee.<\/em><\/p>\n\n\n\n<p><strong>Muut tiedustelut<\/strong><br>Annika Hohenthal<br>puh. 050 355 2817<br><\/p>\n","protected":false},"excerpt":{"rendered":"<p>Kokkolan ryhm\u00e4n\u00e4yttely 2.8.2026 FCI:n ryhmille 3, 4, 5 ja 6. N\u00e4yttelypaikkana toimii Kirkonm\u00e4en urheilukentt\u00e4.Osoite: Ventuksentie, 67700 Kokkola N\u00e4yttelyss\u00e4 arvostellaan ryhm\u00e4t 3, 4, 5 ja 6, my\u00f6s pennut (7 kk \u2013 alle 9kk).FCI 3&nbsp;- TerrieritFCI 4 - M\u00e4yr\u00e4koiratFCI 5 - Pystykorvat ja alkukantaiset koiratFCI 6&nbsp;- Ajavat ja j\u00e4ljest\u00e4v\u00e4t koirat J\u00e4rjest\u00e4j\u00e4: Keski-Pohjanmaan Beaglekerho Tiedustelut Ilmoittautumisia koskevat tiedustelutShowlink <a href=\"https:\/\/www.showlink.fi\/shows\/KokkolaRN_020826\/\" class=\"more-link\">...jatka lukemista<span class=\"screen-reader-text\"> \"Tervetuloa Kokkolaan!\"<\/span><\/a><\/p>\n","protected":false},"author":1,"featured_media":0,"parent":0,"menu_order":1,"comment_status":"closed","ping_status":"closed","template":"","meta":{"footnotes":""},"class_list":["post-7","page","type-page","status-publish","h-entry","hentry","h-as-page"],"_links":{"self":[{"href":"https:\/\/www.showlink.fi\/shows\/KokkolaRN_020826\/wp-json\/wp\/v2\/pages\/7","targetHints":{"allow":["GET"]}}],"collection":[{"href":"https:\/\/www.showlink.fi\/shows\/KokkolaRN_020826\/wp-json\/wp\/v2\/pages"}],"about":[{"href":"https:\/\/www.showlink.fi\/shows\/KokkolaRN_020826\/wp-json\/wp\/v2\/types\/page"}],"author":[{"embeddable":true,"href":"https:\/\/www.showlink.fi\/shows\/KokkolaRN_020826\/wp-json\/wp\/v2\/users\/1"}],"replies":[{"embeddable":true,"href":"https:\/\/www.showlink.fi\/shows\/KokkolaRN_020826\/wp-json\/wp\/v2\/comments?post=7"}],"version-history":[{"count":26,"href":"https:\/\/www.showlink.fi\/shows\/KokkolaRN_020826\/wp-json\/wp\/v2\/pages\/7\/revisions"}],"predecessor-version":[{"id":222,"href":"https:\/\/www.showlink.fi\/shows\/KokkolaRN_020826\/wp-json\/wp\/v2\/pages\/7\/revisions\/222"}],"wp:attachment":[{"href":"https:\/\/www.showlink.fi\/shows\/KokkolaRN_020826\/wp-json\/wp\/v2\/media?parent=7"}],"curies":[{"name":"wp","href":"https:\/\/api.w.org\/{rel}","templated":true}]}}