{"id":10,"date":"2019-11-27T10:45:15","date_gmt":"2019-11-27T08:45:15","guid":{"rendered":"https:\/\/www.showlink.fi\/shows\/hyvinkaanord2020malli1\/?page_id=10"},"modified":"2026-02-18T08:39:27","modified_gmt":"2026-02-18T06:39:27","slug":"ilmoittautuminen","status":"publish","type":"page","link":"https:\/\/www.showlink.fi\/shows\/KouvolaKR2026\/ilmoittautuminen\/","title":{"rendered":"Ilmoittautuminen"},"content":{"rendered":"\n<p>Ilmoittautumiset tulee suorittaa viimeist\u00e4\u00e4n <strong>16.7. \/ 23.7. <\/strong>menness\u00e4.<br><em>Huom! 17.\u201323.7.2026 vain online-ilmoittautuminen<\/em><\/p>\n\n\n\n<p><strong>Ilmoittautuminen n\u00e4yttelyyn tulee tehd\u00e4 joko postitse tai internetiss\u00e4. <\/strong>Ilmoittaessaan koiransa n\u00e4yttelyn n\u00e4ytteilleasettaja sitoutuu noudattamaan Suomen Kennelliiton voimassa olevia n\u00e4yttelys\u00e4\u00e4nt\u00f6j\u00e4 ja niit\u00e4 t\u00e4ydent\u00e4vi\u00e4 ohjeita sek\u00e4 rokotusm\u00e4\u00e4r\u00e4yksi\u00e4. S\u00e4\u00e4nn\u00f6t l\u00f6ytyv\u00e4t <strong><a href=\"https:\/\/www.kennelliitto.fi\/tietoa-meista\/saannot-ja-ohjeet\">Kennelliiton kotisivuilta<\/a>.<\/strong><\/p>\n\n\n\n<p><strong>Online-ilmoittautuminen<\/strong> <br>osoitteessa <a href=\"http:\/\/www.showlink.fi\">www.showlink.fi<\/a> \u2192<strong> <\/strong><a href=\"http:\/\/ilmoittautuminen.kennelliitto.fi\/\"><strong>ILMOITTAUDU N\u00c4YTTELYYN<\/strong><\/a><\/p>\n\n\n\n<p>Online-ilmoittautumisesta tulee aina vahvistus s\u00e4hk\u00f6postiisi. Jollet saa vahvistusta, ota v\u00e4litt\u00f6m\u00e4sti yhteytt\u00e4 asiakaspalveluumme. Tarkasta ilmoittautumisesta koirasi tiedot ja kilpailuluokka.&nbsp; Netti-ilmoittautuminen maksetaan verkkopankilla tai luottokortilla ilmoittautumisen yhteydess\u00e4. S\u00e4\u00e4st\u00e4 saamasi vahvistusviesti n\u00e4yttelyp\u00e4iv\u00e4\u00e4n asti.<\/p>\n\n\n\n<p><em><strong>Tai<\/strong> ilmoittautuminen postitse <\/em><strong><a href=\"https:\/\/www.kennelliitto.fi\/lomakkeet\/ilmoittautumislomake-nayttelyyn-0\">Kennelliiton ilmoittautumislomakkeella<\/a>, <\/strong>kopio maksukuitista mukaan liitettyn\u00e4, osoitteella:<\/p>\n\n\n\n<p><strong>Kouvolan koiran\u00e4yttely 2026<br>PL 50<\/strong><br><strong>02771 Espoo<\/strong><\/p>\n\n\n\n<p><strong>Kaikki n\u00e4yttelykutsut tullaan l\u00e4hett\u00e4m\u00e4\u00e4n s\u00e4hk\u00f6isesti.<br><\/strong>Kutsuja ei l\u00e4hetet\u00e4 postitse.<\/p>\n\n\n\n<hr class=\"wp-block-separator has-text-color has-white-color has-alpha-channel-opacity has-white-background-color has-background\"\/>\n\n\n\n<h3 class=\"wp-block-heading\">Ilmoittautumismaksut<\/h3>\n\n\n\n<p><strong>Ilmoittautumismaksut 16.7.2026 menness\u00e4<\/strong><br>Ensimm\u00e4inen ja toinen koira <strong>40 \u20ac<br><\/strong>Saman omistajan <strong>3.<\/strong> jne koira <strong>37 \u20ac<\/strong><br>Veteraanit <strong>37 \u20ac<\/strong><br>Pennut <strong>30 \u20ac<\/strong><br>Yli 10-vuotiaat koirat veteraaniluokkaan ilmoitettuna <strong>15 \u20ac<\/strong><br>Junior Handler <strong>10 \u20ac<\/strong><\/p>\n\n\n\n<p><strong>Ilmoittautumismaksut 17.<em>\u2013<\/em>23.7.2026 v\u00e4lisen\u00e4 aikana<\/strong><br><em>Vain online-ilmoittautuminen!<\/em><br><strong>60 \u20ac<\/strong> \/ koira, kaikki luokat<br>Junior Handler <strong>10 \u20ac<\/strong><\/p>\n\n\n\n<p><strong>Kirjeen\u00e4 l\u00e4hetett\u00e4vien ilmoittautumisten maksut tulee suorittaa tilille<\/strong><br><strong>IBAN <\/strong>FI94 5750 0120 0478 82<br><strong>Saaja <\/strong>Kouvolan koiran\u00e4yttely 2026<\/p>\n\n\n\n<hr class=\"wp-block-separator has-text-color has-white-color has-alpha-channel-opacity has-white-background-color has-background\"\/>\n\n\n\n<h3 class=\"wp-block-heading\">Lis\u00e4tietoa<\/h3>\n\n\n\n<p>Huom!&nbsp;Alennuksen (saman omistajan kolmas jne. koira) saaminen edellytt\u00e4\u00e4 sit\u00e4, ett\u00e4 ilmoittautumiskaavakkeet ja kopio maksukuitista l\u00e4hetet\u00e4\u00e4n ehdottomasti samassa kirjekuoressa&nbsp;tai<strong>&nbsp;<\/strong>tehd\u00e4\u00e4n samalla netti-ilmoittautumiskerralla. Samaksi omistajaksi tulkitaan ilmoittautumistapahtuman ensimm\u00e4iselle koiralle ensimm\u00e4iseksi omistajaksi merkitty henkil\u00f6.&nbsp;Alennus lasketaan vain t\u00e4ysihintaisista ilmoittautumismaksuista (ei pentujen tai veteraanien maksuista).<\/p>\n\n\n\n<p>Ilmoittautumisajan p\u00e4\u00e4ttymisen j\u00e4lkeen koiraa ei voida siirt\u00e4\u00e4 toiseen luokkaan (ellei kysymyksess\u00e4 ole j\u00e4rjest\u00e4j\u00e4st\u00e4 johtuva virhe).<br>Uros, jolla ei ole normaalit kivekset saa hyl\u00e4tyn.<\/p>\n\n\n\n<p>K\u00e4ytt\u00f6- ja valioluokkaan ilmoitettaessa Kennelliitossa rekister\u00f6idyilt\u00e4 koirilta ei vaadita todistusta n\u00e4ihin luokkiin vaadittavista tuloksista. Muiden maiden rekisteriss\u00e4 olevilla koirilla on oltava tarvittavat todistukset ilmoittautumisen liitteen\u00e4.<\/p>\n\n\n\n<p>Ilmoittautuminen on teht\u00e4v\u00e4 kirjallisesti - pelkk\u00e4 n\u00e4yttelymaksun suoritus ei ole ilmoittautuminen! Kirjallisen ilmoittautumisen voit tehd\u00e4 joko vahvistettuna netti-ilmoittautumisena tai postita kopio maksukuitista sek\u00e4 ilmoittautumislomake kirjeen\u00e4 viimeist\u00e4\u00e4n viimeisen\u00e4 ilmoittautumisp\u00e4iv\u00e4n\u00e4. My\u00f6h\u00e4styneit\u00e4 ilmoittautumisia ei hyv\u00e4ksyt\u00e4 mukaan n\u00e4yttelyyn.<\/p>\n\n\n\n<p><strong>Rokotusm\u00e4\u00e4r\u00e4ykset <\/strong>Suomen Kennelliitto-Finska Kennelklubben ry:n m\u00e4\u00e4r\u00e4ysten mukaan.<br>Suomen lain vastaisesti typistetyt koirat eiv\u00e4t saa osallistua n\u00e4yttelyyn.<br>N\u00e4yttelyyn osallistuvan koiran tulee olla tunnistusmerkitty.<br>Tunnistusmerkint\u00e4 on pakollinen Kennelliiton virallisissa n\u00e4yttelyiss\u00e4, kokeissa ja kilpailuissa.<\/p>\n\n\n\n<p><strong>Antidoping \u2013valvonta<\/strong><br>Dopingvalvonta koskee kaikkia Suomen Kennelliiton my\u00f6nt\u00e4mi\u00e4 n\u00e4yttelyit\u00e4, kilpailuja ja kokeita. Ajankohtaisinta tietoa osoitteessa <a href=\"https:\/\/www.kennelliitto.fi\/koiraharrastukset\/tietoa-antidopingsaannoista-kaytanteista-ja-valvonnasta\">KENNELLIITTO \/ ANTIDOPING<\/a><\/p>\n\n\n\n<hr class=\"wp-block-separator has-text-color has-white-color has-alpha-channel-opacity has-white-background-color has-background\"\/>\n\n\n\n<h3 class=\"wp-block-heading\">Ilmoittautumisia ja kasvattajaryhmi\u00e4 koskevat tiedustelut<\/h3>\n\n\n\n<p>Showlink Oy arkisin klo 11-17 puh. 09 887 30320 tai e-mail: info@showlink.fi<\/p>\n\n\n\n<p><em>Mainitsethan tiedustelussasi n\u00e4yttelyn nimen sek\u00e4 koiran rekisterinumeron, jota tiedustelu koskee. Netti-ilmoittautumisesta tulee aina vahvistus s\u00e4hk\u00f6postiisi. Jollet saa vahvistusta, ota v\u00e4litt\u00f6m\u00e4sti yhteytt\u00e4 asiakaspalveluumme. Tarkasta ilmoittautumisesta koirasi tiedot ja kilpailuluokka.<\/em><\/p>\n","protected":false},"excerpt":{"rendered":"<p>Ilmoittautumiset tulee suorittaa viimeist\u00e4\u00e4n 16.7. \/ 23.7. menness\u00e4.Huom! 17.\u201323.7.2026 vain online-ilmoittautuminen Ilmoittautuminen n\u00e4yttelyyn tulee tehd\u00e4 joko postitse tai internetiss\u00e4. Ilmoittaessaan koiransa n\u00e4yttelyn n\u00e4ytteilleasettaja sitoutuu noudattamaan Suomen Kennelliiton voimassa olevia n\u00e4yttelys\u00e4\u00e4nt\u00f6j\u00e4 ja niit\u00e4 t\u00e4ydent\u00e4vi\u00e4 ohjeita sek\u00e4 rokotusm\u00e4\u00e4r\u00e4yksi\u00e4. S\u00e4\u00e4nn\u00f6t l\u00f6ytyv\u00e4t Kennelliiton kotisivuilta. Online-ilmoittautuminen osoitteessa www.showlink.fi \u2192 ILMOITTAUDU N\u00c4YTTELYYN Online-ilmoittautumisesta tulee aina vahvistus s\u00e4hk\u00f6postiisi. Jollet saa vahvistusta, ota <a href=\"https:\/\/www.showlink.fi\/shows\/KouvolaKR2026\/ilmoittautuminen\/\" class=\"more-link\">...jatka lukemista<span class=\"screen-reader-text\"> \"Ilmoittautuminen\"<\/span><\/a><\/p>\n","protected":false},"author":1,"featured_media":0,"parent":0,"menu_order":2,"comment_status":"closed","ping_status":"closed","template":"","meta":{"footnotes":""},"class_list":["post-10","page","type-page","status-publish","h-entry","hentry","h-as-page"],"_links":{"self":[{"href":"https:\/\/www.showlink.fi\/shows\/KouvolaKR2026\/wp-json\/wp\/v2\/pages\/10","targetHints":{"allow":["GET"]}}],"collection":[{"href":"https:\/\/www.showlink.fi\/shows\/KouvolaKR2026\/wp-json\/wp\/v2\/pages"}],"about":[{"href":"https:\/\/www.showlink.fi\/shows\/KouvolaKR2026\/wp-json\/wp\/v2\/types\/page"}],"author":[{"embeddable":true,"href":"https:\/\/www.showlink.fi\/shows\/KouvolaKR2026\/wp-json\/wp\/v2\/users\/1"}],"replies":[{"embeddable":true,"href":"https:\/\/www.showlink.fi\/shows\/KouvolaKR2026\/wp-json\/wp\/v2\/comments?post=10"}],"version-history":[{"count":52,"href":"https:\/\/www.showlink.fi\/shows\/KouvolaKR2026\/wp-json\/wp\/v2\/pages\/10\/revisions"}],"predecessor-version":[{"id":523,"href":"https:\/\/www.showlink.fi\/shows\/KouvolaKR2026\/wp-json\/wp\/v2\/pages\/10\/revisions\/523"}],"wp:attachment":[{"href":"https:\/\/www.showlink.fi\/shows\/KouvolaKR2026\/wp-json\/wp\/v2\/media?parent=10"}],"curies":[{"name":"wp","href":"https:\/\/api.w.org\/{rel}","templated":true}]}}