{"id":296,"date":"2023-01-18T14:48:27","date_gmt":"2023-01-18T12:48:27","guid":{"rendered":"https:\/\/www.showlink.fi\/shows\/hyvinkaakr2024malliksiluonnos\/?page_id=296"},"modified":"2026-02-17T12:37:58","modified_gmt":"2026-02-17T10:37:58","slug":"judges","status":"publish","type":"page","link":"https:\/\/www.showlink.fi\/shows\/KouvolaKR2026\/in-english\/judges\/","title":{"rendered":"Judges"},"content":{"rendered":"\n<p><strong>FCI 1<\/strong><br>Border Collie, Shetland Sheepdog <strong>Helina Simberg<\/strong>, Estonia<br>Bouvier des Flandres, Collie Rough, Collie Smooth, Croatian Shepherd Dog, Lancashire Heeler, Picardy Sheepdog, Saarloos Wolfhond, Welsh Corgis <strong>Kristel Ratnik-Soosaar<\/strong>, Estonia<br>Abruzzes and Maremma shepherd dog, Australian Cattle Dog, Australian Kelpie, Australian Shepherd, Australian Stumpy Tail Cattle Dog, Bearded Collie, Belgian Shepherd Dogs, Bergamasco Shepherd Dog, Berger de Beauce, Bohemian Shepherd Dog, Bouvier des Ardennes, Briard, Catalan Sheepdog, Czechoslovakian Wolfdog, Dutch Schapendoes, Dutch Shepherd Dogs, East European Shepherd, German Shepherd Dogs, Komondor, Kuvasz, Majorca Shepherd Dog, Miniature American Shepherd, Mudi, Old English Sheepdog, Polish Lowland Sheepdog, Portuguese Sheepdog, Pulis, Pumi, Pyrenean Sheepdog, Long-haired, Pyrenean Sheepdog, Smooth-faced, Romanian Carpathian Shepherd Dog, Romanian Mioritic Shepherd Dog, Schipperke, Slovakian Chuvach, Small Medimurje Dog - Medi, South Russian Shepherd Dog, Tatra Shepherd Dog, White Swiss Shepherd Dog <strong>Marjatta Pylv\u00e4n\u00e4inen-Suorsa<\/strong><br><br><strong>FCI 2<\/strong><br>Danish-Swedish Farmdog <strong>Helle Bekker<\/strong>, Denmark<br>Ciob\u0103nesc Rom\u00e2nesc Corb, Giant Schnauzers, Majorca Mastiff, Miniature Schnauzers, Schnauzers <strong>Kristel Ratnik-Soosaar<\/strong>, Estonia<br>Atlas Mountain Dog (Aidi), Broholmer, Castro Laboreiro Dog, Central Asia Shepherd Dog, Dogo Argentino, Dogue de Bordeaux, Estrela Mountain Dogs, Leonberger, Mastiff, Pyrenean Mastiff, Rottweiler, Shar Pei, Spanish Mastiff, Yugoslavian Shepherd Dog - Sharplanina <strong>Sanna Roste-Torniainen<\/strong><br>Appenzell Cattle Dog, Bernese Mountain Dog, Entlebuch Cattle Dog, Great Swiss Mountain Dog, Miniature Pinscher <strong>Teija Salmi-Aalto<\/strong><br>Affenpinscher, Austrian Pinscher, Boxer, Bulldog, Bullmastiff, Caucasian Shepherd Dog, Cimarr\u00f3n Uruguayo, Continental Bulldog, Dobermann, Dutch Smoushond, Fila Brasileiro, German Pinscher, Great Danes, Hovawart, Italian Cane Corso, Kangal Shepherd Dog, Karst Shepherd Dog, Landseer (European Continental Type), Neapolitan Mastiff, Newfoundland, Presa Canario, Pyrenean Mountain Dog, Rafeiro of Alentejo, Romanian Bucovina Shepherd, Russian Black Terrier, Saint Miguel Cattle Dog, St. Bernards, Tibetan Mastiff, Tornjak (Bosnian And Herzegovinian - Croatian Shepherd Dog), Tosa, Transmontano Mastiff <strong>Trond Are Karlsen<\/strong>, Norway<br><br><strong>FCI 3<\/strong><br>American Staffordshire Terrier, Australian Silky Terrier, Biewer Terrier, Brazilian Terrier, Bull Terrier, Cesky Terrier, English Toy Terrier, Irish Soft Coated Wheaten Terrier, Kerry Blue Terrier, Manchester Terrier, Miniature Bull Terrier, Norfolk Terrier, Norwich Terrier, Staffordshire Bull Terrier, Tenterfield Terrier, Valencian Terrier, West Highland White Terrier <strong>Aleksandra Palumbo<\/strong>, Sweden<br>Yorkshire Terrier <strong>Helle Bekker<\/strong>, Denmark<br>Airedale Terrier, American Hairless Terrier, American Toy Fox Terrier, Australian Terrier, Bedlington Terrier, Border Terrier, Cairn Terrier, Dandie Dinmont Terrier, Fox Terrier, Smooth-haired, Fox Terrier, Wire-haired, German Hunting Terrier, Irish Glen Of Imaal Terrier, Irish Terrier, Jack Russell Terrier, Japanese Terrier, Lakeland Terrier, Parson Russell Terrier, Rat Terrier, Ratonero Bodeguero Andaluz, Scottish Terrier, Sealyham Terrier, Skye Terrier, Welsh Terrier <strong>P\u00e4ivi Eerola<\/strong><br><br><strong>FCI 4<\/strong><br>all breed <strong>Yvonne Jaussi<\/strong>, Switzerland<br><br><strong>FCI 5<\/strong><br>Giant Spitzs (Grosspitz), Keeshond (Wolfspitz), Medium Size Spitzs (Mittelspitz), Miniature Spitzs (Kleinspitz), Peruvian Hairless Dogs, Pomeranian, Shiba, Siberian Husky <strong>Erika H\u00e4kkinen<\/strong><br>Finnish Spitz <strong>Marjatta Pylv\u00e4n\u00e4inen-Suorsa<\/strong><br>Akita, Alaskan Malamute, American Eskimo Dog, Basenji, Chow Chow, Cirneco dell'Etna, Finnish Lapponian Dog, Karelian Bear Dog, Lapponian Herder, Norrbottenspitz, Pharaoh Hound, Swedish Elkhound, Swedish Vallhund <strong>Matti Tuominen<\/strong><br>American Akita, Black Spitz, Canaan Dog, Canadian Eskimo Dog, Canarian Warren Hound, Danish Spitz, East Siberian Laika, Eurasian, Hokkaido, H\u00e4lleforshund, Ibizan Podencos, Icelandic Sheepdog, Japanese Spitz, Kai, Kintamani-Bali Dog, Kishu, Korea Jindo Dog, Norwegian Elkhound Black, Norwegian Lundehund, Portuguese Podengos, Russian-European Laika, Samoyed, Shikoku, Swedish Lapphund, Swedish White Elkhound, Taiwan Dog, Thai Bangkaew Dog, Thai Ridgeback Dog, West Siberian Laika, Xoloitzcuintles <strong>Rune Tyvold<\/strong>, Norway<br>Greenland Dog, Italian Volpino, Norwegian Buhund, Yakutian Laika <strong>Sanna Vakkilainen<\/strong><br>Norwegian Elkhound Grey <strong>Trond Are Karlsen<\/strong>, Norway<br><br><strong>FCI 6<\/strong><br>Alpine Dachsbracke, American Foxhound, Anglo Russian Hound, Ariegeois, Artois Hound, Austrian Black &amp; Tan Hound, Basset Fauve De Bretagne, Basset Hound, Bavarian Mountain Scent Hound, Beagle, Beagle Harrier, Billy, Black &amp; Tan Coonhound, Blue Gascony Basset, Blue Gascony Griffon, Bluetick Coonhound, Bosnian Broken-Haired Hound-Called Barak, Brazilian Tracker, Briquet Griffon Vend\u00e9en, Coarse-haired Italian Hound, Coarse-Haired Styrian Hound, Dalmatian, English Foxhound, Estonian Hound, Fawn Brittany Griffon, French Tricolour Hound, French White &amp; Black Hound, French White &amp; Orange Hound, Gascon Saintongeois, German Hound, Gotland Hound, Grand Basset Griffon Vend\u00e9en, Grand Griffon Vend\u00e9en, Great Anglo-French Tricolour Hound, Great Anglo-French White &amp; Black Hound, Great Anglo-French White &amp; Orange Hound, Great Gascony Blue, Griffon Nivernais, Halden Hound, Hamiltonst\u00f6vare, Hanoverian Scent Hound, Harrier, Hellenic Hound, Hygen Hound, Istrian Short-Haired Hound, Istrian Wire-Haired Hound, Italian Short-Haired Segugio, Medium-Sized Anglo-French Hound, Montenegrin Mountain Hound, Norman Artesien Basset, Otterhound, Petit Basset Griffon Vend\u00e9en, Plott, Poitevin, Polish Hound, Polish Hunting Dog, Porcelaine, Posavatz Hound, Rhodesian Ridgeback, Russian Hound, Schillerst\u00f6vare, Segugio Maremmano, Serbian Tricolour Hound, Slovakian Hound, Small Blue Gascony, Small Swiss Hound, Small Bernese Hound, Small Swiss Hound, Small Jura Hound, Small Swiss Hound, Small Lucerne Hound, Small Swiss Hound, Small Schwyz Hound, Spanish Hound, Swiss Hound, Bernese Hound, Swiss Hound, Jura Hound, Swiss Hound, Lucerne Hound, Swiss Hound, Schwyz Hound <strong>Astrid Lundava<\/strong>, Estonia<br>Finnish Hound <strong>Matti Tuominen<\/strong><br>Bloodhound, Drever, Hungarian Hound - Transylvanian Scent Hound, Norwegian Hound, Serbian Hound, Sm\u00e5landsst\u00f6vare, Treeing Walker Coonhound, Tyrolean Hound, Westphalian Dachsbracke <strong>Rune Tyvold<\/strong>, Norway<br><br><strong>FCI 7<\/strong><br>all breeds <strong>Kristin Kerem<\/strong>, Estonia<br><br><strong>FCI 8<\/strong><br>American Cocker Spaniel, Clumber Spaniel, Cocker Spaniel, Curly Coated Retriever, Field Spaniel, French Water Dog, German Spaniel, Irish Water Spaniel, Labrador Retriever, Nederlandse Kooikerhondje, Nova Scotia Duck Tolling Retriever, Russian Spaniel, Spanish Water Dog, Sussex Spaniel, Wetterhoun <strong>Domenico Di Matteo<\/strong>,<br>English Springer Spaniel, Lagotto Romagnolo, Welsh Springer Spaniel <strong>Helle Bekker<\/strong>, Denmark<br>American Water Spaniel, Chesapeake Bay Retriever, Flat Coated Retriever, Golden Retriever <strong>Sanna Vakkilainen<\/strong><br>Polish Hunting Spaniel, Portuguese Water Dog <strong>Tanya Ahlman-Stockmari<\/strong><br><br><strong>FCI 9<\/strong><br>Cavalier King Charles Spaniel, Chinese Crested Dog, French Bulldog, Havanese, King Charles Spaniel, Pug, Russkaja Tsvetnaja Bolonka, Shih Tzu, Tibetan Terrier <strong>Helina Simberg<\/strong>, Estonia<br>Bichon Frise, Bolognese, Boston Terrier, Chihuahuas, Coton de Tulear, Griffon Belge, Griffon Bruxellois, Japanese Chin, Papillon, Petit Braban\u00e7on, Phal\u00e8ne, Pra\u017esk\u00fd Krysar\u00edk, Russian Toys, Tibetan Spaniel <strong>Helle Bekker<\/strong>, Denmark<br>Kromfohrl\u00e4nder, Poodles <strong>Matti Tuominen<\/strong><br>Lhasa Apso, Little Lion Dog, Maltese, Markiesje, Pekingese <strong>Yvonne Jaussi<\/strong>, Switzerland<br><br><strong>FCI 10<\/strong><br>Hungarian Greyhound, Polish Greyhound, Saluki, Spanish Greyhound <strong>Erika H\u00e4kkinen<\/strong><br>Afghan Hound, Azawakh, Irish Wolfhound, Kazakh Tazy, Sloughi <strong>Helina Simberg<\/strong>, Estonia<br>Borzoi, Deerhound, Greyhound, Italian Greyhound, Whippet <strong>Tanya Ahlman-Stockmari<\/strong><\/p>\n\n\n\n<p>Junior Handler <strong>Marie L\u00f6nnroos<\/strong><\/p>\n\n\n\n<h3 class=\"wp-block-heading\">Group Finals<\/h3>\n\n\n\n<p>1<strong> Marjatta Pylv\u00e4n\u00e4inen-Suorsa<\/strong><br>2<strong> Trond Are Karlsen<\/strong><br>3<strong> P\u00e4ivi Eerola<\/strong><br>4<strong> Yvonne Jaussi<\/strong><br>5<strong> Rune Tyvold<\/strong><br>6<strong> Astrid Lundava<\/strong><br>7<strong> Kristin Kerem<\/strong><br>8<strong> Domenico Di Matteo<\/strong><br>9<strong> Helle Bekker<\/strong><br>10<strong> Erika H\u00e4kkinen<\/strong><br><br>Best junior <strong>Marjatta Pylv\u00e4n\u00e4inen-Suorsa<\/strong><br>Best veteran <strong>Astrid Lundava<\/strong><br>Best breeder group <strong>Helina Simberg<\/strong><br>Best Finish breed <strong>Matti Tuominen<\/strong><br><br>Best in Show<strong> Tanya Ahlman-Stockmari<\/strong><\/p>\n","protected":false},"excerpt":{"rendered":"<p>FCI 1Border Collie, Shetland Sheepdog Helina Simberg, EstoniaBouvier des Flandres, Collie Rough, Collie Smooth, Croatian Shepherd Dog, Lancashire Heeler, Picardy Sheepdog, Saarloos Wolfhond, Welsh Corgis Kristel Ratnik-Soosaar, EstoniaAbruzzes and Maremma shepherd dog, Australian Cattle Dog, Australian Kelpie, Australian Shepherd, Australian Stumpy Tail Cattle Dog, Bearded Collie, Belgian Shepherd Dogs, Bergamasco Shepherd Dog, Berger de Beauce, <a href=\"https:\/\/www.showlink.fi\/shows\/KouvolaKR2026\/in-english\/judges\/\" class=\"more-link\">...jatka lukemista<span class=\"screen-reader-text\"> \"Judges\"<\/span><\/a><\/p>\n","protected":false},"author":3,"featured_media":0,"parent":293,"menu_order":0,"comment_status":"closed","ping_status":"closed","template":"","meta":{"footnotes":""},"class_list":["post-296","page","type-page","status-publish","h-entry","hentry","h-as-page"],"_links":{"self":[{"href":"https:\/\/www.showlink.fi\/shows\/KouvolaKR2026\/wp-json\/wp\/v2\/pages\/296","targetHints":{"allow":["GET"]}}],"collection":[{"href":"https:\/\/www.showlink.fi\/shows\/KouvolaKR2026\/wp-json\/wp\/v2\/pages"}],"about":[{"href":"https:\/\/www.showlink.fi\/shows\/KouvolaKR2026\/wp-json\/wp\/v2\/types\/page"}],"author":[{"embeddable":true,"href":"https:\/\/www.showlink.fi\/shows\/KouvolaKR2026\/wp-json\/wp\/v2\/users\/3"}],"replies":[{"embeddable":true,"href":"https:\/\/www.showlink.fi\/shows\/KouvolaKR2026\/wp-json\/wp\/v2\/comments?post=296"}],"version-history":[{"count":6,"href":"https:\/\/www.showlink.fi\/shows\/KouvolaKR2026\/wp-json\/wp\/v2\/pages\/296\/revisions"}],"predecessor-version":[{"id":512,"href":"https:\/\/www.showlink.fi\/shows\/KouvolaKR2026\/wp-json\/wp\/v2\/pages\/296\/revisions\/512"}],"up":[{"embeddable":true,"href":"https:\/\/www.showlink.fi\/shows\/KouvolaKR2026\/wp-json\/wp\/v2\/pages\/293"}],"wp:attachment":[{"href":"https:\/\/www.showlink.fi\/shows\/KouvolaKR2026\/wp-json\/wp\/v2\/media?parent=296"}],"curies":[{"name":"wp","href":"https:\/\/api.w.org\/{rel}","templated":true}]}}