{"id":33,"date":"2019-11-27T13:58:44","date_gmt":"2019-11-27T11:58:44","guid":{"rendered":"https:\/\/www.showlink.fi\/shows\/hyvinkaanord2020malli1\/?page_id=33"},"modified":"2026-02-18T08:32:00","modified_gmt":"2026-02-18T06:32:00","slug":"tulokset","status":"publish","type":"page","link":"https:\/\/www.showlink.fi\/shows\/KouvolaKR2026\/tulokset\/","title":{"rendered":"Tulokset"},"content":{"rendered":"\n<p>N\u00e4yttelyss\u00e4 toteutetaan online-tulospalvelu.<\/p>\n\n\n\n<p><strong>\u00bb Siirry n\u00e4yttelyn tuloksiin<\/strong><\/p>\n\n\n\n<p>Jalostustietoj\u00e4rjestelm\u00e4\u00e4n tulokset tulevat n\u00e4kyviin n\u00e4yttelyn p\u00e4\u00e4tytty\u00e4.<\/p>\n","protected":false},"excerpt":{"rendered":"<p>N\u00e4yttelyss\u00e4 toteutetaan online-tulospalvelu. \u00bb Siirry n\u00e4yttelyn tuloksiin Jalostustietoj\u00e4rjestelm\u00e4\u00e4n tulokset tulevat n\u00e4kyviin n\u00e4yttelyn p\u00e4\u00e4tytty\u00e4.<\/p>\n","protected":false},"author":1,"featured_media":0,"parent":0,"menu_order":5,"comment_status":"closed","ping_status":"closed","template":"","meta":{"footnotes":""},"class_list":["post-33","page","type-page","status-publish","h-entry","hentry","h-as-page"],"_links":{"self":[{"href":"https:\/\/www.showlink.fi\/shows\/KouvolaKR2026\/wp-json\/wp\/v2\/pages\/33","targetHints":{"allow":["GET"]}}],"collection":[{"href":"https:\/\/www.showlink.fi\/shows\/KouvolaKR2026\/wp-json\/wp\/v2\/pages"}],"about":[{"href":"https:\/\/www.showlink.fi\/shows\/KouvolaKR2026\/wp-json\/wp\/v2\/types\/page"}],"author":[{"embeddable":true,"href":"https:\/\/www.showlink.fi\/shows\/KouvolaKR2026\/wp-json\/wp\/v2\/users\/1"}],"replies":[{"embeddable":true,"href":"https:\/\/www.showlink.fi\/shows\/KouvolaKR2026\/wp-json\/wp\/v2\/comments?post=33"}],"version-history":[{"count":14,"href":"https:\/\/www.showlink.fi\/shows\/KouvolaKR2026\/wp-json\/wp\/v2\/pages\/33\/revisions"}],"predecessor-version":[{"id":521,"href":"https:\/\/www.showlink.fi\/shows\/KouvolaKR2026\/wp-json\/wp\/v2\/pages\/33\/revisions\/521"}],"wp:attachment":[{"href":"https:\/\/www.showlink.fi\/shows\/KouvolaKR2026\/wp-json\/wp\/v2\/media?parent=33"}],"curies":[{"name":"wp","href":"https:\/\/api.w.org\/{rel}","templated":true}]}}