{"id":37,"date":"2019-11-27T14:01:42","date_gmt":"2019-11-27T12:01:42","guid":{"rendered":"https:\/\/www.showlink.fi\/shows\/hyvinkaanord2020malli1\/?page_id=37"},"modified":"2026-02-24T15:23:45","modified_gmt":"2026-02-24T13:23:45","slug":"tervetuloa-toukonayttelyyn","status":"publish","type":"page","link":"https:\/\/www.showlink.fi\/shows\/KouvolaKR2026\/","title":{"rendered":"Tervetuloa Kouvolaan!"},"content":{"rendered":"\n<h3 class=\"wp-block-heading\">Kaikkien rotujen n\u00e4yttely Kouvolan raviradalla 15.8.2026<\/h3>\n\n\n\n<p class=\"has-background\" style=\"background-color:#d8b897\"><strong>Samana viikonloppuna j\u00e4rjestet\u00e4\u00e4n Heinolassa kaikkien rotujen koiran\u00e4yttely <\/strong><a href=\"https:\/\/www.showlink.fi\/shows\/heinola2026kr\/\">HEINOLA KR 16.8.2026<\/a><\/p>\n\n\n\n<p><strong>N\u00e4yttelyss\u00e4 arvostellaan kaikki rodut FCI:n ryhmist\u00e4 1\u201310.<\/strong><br>My\u00f6s pennut (7 kk \u2013 alle 9 kk) ja Junior Handler -kilpailu.<\/p>\n\n\n\n<p><strong>N\u00e4yttelypaikka<\/strong><br>Kouvolan ravirata<br>Osoite: Hevosmiehentie 1, 45100 Kouvola<\/p>\n\n\n\n<p><strong>J\u00e4rjest\u00e4j\u00e4t:<\/strong> Kouvolan Seudun Seurakoirakerho, Kouvolan Er\u00e4miehet, Valkealan Kennelyhdistys<\/p>\n\n\n\n<hr class=\"wp-block-separator has-text-color has-white-color has-alpha-channel-opacity has-white-background-color has-background\"\/>\n\n\n\n<h3 class=\"wp-block-heading\">Tiedustelut<\/h3>\n\n\n\n<p><strong>Ilmoittautumisia koskevat tiedustelut<\/strong><br>Showlink Oy, arkisin klo 11\u201317 puh. (09) 8873 0320<br>tai email: info@showlink.fi<br><em>Mainitsethan tiedustelussasi \/ s\u00e4hk\u00f6postissasi n\u00e4yttelyn sek\u00e4 koiran rekisterinumeron, jota tiedustelu koskee.<\/em><\/p>\n\n\n\n<p><strong>Muut tiedustelut \/ Information in English<\/strong><br>Virpi Lepp\u00e4l\u00e4<br>kouvolankoiranayttely26@gmail.com<\/p>\n\n\n\n<p><strong>Keh\u00e4toimitsijat<\/strong><br>Piritta Ker\u00e4nen<br>kouvolankoiranayttely26@gmail.com&nbsp;<\/p>\n\n\n\n<p><strong>Myyntipaikat<\/strong><br>Pasi Omenainen<br>pasi.omenainen@gmail.com<\/p>\n\n\n\n<p><\/p>\n","protected":false},"excerpt":{"rendered":"<p>Kaikkien rotujen n\u00e4yttely Kouvolan raviradalla 15.8.2026 Samana viikonloppuna j\u00e4rjestet\u00e4\u00e4n Heinolassa kaikkien rotujen koiran\u00e4yttely HEINOLA KR 16.8.2026 N\u00e4yttelyss\u00e4 arvostellaan kaikki rodut FCI:n ryhmist\u00e4 1\u201310.My\u00f6s pennut (7 kk \u2013 alle 9 kk) ja Junior Handler -kilpailu. N\u00e4yttelypaikkaKouvolan ravirataOsoite: Hevosmiehentie 1, 45100 Kouvola J\u00e4rjest\u00e4j\u00e4t: Kouvolan Seudun Seurakoirakerho, Kouvolan Er\u00e4miehet, Valkealan Kennelyhdistys Tiedustelut Ilmoittautumisia koskevat tiedustelutShowlink Oy, arkisin klo <a href=\"https:\/\/www.showlink.fi\/shows\/KouvolaKR2026\/\" class=\"more-link\">...jatka lukemista<span class=\"screen-reader-text\"> \"Tervetuloa Kouvolaan!\"<\/span><\/a><\/p>\n","protected":false},"author":1,"featured_media":0,"parent":0,"menu_order":0,"comment_status":"closed","ping_status":"closed","template":"","meta":{"footnotes":""},"class_list":["post-37","page","type-page","status-publish","h-entry","hentry","h-as-page"],"_links":{"self":[{"href":"https:\/\/www.showlink.fi\/shows\/KouvolaKR2026\/wp-json\/wp\/v2\/pages\/37","targetHints":{"allow":["GET"]}}],"collection":[{"href":"https:\/\/www.showlink.fi\/shows\/KouvolaKR2026\/wp-json\/wp\/v2\/pages"}],"about":[{"href":"https:\/\/www.showlink.fi\/shows\/KouvolaKR2026\/wp-json\/wp\/v2\/types\/page"}],"author":[{"embeddable":true,"href":"https:\/\/www.showlink.fi\/shows\/KouvolaKR2026\/wp-json\/wp\/v2\/users\/1"}],"replies":[{"embeddable":true,"href":"https:\/\/www.showlink.fi\/shows\/KouvolaKR2026\/wp-json\/wp\/v2\/comments?post=37"}],"version-history":[{"count":81,"href":"https:\/\/www.showlink.fi\/shows\/KouvolaKR2026\/wp-json\/wp\/v2\/pages\/37\/revisions"}],"predecessor-version":[{"id":531,"href":"https:\/\/www.showlink.fi\/shows\/KouvolaKR2026\/wp-json\/wp\/v2\/pages\/37\/revisions\/531"}],"wp:attachment":[{"href":"https:\/\/www.showlink.fi\/shows\/KouvolaKR2026\/wp-json\/wp\/v2\/media?parent=37"}],"curies":[{"name":"wp","href":"https:\/\/api.w.org\/{rel}","templated":true}]}}