{"id":8,"date":"2019-11-27T10:40:32","date_gmt":"2019-11-27T08:40:32","guid":{"rendered":"https:\/\/www.showlink.fi\/shows\/hyvinkaanord2020malli1\/?page_id=8"},"modified":"2026-02-17T12:37:17","modified_gmt":"2026-02-17T10:37:17","slug":"tuomarit","status":"publish","type":"page","link":"https:\/\/www.showlink.fi\/shows\/KouvolaKR2026\/tuomarit\/","title":{"rendered":"Tuomarit"},"content":{"rendered":"\n<p><strong>Ryhm\u00e4 1<\/strong><br>bordercollie, shetlanninlammaskoira <strong>Helina Simberg<\/strong>, Viro<br>bouvier, kroatianpaimenkoira, lancashirenkarjakoira, picardienpaimenkoira, pitk\u00e4karvainen collie, saarlooswolfhond, sile\u00e4karvainen collie, welsh corgit <strong>Kristel Ratnik-Soosaar<\/strong>, Viro<br>abruzzese maremmano, ardennienkarjakoira, australian t\u00f6p\u00f6h\u00e4nt\u00e4inen karjakoira, australiankarjakoira, australiankelpie, australianpaimenkoira, beaucenpaimenkoira \/ beauceron, belgianpaimenkoirat, bergamonpaimenkoira, brienpaimenkoira \/ briardi, ceskoslovensky vlciak, etel\u00e4ven\u00e4j\u00e4nkoira, hollanninpaimenkoirat, it\u00e4euroopanpaimenkoira, karpaattienkoira, katalonianpaimenkoira, komondor, kuvasz, lyhytkarvainen pyreneittenpaimenkoira, mallorcanpaimenkoira, medimurjenkoira, mudi, owczarek podhalanski, partacollie, pieniamerikanpaimenkoira, pitk\u00e4karvainen pyreneittenpaimenkoira, polski owczarek nizinny, pulit, pumi, romanianpaimenkoira, saksanpaimenkoirat, schapendoes, schipperke, serra de airesinpaimenkoira, slovakiancuvac, tsekinpaimenkoira, valkoinenpaimenkoira, vanhaenglanninlammaskoira <strong>Marjatta Pylv\u00e4n\u00e4inen-Suorsa<\/strong><br><br><strong>Ryhm\u00e4 2<\/strong><br>tanskalais-ruotsalainen pihakoira <strong>Helle Bekker<\/strong>, Tanska<br>k\u00e4\u00e4pi\u00f6snautserit, mallorcandoggi, musta romanianvuoristokoira, snautserit, suursnautserit <strong>Kristel Ratnik-Soosaar<\/strong>, Viro<br>aidi, bordeauxindoggi, broholminkoira, castro laboreironkoira, dogo argentino, espanjanmastiffi, estrelanvuoristokoirat, keskiaasiankoira, leonberginkoira, mastiffi, pyreneittenmastiffi, rottweiler, sarplaninac, shar pei <strong>Sanna Roste-Torniainen<\/strong><br>appenzellinpaimenkoira, berninpaimenkoira, entlebuchinpaimenkoira, isosveitsinpaimenkoira, k\u00e4\u00e4pi\u00f6pinseri <strong>Teija Salmi-Aalto<\/strong><br>alentejonkoira, apinapinseri, bernhardinkoirat, bokseri, bukovinankoira, bullmastiffi, cane corso, continental bulldog, dobermanni, englanninbulldoggi, fila brasileiro, hollanninrottakoira, hovawart, it\u00e4vallanpinseri, kanariandoggi, kangalinkoira, karstinpaimenkoira, kaukasiankoira, landseer, napolinmastiffi, newfoundlandinkoira, pinseri, pyreneittenkoira, sao miguelinfila, tanskandoggit, tiibetinmastiffi, tornjak, tosa, transmontano mastiff, uruguayncimarron, ven\u00e4j\u00e4nmustaterrieri <strong>Trond Are Karlsen<\/strong>, Norja<br><br><strong>Ryhm\u00e4 3<\/strong><br>amerikanstaffordshirenterrieri, biewerterrieri, brasilianterrieri, bullterrieri, ceskyterrieri, englannink\u00e4\u00e4pi\u00f6terrieri, kerrynterrieri, k\u00e4\u00e4pi\u00f6bullterrieri, manchesterinterrieri, norfolkinterrieri, norwichinterrieri, silkkiterrieri, staffordshirenbullterrieri, tenterfieldinterrieri, valencianrottaterrieri, valkoinen l\u00e4nsiyl\u00e4maanterrieri, vehn\u00e4terrieri <strong>Aleksandra Palumbo<\/strong>, Ruotsi<br>yorkshirenterrieri <strong>Helle Bekker<\/strong>, Tanska<br>airedalenterrieri, amerikankarvatonterrieri, amerikank\u00e4\u00e4pi\u00f6kettuterrieri, amerikanrottaterrieri, andalusianrottakoira, australianterrieri, bedlingtoninterrieri, borderterrieri, cairnterrieri, dandiedinmontinterrieri, glen of imaalinterrieri, irlanninterrieri, jackrussellinterrieri, japaninterrieri, karkeakarvainen kettuterrieri, lakelandinterrieri, parsonrussellinterrieri, saksanmets\u00e4stysterrieri, sealyhaminterrieri, sile\u00e4karvainen kettuterrieri, skotlanninterrieri, skyenterrieri, walesinterrieri <strong>P\u00e4ivi Eerola<\/strong><br><br><strong>Ryhm\u00e4 4<\/strong><br>kaikki rodut <strong>Yvonne Jaussi<\/strong>, Sveitsi<br><br><strong>Ryhm\u00e4 5<\/strong><br>perunkarvatonkoirat, grosspitzit, keeshond, kleinspitzit, mittelspitzit, pomeranian, shiba, siperianhusky <strong>Erika H\u00e4kkinen<\/strong><br>suomenpystykorva <strong>Marjatta Pylv\u00e4n\u00e4inen-Suorsa<\/strong><br>akita, alaskanmalamuutti, american eskimo dog, basenji, chow chow, etnankoira, faaraokoira, j\u00e4mtlanninpystykorva, karjalankarhukoira, lapinporokoira, l\u00e4nsig\u00f6\u00f6tanmaanpystykorva, pohjanpystykorva, suomenlapinkoira <strong>Matti Tuominen<\/strong><br>amerikanakita, eurasier, hokkaidonkoira, h\u00e4lleforsinkoira, ibizanpodencot, islanninlammaskoira, it\u00e4siperianlaika, japaninpystykorva, kaanaankoira, kainkoira, kanadaneskimokoira, kanarianpodenco, kintamani-balinkoira, kishunkoira, koreanjindonkoira, lunnikoira, l\u00e4nsisiperianlaika, meksikonkarvatonkoirat, musta norjanhirvikoira, musta tanskanpystykorva, portugalinpodengot, ruotsinlapinkoira, samojedinkoira, shikokunkoira, taiwaninkoira, tanskanpystykorva, thai ridgeback, thaimaanpystykorva, valkoinen ruotsinhirvikoira, ven\u00e4l\u00e4is-eurooppalainen laika <strong>Rune Tyvold<\/strong>, Norja<br>buhund, gr\u00f6nlanninkoira, jakutianlaika, volpino italiano <strong>Sanna Vakkilainen<\/strong><br>harmaa norjanhirvikoira <strong>Trond Are Karlsen<\/strong>, Norja<br><br><strong>Ryhm\u00e4 6<\/strong><br>alppienajokoira, amerikankettukoira, anglo-francais de petite v\u00e9nerie, ariegeois, baijerinvuoristovihikoira, basset art\u00e9sien normand, basset hound, beagle, beagle harrier, billy, bluetick coonhound, brasilianajokoira, bretagnenbassetti, briquet griffon vend\u00e9en, chien d\u00b4artois, dalmatiankoira, eestinajokoira, englanninkettukoira, englantilais-ven\u00e4l\u00e4inen ajokoira, francais blanc et noir, francais blanc et orange, francais tricolore, gascognenbassetti, gascogne-saintongenajokoira, gotlanninajokoira, grand anglo-francais blanc et noir, grand anglo-francais blanc et orange, grand anglo-francais tricolore, grand basset griffon vend\u00e9en, grand griffon vend\u00e9en, griffon bleu de gascogne, griffon fauve de bretagne, griffon nivernais, haldeninajokoira, hamiltoninajokoira, hannoverinvihikoira, harrieri, hygeninajokoira, iso gascognenajokoira, it\u00e4vallanajokoira, karkeakarvainen bosnianajokoira\/ barak, karkeakarvainen istrianajokoira, karkeakarvainen italianajokoira, karkeakarvainen steierinajokoira, kolmiv\u00e4rinen serbianajokoira, kreikanajokoira, lyhytkarvainen istrianajokoira, lyhytkarvainen italianajokoira, maremmanajokoira, montenegronajokoira, pesukarhukoira, petit basset griffon vend\u00e9en, pieni gascognenajokoira, pienisveitsinajokoira, pieniberninajokoira, pienisveitsinajokoira, pienijuranajokoira, pienisveitsinajokoira, pieniluzerninajokoira, pienisveitsinajokoira, pienischwyzinajokoira, plottinajokoira, poitevin, porcelaine, posavinanajokoira, puolanajokoira, puolanjahtikoira, rhodesiankoira, sabueso espanol, saksanajokoira, saukkokoira, schillerinajokoira, slovakianajokoira, sveitsinajokoira, berninajokoira, sveitsinajokoira, juranajokoira, sveitsinajokoira, luzerninajokoira, sveitsinajokoira, schwyzinajokoira, ven\u00e4j\u00e4najokoira <strong>Astrid Lundava<\/strong>, Viro<br>suomenajokoira <strong>Matti Tuominen<\/strong><br>dreeveri, dunkerinajokoira, smoolanninajokoira, srpski gonic, tiroler bracke, unkarinajokoira, walkerinpesukarhukoira, westf\u00e4lische dachsbracke, vihikoira <strong>Rune Tyvold<\/strong>, Norja<br><br><strong>Ryhm\u00e4 7<\/strong><br>kaikki rodut <strong>Kristin Kerem<\/strong>, Viro<br><br><strong>Ryhm\u00e4 8<\/strong><br>amerikancockerspanieli, barbet, clumberinspanieli, cockerspanieli, espanjanvesikoira, fieldspanieli, friisinvesikoira, irlanninvesispanieli, kiharakarvainen noutaja, kooikerhondje, labradorinnoutaja, novascotiannoutaja, sussexinspanieli, ven\u00e4j\u00e4nspanieli, viiri\u00e4iskoira <strong>Domenico Di Matteo<\/strong>,<br>englanninspringerspanieli, lagotto romagnolo, walesinspringerspanieli <strong>Helle Bekker<\/strong>, Tanska<br>amerikanvesispanieli, chesapeakelahdennoutaja, kultainennoutaja, sile\u00e4karvainen noutaja <strong>Sanna Vakkilainen<\/strong><br>portugalinvesikoira, puolanmets\u00e4stysspanieli <strong>Tanya Ahlman-Stockmari<\/strong><br><br><strong>Ryhm\u00e4 9<\/strong><br>cavalier kingcharlesinspanieli, havannankoira, kiinanharjakoira, kingcharlesinspanieli, mopsi, ranskanbulldoggi, shih tzu, tiibetinterrieri, ven\u00e4j\u00e4nbolonka <strong>Helina Simberg<\/strong>, Viro<br>bichon fris\u00e9, bolognese, bostoninterrieri, chihuahuat, coton de tul\u00e9ar, griffon belge, griffon bruxellois, japanese chin, papillon, petit brabancon, phal\u00e8ne, prahanrottakoira, tiibetinspanieli, ven\u00e4j\u00e4ntoyt <strong>Helle Bekker<\/strong>, Tanska<br>kromfohrl\u00e4nder, villakoirat <strong>Matti Tuominen<\/strong><br>kiinanpalatsikoira\/pekingeesi, lhasa apso, l\u00f6wchen, maltankoira, markiesje <strong>Yvonne Jaussi<\/strong>, Sveitsi<br><br><strong>Ryhm\u00e4 10<\/strong><br>espanjanvinttikoira, puolanvinttikoira, saluki, unkarinvinttikoira <strong>Erika H\u00e4kkinen<\/strong><br>afgaaninvinttikoira, azawakh, irlanninsusikoira, sloughi, tazi <strong>Helina Simberg<\/strong>, Viro<br>englanninvinttikoira, italianvinttikoira, skotlanninhirvikoira, ven\u00e4j\u00e4nvinttikoira, whippet <strong>Tanya Ahlman-Stockmari<\/strong><\/p>\n\n\n\n<p>Junior Handler <strong>Marie L\u00f6nnroos<\/strong><\/p>\n\n\n\n<h3 class=\"wp-block-heading\">Ryhm\u00e4kilpailut<\/h3>\n\n\n\n<p>1<strong> Marjatta Pylv\u00e4n\u00e4inen-Suorsa<\/strong><br>2<strong> Trond Are Karlsen<\/strong><br>3<strong> P\u00e4ivi Eerola<\/strong><br>4<strong> Yvonne Jaussi<\/strong><br>5<strong> Rune Tyvold<\/strong><br>6<strong> Astrid Lundava<\/strong><br>7<strong> Kristin Kerem<\/strong><br>8<strong> Domenico Di Matteo<\/strong><br>9<strong> Helle Bekker<\/strong><br>10<strong> Erika H\u00e4kkinen<\/strong><br><br>Paras juniori <strong>Marjatta Pylv\u00e4n\u00e4inen-Suorsa<\/strong><br>Paras veteraani <strong>Astrid Lundava<\/strong><br>Paras kasvattajaryhm\u00e4 <strong>Helina Simberg<\/strong><br>Kaunein kotimainen rotu <strong>Matti Tuominen<\/strong><br><br>Best in Show<strong> Tanya Ahlman-Stockmari<\/strong><\/p>\n\n\n\n<p><\/p>\n","protected":false},"excerpt":{"rendered":"<p>Ryhm\u00e4 1bordercollie, shetlanninlammaskoira Helina Simberg, Virobouvier, kroatianpaimenkoira, lancashirenkarjakoira, picardienpaimenkoira, pitk\u00e4karvainen collie, saarlooswolfhond, sile\u00e4karvainen collie, welsh corgit Kristel Ratnik-Soosaar, Viroabruzzese maremmano, ardennienkarjakoira, australian t\u00f6p\u00f6h\u00e4nt\u00e4inen karjakoira, australiankarjakoira, australiankelpie, australianpaimenkoira, beaucenpaimenkoira \/ beauceron, belgianpaimenkoirat, bergamonpaimenkoira, brienpaimenkoira \/ briardi, ceskoslovensky vlciak, etel\u00e4ven\u00e4j\u00e4nkoira, hollanninpaimenkoirat, it\u00e4euroopanpaimenkoira, karpaattienkoira, katalonianpaimenkoira, komondor, kuvasz, lyhytkarvainen pyreneittenpaimenkoira, mallorcanpaimenkoira, medimurjenkoira, mudi, owczarek podhalanski, partacollie, pieniamerikanpaimenkoira, pitk\u00e4karvainen pyreneittenpaimenkoira, <a href=\"https:\/\/www.showlink.fi\/shows\/KouvolaKR2026\/tuomarit\/\" class=\"more-link\">...jatka lukemista<span class=\"screen-reader-text\"> \"Tuomarit\"<\/span><\/a><\/p>\n","protected":false},"author":1,"featured_media":0,"parent":0,"menu_order":3,"comment_status":"closed","ping_status":"closed","template":"page-templates\/full-width.php","meta":{"footnotes":""},"class_list":["post-8","page","type-page","status-publish","h-entry","hentry","h-as-page"],"_links":{"self":[{"href":"https:\/\/www.showlink.fi\/shows\/KouvolaKR2026\/wp-json\/wp\/v2\/pages\/8","targetHints":{"allow":["GET"]}}],"collection":[{"href":"https:\/\/www.showlink.fi\/shows\/KouvolaKR2026\/wp-json\/wp\/v2\/pages"}],"about":[{"href":"https:\/\/www.showlink.fi\/shows\/KouvolaKR2026\/wp-json\/wp\/v2\/types\/page"}],"author":[{"embeddable":true,"href":"https:\/\/www.showlink.fi\/shows\/KouvolaKR2026\/wp-json\/wp\/v2\/users\/1"}],"replies":[{"embeddable":true,"href":"https:\/\/www.showlink.fi\/shows\/KouvolaKR2026\/wp-json\/wp\/v2\/comments?post=8"}],"version-history":[{"count":27,"href":"https:\/\/www.showlink.fi\/shows\/KouvolaKR2026\/wp-json\/wp\/v2\/pages\/8\/revisions"}],"predecessor-version":[{"id":511,"href":"https:\/\/www.showlink.fi\/shows\/KouvolaKR2026\/wp-json\/wp\/v2\/pages\/8\/revisions\/511"}],"wp:attachment":[{"href":"https:\/\/www.showlink.fi\/shows\/KouvolaKR2026\/wp-json\/wp\/v2\/media?parent=8"}],"curies":[{"name":"wp","href":"https:\/\/api.w.org\/{rel}","templated":true}]}}