{"id":12,"date":"2018-01-19T10:11:07","date_gmt":"2018-01-19T08:11:07","guid":{"rendered":"http:\/\/www.showlink.fi\/shows\/sauvorn2018\/?page_id=12"},"modified":"2026-01-20T14:02:57","modified_gmt":"2026-01-20T12:02:57","slug":"tuomarit","status":"publish","type":"page","link":"https:\/\/www.showlink.fi\/shows\/KouvolaRN_020526\/tuomarit\/","title":{"rendered":"Tuomarit"},"content":{"rendered":"\n<p><strong>Ryhm\u00e4 5<\/strong><br><em>Varalla kaikille ryhm\u00e4 5 roduille\u00a0<strong>Pirjo Aaltonen<\/strong><\/em><br>buhund, gr\u00f6nlanninkoira, harmaa norjanhirvikoira, ibizanpodencot, j\u00e4mtlanninpystykorva, kanarianpodenco, karjalankarhukoira, lunnikoira, meksikonkarvatonkoirat, musta norjanhirvikoira, perunkarvatonkoirat, pohjanpystykorva, portugalinpodengot, suomenpystykorva, taiwaninkoira, tanskanpystykorva, thai ridgeback, thaimaanpystykorva, valkoinen ruotsinhirvikoira, ven\u00e4l\u00e4is-eurooppalainen laika, volpino italiano\u00a0<strong>Auli Haapiainen-Liikanen<\/strong><br>akita, alaskanmalamuutti, american eskimo dog, amerikanakita, chow chow, etnankoira, eurasier, faaraokoira, hokkaidonkoira, h\u00e4lleforsinkoira, islanninlammaskoira, jakutianlaika, japaninpystykorva, kaanaankoira, kainkoira, kanadaneskimokoira, kintamani-balinkoira, kishunkoira, koreanjindonkoira, lapinporokoira, ruotsinlapinkoira, grosspitzit, keeshond, kleinspitzit, mittelspitzit, pomeranian, samojedinkoira, shiba, shikokunkoira, siperianhusky, suomenlapinkoira\u00a0<strong>Erika H\u00e4kkinen<\/strong><br>basenji, it\u00e4siperianlaika, l\u00e4nsig\u00f6\u00f6tanmaanpystykorva, l\u00e4nsisiperianlaika, musta tanskanpystykorva\u00a0<strong>Pirjo Aaltonen<\/strong><\/p>\n\n\n\n<p><strong>Ryhm\u00e4 6<\/strong><br><em>Varalla kaikille ryhm\u00e4 6 roduille\u00a0<strong>Auli Haapiainen-Liikanen<\/strong><\/em><br>kaikki rodut\u00a0<strong>Jari Fors<\/strong><\/p>\n\n\n\n<p><strong>Ryhm\u00e4 7<\/strong><br><em>Varalla kaikille ryhm\u00e4 7 roduille\u00a0<strong>Pirjo Aaltonen<\/strong><\/em><br>bourbonnaisinseisoja, bretoni, isom\u00fcnsterinseisoja, pienim\u00fcnsterinseisoja, pointteri, spinone, stabijhoun, weimarinseisojat\u00a0<strong>Pirjo Aaltonen<\/strong><br>muut\u00a0<strong>Tiina Eskelinen<\/strong><\/p>\n\n\n\n<p><strong>Ryhm\u00e4 8<\/strong><br><em>Varalla kaikille ryhm\u00e4 8 roduille\u00a0<strong>Pirjo Aaltonen<\/strong><\/em><br>kultainennoutaja, labradorinnoutaja, sile\u00e4karvainen noutaja, walesinspringerspanieli, ven\u00e4j\u00e4nspanieli, viiri\u00e4iskoira\u00a0<strong>Kirsi Nieminen<\/strong><br>amerikanvesispanieli, barbet, chesapeakelahdennoutaja, clumberinspanieli, fieldspanieli, friisinvesikoira, irlanninvesispanieli, kiharakarvainen noutaja, kooikerhondje, novascotiannoutaja, puolanmets\u00e4stysspanieli, sussexinspanieli\u00a0<strong>Lotta Vuorinen<\/strong><br>amerikancockerspanieli, cockerspanieli, englanninspringerspanieli, espanjanvesikoira, lagotto romagnolo, portugalinvesikoira\u00a0<strong>Pirjo Aaltonen<\/strong><\/p>\n\n\n\n<p><strong>Ryhm\u00e4kilpailut<\/strong><br>FCI 5<strong>\u00a0Erika H\u00e4kkinen<\/strong><br>FCI 6<strong>\u00a0Jari Fors<\/strong><br>FCI 7<strong>\u00a0Tiina Eskelinen<\/strong><br>FCI 8<strong>\u00a0Kirsi Nieminen<\/strong><br><br>Paras juniori\u00a0<strong>Erika H\u00e4kkinen<\/strong><br>Paras veteraani\u00a0<strong>Kirsi Nieminen<\/strong><br>Paras kasvattajaryhm\u00e4\u00a0<strong>Jari Fors<\/strong><br>Best in Show<strong>\u00a0Pirjo Aaltonen<\/strong><\/p>\n","protected":false},"excerpt":{"rendered":"<p>Ryhm\u00e4 5Varalla kaikille ryhm\u00e4 5 roduille\u00a0Pirjo Aaltonenbuhund, gr\u00f6nlanninkoira, harmaa norjanhirvikoira, ibizanpodencot, j\u00e4mtlanninpystykorva, kanarianpodenco, karjalankarhukoira, lunnikoira, meksikonkarvatonkoirat, musta norjanhirvikoira, perunkarvatonkoirat, pohjanpystykorva, portugalinpodengot, suomenpystykorva, taiwaninkoira, tanskanpystykorva, thai ridgeback, thaimaanpystykorva, valkoinen ruotsinhirvikoira, ven\u00e4l\u00e4is-eurooppalainen laika, volpino italiano\u00a0Auli Haapiainen-Liikanenakita, alaskanmalamuutti, american eskimo dog, amerikanakita, chow chow, etnankoira, eurasier, faaraokoira, hokkaidonkoira, h\u00e4lleforsinkoira, islanninlammaskoira, jakutianlaika, japaninpystykorva, kaanaankoira, kainkoira, kanadaneskimokoira, kintamani-balinkoira, kishunkoira, koreanjindonkoira, <a href=\"https:\/\/www.showlink.fi\/shows\/KouvolaRN_020526\/tuomarit\/\" class=\"more-link\">...jatka lukemista<span class=\"screen-reader-text\"> \"Tuomarit\"<\/span><\/a><\/p>\n","protected":false},"author":1,"featured_media":0,"parent":0,"menu_order":0,"comment_status":"closed","ping_status":"closed","template":"","meta":{"footnotes":""},"class_list":["post-12","page","type-page","status-publish","h-entry","hentry","h-as-page"],"_links":{"self":[{"href":"https:\/\/www.showlink.fi\/shows\/KouvolaRN_020526\/wp-json\/wp\/v2\/pages\/12","targetHints":{"allow":["GET"]}}],"collection":[{"href":"https:\/\/www.showlink.fi\/shows\/KouvolaRN_020526\/wp-json\/wp\/v2\/pages"}],"about":[{"href":"https:\/\/www.showlink.fi\/shows\/KouvolaRN_020526\/wp-json\/wp\/v2\/types\/page"}],"author":[{"embeddable":true,"href":"https:\/\/www.showlink.fi\/shows\/KouvolaRN_020526\/wp-json\/wp\/v2\/users\/1"}],"replies":[{"embeddable":true,"href":"https:\/\/www.showlink.fi\/shows\/KouvolaRN_020526\/wp-json\/wp\/v2\/comments?post=12"}],"version-history":[{"count":8,"href":"https:\/\/www.showlink.fi\/shows\/KouvolaRN_020526\/wp-json\/wp\/v2\/pages\/12\/revisions"}],"predecessor-version":[{"id":186,"href":"https:\/\/www.showlink.fi\/shows\/KouvolaRN_020526\/wp-json\/wp\/v2\/pages\/12\/revisions\/186"}],"wp:attachment":[{"href":"https:\/\/www.showlink.fi\/shows\/KouvolaRN_020526\/wp-json\/wp\/v2\/media?parent=12"}],"curies":[{"name":"wp","href":"https:\/\/api.w.org\/{rel}","templated":true}]}}