{"id":16,"date":"2018-01-19T10:11:29","date_gmt":"2018-01-19T08:11:29","guid":{"rendered":"http:\/\/www.showlink.fi\/shows\/sauvorn2018\/?page_id=16"},"modified":"2026-01-20T14:09:06","modified_gmt":"2026-01-20T12:09:06","slug":"aikataulut","status":"publish","type":"page","link":"https:\/\/www.showlink.fi\/shows\/KouvolaRN_020526\/aikataulut\/","title":{"rendered":"Aikataulut"},"content":{"rendered":"\n<p><em>Aikataulut julkaistaan noin viikkoa ennen n\u00e4yttely\u00e4.<\/em><\/p>\n\n\n\n<p>Numerolappu ja aikataulukirje toimitetaan n\u00e4ytteilleasettajille<strong>\u00a0<\/strong>ainoastaan s\u00e4hk\u00f6isesti.<strong><br><\/strong>N\u00e4yttelypostia\u00a0ei l\u00e4hetet\u00e4 postitse.<\/p>\n","protected":false},"excerpt":{"rendered":"<p>Aikataulut julkaistaan noin viikkoa ennen n\u00e4yttely\u00e4. Numerolappu ja aikataulukirje toimitetaan n\u00e4ytteilleasettajille\u00a0ainoastaan s\u00e4hk\u00f6isesti.N\u00e4yttelypostia\u00a0ei l\u00e4hetet\u00e4 postitse.<\/p>\n","protected":false},"author":1,"featured_media":0,"parent":0,"menu_order":5,"comment_status":"closed","ping_status":"closed","template":"","meta":{"footnotes":""},"class_list":["post-16","page","type-page","status-publish","h-entry","hentry","h-as-page"],"_links":{"self":[{"href":"https:\/\/www.showlink.fi\/shows\/KouvolaRN_020526\/wp-json\/wp\/v2\/pages\/16","targetHints":{"allow":["GET"]}}],"collection":[{"href":"https:\/\/www.showlink.fi\/shows\/KouvolaRN_020526\/wp-json\/wp\/v2\/pages"}],"about":[{"href":"https:\/\/www.showlink.fi\/shows\/KouvolaRN_020526\/wp-json\/wp\/v2\/types\/page"}],"author":[{"embeddable":true,"href":"https:\/\/www.showlink.fi\/shows\/KouvolaRN_020526\/wp-json\/wp\/v2\/users\/1"}],"replies":[{"embeddable":true,"href":"https:\/\/www.showlink.fi\/shows\/KouvolaRN_020526\/wp-json\/wp\/v2\/comments?post=16"}],"version-history":[{"count":16,"href":"https:\/\/www.showlink.fi\/shows\/KouvolaRN_020526\/wp-json\/wp\/v2\/pages\/16\/revisions"}],"predecessor-version":[{"id":189,"href":"https:\/\/www.showlink.fi\/shows\/KouvolaRN_020526\/wp-json\/wp\/v2\/pages\/16\/revisions\/189"}],"wp:attachment":[{"href":"https:\/\/www.showlink.fi\/shows\/KouvolaRN_020526\/wp-json\/wp\/v2\/media?parent=16"}],"curies":[{"name":"wp","href":"https:\/\/api.w.org\/{rel}","templated":true}]}}