{"id":18,"date":"2018-01-19T10:11:38","date_gmt":"2018-01-19T08:11:38","guid":{"rendered":"http:\/\/www.showlink.fi\/shows\/sauvorn2018\/?page_id=18"},"modified":"2026-01-20T14:09:55","modified_gmt":"2026-01-20T12:09:55","slug":"tulokset","status":"publish","type":"page","link":"https:\/\/www.showlink.fi\/shows\/KouvolaRN_020526\/tulokset\/","title":{"rendered":"Tulokset"},"content":{"rendered":"\n<p>N\u00e4yttelyss\u00e4mme on k\u00e4yt\u00f6ss\u00e4 online-tulospalvelu. Tulokset tallennetaan suoraan kehist\u00e4.<\/p>\n\n\n\n<p><strong>\u00bb <em>Siirry n\u00e4yttelyn tuloksiin<\/em><\/strong><\/p>\n\n\n\n<p>Jalostustietoj\u00e4rjestelm\u00e4\u00e4n tulokset p\u00e4ivittyv\u00e4t n\u00e4yttelyn p\u00e4\u00e4tytty\u00e4. <\/p>\n","protected":false},"excerpt":{"rendered":"<p>N\u00e4yttelyss\u00e4mme on k\u00e4yt\u00f6ss\u00e4 online-tulospalvelu. Tulokset tallennetaan suoraan kehist\u00e4. \u00bb Siirry n\u00e4yttelyn tuloksiin Jalostustietoj\u00e4rjestelm\u00e4\u00e4n tulokset p\u00e4ivittyv\u00e4t n\u00e4yttelyn p\u00e4\u00e4tytty\u00e4.<\/p>\n","protected":false},"author":1,"featured_media":0,"parent":0,"menu_order":6,"comment_status":"closed","ping_status":"closed","template":"","meta":{"footnotes":""},"class_list":["post-18","page","type-page","status-publish","h-entry","hentry","h-as-page"],"_links":{"self":[{"href":"https:\/\/www.showlink.fi\/shows\/KouvolaRN_020526\/wp-json\/wp\/v2\/pages\/18","targetHints":{"allow":["GET"]}}],"collection":[{"href":"https:\/\/www.showlink.fi\/shows\/KouvolaRN_020526\/wp-json\/wp\/v2\/pages"}],"about":[{"href":"https:\/\/www.showlink.fi\/shows\/KouvolaRN_020526\/wp-json\/wp\/v2\/types\/page"}],"author":[{"embeddable":true,"href":"https:\/\/www.showlink.fi\/shows\/KouvolaRN_020526\/wp-json\/wp\/v2\/users\/1"}],"replies":[{"embeddable":true,"href":"https:\/\/www.showlink.fi\/shows\/KouvolaRN_020526\/wp-json\/wp\/v2\/comments?post=18"}],"version-history":[{"count":9,"href":"https:\/\/www.showlink.fi\/shows\/KouvolaRN_020526\/wp-json\/wp\/v2\/pages\/18\/revisions"}],"predecessor-version":[{"id":191,"href":"https:\/\/www.showlink.fi\/shows\/KouvolaRN_020526\/wp-json\/wp\/v2\/pages\/18\/revisions\/191"}],"wp:attachment":[{"href":"https:\/\/www.showlink.fi\/shows\/KouvolaRN_020526\/wp-json\/wp\/v2\/media?parent=18"}],"curies":[{"name":"wp","href":"https:\/\/api.w.org\/{rel}","templated":true}]}}