{"id":20,"date":"2018-01-19T10:14:54","date_gmt":"2018-01-19T08:14:54","guid":{"rendered":"http:\/\/www.showlink.fi\/shows\/sauvorn2018\/?page_id=20"},"modified":"2026-01-20T14:10:32","modified_gmt":"2026-01-20T12:10:32","slug":"etusivu","status":"publish","type":"page","link":"https:\/\/www.showlink.fi\/shows\/KouvolaRN_020526\/","title":{"rendered":"Tervetuloa ryhm\u00e4n\u00e4yttelyyn Kouvolaan 2.5.2026!"},"content":{"rendered":"\n<p><strong>Ryhm\u00e4n\u00e4yttely FCI:n ryhmille 5, 6, 7 ja 8, my\u00f6s pennut.<\/strong><br><strong>FCI 5<\/strong> \u2013 Pystykorvat ja alkukantaiset koirat<br><strong>FCI 6<\/strong> \u2013 Ajavat ja j\u00e4ljest\u00e4v\u00e4t koirat<br><strong>FCI 7<\/strong> \u2013 Seisovat lintukoirat<br><strong>FCI 8<\/strong> \u2013 Noutajat, yl\u00f6sajavat koirat ja vesikoirat<\/p>\n\n\n\n<p><strong>N\u00e4yttelypaikkana toimii<\/strong> <strong>Kallioniemen tanssilava<\/strong>.<br>Osoite: Puistolantie 1-3, 45610 Koria<\/p>\n\n\n\n<p><strong>J\u00e4rjest\u00e4j\u00e4t: <\/strong>Kymenl\u00e4\u00e4nin hirvikoirakerho ry ja Mets\u00e4styskerho Paukku ry<\/p>\n\n\n\n<hr class=\"wp-block-separator has-text-color has-alpha-channel-opacity has-background\" style=\"background-color:#ebebeb4d;color:#ebebeb4d\"\/>\n\n\n\n<h3 class=\"wp-block-heading\"><em>Tiedustelut<\/em><\/h3>\n\n\n\n<p><strong>Ilmoittautumisia ja kasvattajaryhmi\u00e4 koskevat tiedustelut <\/strong><br>Showlink Oy arkisin klo 11-17 puh. 09 887 30320 tai e-mail: info@showlink.fi<br><em>Mainitsethan tiedustelussasi n\u00e4yttelyn sek\u00e4 koiran rekisterinumeron, jota tiedustelu koskee.<\/em><\/p>\n\n\n\n<p><strong>Muut tiedustelut<\/strong><br>Piia Piiparinen<br>puh. 040 831 4848<\/p>\n","protected":false},"excerpt":{"rendered":"<p>Ryhm\u00e4n\u00e4yttely FCI:n ryhmille 5, 6, 7 ja 8, my\u00f6s pennut.FCI 5 \u2013 Pystykorvat ja alkukantaiset koiratFCI 6 \u2013 Ajavat ja j\u00e4ljest\u00e4v\u00e4t koiratFCI 7 \u2013 Seisovat lintukoiratFCI 8 \u2013 Noutajat, yl\u00f6sajavat koirat ja vesikoirat N\u00e4yttelypaikkana toimii Kallioniemen tanssilava.Osoite: Puistolantie 1-3, 45610 Koria J\u00e4rjest\u00e4j\u00e4t: Kymenl\u00e4\u00e4nin hirvikoirakerho ry ja Mets\u00e4styskerho Paukku ry Tiedustelut Ilmoittautumisia ja kasvattajaryhmi\u00e4 koskevat tiedustelut <a href=\"https:\/\/www.showlink.fi\/shows\/KouvolaRN_020526\/\" class=\"more-link\">...jatka lukemista<span class=\"screen-reader-text\"> \"Tervetuloa ryhm\u00e4n\u00e4yttelyyn Kouvolaan 2.5.2026!\"<\/span><\/a><\/p>\n","protected":false},"author":1,"featured_media":0,"parent":0,"menu_order":0,"comment_status":"closed","ping_status":"closed","template":"","meta":{"footnotes":""},"class_list":["post-20","page","type-page","status-publish","h-entry","hentry","h-as-page"],"_links":{"self":[{"href":"https:\/\/www.showlink.fi\/shows\/KouvolaRN_020526\/wp-json\/wp\/v2\/pages\/20","targetHints":{"allow":["GET"]}}],"collection":[{"href":"https:\/\/www.showlink.fi\/shows\/KouvolaRN_020526\/wp-json\/wp\/v2\/pages"}],"about":[{"href":"https:\/\/www.showlink.fi\/shows\/KouvolaRN_020526\/wp-json\/wp\/v2\/types\/page"}],"author":[{"embeddable":true,"href":"https:\/\/www.showlink.fi\/shows\/KouvolaRN_020526\/wp-json\/wp\/v2\/users\/1"}],"replies":[{"embeddable":true,"href":"https:\/\/www.showlink.fi\/shows\/KouvolaRN_020526\/wp-json\/wp\/v2\/comments?post=20"}],"version-history":[{"count":37,"href":"https:\/\/www.showlink.fi\/shows\/KouvolaRN_020526\/wp-json\/wp\/v2\/pages\/20\/revisions"}],"predecessor-version":[{"id":192,"href":"https:\/\/www.showlink.fi\/shows\/KouvolaRN_020526\/wp-json\/wp\/v2\/pages\/20\/revisions\/192"}],"wp:attachment":[{"href":"https:\/\/www.showlink.fi\/shows\/KouvolaRN_020526\/wp-json\/wp\/v2\/media?parent=20"}],"curies":[{"name":"wp","href":"https:\/\/api.w.org\/{rel}","templated":true}]}}