{"id":6,"date":"2022-03-16T08:23:52","date_gmt":"2022-03-16T06:23:52","guid":{"rendered":"https:\/\/www.showlink.fi\/shows\/lkc2023luonnosluonnosvedos\/?page_id=6"},"modified":"2025-03-31T12:14:22","modified_gmt":"2025-03-31T09:14:22","slug":"tervetuloa-lahteen","status":"publish","type":"page","link":"https:\/\/www.showlink.fi\/shows\/LKC_SummerShow_2025\/","title":{"rendered":"Ladies Summer Shows 2025"},"content":{"rendered":"\n<hr class=\"wp-block-separator has-text-color has-alpha-channel-opacity has-background\" style=\"background-color:#c395a717;color:#c395a717\"\/>\n\n\n\n<p>Ladies Kennel Club j\u00e4rjest\u00e4\u00e4 24.5.2025 Ladies Summer Show -ryhm\u00e4n\u00e4yttelyn ja 25.5.2025 Ladies Summer Puppy Show -pentun\u00e4yttelyn.<\/p>\n\n\n\n<p><strong>N\u00e4yttely on hyv\u00e4ntekev\u00e4isyysn\u00e4yttely.<\/strong> Lahjoituskohde on <strong><a href=\"https:\/\/pelastuskoiraliitto.fi\/\"><mark style=\"background-color:rgba(0, 0, 0, 0);color:#a9778b\" class=\"has-inline-color\">Suomen Pelastuskoiraliitto<\/mark><\/a><\/strong>.<br>Pelastuskoiraliitto kouluttaa koirakkoja toimimaan viranomaisten apuna erilaisissa etsint\u00e4- ja pelastusteht\u00e4viss\u00e4.<\/p>\n\n\n\n<p>N\u00e4yttelypaikkana toimii Tuomarinkartanon vinttikoirakeskus. <br>N\u00e4yttelypaikan osoite: Tuomarinkyl\u00e4ntie 1, 00690 Helsinki.<\/p>\n\n\n\n<p>Ryhm\u00e4- ja pentun\u00e4yttelyss\u00e4 on paikalla valokuvaaja Karolina Norteva. H\u00e4n kuvaa ryhm\u00e4n\u00e4yttelyss\u00e4 jokaisen rotunsa parhaan koiran (ROP) ja pentun\u00e4yttelyss\u00e4 rotunsa parhaan pennun (ROP-pentu) kuvauspisteell\u00e4. Kuva on lis\u00e4palkinto ja sen saa lahjaksi.<\/p>\n\n\n\n<p><strong>Lauantaina 24.5.2025 ryhm\u00e4n\u00e4yttelyss\u00e4 arvostellaan<\/strong> <strong>FCI:n ryhm\u00e4t<\/strong>:<br><strong><strong>FCI <\/strong>1 \u2013<\/strong> Lammas- ja karjakoirat (paitsi sveitsinpaimenkoirat)<br><strong>FCI 3&nbsp;\u2013 <\/strong>Terrierit<br><strong>FCI 9&nbsp;\u2013<\/strong> Seurakoirat ja k\u00e4\u00e4pi\u00f6koirat<\/p>\n\n\n\n<p>N\u00e4yttelyss\u00e4 arvostellaan my\u00f6s pennut 7 kk \u2013 alle 9 kk sek\u00e4 k\u00e4yd\u00e4\u00e4n junior handler -kilpailu.<\/p>\n\n\n\n<p><strong>Sunnuntaina 25.5.2025 pentun\u00e4yttelyss\u00e4 arvostellaan kaikki rodut.<\/strong><br><strong>FCI 1&nbsp;\u2013<\/strong> Lammas- ja karjakoirat (paitsi sveitsinpaimenkoirat)<br><strong>FCI 2&nbsp;\u2013<\/strong> Pinserit, snautserit, molossityypiset ja sveitsinpaimenkoirat<br><strong>FCI 3<\/strong>&nbsp;<strong>\u2013<\/strong> Terrierit<br><strong>FCI 4&nbsp;\u2013<\/strong> M\u00e4yr\u00e4koirat<br><strong>FCI 5&nbsp;\u2013<\/strong> Pystykorvat ja alkukantaiset koirat<strong><br>FCI 6&nbsp;\u2013<\/strong> Ajavat ja j\u00e4ljest\u00e4v\u00e4t koirat<br><strong>FCI 7<\/strong>&nbsp;<strong>\u2013<\/strong> Seisovat lintukoirat<br><strong>FCI 8<\/strong>&nbsp;<strong>\u2013<\/strong> Noutajat, yl\u00f6sajavat koirat ja vesikoirat<br><strong>FCI 9<\/strong>&nbsp;<strong>\u2013<\/strong> Seurakoirat ja k\u00e4\u00e4pi\u00f6koirat<br><strong>FCI 10<\/strong>&nbsp;<strong>\u2013<\/strong> Vinttikoirat<\/p>\n\n\n\n<p><strong>Arvosteluluokat<\/strong>: urokset 5 kk \u2013 alle 7 kk ja 7 kk \u2013 alle 9 kk, nartut 5 kk \u2013 alle 7 kk ja 7 kk \u2013 alle 9 kk. Kasvattajaluokka: nelj\u00e4 saman kasvattajan kasvattamaa tai samalle FCI:n vahvistamalle kennelnimelle rekister\u00f6ity\u00e4 samanrotuista pentua, jotka saavat olla samasta pentueesta.<br>N\u00e4yttelyss\u00e4 k\u00e4yd\u00e4\u00e4n my\u00f6s junior handler -kilpailu.<\/p>\n\n\n\n<p><strong>Hinnasto<\/strong><br>N\u00e4yttelyyn ei ole sis\u00e4\u00e4np\u00e4\u00e4symaksua.<br>Parkkimaksu on 5 \u20ac<br>Mobilepay: #84174 \/ Ladies Summer Shows<br>My\u00f6s k\u00e4teismaksumahdollisuus.&nbsp;<\/p>\n\n\n\n<p><strong>N\u00e4yttelyluettelo<\/strong><br>N\u00e4yttelyss\u00e4mme ei ole painettuja luetteloita.<br>N\u00e4yttelyss\u00e4mme on k\u00e4yt\u00f6ss\u00e4 n\u00e4yttelyluettelon ja n\u00e4yttelyn tulospalvelun tuottava mobiilisovellus.<br>Sovellus on ladattavissa App Store- ja Google Play -sovelluskaupoista ilmaiseksi nimell\u00e4 Showlink-mobiili.<br>Luettelon koiratiedot julkaistaan n\u00e4yttelyp\u00e4iv\u00e4n aamuna kello 6.00.<\/p>\n\n\n\n<p>Sunnuntaina 25.5.2025 j\u00e4rjestet\u00e4\u00e4n Tuomarinkartanon vinttikoirakeskuksessa my\u00f6s <strong><a href=\"https:\/\/www.showlink.fi\/shows\/HSKP_kevatryhmis_2025\/\"><mark style=\"background-color:rgba(0, 0, 0, 0);color:#a9778b\" class=\"has-inline-color\">Kev\u00e4tryhmis<\/mark><\/a><\/strong>.<\/p>\n\n\n\n<h3 class=\"wp-block-heading\"><em>Tervetuloa mukaan tekem\u00e4\u00e4n hyv\u00e4\u00e4!<\/em><\/h3>\n\n\n\n<p><strong>J\u00e4rjest\u00e4j\u00e4: <a href=\"https:\/\/ladies-kennel-club.fi\/\" target=\"_blank\" rel=\"noreferrer noopener\"><mark style=\"background-color:rgba(0, 0, 0, 0);color:#a9778b\" class=\"has-inline-color\">Ladies Kennel Club<\/mark><\/a><\/strong><\/p>\n\n\n\n<hr class=\"wp-block-separator has-text-color has-alpha-channel-opacity has-background\" style=\"background-color:#c395a717;color:#c395a717\"\/>\n","protected":false},"excerpt":{"rendered":"<p>Ladies Kennel Club j\u00e4rjest\u00e4\u00e4 24.5.2025 Ladies Summer Show -ryhm\u00e4n\u00e4yttelyn ja 25.5.2025 Ladies Summer Puppy Show -pentun\u00e4yttelyn. N\u00e4yttely on hyv\u00e4ntekev\u00e4isyysn\u00e4yttely. Lahjoituskohde on Suomen Pelastuskoiraliitto.Pelastuskoiraliitto kouluttaa koirakkoja toimimaan viranomaisten apuna erilaisissa etsint\u00e4- ja pelastusteht\u00e4viss\u00e4. N\u00e4yttelypaikkana toimii Tuomarinkartanon vinttikoirakeskus. N\u00e4yttelypaikan osoite: Tuomarinkyl\u00e4ntie 1, 00690 Helsinki. Ryhm\u00e4- ja pentun\u00e4yttelyss\u00e4 on paikalla valokuvaaja Karolina Norteva. H\u00e4n kuvaa ryhm\u00e4n\u00e4yttelyss\u00e4 jokaisen rotunsa <a href=\"https:\/\/www.showlink.fi\/shows\/LKC_SummerShow_2025\/\" class=\"more-link\">...jatka lukemista<span class=\"screen-reader-text\"> \"Ladies Summer Shows 2025\"<\/span><\/a><\/p>\n","protected":false},"author":3,"featured_media":0,"parent":0,"menu_order":0,"comment_status":"closed","ping_status":"closed","template":"","meta":{"footnotes":""},"class_list":["post-6","page","type-page","status-publish","h-entry","hentry","h-as-page"],"_links":{"self":[{"href":"https:\/\/www.showlink.fi\/shows\/LKC_SummerShow_2025\/wp-json\/wp\/v2\/pages\/6","targetHints":{"allow":["GET"]}}],"collection":[{"href":"https:\/\/www.showlink.fi\/shows\/LKC_SummerShow_2025\/wp-json\/wp\/v2\/pages"}],"about":[{"href":"https:\/\/www.showlink.fi\/shows\/LKC_SummerShow_2025\/wp-json\/wp\/v2\/types\/page"}],"author":[{"embeddable":true,"href":"https:\/\/www.showlink.fi\/shows\/LKC_SummerShow_2025\/wp-json\/wp\/v2\/users\/3"}],"replies":[{"embeddable":true,"href":"https:\/\/www.showlink.fi\/shows\/LKC_SummerShow_2025\/wp-json\/wp\/v2\/comments?post=6"}],"version-history":[{"count":57,"href":"https:\/\/www.showlink.fi\/shows\/LKC_SummerShow_2025\/wp-json\/wp\/v2\/pages\/6\/revisions"}],"predecessor-version":[{"id":421,"href":"https:\/\/www.showlink.fi\/shows\/LKC_SummerShow_2025\/wp-json\/wp\/v2\/pages\/6\/revisions\/421"}],"wp:attachment":[{"href":"https:\/\/www.showlink.fi\/shows\/LKC_SummerShow_2025\/wp-json\/wp\/v2\/media?parent=6"}],"curies":[{"name":"wp","href":"https:\/\/api.w.org\/{rel}","templated":true}]}}