{"id":15,"date":"2019-04-09T10:29:46","date_gmt":"2019-04-09T07:29:46","guid":{"rendered":"http:\/\/www.showlink.fi\/shows\/ypajapentunayttely\/?page_id=15"},"modified":"2025-02-07T13:05:52","modified_gmt":"2025-02-07T11:05:52","slug":"tuomarit","status":"publish","type":"page","link":"https:\/\/www.showlink.fi\/shows\/Lahti_RN_syyskuu2025\/?page_id=15","title":{"rendered":"Tuomarit"},"content":{"rendered":"\n<h2 class=\"wp-block-heading\">Tuomarit - Ryhm\u00e4n\u00e4yttely<\/h2>\n\n\n\n<p><strong>Ryhm\u00e4 1<\/strong><br><em>Varalla kaikille ryhm\u00e4 1 roduille&nbsp;<strong>Paavo Mattila<\/strong><\/em><br>australiankelpie, pitk\u00e4karvainen collie, polski owczarek nizinny, schapendoes, schipperke, sile\u00e4karvainen collie&nbsp;<strong>Esa Ruotsalainen<\/strong><br>belgianpaimenkoirat, hollanninpaimenkoirat, it\u00e4euroopanpaimenkoira, saksanpaimenkoirat, tsekinpaimenkoira, valkoinenpaimenkoira&nbsp;<strong>Paavo Mattila<\/strong><br>katalonianpaimenkoira, kuvasz, mallorcanpaimenkoira, maremmano-abruzzese, medimurjenkoira, owczarek podhalanski, pyreneittenpaimenkoirat, romanianpaimenkoira, serra de airesinpaimenkoira, shetlanninlammaskoira, slovakiancuvac&nbsp;<strong>Pirjo Aaltonen<\/strong><br>ardennienkarjakoira, australian t\u00f6p\u00f6h\u00e4nt\u00e4inen karjakoira, australiankarjakoira, australianpaimenkoira, beaucenpaimenkoira, bergamonpaimenkoira, bordercollie, bouvier, brienpaimenkoira, etel\u00e4ven\u00e4j\u00e4nkoira, karpaattienkoira, komondor, kroatianpaimenkoira, mudi, partacollie, picardienpaimenkoira, pulit, pumi, vanhaenglanninlammaskoira, welsh corgit&nbsp;<strong>Satu Yl\u00e4-Mononen<\/strong><br>ceskoslovensky vlciak, lancashirenkarjakoira, pieniamerikanpaimenkoira, saarlooswolfhond&nbsp;<strong>Tapio Kakko<\/strong><\/p>\n\n\n\n<p><strong>Ryhm\u00e4 2<\/strong><br><em>Varalla kaikille ryhm\u00e4 2 roduille\u00a0<strong>Juha Putkonen<\/strong><br><\/em>espanjanmastiffi, estrelanvuoristokoirat, hovawart, kaukasiankoira, keskiaasiankoira, k\u00e4\u00e4pi\u00f6snautserit, mastiffi, pyreneittenmastiffi, snautserit, suursnautserit, tiibetinmastiffi\u00a0<strong>Juha Putkonen<\/strong><br>appenzellinpaimenkoira, bernhardinkoirat, berninpaimenkoira, bokseri, bullmastiffi, cane corso, Ciob\u0103nesc Rom\u00e2nesc Corb, englanninbulldoggi, entlebuchinpaimenkoira, isosveitsinpaimenkoira, landseer, leonberginkoira, pyreneittenkoira, ven\u00e4j\u00e4nmustaterrieri\u00a0<strong>Maarit Hassinen<\/strong><br>aidi, alentejonkoira, broholminkoira, castro laboreironkoira, continental bulldog, dobermanni, hollanninrottakoira, it\u00e4vallanpinseri, kanariandoggi, kangalinkoira, karstinpaimenkoira, mallorcandoggi, napolinmastiffi, pinseri, rottweiler, shar pei, tanskandoggit, tosa, transmontano mastiff, uruguayncimarron\u00a0<strong>Marja-Leena Kurvinen<\/strong><br>apinapinseri, bordeauxindoggi, bukovinankoira, dogo argentino, fila brasileiro, k\u00e4\u00e4pi\u00f6pinseri, newfoundlandinkoira, sao miguelinfila, sarplaninac, tanskalais-ruotsalainen pihakoira, tornjak\u00a0<strong>Ville-Veikko Meronen<\/strong><\/p>\n\n\n\n<p><strong>Ryhm\u00e4 3<\/strong><br><em>Varalla kaikille ryhm\u00e4 3 roduille&nbsp;<strong>Juha Putkonen<\/strong><\/em><br>australianterrieri, borderterrieri, irlanninterrieri, jackrussellinterrieri, parsonrussellinterrieri&nbsp;<strong>Anneli Pukkila<\/strong><br>amerikankarvatonterrieri, amerikanrottaterrieri, andalusianrottakoira, bedlingtoninterrieri, biewerterrieri, brasilianterrieri, bullterrieri, cairnterrieri, englannink\u00e4\u00e4pi\u00f6terrieri, japaninterrieri, k\u00e4\u00e4pi\u00f6bullterrieri, lakelandinterrieri, manchesterinterrieri, sealyhaminterrieri, silkkiterrieri, tenterfieldinterrieri, valencianrottaterrieri, walesinterrieri, yorkshirenterrieri&nbsp;<strong>Maarit Hassinen<\/strong><br>airedalenterrieri, amerikank\u00e4\u00e4pi\u00f6kettuterrieri, amerikanstaffordshirenterrieri, ceskyterrieri, dandiedinmontinterrieri, glen of imaalinterrieri, karkeakarvainen kettuterrieri, kerrynterrieri, norfolkinterrieri, norwichinterrieri, saksanmets\u00e4stysterrieri, sile\u00e4karvainen kettuterrieri, skotlanninterrieri, skyenterrieri, staffordshirenbullterrieri, valkoinen l\u00e4nsiyl\u00e4maanterrieri, vehn\u00e4terrieri&nbsp;<strong>Nina Janger<\/strong><\/p>\n\n\n\n<p><strong>Ryhm\u00e4 5<\/strong><br><em>Varalla kaikille ryhm\u00e4 5 roduille&nbsp;<strong>Esa Ruotsalainen<\/strong><\/em><br>chow chow, karjalankarhukoira, musta tanskanpystykorva, pohjanpystykorva, suomenpystykorva&nbsp;<strong>Esa Ruotsalainen<\/strong><br>grosspitzit, keeshond, kleinspitzit, mittelspitzit, pomeranian&nbsp;<strong>Kirsi Honkanen<\/strong><br>lapinporokoira, ruotsinlapinkoira, suomenlapinkoira&nbsp;<strong>Maarit Hassinen<\/strong><br>buhund, eurasier, harmaa norjanhirvikoira, h\u00e4lleforsinkoira, islanninlammaskoira, it\u00e4siperianlaika, jakutianlaika, j\u00e4mtlanninpystykorva, kaanaankoira, koreanjindonkoira, lunnikoira, l\u00e4nsig\u00f6\u00f6tanmaanpystykorva, l\u00e4nsisiperianlaika, meksikonkarvatonkoirat, musta norjanhirvikoira, perunkarvatonkoirat, taiwaninkoira, tanskanpystykorva, thai ridgeback, thaimaanpystykorva, valkoinen ruotsinhirvikoira, ven\u00e4l\u00e4is-eurooppalainen laika&nbsp;<strong>Tapio Kakko<\/strong><br>akita, alaskanmalamuutti, american eskimo dog, amerikanakita, basenji, etnankoira, faaraokoira, gr\u00f6nlanninkoira, ibizanpodencot, kanadaneskimokoira, kanarianpodenco, kintamani-balinkoira, portugalinpodengot, siperianhusky, volpino italiano&nbsp;<strong>Unto Timonen<\/strong><br>hokkaidonkoira, japaninpystykorva, kainkoira, kishunkoira, samojedinkoira, shiba, shikokunkoira&nbsp;<strong>Ville-Veikko Meronen<\/strong><\/p>\n\n\n\n<p><strong>Ryhm\u00e4kilpailut<\/strong><br>FCI 1<strong>&nbsp;Satu Yl\u00e4-Mononen<\/strong><br>FCI 2<strong>&nbsp;Ville-Veikko Meronen<\/strong><br>FCI 3<strong>&nbsp;Nina Janger<\/strong><br>FCI 5<strong>&nbsp;Esa Ruotsalainen<\/strong><br>Paras juniori&nbsp;<strong>Anneli Pukkila<\/strong><br>Paras veteraani&nbsp;<strong>Pirjo Aaltonen<\/strong><br>Paras kasvattajaryhm\u00e4&nbsp;<strong>Paavo Mattila<\/strong><br>Best in Show<strong>&nbsp;Juha Putkonen<\/strong><\/p>\n\n\n\n<hr class=\"wp-block-separator has-text-color has-alpha-channel-opacity has-background\" style=\"background-color:#f2f2f2;color:#f2f2f2\"\/>\n\n\n\n<h2 class=\"wp-block-heading\">Tuomarit - Pentun\u00e4yttely<\/h2>\n\n\n\n<p><strong>Ryhm\u00e4 1<\/strong><br>kaikki rodut&nbsp;<strong>Perttu St\u00e5hlberg<\/strong><\/p>\n\n\n\n<p><strong>Ryhm\u00e4 2<\/strong><br>appenzellinpaimenkoira, bernhardinkoirat, berninpaimenkoira, bullmastiffi, continental bulldog, englanninbulldoggi, entlebuchinpaimenkoira, estrelanvuoristokoirat, hovawart, isosveitsinpaimenkoira, k\u00e4\u00e4pi\u00f6snautserit, landseer, leonberginkoira, mastiffi, napolinmastiffi, pyreneittenmastiffi, snautserit, suursnautserit, tanskalais-ruotsalainen pihakoira, ven\u00e4j\u00e4nmustaterrieri&nbsp;<strong>Teija Salmi-Aalto<\/strong><br>aidi, alentejonkoira, apinapinseri, bokseri, bordeauxindoggi, broholminkoira, bukovinankoira, cane corso, castro laboreironkoira, Ciob\u0103nesc Rom\u00e2nesc Corb, dobermanni, dogo argentino, espanjanmastiffi, fila brasileiro, hollanninrottakoira, it\u00e4vallanpinseri, kanariandoggi, kangalinkoira, karstinpaimenkoira, kaukasiankoira, keskiaasiankoira, k\u00e4\u00e4pi\u00f6pinseri, mallorcandoggi, newfoundlandinkoira, pinseri, pyreneittenkoira, rottweiler, sao miguelinfila, sarplaninac, shar pei, tanskandoggit, tiibetinmastiffi, tornjak, tosa, transmontano mastiff, uruguayncimarron&nbsp;<strong>Virpi Lepp\u00e4l\u00e4<\/strong><\/p>\n\n\n\n<p><strong>Ryhm\u00e4 3<\/strong><br>kaikki rodut&nbsp;<strong>Kaisa Gold<\/strong><\/p>\n\n\n\n<p><strong>Ryhm\u00e4 4<\/strong><br>kaikki rodut&nbsp;<strong>Kaisa Gold<\/strong><\/p>\n\n\n\n<p><strong>Ryhm\u00e4 5<\/strong><br>kaikki rodut&nbsp;<strong>Jenna Leino<\/strong><\/p>\n\n\n\n<p><strong>Ryhm\u00e4 6<\/strong><br>kaikki rodut&nbsp;<strong>Perttu St\u00e5hlberg<\/strong><\/p>\n\n\n\n<p><strong>Ryhm\u00e4 7<\/strong><br>kaikki rodut&nbsp;<strong>Perttu St\u00e5hlberg<\/strong><\/p>\n\n\n\n<p><strong>Ryhm\u00e4 8<\/strong><br>kaikki rodut&nbsp;<strong>Kaisa Gold<\/strong><\/p>\n\n\n\n<p><strong>Ryhm\u00e4 9<\/strong><br>bichon fris\u00e9, bolognese, bostoninterrieri, chihuahuat, coton de tul\u00e9ar, havannankoira, kiinanharjakoira, kiinanpalatsikoira, kingcharlesinspanieli, kromfohrl\u00e4nder, lhasa apso, l\u00f6wchen, maltankoira, mopsi, prahanrottakoira, shih tzu, tiibetinterrieri, ven\u00e4j\u00e4nbolonka, ven\u00e4j\u00e4ntoyt, villakoirat&nbsp;<strong>Toni Saira<\/strong><br>cavalier kingcharlesinspanieli, griffon belge, griffon bruxellois, japanese chin, markiesje, papillon, petit brabancon, phal\u00e8ne, ranskanbulldoggi, tiibetinspanieli&nbsp;<strong>Virpi Lepp\u00e4l\u00e4<\/strong><\/p>\n\n\n\n<p><strong>Ryhm\u00e4 10<\/strong><br>kaikki rodut&nbsp;<strong>Teija Salmi-Aalto<\/strong><\/p>\n\n\n\n<p><strong>Ryhm\u00e4kilpailut<\/strong><br>1<strong>&nbsp;Perttu St\u00e5hlberg<\/strong><br>2<strong>&nbsp;Virpi Lepp\u00e4l\u00e4<\/strong><br>3<strong>&nbsp;Kaisa Gold<\/strong><br>4<strong>&nbsp;Kaisa Gold<\/strong><br>5<strong>&nbsp;Jenna Leino<\/strong><br>6<strong>&nbsp;Perttu St\u00e5hlberg<\/strong><br>7<strong>&nbsp;Perttu St\u00e5hlberg<\/strong><br>8<strong>&nbsp;Kaisa Gold<\/strong><br>9<strong>&nbsp;Toni Saira<\/strong><br>10<strong>&nbsp;Teija Salmi-Aalto<\/strong><br>Paras kasvattajaryhm\u00e4&nbsp;<strong>Kaisa Gold<\/strong><br>Best in Show<strong>&nbsp;Perttu St\u00e5hlberg<\/strong><\/p>\n\n\n\n<p><strong><br><br><\/strong><\/p>\n","protected":false},"excerpt":{"rendered":"<p>Tuomarit - Ryhm\u00e4n\u00e4yttely Ryhm\u00e4 1Varalla kaikille ryhm\u00e4 1 roduille&nbsp;Paavo Mattilaaustraliankelpie, pitk\u00e4karvainen collie, polski owczarek nizinny, schapendoes, schipperke, sile\u00e4karvainen collie&nbsp;Esa Ruotsalainenbelgianpaimenkoirat, hollanninpaimenkoirat, it\u00e4euroopanpaimenkoira, saksanpaimenkoirat, tsekinpaimenkoira, valkoinenpaimenkoira&nbsp;Paavo Mattilakatalonianpaimenkoira, kuvasz, mallorcanpaimenkoira, maremmano-abruzzese, medimurjenkoira, owczarek podhalanski, pyreneittenpaimenkoirat, romanianpaimenkoira, serra de airesinpaimenkoira, shetlanninlammaskoira, slovakiancuvac&nbsp;Pirjo Aaltonenardennienkarjakoira, australian t\u00f6p\u00f6h\u00e4nt\u00e4inen karjakoira, australiankarjakoira, australianpaimenkoira, beaucenpaimenkoira, bergamonpaimenkoira, bordercollie, bouvier, brienpaimenkoira, etel\u00e4ven\u00e4j\u00e4nkoira, karpaattienkoira, komondor, kroatianpaimenkoira, mudi, <a href=\"https:\/\/www.showlink.fi\/shows\/Lahti_RN_syyskuu2025\/?page_id=15\" class=\"more-link\">...jatka lukemista<span class=\"screen-reader-text\"> \"Tuomarit\"<\/span><\/a><\/p>\n","protected":false},"author":1,"featured_media":0,"parent":0,"menu_order":2,"comment_status":"closed","ping_status":"closed","template":"","meta":{"footnotes":""},"class_list":["post-15","page","type-page","status-publish","h-entry","hentry","h-as-page"],"_links":{"self":[{"href":"https:\/\/www.showlink.fi\/shows\/Lahti_RN_syyskuu2025\/index.php?rest_route=\/wp\/v2\/pages\/15","targetHints":{"allow":["GET"]}}],"collection":[{"href":"https:\/\/www.showlink.fi\/shows\/Lahti_RN_syyskuu2025\/index.php?rest_route=\/wp\/v2\/pages"}],"about":[{"href":"https:\/\/www.showlink.fi\/shows\/Lahti_RN_syyskuu2025\/index.php?rest_route=\/wp\/v2\/types\/page"}],"author":[{"embeddable":true,"href":"https:\/\/www.showlink.fi\/shows\/Lahti_RN_syyskuu2025\/index.php?rest_route=\/wp\/v2\/users\/1"}],"replies":[{"embeddable":true,"href":"https:\/\/www.showlink.fi\/shows\/Lahti_RN_syyskuu2025\/index.php?rest_route=%2Fwp%2Fv2%2Fcomments&post=15"}],"version-history":[{"count":12,"href":"https:\/\/www.showlink.fi\/shows\/Lahti_RN_syyskuu2025\/index.php?rest_route=\/wp\/v2\/pages\/15\/revisions"}],"predecessor-version":[{"id":216,"href":"https:\/\/www.showlink.fi\/shows\/Lahti_RN_syyskuu2025\/index.php?rest_route=\/wp\/v2\/pages\/15\/revisions\/216"}],"wp:attachment":[{"href":"https:\/\/www.showlink.fi\/shows\/Lahti_RN_syyskuu2025\/index.php?rest_route=%2Fwp%2Fv2%2Fmedia&parent=15"}],"curies":[{"name":"wp","href":"https:\/\/api.w.org\/{rel}","templated":true}]}}