{"id":68,"date":"2019-11-21T11:12:33","date_gmt":"2019-11-21T09:12:33","guid":{"rendered":"https:\/\/www.showlink.fi\/shows\/ypajapentunayttely\/?page_id=68"},"modified":"2025-09-15T14:57:31","modified_gmt":"2025-09-15T11:57:31","slug":"tulokset","status":"publish","type":"page","link":"https:\/\/www.showlink.fi\/shows\/Lahti_RN_syyskuu2025\/?page_id=68","title":{"rendered":"Tulokset"},"content":{"rendered":"\n<p>N\u00e4yttelyss\u00e4mme on reaaliaikainen tulospalvelu. Tulokset julkaistaan n\u00e4yttelyn kuluessa.<\/p>\n\n\n\n<p><strong>\u00bb <\/strong> <strong><a href=\"https:\/\/tulospalvelu.kennelliitto.fi\/nayttelyt\/Tulokset?Id=13568\" data-type=\"link\" data-id=\"https:\/\/tulospalvelu.kennelliitto.fi\/nayttelyt\/Tulokset?Id=13568\">Siirry ryhm\u00e4n\u00e4yttelyn tuloksiin<\/a><\/strong><\/p>\n\n\n\n<p><strong>\u00bb <\/strong> <strong><a href=\"https:\/\/tulospalvelu.kennelliitto.fi\/nayttelyt\/Tulokset?Id=13569\" data-type=\"link\" data-id=\"https:\/\/tulospalvelu.kennelliitto.fi\/nayttelyt\/Tulokset?Id=13569\">Siirry pentun\u00e4yttelyn tuloksiin<\/a><\/strong><\/p>\n\n\n\n<p>Jalostustietoj\u00e4rjestelm\u00e4\u00e4n tulokset p\u00e4ivittyv\u00e4t n\u00e4yttelyn p\u00e4\u00e4tytty\u00e4<\/p>\n\n\n\n<p><\/p>\n","protected":false},"excerpt":{"rendered":"<p>N\u00e4yttelyss\u00e4mme on reaaliaikainen tulospalvelu. Tulokset julkaistaan n\u00e4yttelyn kuluessa. \u00bb Siirry ryhm\u00e4n\u00e4yttelyn tuloksiin \u00bb Siirry pentun\u00e4yttelyn tuloksiin Jalostustietoj\u00e4rjestelm\u00e4\u00e4n tulokset p\u00e4ivittyv\u00e4t n\u00e4yttelyn p\u00e4\u00e4tytty\u00e4<\/p>\n","protected":false},"author":1,"featured_media":0,"parent":0,"menu_order":8,"comment_status":"closed","ping_status":"closed","template":"","meta":{"footnotes":""},"class_list":["post-68","page","type-page","status-publish","h-entry","hentry","h-as-page"],"_links":{"self":[{"href":"https:\/\/www.showlink.fi\/shows\/Lahti_RN_syyskuu2025\/index.php?rest_route=\/wp\/v2\/pages\/68","targetHints":{"allow":["GET"]}}],"collection":[{"href":"https:\/\/www.showlink.fi\/shows\/Lahti_RN_syyskuu2025\/index.php?rest_route=\/wp\/v2\/pages"}],"about":[{"href":"https:\/\/www.showlink.fi\/shows\/Lahti_RN_syyskuu2025\/index.php?rest_route=\/wp\/v2\/types\/page"}],"author":[{"embeddable":true,"href":"https:\/\/www.showlink.fi\/shows\/Lahti_RN_syyskuu2025\/index.php?rest_route=\/wp\/v2\/users\/1"}],"replies":[{"embeddable":true,"href":"https:\/\/www.showlink.fi\/shows\/Lahti_RN_syyskuu2025\/index.php?rest_route=%2Fwp%2Fv2%2Fcomments&post=68"}],"version-history":[{"count":12,"href":"https:\/\/www.showlink.fi\/shows\/Lahti_RN_syyskuu2025\/index.php?rest_route=\/wp\/v2\/pages\/68\/revisions"}],"predecessor-version":[{"id":267,"href":"https:\/\/www.showlink.fi\/shows\/Lahti_RN_syyskuu2025\/index.php?rest_route=\/wp\/v2\/pages\/68\/revisions\/267"}],"wp:attachment":[{"href":"https:\/\/www.showlink.fi\/shows\/Lahti_RN_syyskuu2025\/index.php?rest_route=%2Fwp%2Fv2%2Fmedia&parent=68"}],"curies":[{"name":"wp","href":"https:\/\/api.w.org\/{rel}","templated":true}]}}