{"id":244,"date":"2024-02-13T10:16:40","date_gmt":"2024-02-13T08:16:40","guid":{"rendered":"https:\/\/www.showlink.fi\/shows\/mikkeliKV2024muokkaustila\/?page_id=244"},"modified":"2026-02-04T14:06:33","modified_gmt":"2026-02-04T12:06:33","slug":"in-english","status":"publish","type":"page","link":"https:\/\/www.showlink.fi\/shows\/Mikkeli_KR_2026\/in-english\/","title":{"rendered":"In English"},"content":{"rendered":"\n<hr class=\"wp-block-separator has-text-color has-alpha-channel-opacity has-background\" style=\"background-color:#f6f6f6;color:#f6f6f6\"\/>\n\n\n\n<h2 class=\"wp-block-heading\">Welcome to Mikkeli National All Breed Show!<\/h2>\n\n\n\n<p><strong>The show will be held at the Mikkeli Racetrack on July 25, 2026. <\/strong><br>All breeds in FCI groups 1-10 will be judged at the show, including puppies (7 months to under 9 months), as well as a Junior Handler competition.<\/p>\n\n\n\n<p>Show venue: Mikkeli Racetrack<br>Address: Raviradantie 22, 50100 Mikkeli<\/p>\n\n\n\n<p><strong>Organizers:<\/strong><br>Otavan Er\u00e4miehet, Viran Mets\u00e4st\u00e4j\u00e4t, Mikkelin Pekkolan Er\u00e4nk\u00e4vij\u00e4t, Korpij\u00e4rven Er\u00e4veikot, Mikkelin Riistamiehet<\/p>\n\n\n\n<hr class=\"wp-block-separator has-text-color has-alpha-channel-opacity has-background\" style=\"background-color:#f6f6f6;color:#f6f6f6\"\/>\n\n\n\n<h2 class=\"wp-block-heading\">Inquiries<\/h2>\n\n\n\n<p><strong>Inquiries concerning entries<\/strong><br>Showlink Oy<br>weekdays 11am\u201317pm tel. (09) 8873 0320 or email info@showlink.fi<\/p>\n\n\n\n<p><strong>Other inquiries<\/strong><br>Tuomas Hokkanen<br>tumppi.tapani@gmail.com \/ tel. +358 50 408 8990<\/p>\n\n\n\n<hr class=\"wp-block-separator has-text-color has-alpha-channel-opacity has-background\" style=\"background-color:#f6f6f6;color:#f6f6f6\"\/>\n\n\n\n<h2 class=\"wp-block-heading\">Results<\/h2>\n\n\n\n<p>Results from the dog show will be published online in real time.<\/p>\n\n\n\n<p><strong>\u00bb Go to the show resluts<\/strong><em> (<\/em><em>link available closer to the show)<\/em><\/p>\n\n\n\n<hr class=\"wp-block-separator has-text-color has-alpha-channel-opacity has-background\" style=\"background-color:#f6f6f6;color:#f6f6f6\"\/>\n","protected":false},"excerpt":{"rendered":"<p>Welcome to Mikkeli National All Breed Show! The show will be held at the Mikkeli Racetrack on July 25, 2026. All breeds in FCI groups 1-10 will be judged at the show, including puppies (7 months to under 9 months), as well as a Junior Handler competition. Show venue: Mikkeli RacetrackAddress: Raviradantie 22, 50100 Mikkeli <a href=\"https:\/\/www.showlink.fi\/shows\/Mikkeli_KR_2026\/in-english\/\" class=\"more-link\">...jatka lukemista<span class=\"screen-reader-text\"> \"In English\"<\/span><\/a><\/p>\n","protected":false},"author":1,"featured_media":0,"parent":0,"menu_order":7,"comment_status":"closed","ping_status":"closed","template":"","meta":{"footnotes":""},"class_list":["post-244","page","type-page","status-publish","h-entry","hentry","h-as-page"],"_links":{"self":[{"href":"https:\/\/www.showlink.fi\/shows\/Mikkeli_KR_2026\/wp-json\/wp\/v2\/pages\/244","targetHints":{"allow":["GET"]}}],"collection":[{"href":"https:\/\/www.showlink.fi\/shows\/Mikkeli_KR_2026\/wp-json\/wp\/v2\/pages"}],"about":[{"href":"https:\/\/www.showlink.fi\/shows\/Mikkeli_KR_2026\/wp-json\/wp\/v2\/types\/page"}],"author":[{"embeddable":true,"href":"https:\/\/www.showlink.fi\/shows\/Mikkeli_KR_2026\/wp-json\/wp\/v2\/users\/1"}],"replies":[{"embeddable":true,"href":"https:\/\/www.showlink.fi\/shows\/Mikkeli_KR_2026\/wp-json\/wp\/v2\/comments?post=244"}],"version-history":[{"count":17,"href":"https:\/\/www.showlink.fi\/shows\/Mikkeli_KR_2026\/wp-json\/wp\/v2\/pages\/244\/revisions"}],"predecessor-version":[{"id":460,"href":"https:\/\/www.showlink.fi\/shows\/Mikkeli_KR_2026\/wp-json\/wp\/v2\/pages\/244\/revisions\/460"}],"wp:attachment":[{"href":"https:\/\/www.showlink.fi\/shows\/Mikkeli_KR_2026\/wp-json\/wp\/v2\/media?parent=244"}],"curies":[{"name":"wp","href":"https:\/\/api.w.org\/{rel}","templated":true}]}}