{"id":4,"date":"2019-01-31T10:23:44","date_gmt":"2019-01-31T08:23:44","guid":{"rendered":"http:\/\/www.showlink.fi\/shows\/mayrakoiraer2019\/?page_id=4"},"modified":"2026-01-29T14:32:06","modified_gmt":"2026-01-29T12:32:06","slug":"etusivu","status":"publish","type":"page","link":"https:\/\/www.showlink.fi\/shows\/Mikkeli_KR_2026\/","title":{"rendered":"Tervetuloa Mikkeliin!"},"content":{"rendered":"\n<hr class=\"wp-block-separator has-text-color has-alpha-channel-opacity has-background\" style=\"background-color:#f6f6f6;color:#f6f6f6\"\/>\n\n\n\n<h2 class=\"wp-block-heading\">Kaikkien rotujen kansallinen koiran\u00e4yttely Mikkelin raviradalla 25.7.2026<\/h2>\n\n\n\n<p>N\u00e4yttelyss\u00e4 arvostellaan kaikki rodut FCI:n ryhmist\u00e4 1-10, my\u00f6s pennut (7 kk - alle 9 kk), sek\u00e4 Junior Handler -kilpailu.<\/p>\n\n\n\n<p>N\u00e4yttelypaikka: <strong>Mikkelin ravirata<\/strong>,<br>Raviradantie 22, 50100 Mikkeli<\/p>\n\n\n\n<p class=\"has-text-align-left\"><strong>J\u00e4rjest\u00e4j\u00e4t: <\/strong><br>Otavan Er\u00e4miehet, Viran Mets\u00e4st\u00e4j\u00e4t, Mikkelin Pekkolan Er\u00e4nk\u00e4vij\u00e4t, Korpij\u00e4rven Er\u00e4veikot, Mikkelin Riistamiehet<\/p>\n\n\n\n<hr class=\"wp-block-separator has-text-color has-alpha-channel-opacity has-background\" style=\"background-color:#f6f6f6;color:#f6f6f6\"\/>\n\n\n\n<h2 class=\"wp-block-heading\">Tiedustelut<\/h2>\n\n\n\n<p><strong>Ilmoittautumisia koskevat tiedustelut<\/strong><br>Showlink Oy<br>arkisin klo 11-17 p. (09) 8873 0320 <br>tai info@showlink.fi<br><em>Mainitsethan tiedustelussasi \/ s\u00e4hk\u00f6postissasi n\u00e4yttelyn sek\u00e4 koiran rekisterinumeron, jota tiedustelu koskee.<\/em><\/p>\n\n\n\n<p><strong>Keh\u00e4sihteerit <\/strong><br>Heidi Komppa <br>heidi.komppa@gmail.com \/ puh. 050 561 6877<\/p>\n\n\n\n<p><strong>Myyntipaikat<\/strong><br>Jani Nyk\u00e4nen <br>nykanen.jani@hotmail.fi \/ puh. 040 575 8712<\/p>\n\n\n\n<p><strong>Muut tiedustelut<\/strong><br>Tuomas Hokkanen <br>tumppi.tapani@gmail.com \/ puh. 050 408 8990<\/p>\n\n\n\n<hr class=\"wp-block-separator has-text-color has-alpha-channel-opacity has-background\" style=\"background-color:#f6f6f6;color:#f6f6f6\"\/>\n","protected":false},"excerpt":{"rendered":"<p>Kaikkien rotujen kansallinen koiran\u00e4yttely Mikkelin raviradalla 25.7.2026 N\u00e4yttelyss\u00e4 arvostellaan kaikki rodut FCI:n ryhmist\u00e4 1-10, my\u00f6s pennut (7 kk - alle 9 kk), sek\u00e4 Junior Handler -kilpailu. N\u00e4yttelypaikka: Mikkelin ravirata,Raviradantie 22, 50100 Mikkeli J\u00e4rjest\u00e4j\u00e4t: Otavan Er\u00e4miehet, Viran Mets\u00e4st\u00e4j\u00e4t, Mikkelin Pekkolan Er\u00e4nk\u00e4vij\u00e4t, Korpij\u00e4rven Er\u00e4veikot, Mikkelin Riistamiehet Tiedustelut Ilmoittautumisia koskevat tiedustelutShowlink Oyarkisin klo 11-17 p. (09) 8873 0320 <a href=\"https:\/\/www.showlink.fi\/shows\/Mikkeli_KR_2026\/\" class=\"more-link\">...jatka lukemista<span class=\"screen-reader-text\"> \"Tervetuloa Mikkeliin!\"<\/span><\/a><\/p>\n","protected":false},"author":1,"featured_media":0,"parent":0,"menu_order":0,"comment_status":"closed","ping_status":"closed","template":"","meta":{"footnotes":""},"class_list":["post-4","page","type-page","status-publish","h-entry","hentry","h-as-page"],"_links":{"self":[{"href":"https:\/\/www.showlink.fi\/shows\/Mikkeli_KR_2026\/wp-json\/wp\/v2\/pages\/4","targetHints":{"allow":["GET"]}}],"collection":[{"href":"https:\/\/www.showlink.fi\/shows\/Mikkeli_KR_2026\/wp-json\/wp\/v2\/pages"}],"about":[{"href":"https:\/\/www.showlink.fi\/shows\/Mikkeli_KR_2026\/wp-json\/wp\/v2\/types\/page"}],"author":[{"embeddable":true,"href":"https:\/\/www.showlink.fi\/shows\/Mikkeli_KR_2026\/wp-json\/wp\/v2\/users\/1"}],"replies":[{"embeddable":true,"href":"https:\/\/www.showlink.fi\/shows\/Mikkeli_KR_2026\/wp-json\/wp\/v2\/comments?post=4"}],"version-history":[{"count":77,"href":"https:\/\/www.showlink.fi\/shows\/Mikkeli_KR_2026\/wp-json\/wp\/v2\/pages\/4\/revisions"}],"predecessor-version":[{"id":459,"href":"https:\/\/www.showlink.fi\/shows\/Mikkeli_KR_2026\/wp-json\/wp\/v2\/pages\/4\/revisions\/459"}],"wp:attachment":[{"href":"https:\/\/www.showlink.fi\/shows\/Mikkeli_KR_2026\/wp-json\/wp\/v2\/media?parent=4"}],"curies":[{"name":"wp","href":"https:\/\/api.w.org\/{rel}","templated":true}]}}