{"id":5,"date":"2019-01-31T10:19:06","date_gmt":"2019-01-31T08:19:06","guid":{"rendered":"http:\/\/www.showlink.fi\/shows\/mayrakoiraer2019\/?page_id=5"},"modified":"2026-01-21T21:19:44","modified_gmt":"2026-01-21T19:19:44","slug":"ilmoittautuminen","status":"publish","type":"page","link":"https:\/\/www.showlink.fi\/shows\/Mikkeli_KR_2026\/ilmoittautuminen\/","title":{"rendered":"Ilmoittautuminen"},"content":{"rendered":"\n<hr class=\"wp-block-separator has-text-color has-alpha-channel-opacity has-background\" style=\"background-color:#f6f6f6;color:#f6f6f6\"\/>\n\n\n\n<p><strong>Ilmoittautumiset<\/strong>\u00a0<strong>29.6. \/ 6.7. menness\u00e4<\/strong>.<br><em>Huom! 30.6.\u20136.7. v\u00e4lisen\u00e4 aikana vain online-ilmoittautuminen.<\/em><\/p>\n\n\n\n<p><strong>Ilmoittautuminen n\u00e4yttelyyn tulee tehd\u00e4 postitse tai internetiss\u00e4.&nbsp;<\/strong>Ilmoittaessaan koiransa n\u00e4yttelyn n\u00e4ytteilleasettaja sitoutuu noudattamaan Suomen Kennelliiton voimassa olevia n\u00e4yttelys\u00e4\u00e4nt\u00f6j\u00e4 ja niit\u00e4 t\u00e4ydent\u00e4vi\u00e4 ohjeita sek\u00e4 rokotusm\u00e4\u00e4r\u00e4yksi\u00e4. S\u00e4\u00e4nn\u00f6t l\u00f6ytyv\u00e4t&nbsp;<a href=\"https:\/\/www.kennelliitto.fi\/koiraharrastukset\/koiranayttelyt\/ohjeita-ja-lomakkeita-nayttelyyn-osallistujille-ja-nayttelyn-jarjestajille\"><strong>Kennelliiton kotisivuilta.<\/strong><\/a><\/p>\n\n\n\n<p><strong>Online-ilmoittautuminen<\/strong>\u00a0<br>osoitteessa\u00a0<a href=\"http:\/\/www.showlink.fi\/\">www.showlink.fi<\/a>\u00a0\u2192<strong>\u00a0<\/strong><a href=\"http:\/\/ilmoittautuminen.kennelliitto.fi\/\"><strong>ILMOITTAUDU N\u00c4YTTELYYN<\/strong><\/a><\/p>\n\n\n\n<p><strong>Ilmoittautuminen postitse<\/strong><br><strong><a href=\"https:\/\/www.kennelliitto.fi\/lomakkeet\/ilmoittautumislomake-nayttelyyn-0\">Kennelliiton ilmoittautumislomakkeella<\/a><\/strong>,<strong>\u00a0<\/strong>kopio maksukuitista mukaan liitettyn\u00e4, osoitteella:<\/p>\n\n\n\n<p><strong>Mikkeli KR 2026<br>PL 50<br>02771 Espoo<\/strong><\/p>\n\n\n\n<p>Ilmoittautumisesta tulee aina vahvistus annettuun s\u00e4hk\u00f6postiosoitteeseen. Jollet saa vahvistusta, ota v\u00e4litt\u00f6m\u00e4sti yhteytt\u00e4 asiakaspalveluumme. Tarkasta ilmoittautumisvahvistuksesta koirasi tiedot ja kilpailuluokka. Netti-ilmoittautuminen maksetaan verkkopankilla tai luottokortilla ilmoittautumisen yhteydess\u00e4. S\u00e4\u00e4st\u00e4 saamasi vahvistusviesti n\u00e4yttelyp\u00e4iv\u00e4\u00e4n asti.<\/p>\n\n\n\n<p>Kaikki n\u00e4yttelykutsut tullaan l\u00e4hett\u00e4m\u00e4\u00e4n s\u00e4hk\u00f6isesti. Kutsuja ei l\u00e4hetet\u00e4 postitse.<\/p>\n\n\n\n<hr class=\"wp-block-separator has-text-color has-alpha-channel-opacity has-background\" style=\"background-color:#f6f6f6;color:#f6f6f6\"\/>\n\n\n\n<h2 class=\"wp-block-heading\">Ilmoittautumismaksut<\/h2>\n\n\n\n<p><strong>Ilmoittautumismaksut 29.6. menness\u00e4<\/strong><br>\u00bb ensimm\u00e4inen koira\u00a0<strong>42 \u20ac<\/strong><br>\u00bb saman omistajan\u00a0<strong>2.<\/strong>\u00a0jne. koira\u00a0<strong>38 \u20ac<br><\/strong>\u00bb pennut ja veteraanit\u00a0<strong>30 \u20ac<\/strong><br>\u00bb yli 10-vuotiaat koirat veteraaniluokkaan ilmoitettuna <strong>10 \u20ac<\/strong><br>\u00bb junior handler\u00a0<strong>5 \u20ac<\/strong><\/p>\n\n\n\n<p><strong>Ilmoittautumismaksut 30.6.\u20136.7. v\u00e4lisen\u00e4 aikana<\/strong><br><em>Huom! Vain online-ilmoittautuminen<\/em><br>\u00bb <strong>55 \u20ac<\/strong> \/ koira, kaikki luokat<br>\u00bb junior handler&nbsp;<strong>5 \u20ac<\/strong><\/p>\n\n\n\n<p><strong>Kirjeen\u00e4 l\u00e4hetett\u00e4vien ilmoittautumisten maksutiedot<\/strong><br><strong>Tilinumero&nbsp;<\/strong>FI14 5340 0020 2870 64<br><strong>Saaja&nbsp;<\/strong>Korpij\u00e4rven Er\u00e4veikot ry<\/p>\n\n\n\n<hr class=\"wp-block-separator has-text-color has-alpha-channel-opacity has-background\" style=\"background-color:#f6f6f6;color:#f6f6f6\"\/>\n\n\n\n<h2 class=\"wp-block-heading\">Lis\u00e4tietoa<\/h2>\n\n\n\n<p>Ilmoittautumisajan p\u00e4\u00e4ttymisen j\u00e4lkeen koiraa ei voida siirt\u00e4\u00e4 toiseen luokkaan (ellei kysymyksess\u00e4 ole j\u00e4rjest\u00e4j\u00e4st\u00e4 johtuva virhe).<br>Uros, jolla ei ole normaalit kivekset saa hyl\u00e4tyn.<\/p>\n\n\n\n<p>Ilmoittautuminen on teht\u00e4v\u00e4 kirjallisesti - pelkk\u00e4 n\u00e4yttelymaksun suoritus ei ole ilmoittautuminen! Kirjallisen ilmoittautumisen voit tehd\u00e4 joko vahvistettuna netti-ilmoittautumisena tai postitse, jolloin postita kopio maksukuitista sek\u00e4 ilmoittautumislomake kirjeen\u00e4 viimeist\u00e4\u00e4n viimeisen\u00e4 ilmoittautumisp\u00e4iv\u00e4n\u00e4.<br>My\u00f6h\u00e4styneit\u00e4 ilmoittautumisia ei hyv\u00e4ksyt\u00e4 mukaan n\u00e4yttelyyn.<\/p>\n\n\n\n<p>Internetilmoittautuminen maksetaan verkkopankissa tai luottokortilla ilmoittautumisen yhteydess\u00e4 ohjelman antamien ohjeiden mukaan. Ilmoittautumismaksun alennuksen (saman om. 2 jne koira) saaminen edellytt\u00e4\u00e4 kaikkien koirien ilmoittamista yhdell\u00e4 kertaa. Samaksi omistajaksi tulkitaan ilmoittautumistapahtuman ensimm\u00e4iselle koiralle ensimm\u00e4iseksi omistajaksi merkitty henkil\u00f6.<br>Alennus lasketaan vain t\u00e4ysihintaisista ilmoittautumismaksuista, ei pentujen ja veteraanien maksuista.<\/p>\n\n\n\n<p>K\u00e4ytt\u00f6- ja valioluokkaan ilmoitettaessa Kennelliitossa rekister\u00f6idyilt\u00e4 koirilta ei vaadita todistusta n\u00e4ihin luokkiin vaadittavista tuloksista. Muiden maiden rekisteriss\u00e4 olevilla koirilla on oltava valionarvotodistus ja\/tai k\u00e4ytt\u00f6luokkatodistus ilmoittautumisen liitteen\u00e4.<\/p>\n\n\n\n<p><strong>Rokotusm\u00e4\u00e4r\u00e4ykset&nbsp;<\/strong>Suomen Kennelliitto-Finska Kennelklubben ry:n m\u00e4\u00e4r\u00e4ysten mukaan.<br>Suomen lain vastaisesti typistetyt koirat eiv\u00e4t saa osallistua n\u00e4yttelyyn.<br>N\u00e4yttelyyn osallistuvan koiran tulee olla tunnistusmerkitty.<\/p>\n\n\n\n<p><strong>Antidoping-valvonta<\/strong><br>Dopingvalvonta koskee kaikkia Suomen Kennelliiton my\u00f6nt\u00e4mi\u00e4 n\u00e4yttelyit\u00e4, kilpailuja ja kokeita. Ajankohtaisinta tietoa osoitteessa&nbsp;<a href=\"https:\/\/www.kennelliitto.fi\/koiraharrastukset\/tietoa-antidopingsaannoista-kaytanteista-ja-valvonnasta\"><strong><mark style=\"background-color:rgba(0, 0, 0, 0);color:#6277a1\" class=\"has-inline-color\">KENNELLIITTO \/ ANTIDOPING<\/mark><\/strong><\/a><\/p>\n\n\n\n<p><strong>Ilmoittautumisia ja kasvattajaryhmi\u00e4 koskevat tiedustelut<\/strong><br>Showlink Oy arkisin klo 11-17 puh. 09 887 30320 tai e-mail: info@showlink.fi<br><em>Mainitsethan tiedustelussasi \/ s\u00e4hk\u00f6postissasi n\u00e4yttelyn nimen sek\u00e4 koiran rekisterinumeron, jota tiedustelu koskee. Jollet saa ilmoittautumisestasi vahvistusta s\u00e4hk\u00f6postiisi, ota v\u00e4litt\u00f6m\u00e4sti yhteytt\u00e4 asiakaspalveluumme. Tarkasta ilmoittautumisesta koirasi tiedot ja kilpailuluokka.<\/em><\/p>\n\n\n\n<hr class=\"wp-block-separator has-text-color has-alpha-channel-opacity has-background\" style=\"background-color:#f6f6f6;color:#f6f6f6\"\/>\n","protected":false},"excerpt":{"rendered":"<p>Ilmoittautumiset\u00a029.6. \/ 6.7. menness\u00e4.Huom! 30.6.\u20136.7. v\u00e4lisen\u00e4 aikana vain online-ilmoittautuminen. Ilmoittautuminen n\u00e4yttelyyn tulee tehd\u00e4 postitse tai internetiss\u00e4.&nbsp;Ilmoittaessaan koiransa n\u00e4yttelyn n\u00e4ytteilleasettaja sitoutuu noudattamaan Suomen Kennelliiton voimassa olevia n\u00e4yttelys\u00e4\u00e4nt\u00f6j\u00e4 ja niit\u00e4 t\u00e4ydent\u00e4vi\u00e4 ohjeita sek\u00e4 rokotusm\u00e4\u00e4r\u00e4yksi\u00e4. S\u00e4\u00e4nn\u00f6t l\u00f6ytyv\u00e4t&nbsp;Kennelliiton kotisivuilta. Online-ilmoittautuminen\u00a0osoitteessa\u00a0www.showlink.fi\u00a0\u2192\u00a0ILMOITTAUDU N\u00c4YTTELYYN Ilmoittautuminen postitseKennelliiton ilmoittautumislomakkeella,\u00a0kopio maksukuitista mukaan liitettyn\u00e4, osoitteella: Mikkeli KR 2026PL 5002771 Espoo Ilmoittautumisesta tulee aina vahvistus annettuun s\u00e4hk\u00f6postiosoitteeseen. <a href=\"https:\/\/www.showlink.fi\/shows\/Mikkeli_KR_2026\/ilmoittautuminen\/\" class=\"more-link\">...jatka lukemista<span class=\"screen-reader-text\"> \"Ilmoittautuminen\"<\/span><\/a><\/p>\n","protected":false},"author":1,"featured_media":0,"parent":0,"menu_order":2,"comment_status":"closed","ping_status":"closed","template":"","meta":{"footnotes":""},"class_list":["post-5","page","type-page","status-publish","h-entry","hentry","h-as-page"],"_links":{"self":[{"href":"https:\/\/www.showlink.fi\/shows\/Mikkeli_KR_2026\/wp-json\/wp\/v2\/pages\/5","targetHints":{"allow":["GET"]}}],"collection":[{"href":"https:\/\/www.showlink.fi\/shows\/Mikkeli_KR_2026\/wp-json\/wp\/v2\/pages"}],"about":[{"href":"https:\/\/www.showlink.fi\/shows\/Mikkeli_KR_2026\/wp-json\/wp\/v2\/types\/page"}],"author":[{"embeddable":true,"href":"https:\/\/www.showlink.fi\/shows\/Mikkeli_KR_2026\/wp-json\/wp\/v2\/users\/1"}],"replies":[{"embeddable":true,"href":"https:\/\/www.showlink.fi\/shows\/Mikkeli_KR_2026\/wp-json\/wp\/v2\/comments?post=5"}],"version-history":[{"count":37,"href":"https:\/\/www.showlink.fi\/shows\/Mikkeli_KR_2026\/wp-json\/wp\/v2\/pages\/5\/revisions"}],"predecessor-version":[{"id":451,"href":"https:\/\/www.showlink.fi\/shows\/Mikkeli_KR_2026\/wp-json\/wp\/v2\/pages\/5\/revisions\/451"}],"wp:attachment":[{"href":"https:\/\/www.showlink.fi\/shows\/Mikkeli_KR_2026\/wp-json\/wp\/v2\/media?parent=5"}],"curies":[{"name":"wp","href":"https:\/\/api.w.org\/{rel}","templated":true}]}}