{"id":7,"date":"2019-01-31T10:20:11","date_gmt":"2019-01-31T08:20:11","guid":{"rendered":"http:\/\/www.showlink.fi\/shows\/mayrakoiraer2019\/?page_id=7"},"modified":"2026-01-23T17:31:46","modified_gmt":"2026-01-23T15:31:46","slug":"tuomarit","status":"publish","type":"page","link":"https:\/\/www.showlink.fi\/shows\/Mikkeli_KR_2026\/tuomarit\/","title":{"rendered":"Tuomarit"},"content":{"rendered":"\n<hr class=\"wp-block-separator has-text-color has-alpha-channel-opacity has-background\" style=\"background-color:#f6f6f6;color:#f6f6f6\"\/>\n\n\n\n<p><strong>Ryhm\u00e4 1<\/strong><br><em>Varalla kaikille ryhm\u00e4 1 roduille <strong>Maija Lehtonen<\/strong><\/em><br>ceskoslovensky vlciak, it\u00e4euroopanpaimenkoira, katalonianpaimenkoira, lyhytkarvainen pyreneittenpaimenkoira, pitk\u00e4karvainen pyreneittenpaimenkoira, polski owczarek nizinny, saarlooswolfhond, schapendoes, serra de airesinpaimenkoira, shetlanninlammaskoira, tsekinpaimenkoira, valkoinenpaimenkoira <strong>Esa Ruotsalainen<\/strong><br>australiankarjakoira, australianpaimenkoira, bordercollie, brienpaimenkoira \/ briardi, maremmano-abruzzese, medimurjenkoira, mudi, partacollie, saksanpaimenkoirat, vanhaenglanninlammaskoira <strong>Jaana Kummala<\/strong><br>ardennienkarjakoira, australiankelpie, bergamonpaimenkoira, etel\u00e4ven\u00e4j\u00e4nkoira, karpaattienkoira, komondor, kroatianpaimenkoira, kuvasz, mallorcanpaimenkoira, owczarek podhalanski, picardienpaimenkoira, pieniamerikanpaimenkoira, pulit, romanianpaimenkoira, schipperke, slovakiancuvac, welsh corgit <strong>Kati Taipale<\/strong><br>australian t\u00f6p\u00f6h\u00e4nt\u00e4inen karjakoira, beaucenpaimenkoira \/ beauceron, belgianpaimenkoirat, bouvier, hollanninpaimenkoirat, lancashirenkarjakoira, pitk\u00e4karvainen collie, pumi, sile\u00e4karvainen collie <strong>Tarja L\u00f6fman<\/strong><br><br><strong>Ryhm\u00e4 2<\/strong><br><em>Varalla kaikille ryhm\u00e4 2 roduille <strong>Sanna Vakkilainen<\/strong><\/em><br>estrelanvuoristokoirat, hovawart, k\u00e4\u00e4pi\u00f6pinseri, tanskalais-ruotsalainen pihakoira <strong>Jaana Kummala<\/strong><br>bordeauxindoggi, entlebuchinpaimenkoira, espanjanmastiffi, fila brasileiro, hollanninrottakoira, isosveitsinpaimenkoira, it\u00e4vallanpinseri, kangalinkoira, leonberginkoira, mallorcandoggi, mastiffi, napolinmastiffi, newfoundlandinkoira, sao miguelinfila, sarplaninac, shar pei, tosa, transmontano mastiff, uruguayncimarron <strong>Kati Taipale<\/strong><br>aidi, alentejonkoira, apinapinseri, bernhardinkoirat, broholminkoira, bukovinankoira, cane corso, continental bulldog, dogo argentino, k\u00e4\u00e4pi\u00f6snautserit, landseer, pyreneittenmastiffi, tanskandoggit, tiibetinmastiffi, tornjak <strong>Maija Lehtonen<\/strong><br>bullmastiffi, castro laboreironkoira, englanninbulldoggi, karstinpaimenkoira, kaukasiankoira, musta romanianvuoristokoira, pinseri, rottweiler, snautserit, suursnautserit <strong>Paula Rekiranta<\/strong><br>dobermanni, pyreneittenkoira, ven\u00e4j\u00e4nmustaterrieri <strong>Toni Saira<\/strong><br>appenzellinpaimenkoira, berninpaimenkoira, bokseri, kanariandoggi, keskiaasiankoira <strong>Virpi Lepp\u00e4l\u00e4<\/strong><br><br><strong>Ryhm\u00e4 3<\/strong><br><em>Varalla kaikille ryhm\u00e4 3 roduille <strong>Pekka Teini<\/strong><\/em><br>amerikankarvatonterrieri, amerikank\u00e4\u00e4pi\u00f6kettuterrieri, amerikanrottaterrieri, australianterrieri, bedlingtoninterrieri, biewerterrieri, borderterrieri, brasilianterrieri, bullterrieri, cairnterrieri, ceskyterrieri, dandiedinmontinterrieri, englannink\u00e4\u00e4pi\u00f6terrieri, irlanninterrieri, karkeakarvainen kettuterrieri, kerrynterrieri, k\u00e4\u00e4pi\u00f6bullterrieri, lakelandinterrieri, manchesterinterrieri, norfolkinterrieri, norwichinterrieri, parsonrussellinterrieri, sile\u00e4karvainen kettuterrieri, silkkiterrieri, skotlanninterrieri, tenterfieldinterrieri, valencianrottaterrieri, valkoinen l\u00e4nsiyl\u00e4maanterrieri <strong>Helene Vanninen<\/strong><br>airedalenterrieri, amerikanstaffordshirenterrieri <strong>Jaana Kummala<\/strong><br>andalusianrottakoira, glen of imaalinterrieri, jackrussellinterrieri, japaninterrieri, sealyhaminterrieri <strong>Kati Taipale<\/strong><br>saksanmets\u00e4stysterrieri, skyenterrieri, staffordshirenbullterrieri, walesinterrieri, vehn\u00e4terrieri, yorkshirenterrieri <strong>Paula Rekiranta<\/strong><br><br><strong>Ryhm\u00e4 4<\/strong><br><em>Varalla kaikille ryhm\u00e4 4 roduille <strong>Esa Ruotsalainen<\/strong><\/em><br>kaikki rodut <strong>Sanna Vakkilainen<\/strong><br><br><strong>Ryhm\u00e4 5<\/strong><br><em>Varalla kaikille ryhm\u00e4 5 roduille <strong>Pekka Teini<\/strong><\/em><br>hokkaidonkoira, h\u00e4lleforsinkoira, kainkoira, karjalankarhukoira, kintamani-balinkoira, kishunkoira, koreanjindonkoira, lapinporokoira, meksikonkarvatonkoirat, perunkarvatonkoirat, pohjanpystykorva, ruotsinlapinkoira, suomenlapinkoira, taiwaninkoira, tanskanpystykorva, thai ridgeback, thaimaanpystykorva, valkoinen ruotsinhirvikoira, ven\u00e4l\u00e4is-eurooppalainen laika <strong>Anna Paananen<\/strong><br>akita, american eskimo dog, amerikanakita <strong>Esa Ruotsalainen<\/strong><br>basenji, chow chow, etnankoira, faaraokoira, harmaa norjanhirvikoira, ibizanpodencot, jakutianlaika, kaanaankoira, kanadaneskimokoira, portugalinpodengot, shiba, siperianhusky <strong>Kirsi Honkanen<\/strong><br>kleinspitzit, mittelspitzit <strong>Paula Rekiranta<\/strong><br>buhund, gr\u00f6nlanninkoira, kanarianpodenco, lunnikoira, l\u00e4nsig\u00f6\u00f6tanmaanpystykorva, musta tanskanpystykorva, suomenpystykorva <strong>Sanna T\u00f6rnroos<\/strong><br>alaskanmalamuutti, eurasier, islanninlammaskoira, it\u00e4siperianlaika, japaninpystykorva, j\u00e4mtlanninpystykorva, l\u00e4nsisiperianlaika, musta norjanhirvikoira, grosspitzit, keeshond, pomeranian, samojedinkoira, shikokunkoira, volpino italiano <strong>Sari Holopainen<\/strong><br><br><strong>Ryhm\u00e4 6<\/strong><br><em>Varalla kaikille ryhm\u00e4 6 roduille <strong>Paula Rekiranta<\/strong><\/em><br>alppienajokoira, amerikankettukoira, anglo-francais de petite v\u00e9nerie, ariegeois, baijerinvuoristovihikoira, billy, bluetick coonhound, brasilianajokoira, briquet griffon vend\u00e9en, chien d\u00b4artois, dalmatiankoira, dreeveri, englanninkettukoira, englantilais-ven\u00e4l\u00e4inen ajokoira, francais blanc et noir, francais blanc et orange, francais tricolore, gascognenbassetti, gascogne-saintongenajokoira, karkeakarvainen bosnianajokoira\/ barak, karkeakarvainen istrianajokoira, karkeakarvainen italianajokoira, karkeakarvainen steierinajokoira, kolmiv\u00e4rinen serbianajokoira, kreikanajokoira, lyhytkarvainen istrianajokoira, lyhytkarvainen italianajokoira <strong>Kirsi Honkanen<\/strong><br>rhodesiankoira <strong>Maija Lehtonen<\/strong><br>suomenajokoira <strong>Sari Holopainen<br><\/strong>muut<strong> Sanna T\u00f6rnroos<\/strong><br><br><strong>Ryhm\u00e4 7<\/strong><br><em>Varalla kaikille ryhm\u00e4 7 roduille <strong>Jaana Kummala<\/strong><\/em><br>italianseisoja, unkarinvizslat, picardienspanieli, pienim\u00fcnsterinseisoja, pointteri, punavalkoinen irlanninsetteri, sininenpicardienspanieli, spinone, stabijhoun, weimarinseisoja, lyhytkarvainen, weimarinseisoja, pitk\u00e4karvainen <strong>Kati Taipale<\/strong><br>englanninsetteri, gordoninsetteri, punainen irlanninsetteri <strong>Kirsi Honkanen<\/strong><br>karkeakarvainen saksanseisoja, lyhytkarvainen saksanseisoja <strong>Maija Lehtonen<\/strong><br>ariegenseisoja, auvergnenseisoja, bourbonnaisinseisoja, bretoni, burgosinseisoja, harjaskarvainen saksanseisoja, hollanninpeltopyykoira, isom\u00fcnsterinseisoja, karkeakarvainen slovakianseisoja, korthalsingriffoni, pitk\u00e4karvainen saksanseisoja, pont-audemerinspanieli, portugalinseisoja, ranskanseisoja, gascognelaistyyppi, ranskanseisoja, pyrenel\u00e4istyyppi, ranskanspanieli, saintgermaininseisoja, saint-usugenspanieli, tsekinseisoja, vanhatanskankanakoira, villakoirapointteri <strong>Sanna T\u00f6rnroos<\/strong><br><br><strong>Ryhm\u00e4 8<\/strong><br><em>Varalla kaikille ryhm\u00e4 8 roduille <strong>Paula Rekiranta<\/strong><\/em><br>amerikanvesispanieli, chesapeakelahdennoutaja, friisinvesikoira, irlanninvesispanieli, kultainennoutaja <strong>Esa Ruotsalainen<\/strong><br>espanjanvesikoira, kiharakarvainen noutaja, labradorinnoutaja <strong>Maija Lehtonen<\/strong><br>amerikancockerspanieli, barbet, cockerspanieli, englanninspringerspanieli, kooikerhondje, lagotto romagnolo, portugalinvesikoira, puolanmets\u00e4stysspanieli <strong>Pekka Teini<\/strong><br>fieldspanieli, novascotiannoutaja, walesinspringerspanieli <strong>Sanna Vakkilainen<\/strong><br>clumberinspanieli, sile\u00e4karvainen noutaja, sussexinspanieli, ven\u00e4j\u00e4nspanieli, viiri\u00e4iskoira <strong>Sari Holopainen<\/strong><br><br><strong>Ryhm\u00e4 9<\/strong><br><em>Varalla kaikille ryhm\u00e4 9 roduille <strong>Maija Lehtonen<\/strong><\/em><br>papillon, phal\u00e8ne <strong>Jaana Kummala<\/strong><br>chihuahuat, kiinanharjakoira <strong>Paula Rekiranta<\/strong><br>markiesje, mopsi <strong>Sanna Vakkilainen<\/strong><br>coton de tul\u00e9ar, kingcharlesinspanieli, maltankoira, petit brabancon, prahanrottakoira, ven\u00e4j\u00e4ntoyt, villakoirat <strong>Tarja L\u00f6fman<\/strong><br>bichon fris\u00e9, bolognese, bostoninterrieri, cavalier kingcharlesinspanieli, griffon belge, griffon bruxellois, japanese chin, kiinanpalatsikoira\/pekingeesi, l\u00f6wchen, ranskanbulldoggi, tiibetinspanieli, tiibetinterrieri <strong>Toni Saira<\/strong><br>havannankoira, kromfohrl\u00e4nder, lhasa apso, shih tzu, ven\u00e4j\u00e4nbolonka <strong>Virpi Lepp\u00e4l\u00e4<\/strong><br><br><strong>Ryhm\u00e4 10<\/strong><br><em>Varalla kaikille ryhm\u00e4 10 roduille <strong>Jaana Kummala<\/strong><\/em><br>afgaaninvinttikoira, englanninvinttikoira, espanjanvinttikoira, irlanninsusikoira, italianvinttikoira, puolanvinttikoira, saluki, skotlanninhirvikoira, sloughi, tazi, unkarinvinttikoira, ven\u00e4j\u00e4nvinttikoira <strong>Pekka Teini<\/strong><br>azawakh, whippet <strong>Sanna Vakkilainen<\/strong><\/p>\n\n\n\n<p>Junior Handler <strong>Sanna T\u00f6rnroos<\/strong><\/p>\n\n\n\n<h2 class=\"wp-block-heading\">Ryhm\u00e4kilpailut<\/h2>\n\n\n\n<p>1<strong> Esa Ruotsalainen<\/strong><br>2<strong> Paula Rekiranta<\/strong><br>3<strong> Helene Vanninen<\/strong><br>4<strong> Sanna Vakkilainen<\/strong><br>5<strong> Sari Holopainen<\/strong><br>6<strong> Kirsi Honkanen<\/strong><br>7<strong> Kati Taipale<\/strong><br>8<strong> Pekka Teini<\/strong><br>9<strong> Toni Saira<\/strong><br>10<strong> Pekka Teini<br><\/strong>Paras Juniori<strong> Paula Rekiranta<\/strong><br>Paras veteraani <strong>Jaana Kummala<\/strong><br>Paras kasvattajaryhm\u00e4 <strong>Tarja L\u00f6fman<\/strong><br>Best in Show<strong> Maija Lehtonen<br><br><\/strong><\/p>\n","protected":false},"excerpt":{"rendered":"<p>Ryhm\u00e4 1Varalla kaikille ryhm\u00e4 1 roduille Maija Lehtonenceskoslovensky vlciak, it\u00e4euroopanpaimenkoira, katalonianpaimenkoira, lyhytkarvainen pyreneittenpaimenkoira, pitk\u00e4karvainen pyreneittenpaimenkoira, polski owczarek nizinny, saarlooswolfhond, schapendoes, serra de airesinpaimenkoira, shetlanninlammaskoira, tsekinpaimenkoira, valkoinenpaimenkoira Esa Ruotsalainenaustraliankarjakoira, australianpaimenkoira, bordercollie, brienpaimenkoira \/ briardi, maremmano-abruzzese, medimurjenkoira, mudi, partacollie, saksanpaimenkoirat, vanhaenglanninlammaskoira Jaana Kummalaardennienkarjakoira, australiankelpie, bergamonpaimenkoira, etel\u00e4ven\u00e4j\u00e4nkoira, karpaattienkoira, komondor, kroatianpaimenkoira, kuvasz, mallorcanpaimenkoira, owczarek podhalanski, picardienpaimenkoira, pieniamerikanpaimenkoira, pulit, romanianpaimenkoira, <a href=\"https:\/\/www.showlink.fi\/shows\/Mikkeli_KR_2026\/tuomarit\/\" class=\"more-link\">...jatka lukemista<span class=\"screen-reader-text\"> \"Tuomarit\"<\/span><\/a><\/p>\n","protected":false},"author":1,"featured_media":0,"parent":0,"menu_order":1,"comment_status":"closed","ping_status":"closed","template":"","meta":{"footnotes":""},"class_list":["post-7","page","type-page","status-publish","h-entry","hentry","h-as-page"],"_links":{"self":[{"href":"https:\/\/www.showlink.fi\/shows\/Mikkeli_KR_2026\/wp-json\/wp\/v2\/pages\/7","targetHints":{"allow":["GET"]}}],"collection":[{"href":"https:\/\/www.showlink.fi\/shows\/Mikkeli_KR_2026\/wp-json\/wp\/v2\/pages"}],"about":[{"href":"https:\/\/www.showlink.fi\/shows\/Mikkeli_KR_2026\/wp-json\/wp\/v2\/types\/page"}],"author":[{"embeddable":true,"href":"https:\/\/www.showlink.fi\/shows\/Mikkeli_KR_2026\/wp-json\/wp\/v2\/users\/1"}],"replies":[{"embeddable":true,"href":"https:\/\/www.showlink.fi\/shows\/Mikkeli_KR_2026\/wp-json\/wp\/v2\/comments?post=7"}],"version-history":[{"count":38,"href":"https:\/\/www.showlink.fi\/shows\/Mikkeli_KR_2026\/wp-json\/wp\/v2\/pages\/7\/revisions"}],"predecessor-version":[{"id":453,"href":"https:\/\/www.showlink.fi\/shows\/Mikkeli_KR_2026\/wp-json\/wp\/v2\/pages\/7\/revisions\/453"}],"wp:attachment":[{"href":"https:\/\/www.showlink.fi\/shows\/Mikkeli_KR_2026\/wp-json\/wp\/v2\/media?parent=7"}],"curies":[{"name":"wp","href":"https:\/\/api.w.org\/{rel}","templated":true}]}}