{"id":18,"date":"2017-12-19T11:53:02","date_gmt":"2017-12-19T09:53:02","guid":{"rendered":"http:\/\/www.showlink.fi\/shows\/oulainen2018\/?page_id=18"},"modified":"2026-04-16T15:41:25","modified_gmt":"2026-04-16T12:41:25","slug":"tuomarit","status":"publish","type":"page","link":"https:\/\/www.showlink.fi\/shows\/MustasaariKorsholm_150826\/tuomarit\/","title":{"rendered":"Tuomarit"},"content":{"rendered":"\n<p><strong>Ryhm\u00e4 4<\/strong><br><em>Varalla kaikille ryhm\u00e4 4 roduille <strong>Tiina Eskelinen<\/strong><\/em><br>kaikki rodut <strong>Tapani Pukkila<\/strong><br><br><strong>Ryhm\u00e4 5<\/strong><br><em>Varalla roduille buhund, h\u00e4lleforsinkoira, lapinporokoira, ruotsinlapinkoira, suomenlapinkoira<strong> Paloj\u00e4rvi Matti<\/strong><\/em><br>buhund, islanninlammaskoira, lapinporokoira, lunnikoira, l\u00e4nsig\u00f6\u00f6tanmaanpystykorva, ruotsinlapinkoira, suomenlapinkoira <strong>Erja Nummi<\/strong><br>harmaa norjanhirvikoira, h\u00e4lleforsinkoira, it\u00e4siperianlaika, j\u00e4mtlanninpystykorva, karjalankarhukoira, l\u00e4nsisiperianlaika, musta norjanhirvikoira, pohjanpystykorva, suomenpystykorva, valkoinen ruotsinhirvikoira, ven\u00e4l\u00e4is-eurooppalainen laika <strong>Matti Paloj\u00e4rvi<\/strong><br><br><strong>Ryhm\u00e4 6<\/strong><br><em>Varalla kaikille ryhm\u00e4 6 roduille <strong>Erja Nummi<\/strong><\/em><br>Varalla roduille suomenajokoira<strong> Paloj\u00e4rvi Matti<\/strong><br>kaikki rodut <strong>Sakari Poti<\/strong><br><br><strong>Ryhm\u00e4 7<\/strong><br><em>Varalla kaikille ryhm\u00e4 7 roduille <strong>Erja Nummi<\/strong><\/em><br>kaikki rodut <strong>Tiina Eskelinen<\/strong><br><br><strong>Ryhm\u00e4 8<\/strong><br><em>Varalla roduille kultainennoutaja<strong> Eskelinen Tiina<\/strong><br>Varalla roduille barbet, chesapeakelahdennoutaja, friisinvesikoira, kooikerhondje, novascotiannoutaja, viiri\u00e4iskoira<strong> Jaakkola Marjo<\/strong><\/em><br>barbet, chesapeakelahdennoutaja, friisinvesikoira, kooikerhondje, novascotiannoutaja, viiri\u00e4iskoira <strong>Erja Nummi<\/strong><br>amerikancockerspanieli, amerikanvesispanieli, clumberinspanieli, cockerspanieli, englanninspringerspanieli, espanjanvesikoira, fieldspanieli, irlanninvesispanieli, kiharakarvainen noutaja, kultainennoutaja, labradorinnoutaja, lagotto romagnolo, portugalinvesikoira, puolanmets\u00e4stysspanieli, sile\u00e4karvainen noutaja, sussexinspanieli, walesinspringerspanieli, ven\u00e4j\u00e4nspanieli <strong>Marjo Jaakkola<\/strong><br><br><strong>Ryhm\u00e4kilpailut<\/strong><br>FCI 4<strong> Tapani Pukkila<\/strong><br>FCI 5<strong> Erja Nummi<\/strong><br>FCI 6<strong> Erja Nummi<\/strong><br>FCI 7<strong> Tiina Eskelinen<\/strong><br>FCI 8<strong> Marjo Jaakkola<\/strong><br><br>Paras veteraani <strong>Erja Nummi<\/strong><br>Paras kasvattajaryhm\u00e4 <strong>Marjo Jaakkola<\/strong><br>Best in Show<strong> Matti Paloj\u00e4rvi<\/strong><\/p>\n","protected":false},"excerpt":{"rendered":"<p>Ryhm\u00e4 4Varalla kaikille ryhm\u00e4 4 roduille Tiina Eskelinenkaikki rodut Tapani Pukkila Ryhm\u00e4 5Varalla roduille buhund, h\u00e4lleforsinkoira, lapinporokoira, ruotsinlapinkoira, suomenlapinkoira Paloj\u00e4rvi Mattibuhund, islanninlammaskoira, lapinporokoira, lunnikoira, l\u00e4nsig\u00f6\u00f6tanmaanpystykorva, ruotsinlapinkoira, suomenlapinkoira Erja Nummiharmaa norjanhirvikoira, h\u00e4lleforsinkoira, it\u00e4siperianlaika, j\u00e4mtlanninpystykorva, karjalankarhukoira, l\u00e4nsisiperianlaika, musta norjanhirvikoira, pohjanpystykorva, suomenpystykorva, valkoinen ruotsinhirvikoira, ven\u00e4l\u00e4is-eurooppalainen laika Matti Paloj\u00e4rvi Ryhm\u00e4 6Varalla kaikille ryhm\u00e4 6 roduille Erja NummiVaralla roduille suomenajokoira <a href=\"https:\/\/www.showlink.fi\/shows\/MustasaariKorsholm_150826\/tuomarit\/\" class=\"more-link\">...jatka lukemista<span class=\"screen-reader-text\"> \"Tuomarit\"<\/span><\/a><\/p>\n","protected":false},"author":1,"featured_media":0,"parent":0,"menu_order":2,"comment_status":"closed","ping_status":"closed","template":"","meta":{"footnotes":""},"class_list":["post-18","page","type-page","status-publish","h-entry","hentry","h-as-page"],"_links":{"self":[{"href":"https:\/\/www.showlink.fi\/shows\/MustasaariKorsholm_150826\/wp-json\/wp\/v2\/pages\/18","targetHints":{"allow":["GET"]}}],"collection":[{"href":"https:\/\/www.showlink.fi\/shows\/MustasaariKorsholm_150826\/wp-json\/wp\/v2\/pages"}],"about":[{"href":"https:\/\/www.showlink.fi\/shows\/MustasaariKorsholm_150826\/wp-json\/wp\/v2\/types\/page"}],"author":[{"embeddable":true,"href":"https:\/\/www.showlink.fi\/shows\/MustasaariKorsholm_150826\/wp-json\/wp\/v2\/users\/1"}],"replies":[{"embeddable":true,"href":"https:\/\/www.showlink.fi\/shows\/MustasaariKorsholm_150826\/wp-json\/wp\/v2\/comments?post=18"}],"version-history":[{"count":8,"href":"https:\/\/www.showlink.fi\/shows\/MustasaariKorsholm_150826\/wp-json\/wp\/v2\/pages\/18\/revisions"}],"predecessor-version":[{"id":219,"href":"https:\/\/www.showlink.fi\/shows\/MustasaariKorsholm_150826\/wp-json\/wp\/v2\/pages\/18\/revisions\/219"}],"wp:attachment":[{"href":"https:\/\/www.showlink.fi\/shows\/MustasaariKorsholm_150826\/wp-json\/wp\/v2\/media?parent=18"}],"curies":[{"name":"wp","href":"https:\/\/api.w.org\/{rel}","templated":true}]}}