{"id":225,"date":"2026-04-16T15:40:50","date_gmt":"2026-04-16T12:40:50","guid":{"rendered":"https:\/\/www.showlink.fi\/shows\/MustasaariKorsholm_150826_luonnostila\/?page_id=225"},"modified":"2026-04-17T10:20:16","modified_gmt":"2026-04-17T07:20:16","slug":"pa-svenska","status":"publish","type":"page","link":"https:\/\/www.showlink.fi\/shows\/MustasaariKorsholm_150826\/pa-svenska\/","title":{"rendered":"P\u00e5 Svenska"},"content":{"rendered":"\n<h2 class=\"wp-block-heading\">V\u00e4lkommen till Korsholm!<\/h2>\n\n\n\n<p><strong>Grupputst\u00e4llning 15.8.2026 p\u00e5 Korsholms idrottspark.<\/strong><br>Adress: Prost\u00f6v\u00e4gen&nbsp;2, 65610 Korsholm.<\/p>\n\n\n\n<p><strong>I utst\u00e4llningen bed\u00f6ms FCI grupperna del av 5, FCI 6, FCI 4, 7 och 8. <\/strong><br><strong>\u00c4ven valpar 7 m\u00e5n. \u2013 under 9 m\u00e5n.<\/strong><br><strong>FCI del av 5<\/strong> \u2013 Jaktspetsar och nordiska vallande spetsar<br><strong>FCI 6<\/strong> \u2013 Drivande hundar samt s\u00f6k- och sp\u00e5rhundar<br><strong>FCI 4<\/strong> \u2013 Taxar<br><strong>FCI 7<\/strong> \u2013 St\u00e5ende f\u00e5gelhundar<br><strong>FCI 8 <\/strong>\u2013 St\u00f6tande hundar, apporterande hundar och vattenhundar<\/p>\n\n\n\n<p><strong>Arrang\u00f6r:<\/strong> Iskmo jaktklubb, Jungsund jaktklubb, S\u00f6dra Vallgrund jaktf\u00f6rening<\/p>\n\n\n\n<hr class=\"wp-block-separator has-text-color has-alpha-channel-opacity has-background\" style=\"background-color:#ededed;color:#ededed\"\/>\n\n\n\n<h2 class=\"wp-block-heading\">F\u00f6rfr\u00e5gningar<\/h2>\n\n\n\n<p><strong><strong>F\u00f6rfr\u00e5gningar om anm\u00e4lningar:<\/strong>&nbsp;<\/strong><br><strong>Showlink Oy<\/strong>&nbsp;<br>vard. kl 11-17 tel. +358 9 887 30320<br>info@showlink.fi<\/p>\n\n\n\n<p><em>V\u00e4nligen ange utst\u00e4llningens namn och registreringsnumret p\u00e5 den hund som f\u00f6rfr\u00e5gan avser i din f\u00f6rfr\u00e5gan\/mejl.<\/em><\/p>\n\n\n\n<p><strong><strong>\u00d6vriga f\u00f6rfr\u00e5gningar<\/strong><\/strong><br>tel. +358 50 571 1618 \/ Christoffer Bj\u00f6rnstr\u00f6m<br><\/p>\n","protected":false},"excerpt":{"rendered":"<p>V\u00e4lkommen till Korsholm! Grupputst\u00e4llning 15.8.2026 p\u00e5 Korsholms idrottspark.Adress: Prost\u00f6v\u00e4gen&nbsp;2, 65610 Korsholm. I utst\u00e4llningen bed\u00f6ms FCI grupperna del av 5, FCI 6, FCI 4, 7 och 8. \u00c4ven valpar 7 m\u00e5n. \u2013 under 9 m\u00e5n.FCI del av 5 \u2013 Jaktspetsar och nordiska vallande spetsarFCI 6 \u2013 Drivande hundar samt s\u00f6k- och sp\u00e5rhundarFCI 4 \u2013 TaxarFCI 7 <a href=\"https:\/\/www.showlink.fi\/shows\/MustasaariKorsholm_150826\/pa-svenska\/\" class=\"more-link\">...jatka lukemista<span class=\"screen-reader-text\"> \"P\u00e5 Svenska\"<\/span><\/a><\/p>\n","protected":false},"author":1,"featured_media":0,"parent":0,"menu_order":6,"comment_status":"closed","ping_status":"closed","template":"","meta":{"footnotes":""},"class_list":["post-225","page","type-page","status-publish","h-entry","hentry","h-as-page"],"_links":{"self":[{"href":"https:\/\/www.showlink.fi\/shows\/MustasaariKorsholm_150826\/wp-json\/wp\/v2\/pages\/225","targetHints":{"allow":["GET"]}}],"collection":[{"href":"https:\/\/www.showlink.fi\/shows\/MustasaariKorsholm_150826\/wp-json\/wp\/v2\/pages"}],"about":[{"href":"https:\/\/www.showlink.fi\/shows\/MustasaariKorsholm_150826\/wp-json\/wp\/v2\/types\/page"}],"author":[{"embeddable":true,"href":"https:\/\/www.showlink.fi\/shows\/MustasaariKorsholm_150826\/wp-json\/wp\/v2\/users\/1"}],"replies":[{"embeddable":true,"href":"https:\/\/www.showlink.fi\/shows\/MustasaariKorsholm_150826\/wp-json\/wp\/v2\/comments?post=225"}],"version-history":[{"count":2,"href":"https:\/\/www.showlink.fi\/shows\/MustasaariKorsholm_150826\/wp-json\/wp\/v2\/pages\/225\/revisions"}],"predecessor-version":[{"id":245,"href":"https:\/\/www.showlink.fi\/shows\/MustasaariKorsholm_150826\/wp-json\/wp\/v2\/pages\/225\/revisions\/245"}],"wp:attachment":[{"href":"https:\/\/www.showlink.fi\/shows\/MustasaariKorsholm_150826\/wp-json\/wp\/v2\/media?parent=225"}],"curies":[{"name":"wp","href":"https:\/\/api.w.org\/{rel}","templated":true}]}}