{"id":228,"date":"2026-04-16T15:42:28","date_gmt":"2026-04-16T12:42:28","guid":{"rendered":"https:\/\/www.showlink.fi\/shows\/MustasaariKorsholm_150826_luonnostila\/?page_id=228"},"modified":"2026-04-16T15:44:39","modified_gmt":"2026-04-16T12:44:39","slug":"domare","status":"publish","type":"page","link":"https:\/\/www.showlink.fi\/shows\/MustasaariKorsholm_150826\/pa-svenska\/domare\/","title":{"rendered":"Domare"},"content":{"rendered":"\n<p><strong>FCI 4<\/strong><br><em>Reserv\u00a0<strong>Tiina Eskelinen<\/strong><\/em><br>alla raser\u00a0<strong>Tapani Pukkila<\/strong><\/p>\n\n\n\n<p><strong>FCI 5<\/strong><br><em>Reserv f\u00f6r raser finsk lapphund, h\u00e4lleforshund, lapsk vallhund, norsk buhund, svensk lapphund<strong>&nbsp;Paloj\u00e4rvi Matti<\/strong><\/em><br>finsk lapphund, isl\u00e4ndsk f\u00e5rhund, lapsk vallhund, norsk buhund, norsk lundehund, svensk lapphund, v\u00e4stg\u00f6taspets&nbsp;<strong>Erja Nummi<\/strong><br>finsk spets, h\u00e4lleforshund, j\u00e4mthund, karelsk bj\u00f6rnhund, norrbottenspets, norsk \u00e4lghund, gr\u00e5, norsk \u00e4lghund, svart, rysk-europeisk lajka, svensk vit \u00e4lghund, v\u00e4stsibirisk lajka, \u00f6stsibirisk lajka&nbsp;<strong>Matti Paloj\u00e4rvi<\/strong><\/p>\n\n\n\n<p><strong>FCI 6<\/strong><br><em>Reserv&nbsp;<strong>Erja Nummi<\/strong><\/em><br>alla raser&nbsp;<strong>Sakari Poti<\/strong><\/p>\n\n\n\n<p><strong>FCI 7<\/strong><br><em>Reserv&nbsp;<strong>Erja Nummi<\/strong><\/em><br>alla raser&nbsp;<strong>Tiina Eskelinen<\/strong><\/p>\n\n\n\n<p><strong>FCI 8<\/strong><br><em>Reserv f\u00f6r golden retriever<strong>&nbsp;Eskelinen Tiina<\/strong><br>Reserv f\u00f6r barbet, chesapeake bay retriever, nederlandse kooikerhondje, nova scotia duck tolling retriever, wachtelhund, wetterhoun<strong>&nbsp;Jaakkola Marjo<\/strong><\/em><br>barbet, chesapeake bay retriever, nederlandse kooikerhondje, nova scotia duck tolling retriever, wachtelhund, wetterhoun&nbsp;<strong>Erja Nummi<\/strong><br>american water spaniel, amerikansk cocker spaniel, clumber spaniel, cocker spaniel, curly coated retriever, engelsk springer spaniel, field spaniel, flatcoated retriever, golden retriever, irl\u00e4ndsk vattenspaniel, labrador retriever, lagotto romagnolo, polski spaniel mysliwski, portugisisk vattenhund, russkaja ochotnitjija spaniel, spansk vattenhund, sussex spaniel, welsh springer spaniel&nbsp;<strong>Marjo Jaakkola<\/strong><\/p>\n\n\n\n<p><strong>Finalerna<\/strong><br>FCI 4<strong>\u00a0Tapani Pukkila<\/strong><br>FCI 5<strong>\u00a0Erja Nummi<\/strong><br>FCI 6<strong>\u00a0Erja Nummi<\/strong><br>FCI 7<strong>\u00a0Tiina Eskelinen<\/strong><br>FCI 8<strong>\u00a0Marjo Jaakkola<\/strong><br><br>B\u00e4sta veteran\u00a0<strong>Erja Nummi<\/strong><br>B\u00e4sta uppf\u00f6dargrupp\u00a0<strong>Marjo Jaakkola<\/strong><br>Best in Show<strong>\u00a0Matti Paloj\u00e4rvi<\/strong><\/p>\n","protected":false},"excerpt":{"rendered":"<p>FCI 4Reserv\u00a0Tiina Eskelinenalla raser\u00a0Tapani Pukkila FCI 5Reserv f\u00f6r raser finsk lapphund, h\u00e4lleforshund, lapsk vallhund, norsk buhund, svensk lapphund&nbsp;Paloj\u00e4rvi Mattifinsk lapphund, isl\u00e4ndsk f\u00e5rhund, lapsk vallhund, norsk buhund, norsk lundehund, svensk lapphund, v\u00e4stg\u00f6taspets&nbsp;Erja Nummifinsk spets, h\u00e4lleforshund, j\u00e4mthund, karelsk bj\u00f6rnhund, norrbottenspets, norsk \u00e4lghund, gr\u00e5, norsk \u00e4lghund, svart, rysk-europeisk lajka, svensk vit \u00e4lghund, v\u00e4stsibirisk lajka, \u00f6stsibirisk lajka&nbsp;Matti Paloj\u00e4rvi FCI <a href=\"https:\/\/www.showlink.fi\/shows\/MustasaariKorsholm_150826\/pa-svenska\/domare\/\" class=\"more-link\">...jatka lukemista<span class=\"screen-reader-text\"> \"Domare\"<\/span><\/a><\/p>\n","protected":false},"author":1,"featured_media":0,"parent":225,"menu_order":1,"comment_status":"closed","ping_status":"closed","template":"","meta":{"footnotes":""},"class_list":["post-228","page","type-page","status-publish","h-entry","hentry","h-as-page"],"_links":{"self":[{"href":"https:\/\/www.showlink.fi\/shows\/MustasaariKorsholm_150826\/wp-json\/wp\/v2\/pages\/228","targetHints":{"allow":["GET"]}}],"collection":[{"href":"https:\/\/www.showlink.fi\/shows\/MustasaariKorsholm_150826\/wp-json\/wp\/v2\/pages"}],"about":[{"href":"https:\/\/www.showlink.fi\/shows\/MustasaariKorsholm_150826\/wp-json\/wp\/v2\/types\/page"}],"author":[{"embeddable":true,"href":"https:\/\/www.showlink.fi\/shows\/MustasaariKorsholm_150826\/wp-json\/wp\/v2\/users\/1"}],"replies":[{"embeddable":true,"href":"https:\/\/www.showlink.fi\/shows\/MustasaariKorsholm_150826\/wp-json\/wp\/v2\/comments?post=228"}],"version-history":[{"count":1,"href":"https:\/\/www.showlink.fi\/shows\/MustasaariKorsholm_150826\/wp-json\/wp\/v2\/pages\/228\/revisions"}],"predecessor-version":[{"id":229,"href":"https:\/\/www.showlink.fi\/shows\/MustasaariKorsholm_150826\/wp-json\/wp\/v2\/pages\/228\/revisions\/229"}],"up":[{"embeddable":true,"href":"https:\/\/www.showlink.fi\/shows\/MustasaariKorsholm_150826\/wp-json\/wp\/v2\/pages\/225"}],"wp:attachment":[{"href":"https:\/\/www.showlink.fi\/shows\/MustasaariKorsholm_150826\/wp-json\/wp\/v2\/media?parent=228"}],"curies":[{"name":"wp","href":"https:\/\/api.w.org\/{rel}","templated":true}]}}