{"id":230,"date":"2026-04-16T15:44:20","date_gmt":"2026-04-16T12:44:20","guid":{"rendered":"https:\/\/www.showlink.fi\/shows\/MustasaariKorsholm_150826_luonnostila\/?page_id=230"},"modified":"2026-04-16T15:44:35","modified_gmt":"2026-04-16T12:44:35","slug":"anmalan","status":"publish","type":"page","link":"https:\/\/www.showlink.fi\/shows\/MustasaariKorsholm_150826\/pa-svenska\/anmalan\/","title":{"rendered":"Anm\u00e4lan"},"content":{"rendered":"\n<p>Anm\u00e4lan ska g\u00f6ras senast<strong>&nbsp;5.7. \/ 26.7.<\/strong><\/p>\n\n\n\n<p><strong>Anm\u00e4lan till utst\u00e4llningen ska g\u00f6ras online.<\/strong>&nbsp;N\u00e4r hunden anm\u00e4ls till hundutst\u00e4llningen f\u00f6rbinder sig utst\u00e4llaren att f\u00f6lja Finska Kennelklubbens i kraft varande utst\u00e4llningsregler och deras kompletterade direktiv och vaccinationsbest\u00e4mmelser. Reglerna hittas fr\u00e5n Finska Kennelklubbens hemsida.<\/p>\n\n\n\n<p>Online anm\u00e4lan sker via adressen&nbsp;<strong><a href=\"http:\/\/www.showlink.fi\/\">www.showlink.fi<\/a><\/strong>&nbsp;\u2192<strong>&nbsp;<a href=\"https:\/\/ilmoittautuminen.kennelliitto.fi\/frmEtusivu.aspx?Lang=sv-SE\">ONLINE ENTRY<\/a><\/strong><\/p>\n\n\n\n<p>Internetanm\u00e4lan betalas via n\u00e4tbanken eller via kreditkort i samband med anm\u00e4lan. Vid internetanm\u00e4lan kommer det alltid bekr\u00e4ftelse till din e-post. Om du inte f\u00e5r bekr\u00e4ftelse, ta genast kontakt med Showlinks kundtj\u00e4nst. Granska din hunds uppgifter och klass vid anm\u00e4lan.<\/p>\n\n\n\n<hr class=\"wp-block-separator has-text-color has-alpha-channel-opacity has-background\" style=\"background-color:#ededed;color:#ededed\"\/>\n\n\n\n<h2 class=\"wp-block-heading\">Anm\u00e4lningsavgifter<\/h2>\n\n\n\n<p><strong>Anm\u00e4lningsavgifter senast den 5.7.2026<br><\/strong>\u00bb f\u00f6rsta hund\u00a0<strong>39 \u20ac<\/strong><br>\u00bb samma \u00e4gares\u00a0<strong>2.<\/strong>\u00a0hund osv\u00a0<strong>36 \u20ac<\/strong><br>\u00bb valpar och veteraner\u00a0<strong>32 \u20ac<\/strong><br>\u00bb veteraner \u00f6ver 10 \u00e5r\u00a0<strong>15 \u20ac<\/strong><\/p>\n\n\n\n<p><strong>Anm\u00e4lningsavgifter under tiden 6.-26.7.2026<br><\/strong>\u00bb alla klasser\u00a0<strong>48 \u20ac<\/strong><\/p>\n\n\n\n<hr class=\"wp-block-separator has-text-color has-alpha-channel-opacity has-background\" style=\"background-color:#ededed;color:#ededed\"\/>\n\n\n\n<h2 class=\"wp-block-heading\">Till\u00e4ggsinformation<\/h2>\n\n\n\n<p>Inga nummerlappar eller tidtabeller skickas per post, allt levereras elektroniskt.<\/p>\n\n\n\n<p><strong>Obs!<\/strong>&nbsp;F\u00f6r att anm\u00e4la hundar till rabatterat pris ska anm\u00e4lan av alla hundar g\u00f6ras samtidigt vid online-anm\u00e4lan. Som samma \u00e4gare tolkas den person som angetts som \u00e4gare av anm\u00e4lningssessionens f\u00f6rsta hund.&nbsp;<strong>Rabatten r\u00e4knas endast p\u00e5 den dyrare anm\u00e4lningsavgiften (ej t.ex. p\u00e5 avgiften f\u00f6r valpar\/veteraner.)<\/strong>&nbsp;<\/p>\n\n\n\n<p>Efter att anm\u00e4lningstiden har g\u00e5tt ut kan hunden inte flyttas till en annan klass (undantag om det \u00e4r fr\u00e5gan om ett fel som beror p\u00e5 arrang\u00f6ren). En hanhund som inte har normala testiklar&nbsp;diskvalificeras.<\/p>\n\n\n\n<p><strong>Bruksklass<br><\/strong>Av en utl\u00e4ndsk hund kr\u00e4vs f\u00f6r deltagande i bruksklass ett bruksintyg (WCC). Om resultatet eller bruksintyget saknas, \u00f6verf\u00f6rs hunden automatiskt till \u00f6ppen klass.<\/p>\n\n\n\n<p><strong>Championklass<br><\/strong>Av utl\u00e4ndsk hund kr\u00e4vs f\u00f6r deltagande i championklass ett championatintyg. Om championatintyget saknas, \u00f6verf\u00f6rs hunden automatiskt till \u00f6ppen klass. Utl\u00e4ndska champions t\u00e4vlar om certifikat (ifall hunden inte \u00e4nnu \u00e4r finsk champion).<\/p>\n\n\n\n<p><strong>Vaccinationsbest\u00e4mmelser<\/strong>&nbsp;&nbsp;&nbsp;&nbsp;&nbsp;&nbsp;&nbsp;&nbsp;&nbsp;&nbsp;&nbsp;&nbsp;&nbsp;&nbsp;&nbsp;&nbsp;&nbsp;&nbsp;<br>Vid hundutst\u00e4llningar, -prov och -t\u00e4vlingar samt vid \u00f6vriga organiserade massevenemang f\u00f6r hundar (h\u00e4refter evenemang) till\u00e4mpas vaccinationsbest\u00e4mmelserna som godk\u00e4nts av Finska Kennelklubbens styrelse. Evenemangets arrang\u00f6r svarar f\u00f6r kontroll av att vaccinationsbest\u00e4mmelserna f\u00f6ljs.<\/p>\n\n\n\n<p>Hunden b\u00f6r ha ett vaccinationsintyg (vaccinationsbok eller s\u00e4llskapsdjurpass), d\u00e4r det st\u00e5r vaccinationens sista giltighetsdag, hundens identifikationsuppgifter och senaste vaccinationer.<\/p>\n\n\n\n<p><strong>\u00d6ronkuperade och svanskuperade hundar<br><\/strong>Kuperade hundar f\u00e5r inte delta i utst\u00e4llningar, prov och t\u00e4vlingar i Finland.<\/p>\n\n\n\n<p><strong>Identifikationsm\u00e4rkning<br><\/strong>Alla hundar som deltar i utst\u00e4llningen skall vara&nbsp;<strong>id-m\u00e4rkta<\/strong>&nbsp;med Indexel\/Lifechip eller Datamars mikrochip eller tatuerad. Identifikationsm\u00e4rkning \u00e4r obligatoriskt vid kennelklubbens officiella utst\u00e4llningar, prov och t\u00e4vlingar.<\/p>\n\n\n\n<p><strong>Antidoping<\/strong><br>Antidopingbest\u00e4mmelserna godk\u00e4nda av Finska Kennelklubbens fullm\u00e4ktige har tr\u00e4tt i kraft 1.12.2007.&nbsp; Doping\u00f6vervakning omfattar alla utst\u00e4llningar, t\u00e4vlingar och prov som Finska Kennelklubben har beviljat. Mera information om doping\u00f6vervakning finns p\u00e5 Kennelklubbens&nbsp;<a href=\"https:\/\/www.kennelliitto.fi\/sv\/hundaktiviteter\/antidoping\">webbplats<\/a>.<\/p>\n\n\n\n<p><strong>F\u00f6rfr\u00e5gningar som g\u00e4ller anm\u00e4lan och uppf\u00f6dargrupperna&nbsp;&nbsp;&nbsp;&nbsp;&nbsp;&nbsp;<br><\/strong>Showlink Oy vardagar kl. 11-17 tel. 09 887 30320 eller e-post:&nbsp;<a href=\"mailto:info@showlink.fi\">info@showlink.fi<\/a><\/p>\n\n\n\n<p><em>Vid f\u00f6rfr\u00e5gningar ska utst\u00e4llningens namn och datum n\u00e4mnas, samt registernumret p\u00e5 den hund som f\u00f6rfr\u00e5gan g\u00e4ller.<\/em><\/p>\n","protected":false},"excerpt":{"rendered":"<p>Anm\u00e4lan ska g\u00f6ras senast&nbsp;5.7. \/ 26.7. Anm\u00e4lan till utst\u00e4llningen ska g\u00f6ras online.&nbsp;N\u00e4r hunden anm\u00e4ls till hundutst\u00e4llningen f\u00f6rbinder sig utst\u00e4llaren att f\u00f6lja Finska Kennelklubbens i kraft varande utst\u00e4llningsregler och deras kompletterade direktiv och vaccinationsbest\u00e4mmelser. Reglerna hittas fr\u00e5n Finska Kennelklubbens hemsida. Online anm\u00e4lan sker via adressen&nbsp;www.showlink.fi&nbsp;\u2192&nbsp;ONLINE ENTRY Internetanm\u00e4lan betalas via n\u00e4tbanken eller via kreditkort i samband med <a href=\"https:\/\/www.showlink.fi\/shows\/MustasaariKorsholm_150826\/pa-svenska\/anmalan\/\" class=\"more-link\">...jatka lukemista<span class=\"screen-reader-text\"> \"Anm\u00e4lan\"<\/span><\/a><\/p>\n","protected":false},"author":1,"featured_media":0,"parent":225,"menu_order":2,"comment_status":"closed","ping_status":"closed","template":"","meta":{"footnotes":""},"class_list":["post-230","page","type-page","status-publish","h-entry","hentry","h-as-page"],"_links":{"self":[{"href":"https:\/\/www.showlink.fi\/shows\/MustasaariKorsholm_150826\/wp-json\/wp\/v2\/pages\/230","targetHints":{"allow":["GET"]}}],"collection":[{"href":"https:\/\/www.showlink.fi\/shows\/MustasaariKorsholm_150826\/wp-json\/wp\/v2\/pages"}],"about":[{"href":"https:\/\/www.showlink.fi\/shows\/MustasaariKorsholm_150826\/wp-json\/wp\/v2\/types\/page"}],"author":[{"embeddable":true,"href":"https:\/\/www.showlink.fi\/shows\/MustasaariKorsholm_150826\/wp-json\/wp\/v2\/users\/1"}],"replies":[{"embeddable":true,"href":"https:\/\/www.showlink.fi\/shows\/MustasaariKorsholm_150826\/wp-json\/wp\/v2\/comments?post=230"}],"version-history":[{"count":1,"href":"https:\/\/www.showlink.fi\/shows\/MustasaariKorsholm_150826\/wp-json\/wp\/v2\/pages\/230\/revisions"}],"predecessor-version":[{"id":231,"href":"https:\/\/www.showlink.fi\/shows\/MustasaariKorsholm_150826\/wp-json\/wp\/v2\/pages\/230\/revisions\/231"}],"up":[{"embeddable":true,"href":"https:\/\/www.showlink.fi\/shows\/MustasaariKorsholm_150826\/wp-json\/wp\/v2\/pages\/225"}],"wp:attachment":[{"href":"https:\/\/www.showlink.fi\/shows\/MustasaariKorsholm_150826\/wp-json\/wp\/v2\/media?parent=230"}],"curies":[{"name":"wp","href":"https:\/\/api.w.org\/{rel}","templated":true}]}}