{"id":232,"date":"2026-04-16T15:45:50","date_gmt":"2026-04-16T12:45:50","guid":{"rendered":"https:\/\/www.showlink.fi\/shows\/MustasaariKorsholm_150826_luonnostila\/?page_id=232"},"modified":"2026-04-16T15:45:59","modified_gmt":"2026-04-16T12:45:59","slug":"tidtabeller","status":"publish","type":"page","link":"https:\/\/www.showlink.fi\/shows\/MustasaariKorsholm_150826\/pa-svenska\/tidtabeller\/","title":{"rendered":"Tidtabeller"},"content":{"rendered":"\n<p><em>Tidtabeller kommer att publiceras ungef\u00e4r en vecka f\u00f6re utst\u00e4llningen.<\/em><\/p>\n\n\n\n<p>Inga nummerlappar eller tidtabeller skickas per post, allt levereras elektroniskt.<\/p>\n","protected":false},"excerpt":{"rendered":"<p>Tidtabeller kommer att publiceras ungef\u00e4r en vecka f\u00f6re utst\u00e4llningen. Inga nummerlappar eller tidtabeller skickas per post, allt levereras elektroniskt.<\/p>\n","protected":false},"author":1,"featured_media":0,"parent":225,"menu_order":3,"comment_status":"closed","ping_status":"closed","template":"","meta":{"footnotes":""},"class_list":["post-232","page","type-page","status-publish","h-entry","hentry","h-as-page"],"_links":{"self":[{"href":"https:\/\/www.showlink.fi\/shows\/MustasaariKorsholm_150826\/wp-json\/wp\/v2\/pages\/232","targetHints":{"allow":["GET"]}}],"collection":[{"href":"https:\/\/www.showlink.fi\/shows\/MustasaariKorsholm_150826\/wp-json\/wp\/v2\/pages"}],"about":[{"href":"https:\/\/www.showlink.fi\/shows\/MustasaariKorsholm_150826\/wp-json\/wp\/v2\/types\/page"}],"author":[{"embeddable":true,"href":"https:\/\/www.showlink.fi\/shows\/MustasaariKorsholm_150826\/wp-json\/wp\/v2\/users\/1"}],"replies":[{"embeddable":true,"href":"https:\/\/www.showlink.fi\/shows\/MustasaariKorsholm_150826\/wp-json\/wp\/v2\/comments?post=232"}],"version-history":[{"count":1,"href":"https:\/\/www.showlink.fi\/shows\/MustasaariKorsholm_150826\/wp-json\/wp\/v2\/pages\/232\/revisions"}],"predecessor-version":[{"id":233,"href":"https:\/\/www.showlink.fi\/shows\/MustasaariKorsholm_150826\/wp-json\/wp\/v2\/pages\/232\/revisions\/233"}],"up":[{"embeddable":true,"href":"https:\/\/www.showlink.fi\/shows\/MustasaariKorsholm_150826\/wp-json\/wp\/v2\/pages\/225"}],"wp:attachment":[{"href":"https:\/\/www.showlink.fi\/shows\/MustasaariKorsholm_150826\/wp-json\/wp\/v2\/media?parent=232"}],"curies":[{"name":"wp","href":"https:\/\/api.w.org\/{rel}","templated":true}]}}