{"id":234,"date":"2026-04-16T15:48:17","date_gmt":"2026-04-16T12:48:17","guid":{"rendered":"https:\/\/www.showlink.fi\/shows\/MustasaariKorsholm_150826_luonnostila\/?page_id=234"},"modified":"2026-04-16T15:48:40","modified_gmt":"2026-04-16T12:48:40","slug":"resultat","status":"publish","type":"page","link":"https:\/\/www.showlink.fi\/shows\/MustasaariKorsholm_150826\/pa-svenska\/resultat\/","title":{"rendered":"Resultat"},"content":{"rendered":"\n<p>Resultat fr\u00e5n utst\u00e4llningen publiceras i realtid.<\/p>\n\n\n\n<p><strong>\u00bb\u00a0Till utst\u00e4llningens resultat<\/strong><\/p>\n\n\n\n<p>Resultaten kommer att visas i KoiraNet Jalostustietoj\u00e4rjestelm\u00e4 efter att utst\u00e4llningen \u00e4r avslutad.<\/p>\n","protected":false},"excerpt":{"rendered":"<p>Resultat fr\u00e5n utst\u00e4llningen publiceras i realtid. \u00bb\u00a0Till utst\u00e4llningens resultat Resultaten kommer att visas i KoiraNet Jalostustietoj\u00e4rjestelm\u00e4 efter att utst\u00e4llningen \u00e4r avslutad.<\/p>\n","protected":false},"author":1,"featured_media":0,"parent":225,"menu_order":4,"comment_status":"closed","ping_status":"closed","template":"","meta":{"footnotes":""},"class_list":["post-234","page","type-page","status-publish","h-entry","hentry","h-as-page"],"_links":{"self":[{"href":"https:\/\/www.showlink.fi\/shows\/MustasaariKorsholm_150826\/wp-json\/wp\/v2\/pages\/234","targetHints":{"allow":["GET"]}}],"collection":[{"href":"https:\/\/www.showlink.fi\/shows\/MustasaariKorsholm_150826\/wp-json\/wp\/v2\/pages"}],"about":[{"href":"https:\/\/www.showlink.fi\/shows\/MustasaariKorsholm_150826\/wp-json\/wp\/v2\/types\/page"}],"author":[{"embeddable":true,"href":"https:\/\/www.showlink.fi\/shows\/MustasaariKorsholm_150826\/wp-json\/wp\/v2\/users\/1"}],"replies":[{"embeddable":true,"href":"https:\/\/www.showlink.fi\/shows\/MustasaariKorsholm_150826\/wp-json\/wp\/v2\/comments?post=234"}],"version-history":[{"count":1,"href":"https:\/\/www.showlink.fi\/shows\/MustasaariKorsholm_150826\/wp-json\/wp\/v2\/pages\/234\/revisions"}],"predecessor-version":[{"id":236,"href":"https:\/\/www.showlink.fi\/shows\/MustasaariKorsholm_150826\/wp-json\/wp\/v2\/pages\/234\/revisions\/236"}],"up":[{"embeddable":true,"href":"https:\/\/www.showlink.fi\/shows\/MustasaariKorsholm_150826\/wp-json\/wp\/v2\/pages\/225"}],"wp:attachment":[{"href":"https:\/\/www.showlink.fi\/shows\/MustasaariKorsholm_150826\/wp-json\/wp\/v2\/media?parent=234"}],"curies":[{"name":"wp","href":"https:\/\/api.w.org\/{rel}","templated":true}]}}