{"id":6,"date":"2017-12-19T11:37:09","date_gmt":"2017-12-19T09:37:09","guid":{"rendered":"http:\/\/www.showlink.fi\/shows\/oulainen2018\/?page_id=6"},"modified":"2026-04-16T15:46:59","modified_gmt":"2026-04-16T12:46:59","slug":"tervetuloa-oulaisten-ryhmanayttelyyn-19-5-2018","status":"publish","type":"page","link":"https:\/\/www.showlink.fi\/shows\/MustasaariKorsholm_150826\/","title":{"rendered":"Tervetuloa Mustasaareen!"},"content":{"rendered":"\n<p><strong>Ryhm\u00e4n\u00e4yttely 15.8.2026 Mustasaaren urheilupuistossa<\/strong><br>Osoite: Papinsaarentie 2, 65610 Mustasaari<\/p>\n\n\n\n<p><strong>N\u00e4yttelyss\u00e4 arvostellaan ryhm\u00e4t osa5, FCI 6, FCI 4, 7 &amp; 8, my\u00f6s pennut (7kk \u2013 alle 9 kk).<\/strong><br><strong>FCI osa 5<\/strong>\u00a0\u2013 Mets\u00e4styspystykorvat ja pohjoismaiset paimenpystykorvat<br><strong>FCI 6<\/strong>\u00a0\u2013 Ajavat ja j\u00e4ljest\u00e4v\u00e4t koirat<br><strong>FCI 4<\/strong>\u00a0\u2013 M\u00e4yr\u00e4koirat<br><strong>FCI 7<\/strong>\u00a0\u2013 Seisovat lintukoirat<br><strong>FCI 8<\/strong>\u00a0\u2013 Noutajat, yl\u00f6sajavat koirat ja vesikoirat<\/p>\n\n\n\n<p><strong>J\u00e4rjest\u00e4j\u00e4:&nbsp;<\/strong>Iskmo jaktklubb, Jungsund jaktklubb, S\u00f6dra Vallgrund jaktf\u00f6rening<\/p>\n\n\n\n<hr class=\"wp-block-separator has-text-color has-alpha-channel-opacity has-background\" style=\"background-color:#ededed;color:#ededed\"\/>\n\n\n\n<h2 class=\"wp-block-heading\">Tiedustelut<\/h2>\n\n\n\n<p><strong>Ilmoittautumisia ja kasvattajaryhmi\u00e4 koskevat tiedustelut&nbsp;<\/strong><br><strong>Showlink Oy<\/strong>&nbsp; arkisin klo 11-17 puh. 09 887 30320 tai e-mail: info@showlink.fi<\/p>\n\n\n\n<p><em>Mainitsethan tiedustelussasi \/ s\u00e4hk\u00f6postissasi n\u00e4yttelyn nimen sek\u00e4 koiran rekisterinumeron, jota tiedustelu koskee.<\/em><\/p>\n\n\n\n<p><strong>Muut tiedustelut<\/strong><br>puh. 050 571 1618 \/ Christoffer Bj\u00f6rnstr\u00f6m<\/p>\n\n\n\n<p><\/p>\n","protected":false},"excerpt":{"rendered":"<p>Ryhm\u00e4n\u00e4yttely 15.8.2026 Mustasaaren urheilupuistossaOsoite: Papinsaarentie 2, 65610 Mustasaari N\u00e4yttelyss\u00e4 arvostellaan ryhm\u00e4t osa5, FCI 6, FCI 4, 7 &amp; 8, my\u00f6s pennut (7kk \u2013 alle 9 kk).FCI osa 5\u00a0\u2013 Mets\u00e4styspystykorvat ja pohjoismaiset paimenpystykorvatFCI 6\u00a0\u2013 Ajavat ja j\u00e4ljest\u00e4v\u00e4t koiratFCI 4\u00a0\u2013 M\u00e4yr\u00e4koiratFCI 7\u00a0\u2013 Seisovat lintukoiratFCI 8\u00a0\u2013 Noutajat, yl\u00f6sajavat koirat ja vesikoirat J\u00e4rjest\u00e4j\u00e4:&nbsp;Iskmo jaktklubb, Jungsund jaktklubb, S\u00f6dra Vallgrund jaktf\u00f6rening <a href=\"https:\/\/www.showlink.fi\/shows\/MustasaariKorsholm_150826\/\" class=\"more-link\">...jatka lukemista<span class=\"screen-reader-text\"> \"Tervetuloa Mustasaareen!\"<\/span><\/a><\/p>\n","protected":false},"author":1,"featured_media":0,"parent":0,"menu_order":0,"comment_status":"closed","ping_status":"closed","template":"","meta":{"footnotes":""},"class_list":["post-6","page","type-page","status-publish","h-entry","hentry","h-as-page"],"_links":{"self":[{"href":"https:\/\/www.showlink.fi\/shows\/MustasaariKorsholm_150826\/wp-json\/wp\/v2\/pages\/6","targetHints":{"allow":["GET"]}}],"collection":[{"href":"https:\/\/www.showlink.fi\/shows\/MustasaariKorsholm_150826\/wp-json\/wp\/v2\/pages"}],"about":[{"href":"https:\/\/www.showlink.fi\/shows\/MustasaariKorsholm_150826\/wp-json\/wp\/v2\/types\/page"}],"author":[{"embeddable":true,"href":"https:\/\/www.showlink.fi\/shows\/MustasaariKorsholm_150826\/wp-json\/wp\/v2\/users\/1"}],"replies":[{"embeddable":true,"href":"https:\/\/www.showlink.fi\/shows\/MustasaariKorsholm_150826\/wp-json\/wp\/v2\/comments?post=6"}],"version-history":[{"count":27,"href":"https:\/\/www.showlink.fi\/shows\/MustasaariKorsholm_150826\/wp-json\/wp\/v2\/pages\/6\/revisions"}],"predecessor-version":[{"id":235,"href":"https:\/\/www.showlink.fi\/shows\/MustasaariKorsholm_150826\/wp-json\/wp\/v2\/pages\/6\/revisions\/235"}],"wp:attachment":[{"href":"https:\/\/www.showlink.fi\/shows\/MustasaariKorsholm_150826\/wp-json\/wp\/v2\/media?parent=6"}],"curies":[{"name":"wp","href":"https:\/\/api.w.org\/{rel}","templated":true}]}}