{"id":10,"date":"2019-01-28T12:30:44","date_gmt":"2019-01-28T10:30:44","guid":{"rendered":"http:\/\/www.showlink.fi\/shows\/kolomenkimppa19\/?page_id=10"},"modified":"2026-01-20T14:53:52","modified_gmt":"2026-01-20T12:53:52","slug":"aikataulut","status":"publish","type":"page","link":"https:\/\/www.showlink.fi\/shows\/MynamakiTurku_240526\/aikataulut\/","title":{"rendered":"Aikataulut"},"content":{"rendered":"\n<p><em>Aikataulut julkaistaan noin viikkoa ennen n\u00e4yttely\u00e4.<\/em><\/p>\n\n\n\n<p>Numerolaput ja aikataulukirjeet l\u00e4hetet\u00e4\u00e4n ilmoittautuneille ainoastaan s\u00e4hk\u00f6postitse.<\/p>\n","protected":false},"excerpt":{"rendered":"<p>Aikataulut julkaistaan noin viikkoa ennen n\u00e4yttely\u00e4. Numerolaput ja aikataulukirjeet l\u00e4hetet\u00e4\u00e4n ilmoittautuneille ainoastaan s\u00e4hk\u00f6postitse.<\/p>\n","protected":false},"author":1,"featured_media":0,"parent":0,"menu_order":5,"comment_status":"closed","ping_status":"closed","template":"","meta":{"footnotes":""},"class_list":["post-10","page","type-page","status-publish","h-entry","hentry","h-as-page"],"_links":{"self":[{"href":"https:\/\/www.showlink.fi\/shows\/MynamakiTurku_240526\/wp-json\/wp\/v2\/pages\/10","targetHints":{"allow":["GET"]}}],"collection":[{"href":"https:\/\/www.showlink.fi\/shows\/MynamakiTurku_240526\/wp-json\/wp\/v2\/pages"}],"about":[{"href":"https:\/\/www.showlink.fi\/shows\/MynamakiTurku_240526\/wp-json\/wp\/v2\/types\/page"}],"author":[{"embeddable":true,"href":"https:\/\/www.showlink.fi\/shows\/MynamakiTurku_240526\/wp-json\/wp\/v2\/users\/1"}],"replies":[{"embeddable":true,"href":"https:\/\/www.showlink.fi\/shows\/MynamakiTurku_240526\/wp-json\/wp\/v2\/comments?post=10"}],"version-history":[{"count":14,"href":"https:\/\/www.showlink.fi\/shows\/MynamakiTurku_240526\/wp-json\/wp\/v2\/pages\/10\/revisions"}],"predecessor-version":[{"id":223,"href":"https:\/\/www.showlink.fi\/shows\/MynamakiTurku_240526\/wp-json\/wp\/v2\/pages\/10\/revisions\/223"}],"wp:attachment":[{"href":"https:\/\/www.showlink.fi\/shows\/MynamakiTurku_240526\/wp-json\/wp\/v2\/media?parent=10"}],"curies":[{"name":"wp","href":"https:\/\/api.w.org\/{rel}","templated":true}]}}