{"id":12,"date":"2019-01-28T12:35:47","date_gmt":"2019-01-28T10:35:47","guid":{"rendered":"http:\/\/www.showlink.fi\/shows\/kolomenkimppa19\/?page_id=12"},"modified":"2026-01-20T14:46:36","modified_gmt":"2026-01-20T12:46:36","slug":"tuomarit","status":"publish","type":"page","link":"https:\/\/www.showlink.fi\/shows\/MynamakiTurku_240526\/tuomarit\/","title":{"rendered":"Tuomarit"},"content":{"rendered":"\n<p><strong>Ryhm\u00e4 2<\/strong><br><em>Varalla kaikille ryhm\u00e4 2 roduille <strong>Helin Tenson<\/strong><\/em><br>pinseri <strong>Aleksandra Palumbo<\/strong>, Ruotsi<br>aidi, appenzellinpaimenkoira, berninpaimenkoira, bordeauxindoggi, broholminkoira, bukovinankoira, castro laboreironkoira, continental bulldog, dogo argentino, entlebuchinpaimenkoira, estrelanvuoristokoirat, fila brasileiro, hollanninrottakoira, hovawart, isosveitsinpaimenkoira, kanariandoggi, kangalinkoira, k\u00e4\u00e4pi\u00f6pinseri, leonberginkoira, mallorcandoggi, pyreneittenkoira, rottweiler, sao miguelinfila, shar pei, tornjak, tosa, uruguayncimarron <strong>Antti Nieminen<\/strong><br>bullmastiffi, kaukasiankoira, k\u00e4\u00e4pi\u00f6snautserit, pyreneittenmastiffi, snautserit, suursnautserit <strong>Helin Tenson<\/strong><br>espanjanmastiffi, it\u00e4vallanpinseri, mastiffi, musta romanianvuoristokoira, napolinmastiffi, newfoundlandinkoira, sarplaninac, transmontano mastiff <strong>Jenna Leino<\/strong><br>alentejonkoira, apinapinseri, bernhardinkoirat, bokseri, cane corso, dobermanni, englanninbulldoggi, karstinpaimenkoira, keskiaasiankoira, landseer, tanskalais-ruotsalainen pihakoira, tanskandoggit, tiibetinmastiffi, ven\u00e4j\u00e4nmustaterrieri <strong>Marianne Holm Larnemaa<\/strong><br><br><strong>Ryhm\u00e4 4<\/strong><br><em>Varalla kaikille ryhm\u00e4 4 roduille <strong>Helin Tenson<\/strong><\/em><br>kaikki rodut <strong>Jelena Kruus<\/strong>, Viro<br><br><strong>Ryhm\u00e4 8<\/strong><br><em>Varalla kaikille ryhm\u00e4 8 roduille <strong>Pekka Teini<\/strong><\/em><br>amerikancockerspanieli, clumberinspanieli, cockerspanieli, englanninspringerspanieli, espanjanvesikoira, fieldspanieli, labradorinnoutaja, lagotto romagnolo, portugalinvesikoira <strong>Aleksandra Palumbo<\/strong>, Ruotsi<br>amerikanvesispanieli, barbet, chesapeakelahdennoutaja, friisinvesikoira, irlanninvesispanieli, kiharakarvainen noutaja, kooikerhondje, kultainennoutaja, novascotiannoutaja, puolanmets\u00e4stysspanieli, sile\u00e4karvainen noutaja, sussexinspanieli, walesinspringerspanieli, ven\u00e4j\u00e4nspanieli, viiri\u00e4iskoira <strong>Pekka Teini<\/strong><br><br><strong>Ryhm\u00e4 9<\/strong><br><em>Varalla kaikille ryhm\u00e4 9 roduille <strong>Helin Tenson<\/strong><\/em><br>griffon belge, griffon bruxellois, mopsi, papillon, petit brabancon, phal\u00e8ne, ranskanbulldoggi, tiibetinterrieri <strong>Aleksandra Palumbo<\/strong>, Ruotsi<br>bolognese, bostoninterrieri, chihuahuat, coton de tul\u00e9ar, havannankoira, japanese chin, kiinanharjakoira, kiinanpalatsikoira\/pekingeesi, kingcharlesinspanieli, l\u00f6wchen, maltankoira, markiesje, prahanrottakoira, tiibetinspanieli, ven\u00e4j\u00e4nbolonka, ven\u00e4j\u00e4ntoyt <strong>Helin Tenson<\/strong><br>bichon fris\u00e9, cavalier kingcharlesinspanieli, kromfohrl\u00e4nder, lhasa apso, shih tzu, villakoirat <strong>Jenna Leino<\/strong><\/p>\n\n\n\n<hr class=\"wp-block-separator has-text-color has-white-color has-alpha-channel-opacity has-white-background-color has-background\"\/>\n\n\n\n<h2 class=\"wp-block-heading\">Ryhm\u00e4kilpailut<\/h2>\n\n\n\n<p>FCI 2<strong> Marianne Holm Larnemaa<\/strong><br>FCI 4<strong> Jelena Kruus<\/strong><br>FCI 8<strong> Aleksandra Palumbo<\/strong><br>FCI 9<strong> Jenna Leino<\/strong><br>Paras juniori <strong>Helin Tenson<\/strong><br>Paras veteraani <strong>Pekka Teini<\/strong><br>Paras kasvattajaryhm\u00e4 <strong>Pekka Teini<\/strong><br>Best in Show<strong> Helin Tenson<\/strong><\/p>\n","protected":false},"excerpt":{"rendered":"<p>Ryhm\u00e4 2Varalla kaikille ryhm\u00e4 2 roduille Helin Tensonpinseri Aleksandra Palumbo, Ruotsiaidi, appenzellinpaimenkoira, berninpaimenkoira, bordeauxindoggi, broholminkoira, bukovinankoira, castro laboreironkoira, continental bulldog, dogo argentino, entlebuchinpaimenkoira, estrelanvuoristokoirat, fila brasileiro, hollanninrottakoira, hovawart, isosveitsinpaimenkoira, kanariandoggi, kangalinkoira, k\u00e4\u00e4pi\u00f6pinseri, leonberginkoira, mallorcandoggi, pyreneittenkoira, rottweiler, sao miguelinfila, shar pei, tornjak, tosa, uruguayncimarron Antti Nieminenbullmastiffi, kaukasiankoira, k\u00e4\u00e4pi\u00f6snautserit, pyreneittenmastiffi, snautserit, suursnautserit Helin Tensonespanjanmastiffi, it\u00e4vallanpinseri, mastiffi, musta <a href=\"https:\/\/www.showlink.fi\/shows\/MynamakiTurku_240526\/tuomarit\/\" class=\"more-link\">...jatka lukemista<span class=\"screen-reader-text\"> \"Tuomarit\"<\/span><\/a><\/p>\n","protected":false},"author":1,"featured_media":0,"parent":0,"menu_order":2,"comment_status":"closed","ping_status":"closed","template":"","meta":{"footnotes":""},"class_list":["post-12","page","type-page","status-publish","h-entry","hentry","h-as-page"],"_links":{"self":[{"href":"https:\/\/www.showlink.fi\/shows\/MynamakiTurku_240526\/wp-json\/wp\/v2\/pages\/12","targetHints":{"allow":["GET"]}}],"collection":[{"href":"https:\/\/www.showlink.fi\/shows\/MynamakiTurku_240526\/wp-json\/wp\/v2\/pages"}],"about":[{"href":"https:\/\/www.showlink.fi\/shows\/MynamakiTurku_240526\/wp-json\/wp\/v2\/types\/page"}],"author":[{"embeddable":true,"href":"https:\/\/www.showlink.fi\/shows\/MynamakiTurku_240526\/wp-json\/wp\/v2\/users\/1"}],"replies":[{"embeddable":true,"href":"https:\/\/www.showlink.fi\/shows\/MynamakiTurku_240526\/wp-json\/wp\/v2\/comments?post=12"}],"version-history":[{"count":13,"href":"https:\/\/www.showlink.fi\/shows\/MynamakiTurku_240526\/wp-json\/wp\/v2\/pages\/12\/revisions"}],"predecessor-version":[{"id":221,"href":"https:\/\/www.showlink.fi\/shows\/MynamakiTurku_240526\/wp-json\/wp\/v2\/pages\/12\/revisions\/221"}],"wp:attachment":[{"href":"https:\/\/www.showlink.fi\/shows\/MynamakiTurku_240526\/wp-json\/wp\/v2\/media?parent=12"}],"curies":[{"name":"wp","href":"https:\/\/api.w.org\/{rel}","templated":true}]}}