{"id":6,"date":"2019-01-28T12:29:58","date_gmt":"2019-01-28T10:29:58","guid":{"rendered":"http:\/\/www.showlink.fi\/shows\/kolomenkimppa19\/?page_id=6"},"modified":"2026-01-23T14:37:10","modified_gmt":"2026-01-23T12:37:10","slug":"tervetuloa-kolomen-kimppa-nayttelyyn-karttulaan-15-6-2019","status":"publish","type":"page","link":"https:\/\/www.showlink.fi\/shows\/MynamakiTurku_240526\/","title":{"rendered":"Tervetuloa Turun Seudun M\u00e4yr\u00e4koirakerho ry:n j\u00e4rjest\u00e4m\u00e4\u00e4n ryhm\u00e4n\u00e4yttelyyn Myn\u00e4m\u00e4elle 24.5.2026!"},"content":{"rendered":"\n<p><strong>N\u00e4yttelypaikka:<\/strong>&nbsp;Myn\u00e4m\u00e4en Urheilukeskus<br><strong>Osoite:<\/strong>&nbsp;Urheilutie 6, 23100 Myn\u00e4m\u00e4ki<\/p>\n\n\n\n<p><strong>N\u00e4yttelyss\u00e4 arvostellaan FCI:n ryhm\u00e4t 2, 4, 8 &amp; 9<\/strong><br>My\u00f6s pennut (7 kk - alle 9 kk)<br><strong>FCI 2<\/strong> \u2013 Pinserit, snautserit, molossityyppiset ja sveitsinpaimenkoirat<br><strong>FCI 4 <\/strong>\u2013 M\u00e4yr\u00e4koirat<br><strong>FCI 8 <\/strong>\u2013 Noutajat, yl\u00f6sajavat koirat ja vesikoirat<br><strong>FCI 9<\/strong> \u2013 Seura- ja k\u00e4\u00e4pi\u00f6koirat<\/p>\n\n\n\n<p><strong>J\u00e4rjest\u00e4j\u00e4:<\/strong> Turun Seudun M\u00e4yr\u00e4koirakerho ry<\/p>\n\n\n\n<p>N\u00e4yttelymme j\u00e4rjestet\u00e4\u00e4n yhteisty\u00f6ss\u00e4 <strong>Turunseudun Kennelyhdistyksen <\/strong>kanssa, joka j\u00e4rjest\u00e4\u00e4 erillisen ryhm\u00e4n\u00e4yttelyn samalla n\u00e4yttelypaikalla edellisen\u00e4 p\u00e4iv\u00e4n\u00e4 23.5.2026.<br>Lis\u00e4tietoa Turunseudun Kennelyhdistys ry:n n\u00e4yttelyst\u00e4 <a href=\"https:\/\/www.showlink.fi\/shows\/Mynamaki_230526\/\"><strong><em>t\u00e4\u00e4lt\u00e4<\/em><\/strong>.<\/a><\/p>\n\n\n\n<hr class=\"wp-block-separator has-text-color has-white-color has-alpha-channel-opacity has-white-background-color has-background\"\/>\n\n\n\n<h2 class=\"wp-block-heading\">Tiedustelut<\/h2>\n\n\n\n<p><strong>Ilmoittautumisia ja kasvattajaryhmi\u00e4 koskevat tiedustelut <\/strong><br>Showlink Oy&nbsp;<br>ark. klo 11-17 puh. 09 887 30320 tai e-mail: info@showlink.fi<br><em>Mainitsethan tiedustelussasi \/ s\u00e4hk\u00f6postissasi n\u00e4yttelyn sek\u00e4 koiran rekisterinumeron, jota tiedustelu koskee.<\/em><\/p>\n\n\n\n<p><strong>Muut tiedustelut<\/strong><br>Niina Pukero<br>puh. 050&nbsp;528 3825<\/p>\n\n\n\n<p><strong>Keh\u00e4toimitsijat<\/strong><br>Erica Nyman<br>email erinym@utu.fi \/ puh. 050&nbsp;358 9479<\/p>\n\n\n\n<p><strong>Myyntipaikat<\/strong><br>Petteri Virtanen<br>puh. 040 564 8484<\/p>\n","protected":false},"excerpt":{"rendered":"<p>N\u00e4yttelypaikka:&nbsp;Myn\u00e4m\u00e4en UrheilukeskusOsoite:&nbsp;Urheilutie 6, 23100 Myn\u00e4m\u00e4ki N\u00e4yttelyss\u00e4 arvostellaan FCI:n ryhm\u00e4t 2, 4, 8 &amp; 9My\u00f6s pennut (7 kk - alle 9 kk)FCI 2 \u2013 Pinserit, snautserit, molossityyppiset ja sveitsinpaimenkoiratFCI 4 \u2013 M\u00e4yr\u00e4koiratFCI 8 \u2013 Noutajat, yl\u00f6sajavat koirat ja vesikoiratFCI 9 \u2013 Seura- ja k\u00e4\u00e4pi\u00f6koirat J\u00e4rjest\u00e4j\u00e4: Turun Seudun M\u00e4yr\u00e4koirakerho ry N\u00e4yttelymme j\u00e4rjestet\u00e4\u00e4n yhteisty\u00f6ss\u00e4 Turunseudun Kennelyhdistyksen kanssa, joka <a href=\"https:\/\/www.showlink.fi\/shows\/MynamakiTurku_240526\/\" class=\"more-link\">...jatka lukemista<span class=\"screen-reader-text\"> \"Tervetuloa Turun Seudun M\u00e4yr\u00e4koirakerho ry:n j\u00e4rjest\u00e4m\u00e4\u00e4n ryhm\u00e4n\u00e4yttelyyn Myn\u00e4m\u00e4elle 24.5.2026!\"<\/span><\/a><\/p>\n","protected":false},"author":1,"featured_media":0,"parent":0,"menu_order":0,"comment_status":"closed","ping_status":"closed","template":"","meta":{"footnotes":""},"class_list":["post-6","page","type-page","status-publish","h-entry","hentry","h-as-page"],"_links":{"self":[{"href":"https:\/\/www.showlink.fi\/shows\/MynamakiTurku_240526\/wp-json\/wp\/v2\/pages\/6","targetHints":{"allow":["GET"]}}],"collection":[{"href":"https:\/\/www.showlink.fi\/shows\/MynamakiTurku_240526\/wp-json\/wp\/v2\/pages"}],"about":[{"href":"https:\/\/www.showlink.fi\/shows\/MynamakiTurku_240526\/wp-json\/wp\/v2\/types\/page"}],"author":[{"embeddable":true,"href":"https:\/\/www.showlink.fi\/shows\/MynamakiTurku_240526\/wp-json\/wp\/v2\/users\/1"}],"replies":[{"embeddable":true,"href":"https:\/\/www.showlink.fi\/shows\/MynamakiTurku_240526\/wp-json\/wp\/v2\/comments?post=6"}],"version-history":[{"count":50,"href":"https:\/\/www.showlink.fi\/shows\/MynamakiTurku_240526\/wp-json\/wp\/v2\/pages\/6\/revisions"}],"predecessor-version":[{"id":232,"href":"https:\/\/www.showlink.fi\/shows\/MynamakiTurku_240526\/wp-json\/wp\/v2\/pages\/6\/revisions\/232"}],"wp:attachment":[{"href":"https:\/\/www.showlink.fi\/shows\/MynamakiTurku_240526\/wp-json\/wp\/v2\/media?parent=6"}],"curies":[{"name":"wp","href":"https:\/\/api.w.org\/{rel}","templated":true}]}}