{"id":7,"date":"2018-11-26T13:47:34","date_gmt":"2018-11-26T11:47:34","guid":{"rendered":"http:\/\/www.showlink.fi\/shows\/lestijarvi2019\/?page_id=7"},"modified":"2026-01-23T14:36:40","modified_gmt":"2026-01-23T12:36:40","slug":"tervetuloa-lestijarvelle-18-5-2019","status":"publish","type":"page","link":"https:\/\/www.showlink.fi\/shows\/Mynamaki_230526\/","title":{"rendered":"Tervetuloa Turunmaan Kennelyhdistyksen j\u00e4rjest\u00e4m\u00e4\u00e4n ryhm\u00e4n\u00e4yttelyyn Myn\u00e4m\u00e4elle 23.5.2026!"},"content":{"rendered":"\n<p><strong>N\u00e4yttelyss\u00e4 arvostellaan FCI:n ryhm\u00e4t 1, 3, 9 ja 10.<br><\/strong>My\u00f6s pennut 7 kk - alle 9 kk.<br><strong>FCI 1<\/strong> \u2013 Lammas- ja karjakoirat (paitsi sveitsinpaimenkoirat)<br><strong>FCI 3<\/strong> \u2013 Terrierit<br><strong>FCI 9&nbsp;<\/strong>\u2013 Seura- ja k\u00e4\u00e4pi\u00f6koirat<br><strong>FCI 10<\/strong> \u2013 Vinttikoirat<\/p>\n\n\n\n<p><strong>N\u00e4yttelypaikka:<\/strong>&nbsp;Myn\u00e4m\u00e4en Urheilukeskus<br><strong>Osoite:<\/strong>&nbsp;Urheilutie 6, 23100 Myn\u00e4m\u00e4ki<\/p>\n\n\n\n<p><strong>J\u00e4rjest\u00e4j\u00e4:<\/strong> Turunmaan Kennelyhdistys ry<\/p>\n\n\n\n<p>N\u00e4yttelymme on j\u00e4rjestetty yhteisty\u00f6ss\u00e4 <strong>Turun Seudun M\u00e4yr\u00e4koirakerho ry<\/strong>:n kanssa, joka j\u00e4rjest\u00e4\u00e4 ryhm\u00e4n\u00e4yttelyn samassa n\u00e4yttelypaikassa my\u00f6s seuraavana p\u00e4iv\u00e4n\u00e4. <br>Voit tutustua Turun Seudun M\u00e4yr\u00e4koirakerhon n\u00e4yttelyyn <strong><em><a href=\"https:\/\/www.showlink.fi\/shows\/MynamakiTurku_240526\/\">t\u00e4st\u00e4.<\/a><\/em><\/strong><\/p>\n\n\n\n<hr class=\"wp-block-separator has-text-color has-white-color has-alpha-channel-opacity has-white-background-color has-background\"\/>\n\n\n\n<h2 class=\"wp-block-heading\">Tiedustelut<\/h2>\n\n\n\n<p><strong>Ilmoittautumisia koskevat tiedustelut<\/strong><br>Showlink Oy, arkisin klo 11 \u2013 17 puh. (09) 8873 0320<br>tai email: info@showlink.fi<br><em>Mainitsethan tiedustelussasi \/ s\u00e4hk\u00f6postissasi n\u00e4yttelyn sek\u00e4 koiran rekisterinumeron, jota tiedustelu koskee.<\/em><\/p>\n\n\n\n<p><strong>Muut tiedustelut<\/strong><br>Niina Pukero<br>puh. 050&nbsp;528 3825<\/p>\n\n\n\n<p><strong>Keh\u00e4toimitsijat<\/strong><br>Erica Nyman<br>email: erinym@utu.fi \/ puh. 050&nbsp;358 9479<\/p>\n\n\n\n<p><strong>Myyntipaikat<\/strong><br>Petteri Virtanen<br>puh. 040 564 8484<\/p>\n","protected":false},"excerpt":{"rendered":"<p>N\u00e4yttelyss\u00e4 arvostellaan FCI:n ryhm\u00e4t 1, 3, 9 ja 10.My\u00f6s pennut 7 kk - alle 9 kk.FCI 1 \u2013 Lammas- ja karjakoirat (paitsi sveitsinpaimenkoirat)FCI 3 \u2013 TerrieritFCI 9&nbsp;\u2013 Seura- ja k\u00e4\u00e4pi\u00f6koiratFCI 10 \u2013 Vinttikoirat N\u00e4yttelypaikka:&nbsp;Myn\u00e4m\u00e4en UrheilukeskusOsoite:&nbsp;Urheilutie 6, 23100 Myn\u00e4m\u00e4ki J\u00e4rjest\u00e4j\u00e4: Turunmaan Kennelyhdistys ry N\u00e4yttelymme on j\u00e4rjestetty yhteisty\u00f6ss\u00e4 Turun Seudun M\u00e4yr\u00e4koirakerho ry:n kanssa, joka j\u00e4rjest\u00e4\u00e4 ryhm\u00e4n\u00e4yttelyn samassa <a href=\"https:\/\/www.showlink.fi\/shows\/Mynamaki_230526\/\" class=\"more-link\">...jatka lukemista<span class=\"screen-reader-text\"> \"Tervetuloa Turunmaan Kennelyhdistyksen j\u00e4rjest\u00e4m\u00e4\u00e4n ryhm\u00e4n\u00e4yttelyyn Myn\u00e4m\u00e4elle 23.5.2026!\"<\/span><\/a><\/p>\n","protected":false},"author":1,"featured_media":0,"parent":0,"menu_order":0,"comment_status":"closed","ping_status":"closed","template":"","meta":{"footnotes":""},"class_list":["post-7","page","type-page","status-publish","h-entry","hentry","h-as-page"],"_links":{"self":[{"href":"https:\/\/www.showlink.fi\/shows\/Mynamaki_230526\/wp-json\/wp\/v2\/pages\/7","targetHints":{"allow":["GET"]}}],"collection":[{"href":"https:\/\/www.showlink.fi\/shows\/Mynamaki_230526\/wp-json\/wp\/v2\/pages"}],"about":[{"href":"https:\/\/www.showlink.fi\/shows\/Mynamaki_230526\/wp-json\/wp\/v2\/types\/page"}],"author":[{"embeddable":true,"href":"https:\/\/www.showlink.fi\/shows\/Mynamaki_230526\/wp-json\/wp\/v2\/users\/1"}],"replies":[{"embeddable":true,"href":"https:\/\/www.showlink.fi\/shows\/Mynamaki_230526\/wp-json\/wp\/v2\/comments?post=7"}],"version-history":[{"count":22,"href":"https:\/\/www.showlink.fi\/shows\/Mynamaki_230526\/wp-json\/wp\/v2\/pages\/7\/revisions"}],"predecessor-version":[{"id":138,"href":"https:\/\/www.showlink.fi\/shows\/Mynamaki_230526\/wp-json\/wp\/v2\/pages\/7\/revisions\/138"}],"wp:attachment":[{"href":"https:\/\/www.showlink.fi\/shows\/Mynamaki_230526\/wp-json\/wp\/v2\/media?parent=7"}],"curies":[{"name":"wp","href":"https:\/\/api.w.org\/{rel}","templated":true}]}}